{"id":993,"date":"2021-05-12T09:10:42","date_gmt":"2021-05-12T09:10:42","guid":{"rendered":"https:\/\/june-paris.com\/?post_type=product&#038;p=993"},"modified":"2025-01-24T19:22:36","modified_gmt":"2025-01-24T19:22:36","slug":"amethyste-druze","status":"publish","type":"product","link":"https:\/\/june-paris.com\/en\/product\/amethyste-druze\/","title":{"rendered":"Am\u00e9thyste : Pierre d&rsquo;Apaisement, Protection et S\u00e9r\u00e9nit\u00e9"},"content":{"rendered":"<p>&nbsp;<\/p>\n<table style=\"border-collapse: collapse; width: 100%; height: 67px;\">\n<tbody>\n<tr style=\"height: 24px;\">\n<td style=\"width: 50%; height: 24px;\">MATERIAL<\/td>\n<td style=\"width: 50%; height: 24px;\">Am\u00e9thyste<\/td>\n<\/tr>\n<tr style=\"height: 24px;\">\n<td style=\"width: 50%; height: 19px;\">SIZE<\/td>\n<td style=\"width: 50%; height: 19px;\">Approximativement 2cm (S) et 4cm (M)\u00a0 (25 \u00e0 45g)<\/td>\n<\/tr>\n<tr style=\"height: 24px;\">\n<td style=\"width: 50%; height: 24px;\">ORIGIN<\/td>\n<td style=\"width: 50%; height: 24px;\">Br\u00e9sil | Maroc | Uruguay<\/td>\n<\/tr>\n<\/tbody>\n<\/table>\n<table style=\"border-collapse: collapse; width: 100%; height: 24px;\">\n<tbody>\n<tr style=\"height: 24px;\">\n<td style=\"width: 100%; height: 24px;\">GARANTIE D\u2019ORIGINE &#8211; \u00c9CO RESPONSABLE<\/td>\n<\/tr>\n<\/tbody>\n<\/table>","protected":false},"excerpt":{"rendered":"<p>L\u2019<strong>Am\u00e9thyste Druze<\/strong> est une pierre puissante pour <strong>\u00e9quilibrer<\/strong> les \u00e9nergies, apaiser l\u2019anxi\u00e9t\u00e9 et dissiper les <strong>peurs<\/strong>. Elle aide \u00e0 <strong>calmer l\u2019esprit<\/strong> et \u00e0 lib\u00e9rer des <strong>addictions<\/strong>. Parfaite pour la <strong>m\u00e9ditation<\/strong> et pour favoriser un sommeil serein, placez-la sous votre oreiller ou sur votre table de chevet pour \u00eatre prot\u00e9g\u00e9e des cauchemars.<\/p>\n<p>Un outil de <strong>protection spirituelle<\/strong> qui vous accompagnera dans votre qu\u00eate de paix int\u00e9rieure. Existe aussi en version roul\u00e9e.<\/p>\n<p><strong>Entretien :<\/strong><\/p>\n<ul>\n<li>Nettoyez-la avec de l\u2019eau<\/li>\n<li>Purifiez-la en l\u2019exposant aux rayons lunaires (\u00e9viter la pleine lune).<\/li>\n<\/ul>\n<p>Adoptez cette pierre pour <strong>harmoniser<\/strong> vos \u00e9nergies et retrouver une s\u00e9r\u00e9nit\u00e9 durable.<\/p>","protected":false},"featured_media":1027,"comment_status":"open","ping_status":"closed","template":"","meta":[],"product_brand":[],"product_cat":[42,33,44],"product_tag":[],"class_list":{"0":"post-993","1":"product","2":"type-product","3":"status-publish","4":"has-post-thumbnail","6":"product_cat-druses-geodes","7":"product_cat-mineraux","8":"product_cat-pierres-roulees","9":"product_shipping_class-lettre-suivi","11":"first","12":"instock","13":"taxable","14":"shipping-taxable","15":"purchasable","16":"product-type-variable"},"yoast_head":"<!-- This site is optimized with the Yoast SEO plugin v25.6 - https:\/\/yoast.com\/wordpress\/plugins\/seo\/ -->\n<title>Am\u00e9thyste : Pierre d&#039;Apaisement, Protection et S\u00e9r\u00e9nit\u00e9 - June Paris<\/title>\n<meta name=\"robots\" content=\"index, follow, max-snippet:-1, max-image-preview:large, max-video-preview:-1\" \/>\n<link rel=\"canonical\" href=\"https:\/\/june-paris.com\/en\/product\/amethyste-druze\/\" \/>\n<meta property=\"og:locale\" content=\"en_US\" \/>\n<meta property=\"og:type\" content=\"article\" \/>\n<meta property=\"og:title\" content=\"Am\u00e9thyste : Pierre d&#039;Apaisement, Protection et S\u00e9r\u00e9nit\u00e9 - June Paris\" \/>\n<meta property=\"og:description\" content=\"L\u2019Am\u00e9thyste Druze est une pierre puissante pour \u00e9quilibrer les \u00e9nergies, apaiser l\u2019anxi\u00e9t\u00e9 et dissiper les peurs. Elle aide \u00e0 calmer l\u2019esprit et \u00e0 lib\u00e9rer des addictions. Parfaite pour la m\u00e9ditation et pour favoriser un sommeil serein, placez-la sous votre oreiller ou sur votre table de chevet pour \u00eatre prot\u00e9g\u00e9e des cauchemars.  Un outil de protection spirituelle qui vous accompagnera dans votre qu\u00eate de paix int\u00e9rieure. Existe aussi en version roul\u00e9e.  Entretien :   Nettoyez-la avec de l\u2019eau  Purifiez-la en l\u2019exposant aux rayons lunaires (\u00e9viter la pleine lune).  Adoptez cette pierre pour harmoniser vos \u00e9nergies et retrouver une s\u00e9r\u00e9nit\u00e9 durable.\" \/>\n<meta property=\"og:url\" content=\"https:\/\/june-paris.com\/en\/product\/amethyste-druze\/\" \/>\n<meta property=\"og:site_name\" content=\"June Paris\" \/>\n<meta property=\"article:modified_time\" content=\"2025-01-24T19:22:36+00:00\" \/>\n<meta property=\"og:image\" content=\"https:\/\/june-paris.com\/wp-content\/uploads\/2021\/05\/Mineraux-scaled.jpg\" \/>\n\t<meta property=\"og:image:width\" content=\"1707\" \/>\n\t<meta property=\"og:image:height\" content=\"2560\" \/>\n\t<meta property=\"og:image:type\" content=\"image\/jpeg\" \/>\n<meta name=\"twitter:card\" content=\"summary_large_image\" \/>\n<meta name=\"twitter:label1\" content=\"Est. reading time\" \/>\n\t<meta name=\"twitter:data1\" content=\"1 minute\" \/>\n<script type=\"application\/ld+json\" class=\"yoast-schema-graph\">{\"@context\":\"https:\/\/schema.org\",\"@graph\":[{\"@type\":\"WebPage\",\"@id\":\"https:\/\/june-paris.com\/en\/product\/amethyste-druze\/\",\"url\":\"https:\/\/june-paris.com\/en\/product\/amethyste-druze\/\",\"name\":\"Am\u00e9thyste : Pierre d'Apaisement, Protection et S\u00e9r\u00e9nit\u00e9 - June Paris\",\"isPartOf\":{\"@id\":\"https:\/\/june-paris.com\/#website\"},\"primaryImageOfPage\":{\"@id\":\"https:\/\/june-paris.com\/en\/product\/amethyste-druze\/#primaryimage\"},\"image\":{\"@id\":\"https:\/\/june-paris.com\/en\/product\/amethyste-druze\/#primaryimage\"},\"thumbnailUrl\":\"https:\/\/june-paris.com\/wp-content\/uploads\/2021\/05\/Mineraux-scaled.jpg\",\"datePublished\":\"2021-05-12T09:10:42+00:00\",\"dateModified\":\"2025-01-24T19:22:36+00:00\",\"breadcrumb\":{\"@id\":\"https:\/\/june-paris.com\/en\/product\/amethyste-druze\/#breadcrumb\"},\"inLanguage\":\"en-US\",\"potentialAction\":[{\"@type\":\"ReadAction\",\"target\":[\"https:\/\/june-paris.com\/en\/product\/amethyste-druze\/\"]}]},{\"@type\":\"ImageObject\",\"inLanguage\":\"en-US\",\"@id\":\"https:\/\/june-paris.com\/en\/product\/amethyste-druze\/#primaryimage\",\"url\":\"https:\/\/june-paris.com\/wp-content\/uploads\/2021\/05\/Mineraux-scaled.jpg\",\"contentUrl\":\"https:\/\/june-paris.com\/wp-content\/uploads\/2021\/05\/Mineraux-scaled.jpg\",\"width\":1707,\"height\":2560},{\"@type\":\"BreadcrumbList\",\"@id\":\"https:\/\/june-paris.com\/en\/product\/amethyste-druze\/#breadcrumb\",\"itemListElement\":[{\"@type\":\"ListItem\",\"position\":1,\"name\":\"Accueil\",\"item\":\"https:\/\/june-paris.com\/\"},{\"@type\":\"ListItem\",\"position\":2,\"name\":\"Shop\",\"item\":\"https:\/\/june-paris.com\/shop\/\"},{\"@type\":\"ListItem\",\"position\":3,\"name\":\"Am\u00e9thyste : Pierre d&rsquo;Apaisement, Protection et S\u00e9r\u00e9nit\u00e9\"}]},{\"@type\":\"WebSite\",\"@id\":\"https:\/\/june-paris.com\/#website\",\"url\":\"https:\/\/june-paris.com\/\",\"name\":\"June Paris\",\"description\":\"\",\"publisher\":{\"@id\":\"https:\/\/june-paris.com\/#organization\"},\"potentialAction\":[{\"@type\":\"SearchAction\",\"target\":{\"@type\":\"EntryPoint\",\"urlTemplate\":\"https:\/\/june-paris.com\/?s={search_term_string}\"},\"query-input\":{\"@type\":\"PropertyValueSpecification\",\"valueRequired\":true,\"valueName\":\"search_term_string\"}}],\"inLanguage\":\"en-US\"},{\"@type\":\"Organization\",\"@id\":\"https:\/\/june-paris.com\/#organization\",\"name\":\"Laugh of the moon\",\"url\":\"https:\/\/june-paris.com\/\",\"logo\":{\"@type\":\"ImageObject\",\"inLanguage\":\"en-US\",\"@id\":\"https:\/\/june-paris.com\/#\/schema\/logo\/image\/\",\"url\":\"https:\/\/june-paris.com\/wp-content\/uploads\/2021\/03\/logofini.png\",\"contentUrl\":\"https:\/\/june-paris.com\/wp-content\/uploads\/2021\/03\/logofini.png\",\"width\":250,\"height\":48,\"caption\":\"Laugh of the moon\"},\"image\":{\"@id\":\"https:\/\/june-paris.com\/#\/schema\/logo\/image\/\"}}]}<\/script>\n<!-- \/ Yoast SEO plugin. -->","yoast_head_json":{"title":"Am\u00e9thyste : Pierre d'Apaisement, Protection et S\u00e9r\u00e9nit\u00e9 - June Paris","robots":{"index":"index","follow":"follow","max-snippet":"max-snippet:-1","max-image-preview":"max-image-preview:large","max-video-preview":"max-video-preview:-1"},"canonical":"https:\/\/june-paris.com\/en\/product\/amethyste-druze\/","og_locale":"en_US","og_type":"article","og_title":"Am\u00e9thyste : Pierre d'Apaisement, Protection et S\u00e9r\u00e9nit\u00e9 - June Paris","og_description":"L\u2019Am\u00e9thyste Druze est une pierre puissante pour \u00e9quilibrer les \u00e9nergies, apaiser l\u2019anxi\u00e9t\u00e9 et dissiper les peurs. Elle aide \u00e0 calmer l\u2019esprit et \u00e0 lib\u00e9rer des addictions. Parfaite pour la m\u00e9ditation et pour favoriser un sommeil serein, placez-la sous votre oreiller ou sur votre table de chevet pour \u00eatre prot\u00e9g\u00e9e des cauchemars.  Un outil de protection spirituelle qui vous accompagnera dans votre qu\u00eate de paix int\u00e9rieure. Existe aussi en version roul\u00e9e.  Entretien :   Nettoyez-la avec de l\u2019eau  Purifiez-la en l\u2019exposant aux rayons lunaires (\u00e9viter la pleine lune).  Adoptez cette pierre pour harmoniser vos \u00e9nergies et retrouver une s\u00e9r\u00e9nit\u00e9 durable.","og_url":"https:\/\/june-paris.com\/en\/product\/amethyste-druze\/","og_site_name":"June Paris","article_modified_time":"2025-01-24T19:22:36+00:00","og_image":[{"width":1707,"height":2560,"url":"https:\/\/june-paris.com\/wp-content\/uploads\/2021\/05\/Mineraux-scaled.jpg","type":"image\/jpeg"}],"twitter_card":"summary_large_image","twitter_misc":{"Est. reading time":"1 minute"},"schema":{"@context":"https:\/\/schema.org","@graph":[{"@type":"WebPage","@id":"https:\/\/june-paris.com\/en\/product\/amethyste-druze\/","url":"https:\/\/june-paris.com\/en\/product\/amethyste-druze\/","name":"Am\u00e9thyste : Pierre d'Apaisement, Protection et S\u00e9r\u00e9nit\u00e9 - June Paris","isPartOf":{"@id":"https:\/\/june-paris.com\/#website"},"primaryImageOfPage":{"@id":"https:\/\/june-paris.com\/en\/product\/amethyste-druze\/#primaryimage"},"image":{"@id":"https:\/\/june-paris.com\/en\/product\/amethyste-druze\/#primaryimage"},"thumbnailUrl":"https:\/\/june-paris.com\/wp-content\/uploads\/2021\/05\/Mineraux-scaled.jpg","datePublished":"2021-05-12T09:10:42+00:00","dateModified":"2025-01-24T19:22:36+00:00","breadcrumb":{"@id":"https:\/\/june-paris.com\/en\/product\/amethyste-druze\/#breadcrumb"},"inLanguage":"en-US","potentialAction":[{"@type":"ReadAction","target":["https:\/\/june-paris.com\/en\/product\/amethyste-druze\/"]}]},{"@type":"ImageObject","inLanguage":"en-US","@id":"https:\/\/june-paris.com\/en\/product\/amethyste-druze\/#primaryimage","url":"https:\/\/june-paris.com\/wp-content\/uploads\/2021\/05\/Mineraux-scaled.jpg","contentUrl":"https:\/\/june-paris.com\/wp-content\/uploads\/2021\/05\/Mineraux-scaled.jpg","width":1707,"height":2560},{"@type":"BreadcrumbList","@id":"https:\/\/june-paris.com\/en\/product\/amethyste-druze\/#breadcrumb","itemListElement":[{"@type":"ListItem","position":1,"name":"Accueil","item":"https:\/\/june-paris.com\/"},{"@type":"ListItem","position":2,"name":"Shop","item":"https:\/\/june-paris.com\/shop\/"},{"@type":"ListItem","position":3,"name":"Am\u00e9thyste : Pierre d&rsquo;Apaisement, Protection et S\u00e9r\u00e9nit\u00e9"}]},{"@type":"WebSite","@id":"https:\/\/june-paris.com\/#website","url":"https:\/\/june-paris.com\/","name":"June Paris","description":"","publisher":{"@id":"https:\/\/june-paris.com\/#organization"},"potentialAction":[{"@type":"SearchAction","target":{"@type":"EntryPoint","urlTemplate":"https:\/\/june-paris.com\/?s={search_term_string}"},"query-input":{"@type":"PropertyValueSpecification","valueRequired":true,"valueName":"search_term_string"}}],"inLanguage":"en-US"},{"@type":"Organization","@id":"https:\/\/june-paris.com\/#organization","name":"Laugh of the moon","url":"https:\/\/june-paris.com\/","logo":{"@type":"ImageObject","inLanguage":"en-US","@id":"https:\/\/june-paris.com\/#\/schema\/logo\/image\/","url":"https:\/\/june-paris.com\/wp-content\/uploads\/2021\/03\/logofini.png","contentUrl":"https:\/\/june-paris.com\/wp-content\/uploads\/2021\/03\/logofini.png","width":250,"height":48,"caption":"Laugh of the moon"},"image":{"@id":"https:\/\/june-paris.com\/#\/schema\/logo\/image\/"}}]}},"_links":{"self":[{"href":"https:\/\/june-paris.com\/en\/wp-json\/wp\/v2\/product\/993","targetHints":{"allow":["GET"]}}],"collection":[{"href":"https:\/\/june-paris.com\/en\/wp-json\/wp\/v2\/product"}],"about":[{"href":"https:\/\/june-paris.com\/en\/wp-json\/wp\/v2\/types\/product"}],"replies":[{"embeddable":true,"href":"https:\/\/june-paris.com\/en\/wp-json\/wp\/v2\/comments?post=993"}],"wp:featuredmedia":[{"embeddable":true,"href":"https:\/\/june-paris.com\/en\/wp-json\/wp\/v2\/media\/1027"}],"wp:attachment":[{"href":"https:\/\/june-paris.com\/en\/wp-json\/wp\/v2\/media?parent=993"}],"wp:term":[{"taxonomy":"product_brand","embeddable":true,"href":"https:\/\/june-paris.com\/en\/wp-json\/wp\/v2\/product_brand?post=993"},{"taxonomy":"product_cat","embeddable":true,"href":"https:\/\/june-paris.com\/en\/wp-json\/wp\/v2\/product_cat?post=993"},{"taxonomy":"product_tag","embeddable":true,"href":"https:\/\/june-paris.com\/en\/wp-json\/wp\/v2\/product_tag?post=993"}],"curies":[{"name":"wp","href":"https:\/\/api.w.org\/{rel}","templated":true}]}}