{"id":990,"date":"2021-05-12T08:58:45","date_gmt":"2021-05-12T08:58:45","guid":{"rendered":"https:\/\/june-paris.com\/?post_type=product&#038;p=990"},"modified":"2025-01-24T19:24:44","modified_gmt":"2025-01-24T19:24:44","slug":"quartz-rose","status":"publish","type":"product","link":"https:\/\/june-paris.com\/en\/product\/quartz-rose\/","title":{"rendered":"Quartz rose : Pierre d&rsquo;Amour et Gu\u00e9rison \u00c9motionnelle"},"content":{"rendered":"<p>&nbsp;<\/p>\n<table style=\"border-collapse: collapse; width: 100%; height: 72px;\">\n<tbody>\n<tr style=\"height: 24px;\">\n<td style=\"width: 50%; height: 24px;\">MATERIAL<\/td>\n<td style=\"width: 50%; height: 24px;\">Quartz rose<\/td>\n<\/tr>\n<tr style=\"height: 24px;\">\n<td style=\"width: 50%; height: 24px;\">SIZE<\/td>\n<td style=\"width: 50%; height: 24px;\">Approximativement 2cm (S) et 5cm (M)\u00a0 (25 \u00e0 45g)<\/td>\n<\/tr>\n<tr style=\"height: 24px;\">\n<td style=\"width: 50%; height: 24px;\">ORIGIN<\/td>\n<td style=\"width: 50%; height: 24px;\">Br\u00e9sil<\/td>\n<\/tr>\n<\/tbody>\n<\/table>\n<table style=\"border-collapse: collapse; width: 100%;\">\n<tbody>\n<tr>\n<td style=\"width: 100%;\">GARANTIE D\u2019ORIGINE &#8211; \u00c9CO RESPONSABLE<\/td>\n<\/tr>\n<\/tbody>\n<\/table>","protected":false},"excerpt":{"rendered":"<p>Le <strong>Quartz Rose<\/strong> est la pierre de l\u2019<strong>amour inconditionnel<\/strong>, apportant s\u00e9r\u00e9nit\u00e9 et \u00e9quilibre \u00e9motionnel. Il aide \u00e0 surmonter les <strong>blessures \u00e9motionnelles<\/strong>, qu&rsquo;il s&rsquo;agisse d&rsquo;un choc, d&rsquo;une rupture ou d\u2019une d\u00e9ception. Ce cristal harmonise l\u2019\u00e9nergie, apaise l\u2019<strong>anxi\u00e9t\u00e9<\/strong>, et brise les <strong>addictions<\/strong>. Il favorise une meilleure <strong>relation avec soi-m\u00eame<\/strong> et les autres. Placez-le sous votre oreiller ou sur votre table de chevet pour une protection contre les <strong>cauchemars<\/strong> et une meilleure qualit\u00e9 de sommeil.<\/p>\n<p><strong>Entretien :<\/strong><\/p>\n<ul>\n<li>Nettoyez-le \u00e0 l\u2019eau.<\/li>\n<li>Purifiez-le sous le <strong>soleil du matin<\/strong> ou \u00e0 la <strong>pleine lune<\/strong>.<\/li>\n<\/ul>","protected":false},"featured_media":1003,"comment_status":"open","ping_status":"closed","template":"","meta":[],"product_brand":[],"product_cat":[33,43,44],"product_tag":[],"class_list":{"0":"post-990","1":"product","2":"type-product","3":"status-publish","4":"has-post-thumbnail","6":"product_cat-mineraux","7":"product_cat-pierres-brutes","8":"product_cat-pierres-roulees","9":"product_shipping_class-lettre-suivi","11":"first","12":"instock","13":"taxable","14":"shipping-taxable","15":"purchasable","16":"product-type-variable"},"yoast_head":"<!-- This site is optimized with the Yoast SEO plugin v25.6 - https:\/\/yoast.com\/wordpress\/plugins\/seo\/ -->\n<title>Quartz rose : Pierre d&#039;Amour et Gu\u00e9rison \u00c9motionnelle - June Paris<\/title>\n<meta name=\"robots\" content=\"index, follow, max-snippet:-1, max-image-preview:large, max-video-preview:-1\" \/>\n<link rel=\"canonical\" href=\"https:\/\/june-paris.com\/en\/product\/quartz-rose\/\" \/>\n<meta property=\"og:locale\" content=\"en_US\" \/>\n<meta property=\"og:type\" content=\"article\" \/>\n<meta property=\"og:title\" content=\"Quartz rose : Pierre d&#039;Amour et Gu\u00e9rison \u00c9motionnelle - June Paris\" \/>\n<meta property=\"og:description\" content=\"Le Quartz Rose est la pierre de l\u2019amour inconditionnel, apportant s\u00e9r\u00e9nit\u00e9 et \u00e9quilibre \u00e9motionnel. Il aide \u00e0 surmonter les blessures \u00e9motionnelles, qu&#039;il s&#039;agisse d&#039;un choc, d&#039;une rupture ou d\u2019une d\u00e9ception. Ce cristal harmonise l\u2019\u00e9nergie, apaise l\u2019anxi\u00e9t\u00e9, et brise les addictions. Il favorise une meilleure relation avec soi-m\u00eame et les autres. Placez-le sous votre oreiller ou sur votre table de chevet pour une protection contre les cauchemars et une meilleure qualit\u00e9 de sommeil.  Entretien :   Nettoyez-le \u00e0 l\u2019eau.  Purifiez-le sous le soleil du matin ou \u00e0 la pleine lune.\" \/>\n<meta property=\"og:url\" content=\"https:\/\/june-paris.com\/en\/product\/quartz-rose\/\" \/>\n<meta property=\"og:site_name\" content=\"June Paris\" \/>\n<meta property=\"article:modified_time\" content=\"2025-01-24T19:24:44+00:00\" \/>\n<meta property=\"og:image\" content=\"https:\/\/june-paris.com\/wp-content\/uploads\/2021\/05\/Mineraux-7-scaled.jpg\" \/>\n\t<meta property=\"og:image:width\" content=\"1707\" \/>\n\t<meta property=\"og:image:height\" content=\"2560\" \/>\n\t<meta property=\"og:image:type\" content=\"image\/jpeg\" \/>\n<meta name=\"twitter:card\" content=\"summary_large_image\" \/>\n<meta name=\"twitter:label1\" content=\"Est. reading time\" \/>\n\t<meta name=\"twitter:data1\" content=\"1 minute\" \/>\n<script type=\"application\/ld+json\" class=\"yoast-schema-graph\">{\"@context\":\"https:\/\/schema.org\",\"@graph\":[{\"@type\":\"WebPage\",\"@id\":\"https:\/\/june-paris.com\/en\/product\/quartz-rose\/\",\"url\":\"https:\/\/june-paris.com\/en\/product\/quartz-rose\/\",\"name\":\"Quartz rose : Pierre d'Amour et Gu\u00e9rison \u00c9motionnelle - June Paris\",\"isPartOf\":{\"@id\":\"https:\/\/june-paris.com\/#website\"},\"primaryImageOfPage\":{\"@id\":\"https:\/\/june-paris.com\/en\/product\/quartz-rose\/#primaryimage\"},\"image\":{\"@id\":\"https:\/\/june-paris.com\/en\/product\/quartz-rose\/#primaryimage\"},\"thumbnailUrl\":\"https:\/\/june-paris.com\/wp-content\/uploads\/2021\/05\/Mineraux-7-scaled.jpg\",\"datePublished\":\"2021-05-12T08:58:45+00:00\",\"dateModified\":\"2025-01-24T19:24:44+00:00\",\"breadcrumb\":{\"@id\":\"https:\/\/june-paris.com\/en\/product\/quartz-rose\/#breadcrumb\"},\"inLanguage\":\"en-US\",\"potentialAction\":[{\"@type\":\"ReadAction\",\"target\":[\"https:\/\/june-paris.com\/en\/product\/quartz-rose\/\"]}]},{\"@type\":\"ImageObject\",\"inLanguage\":\"en-US\",\"@id\":\"https:\/\/june-paris.com\/en\/product\/quartz-rose\/#primaryimage\",\"url\":\"https:\/\/june-paris.com\/wp-content\/uploads\/2021\/05\/Mineraux-7-scaled.jpg\",\"contentUrl\":\"https:\/\/june-paris.com\/wp-content\/uploads\/2021\/05\/Mineraux-7-scaled.jpg\",\"width\":1707,\"height\":2560},{\"@type\":\"BreadcrumbList\",\"@id\":\"https:\/\/june-paris.com\/en\/product\/quartz-rose\/#breadcrumb\",\"itemListElement\":[{\"@type\":\"ListItem\",\"position\":1,\"name\":\"Accueil\",\"item\":\"https:\/\/june-paris.com\/\"},{\"@type\":\"ListItem\",\"position\":2,\"name\":\"Shop\",\"item\":\"https:\/\/june-paris.com\/shop\/\"},{\"@type\":\"ListItem\",\"position\":3,\"name\":\"Quartz rose : Pierre d&rsquo;Amour et Gu\u00e9rison \u00c9motionnelle\"}]},{\"@type\":\"WebSite\",\"@id\":\"https:\/\/june-paris.com\/#website\",\"url\":\"https:\/\/june-paris.com\/\",\"name\":\"June Paris\",\"description\":\"\",\"publisher\":{\"@id\":\"https:\/\/june-paris.com\/#organization\"},\"potentialAction\":[{\"@type\":\"SearchAction\",\"target\":{\"@type\":\"EntryPoint\",\"urlTemplate\":\"https:\/\/june-paris.com\/?s={search_term_string}\"},\"query-input\":{\"@type\":\"PropertyValueSpecification\",\"valueRequired\":true,\"valueName\":\"search_term_string\"}}],\"inLanguage\":\"en-US\"},{\"@type\":\"Organization\",\"@id\":\"https:\/\/june-paris.com\/#organization\",\"name\":\"Laugh of the moon\",\"url\":\"https:\/\/june-paris.com\/\",\"logo\":{\"@type\":\"ImageObject\",\"inLanguage\":\"en-US\",\"@id\":\"https:\/\/june-paris.com\/#\/schema\/logo\/image\/\",\"url\":\"https:\/\/june-paris.com\/wp-content\/uploads\/2021\/03\/logofini.png\",\"contentUrl\":\"https:\/\/june-paris.com\/wp-content\/uploads\/2021\/03\/logofini.png\",\"width\":250,\"height\":48,\"caption\":\"Laugh of the moon\"},\"image\":{\"@id\":\"https:\/\/june-paris.com\/#\/schema\/logo\/image\/\"}}]}<\/script>\n<!-- \/ Yoast SEO plugin. -->","yoast_head_json":{"title":"Quartz rose : Pierre d'Amour et Gu\u00e9rison \u00c9motionnelle - June Paris","robots":{"index":"index","follow":"follow","max-snippet":"max-snippet:-1","max-image-preview":"max-image-preview:large","max-video-preview":"max-video-preview:-1"},"canonical":"https:\/\/june-paris.com\/en\/product\/quartz-rose\/","og_locale":"en_US","og_type":"article","og_title":"Quartz rose : Pierre d'Amour et Gu\u00e9rison \u00c9motionnelle - June Paris","og_description":"Le Quartz Rose est la pierre de l\u2019amour inconditionnel, apportant s\u00e9r\u00e9nit\u00e9 et \u00e9quilibre \u00e9motionnel. Il aide \u00e0 surmonter les blessures \u00e9motionnelles, qu'il s'agisse d'un choc, d'une rupture ou d\u2019une d\u00e9ception. Ce cristal harmonise l\u2019\u00e9nergie, apaise l\u2019anxi\u00e9t\u00e9, et brise les addictions. Il favorise une meilleure relation avec soi-m\u00eame et les autres. Placez-le sous votre oreiller ou sur votre table de chevet pour une protection contre les cauchemars et une meilleure qualit\u00e9 de sommeil.  Entretien :   Nettoyez-le \u00e0 l\u2019eau.  Purifiez-le sous le soleil du matin ou \u00e0 la pleine lune.","og_url":"https:\/\/june-paris.com\/en\/product\/quartz-rose\/","og_site_name":"June Paris","article_modified_time":"2025-01-24T19:24:44+00:00","og_image":[{"width":1707,"height":2560,"url":"https:\/\/june-paris.com\/wp-content\/uploads\/2021\/05\/Mineraux-7-scaled.jpg","type":"image\/jpeg"}],"twitter_card":"summary_large_image","twitter_misc":{"Est. reading time":"1 minute"},"schema":{"@context":"https:\/\/schema.org","@graph":[{"@type":"WebPage","@id":"https:\/\/june-paris.com\/en\/product\/quartz-rose\/","url":"https:\/\/june-paris.com\/en\/product\/quartz-rose\/","name":"Quartz rose : Pierre d'Amour et Gu\u00e9rison \u00c9motionnelle - June Paris","isPartOf":{"@id":"https:\/\/june-paris.com\/#website"},"primaryImageOfPage":{"@id":"https:\/\/june-paris.com\/en\/product\/quartz-rose\/#primaryimage"},"image":{"@id":"https:\/\/june-paris.com\/en\/product\/quartz-rose\/#primaryimage"},"thumbnailUrl":"https:\/\/june-paris.com\/wp-content\/uploads\/2021\/05\/Mineraux-7-scaled.jpg","datePublished":"2021-05-12T08:58:45+00:00","dateModified":"2025-01-24T19:24:44+00:00","breadcrumb":{"@id":"https:\/\/june-paris.com\/en\/product\/quartz-rose\/#breadcrumb"},"inLanguage":"en-US","potentialAction":[{"@type":"ReadAction","target":["https:\/\/june-paris.com\/en\/product\/quartz-rose\/"]}]},{"@type":"ImageObject","inLanguage":"en-US","@id":"https:\/\/june-paris.com\/en\/product\/quartz-rose\/#primaryimage","url":"https:\/\/june-paris.com\/wp-content\/uploads\/2021\/05\/Mineraux-7-scaled.jpg","contentUrl":"https:\/\/june-paris.com\/wp-content\/uploads\/2021\/05\/Mineraux-7-scaled.jpg","width":1707,"height":2560},{"@type":"BreadcrumbList","@id":"https:\/\/june-paris.com\/en\/product\/quartz-rose\/#breadcrumb","itemListElement":[{"@type":"ListItem","position":1,"name":"Accueil","item":"https:\/\/june-paris.com\/"},{"@type":"ListItem","position":2,"name":"Shop","item":"https:\/\/june-paris.com\/shop\/"},{"@type":"ListItem","position":3,"name":"Quartz rose : Pierre d&rsquo;Amour et Gu\u00e9rison \u00c9motionnelle"}]},{"@type":"WebSite","@id":"https:\/\/june-paris.com\/#website","url":"https:\/\/june-paris.com\/","name":"June Paris","description":"","publisher":{"@id":"https:\/\/june-paris.com\/#organization"},"potentialAction":[{"@type":"SearchAction","target":{"@type":"EntryPoint","urlTemplate":"https:\/\/june-paris.com\/?s={search_term_string}"},"query-input":{"@type":"PropertyValueSpecification","valueRequired":true,"valueName":"search_term_string"}}],"inLanguage":"en-US"},{"@type":"Organization","@id":"https:\/\/june-paris.com\/#organization","name":"Laugh of the moon","url":"https:\/\/june-paris.com\/","logo":{"@type":"ImageObject","inLanguage":"en-US","@id":"https:\/\/june-paris.com\/#\/schema\/logo\/image\/","url":"https:\/\/june-paris.com\/wp-content\/uploads\/2021\/03\/logofini.png","contentUrl":"https:\/\/june-paris.com\/wp-content\/uploads\/2021\/03\/logofini.png","width":250,"height":48,"caption":"Laugh of the moon"},"image":{"@id":"https:\/\/june-paris.com\/#\/schema\/logo\/image\/"}}]}},"_links":{"self":[{"href":"https:\/\/june-paris.com\/en\/wp-json\/wp\/v2\/product\/990","targetHints":{"allow":["GET"]}}],"collection":[{"href":"https:\/\/june-paris.com\/en\/wp-json\/wp\/v2\/product"}],"about":[{"href":"https:\/\/june-paris.com\/en\/wp-json\/wp\/v2\/types\/product"}],"replies":[{"embeddable":true,"href":"https:\/\/june-paris.com\/en\/wp-json\/wp\/v2\/comments?post=990"}],"wp:featuredmedia":[{"embeddable":true,"href":"https:\/\/june-paris.com\/en\/wp-json\/wp\/v2\/media\/1003"}],"wp:attachment":[{"href":"https:\/\/june-paris.com\/en\/wp-json\/wp\/v2\/media?parent=990"}],"wp:term":[{"taxonomy":"product_brand","embeddable":true,"href":"https:\/\/june-paris.com\/en\/wp-json\/wp\/v2\/product_brand?post=990"},{"taxonomy":"product_cat","embeddable":true,"href":"https:\/\/june-paris.com\/en\/wp-json\/wp\/v2\/product_cat?post=990"},{"taxonomy":"product_tag","embeddable":true,"href":"https:\/\/june-paris.com\/en\/wp-json\/wp\/v2\/product_tag?post=990"}],"curies":[{"name":"wp","href":"https:\/\/api.w.org\/{rel}","templated":true}]}}