{"id":989,"date":"2021-05-12T08:54:53","date_gmt":"2021-05-12T08:54:53","guid":{"rendered":"https:\/\/june-paris.com\/?post_type=product&#038;p=989"},"modified":"2025-01-24T19:32:22","modified_gmt":"2025-01-24T19:32:22","slug":"fluorine","status":"publish","type":"product","link":"https:\/\/june-paris.com\/en\/product\/fluorine\/","title":{"rendered":"Fluorine : Pierre de concentration et Clart\u00e9 Mentale"},"content":{"rendered":"<p>&nbsp;<\/p>\n<table style=\"border-collapse: collapse; width: 100%; height: 72px;\">\n<tbody>\n<tr style=\"height: 24px;\">\n<td style=\"width: 50%; height: 24px;\">MATERIAL<\/td>\n<td style=\"width: 50%; height: 24px;\">Fluorine<\/td>\n<\/tr>\n<tr style=\"height: 24px;\">\n<td style=\"width: 50%; height: 24px;\">SIZE<\/td>\n<td style=\"width: 50%; height: 24px;\">Approximativement 6cm (50g)<\/td>\n<\/tr>\n<tr style=\"height: 24px;\">\n<td style=\"width: 50%; height: 24px;\">ORIGIN<\/td>\n<td style=\"width: 50%; height: 24px;\">Chine<\/td>\n<\/tr>\n<\/tbody>\n<\/table>\n<table style=\"border-collapse: collapse; width: 100%;\">\n<tbody>\n<tr>\n<td style=\"width: 100%;\">GARANTIE D\u2019ORIGINE &#8211; \u00c9CO RESPONSABLE<\/td>\n<\/tr>\n<\/tbody>\n<\/table>","protected":false},"excerpt":{"rendered":"<p>La <strong>Fluorine<\/strong> est une pierre b\u00e9n\u00e9fique pour stabiliser et \u00e9quilibrer l\u2019esprit et les relations. Elle aide \u00e0 <strong>am\u00e9liorer la concentration<\/strong>, stimule la <strong>m\u00e9moire<\/strong> et r\u00e9duit le <strong>stress<\/strong>, favorisant ainsi une meilleure prise de d\u00e9cision. Lors des m\u00e9ditations, elle aiguise l&rsquo;intuition et est parfaite pour purifier les espaces de travail. Elle agit aussi sur les organes tels que le foie, les poumons, et peut \u00eatre utile pour des affections comme l\u2019<strong>ost\u00e9oporose<\/strong> et l\u2019<strong>arthrose<\/strong>.<\/p>\n<p><strong>Entretien<\/strong> :<\/p>\n<ul>\n<li>Purifiez avec de l\u2019eau.<\/li>\n<li>Rechargez-la \u00e0 la lumi\u00e8re lunaire, en \u00e9vitant la pleine lune.<\/li>\n<\/ul>","protected":false},"featured_media":1001,"comment_status":"open","ping_status":"closed","template":"","meta":[],"product_brand":[],"product_cat":[33,43],"product_tag":[],"class_list":{"0":"post-989","1":"product","2":"type-product","3":"status-publish","4":"has-post-thumbnail","6":"product_cat-mineraux","7":"product_cat-pierres-brutes","8":"product_shipping_class-lettre-suivi","10":"first","11":"outofstock","12":"taxable","13":"shipping-taxable","14":"purchasable","15":"product-type-simple"},"yoast_head":"<!-- This site is optimized with the Yoast SEO plugin v25.6 - https:\/\/yoast.com\/wordpress\/plugins\/seo\/ -->\n<title>Fluorine : Pierre de concentration et Clart\u00e9 Mentale - June Paris<\/title>\n<meta name=\"robots\" content=\"index, follow, max-snippet:-1, max-image-preview:large, max-video-preview:-1\" \/>\n<link rel=\"canonical\" href=\"https:\/\/june-paris.com\/en\/product\/fluorine\/\" \/>\n<meta property=\"og:locale\" content=\"en_US\" \/>\n<meta property=\"og:type\" content=\"article\" \/>\n<meta property=\"og:title\" content=\"Fluorine : Pierre de concentration et Clart\u00e9 Mentale - June Paris\" \/>\n<meta property=\"og:description\" content=\"La Fluorine est une pierre b\u00e9n\u00e9fique pour stabiliser et \u00e9quilibrer l\u2019esprit et les relations. Elle aide \u00e0 am\u00e9liorer la concentration, stimule la m\u00e9moire et r\u00e9duit le stress, favorisant ainsi une meilleure prise de d\u00e9cision. Lors des m\u00e9ditations, elle aiguise l&#039;intuition et est parfaite pour purifier les espaces de travail. Elle agit aussi sur les organes tels que le foie, les poumons, et peut \u00eatre utile pour des affections comme l\u2019ost\u00e9oporose et l\u2019arthrose.  Entretien :   Purifiez avec de l\u2019eau.  Rechargez-la \u00e0 la lumi\u00e8re lunaire, en \u00e9vitant la pleine lune.\" \/>\n<meta property=\"og:url\" content=\"https:\/\/june-paris.com\/en\/product\/fluorine\/\" \/>\n<meta property=\"og:site_name\" content=\"June Paris\" \/>\n<meta property=\"article:modified_time\" content=\"2025-01-24T19:32:22+00:00\" \/>\n<meta property=\"og:image\" content=\"https:\/\/june-paris.com\/wp-content\/uploads\/2021\/05\/Mineraux-5-scaled.jpg\" \/>\n\t<meta property=\"og:image:width\" content=\"1707\" \/>\n\t<meta property=\"og:image:height\" content=\"2560\" \/>\n\t<meta property=\"og:image:type\" content=\"image\/jpeg\" \/>\n<meta name=\"twitter:card\" content=\"summary_large_image\" \/>\n<meta name=\"twitter:label1\" content=\"Est. reading time\" \/>\n\t<meta name=\"twitter:data1\" content=\"1 minute\" \/>\n<script type=\"application\/ld+json\" class=\"yoast-schema-graph\">{\"@context\":\"https:\/\/schema.org\",\"@graph\":[{\"@type\":\"WebPage\",\"@id\":\"https:\/\/june-paris.com\/en\/product\/fluorine\/\",\"url\":\"https:\/\/june-paris.com\/en\/product\/fluorine\/\",\"name\":\"Fluorine : Pierre de concentration et Clart\u00e9 Mentale - June Paris\",\"isPartOf\":{\"@id\":\"https:\/\/june-paris.com\/#website\"},\"primaryImageOfPage\":{\"@id\":\"https:\/\/june-paris.com\/en\/product\/fluorine\/#primaryimage\"},\"image\":{\"@id\":\"https:\/\/june-paris.com\/en\/product\/fluorine\/#primaryimage\"},\"thumbnailUrl\":\"https:\/\/june-paris.com\/wp-content\/uploads\/2021\/05\/Mineraux-5-scaled.jpg\",\"datePublished\":\"2021-05-12T08:54:53+00:00\",\"dateModified\":\"2025-01-24T19:32:22+00:00\",\"breadcrumb\":{\"@id\":\"https:\/\/june-paris.com\/en\/product\/fluorine\/#breadcrumb\"},\"inLanguage\":\"en-US\",\"potentialAction\":[{\"@type\":\"ReadAction\",\"target\":[\"https:\/\/june-paris.com\/en\/product\/fluorine\/\"]}]},{\"@type\":\"ImageObject\",\"inLanguage\":\"en-US\",\"@id\":\"https:\/\/june-paris.com\/en\/product\/fluorine\/#primaryimage\",\"url\":\"https:\/\/june-paris.com\/wp-content\/uploads\/2021\/05\/Mineraux-5-scaled.jpg\",\"contentUrl\":\"https:\/\/june-paris.com\/wp-content\/uploads\/2021\/05\/Mineraux-5-scaled.jpg\",\"width\":1707,\"height\":2560},{\"@type\":\"BreadcrumbList\",\"@id\":\"https:\/\/june-paris.com\/en\/product\/fluorine\/#breadcrumb\",\"itemListElement\":[{\"@type\":\"ListItem\",\"position\":1,\"name\":\"Accueil\",\"item\":\"https:\/\/june-paris.com\/\"},{\"@type\":\"ListItem\",\"position\":2,\"name\":\"Shop\",\"item\":\"https:\/\/june-paris.com\/shop\/\"},{\"@type\":\"ListItem\",\"position\":3,\"name\":\"Fluorine : Pierre de concentration et Clart\u00e9 Mentale\"}]},{\"@type\":\"WebSite\",\"@id\":\"https:\/\/june-paris.com\/#website\",\"url\":\"https:\/\/june-paris.com\/\",\"name\":\"June Paris\",\"description\":\"\",\"publisher\":{\"@id\":\"https:\/\/june-paris.com\/#organization\"},\"potentialAction\":[{\"@type\":\"SearchAction\",\"target\":{\"@type\":\"EntryPoint\",\"urlTemplate\":\"https:\/\/june-paris.com\/?s={search_term_string}\"},\"query-input\":{\"@type\":\"PropertyValueSpecification\",\"valueRequired\":true,\"valueName\":\"search_term_string\"}}],\"inLanguage\":\"en-US\"},{\"@type\":\"Organization\",\"@id\":\"https:\/\/june-paris.com\/#organization\",\"name\":\"Laugh of the moon\",\"url\":\"https:\/\/june-paris.com\/\",\"logo\":{\"@type\":\"ImageObject\",\"inLanguage\":\"en-US\",\"@id\":\"https:\/\/june-paris.com\/#\/schema\/logo\/image\/\",\"url\":\"https:\/\/june-paris.com\/wp-content\/uploads\/2021\/03\/logofini.png\",\"contentUrl\":\"https:\/\/june-paris.com\/wp-content\/uploads\/2021\/03\/logofini.png\",\"width\":250,\"height\":48,\"caption\":\"Laugh of the moon\"},\"image\":{\"@id\":\"https:\/\/june-paris.com\/#\/schema\/logo\/image\/\"}}]}<\/script>\n<!-- \/ Yoast SEO plugin. -->","yoast_head_json":{"title":"Fluorine : Pierre de concentration et Clart\u00e9 Mentale - June Paris","robots":{"index":"index","follow":"follow","max-snippet":"max-snippet:-1","max-image-preview":"max-image-preview:large","max-video-preview":"max-video-preview:-1"},"canonical":"https:\/\/june-paris.com\/en\/product\/fluorine\/","og_locale":"en_US","og_type":"article","og_title":"Fluorine : Pierre de concentration et Clart\u00e9 Mentale - June Paris","og_description":"La Fluorine est une pierre b\u00e9n\u00e9fique pour stabiliser et \u00e9quilibrer l\u2019esprit et les relations. Elle aide \u00e0 am\u00e9liorer la concentration, stimule la m\u00e9moire et r\u00e9duit le stress, favorisant ainsi une meilleure prise de d\u00e9cision. Lors des m\u00e9ditations, elle aiguise l'intuition et est parfaite pour purifier les espaces de travail. Elle agit aussi sur les organes tels que le foie, les poumons, et peut \u00eatre utile pour des affections comme l\u2019ost\u00e9oporose et l\u2019arthrose.  Entretien :   Purifiez avec de l\u2019eau.  Rechargez-la \u00e0 la lumi\u00e8re lunaire, en \u00e9vitant la pleine lune.","og_url":"https:\/\/june-paris.com\/en\/product\/fluorine\/","og_site_name":"June Paris","article_modified_time":"2025-01-24T19:32:22+00:00","og_image":[{"width":1707,"height":2560,"url":"https:\/\/june-paris.com\/wp-content\/uploads\/2021\/05\/Mineraux-5-scaled.jpg","type":"image\/jpeg"}],"twitter_card":"summary_large_image","twitter_misc":{"Est. reading time":"1 minute"},"schema":{"@context":"https:\/\/schema.org","@graph":[{"@type":"WebPage","@id":"https:\/\/june-paris.com\/en\/product\/fluorine\/","url":"https:\/\/june-paris.com\/en\/product\/fluorine\/","name":"Fluorine : Pierre de concentration et Clart\u00e9 Mentale - June Paris","isPartOf":{"@id":"https:\/\/june-paris.com\/#website"},"primaryImageOfPage":{"@id":"https:\/\/june-paris.com\/en\/product\/fluorine\/#primaryimage"},"image":{"@id":"https:\/\/june-paris.com\/en\/product\/fluorine\/#primaryimage"},"thumbnailUrl":"https:\/\/june-paris.com\/wp-content\/uploads\/2021\/05\/Mineraux-5-scaled.jpg","datePublished":"2021-05-12T08:54:53+00:00","dateModified":"2025-01-24T19:32:22+00:00","breadcrumb":{"@id":"https:\/\/june-paris.com\/en\/product\/fluorine\/#breadcrumb"},"inLanguage":"en-US","potentialAction":[{"@type":"ReadAction","target":["https:\/\/june-paris.com\/en\/product\/fluorine\/"]}]},{"@type":"ImageObject","inLanguage":"en-US","@id":"https:\/\/june-paris.com\/en\/product\/fluorine\/#primaryimage","url":"https:\/\/june-paris.com\/wp-content\/uploads\/2021\/05\/Mineraux-5-scaled.jpg","contentUrl":"https:\/\/june-paris.com\/wp-content\/uploads\/2021\/05\/Mineraux-5-scaled.jpg","width":1707,"height":2560},{"@type":"BreadcrumbList","@id":"https:\/\/june-paris.com\/en\/product\/fluorine\/#breadcrumb","itemListElement":[{"@type":"ListItem","position":1,"name":"Accueil","item":"https:\/\/june-paris.com\/"},{"@type":"ListItem","position":2,"name":"Shop","item":"https:\/\/june-paris.com\/shop\/"},{"@type":"ListItem","position":3,"name":"Fluorine : Pierre de concentration et Clart\u00e9 Mentale"}]},{"@type":"WebSite","@id":"https:\/\/june-paris.com\/#website","url":"https:\/\/june-paris.com\/","name":"June Paris","description":"","publisher":{"@id":"https:\/\/june-paris.com\/#organization"},"potentialAction":[{"@type":"SearchAction","target":{"@type":"EntryPoint","urlTemplate":"https:\/\/june-paris.com\/?s={search_term_string}"},"query-input":{"@type":"PropertyValueSpecification","valueRequired":true,"valueName":"search_term_string"}}],"inLanguage":"en-US"},{"@type":"Organization","@id":"https:\/\/june-paris.com\/#organization","name":"Laugh of the moon","url":"https:\/\/june-paris.com\/","logo":{"@type":"ImageObject","inLanguage":"en-US","@id":"https:\/\/june-paris.com\/#\/schema\/logo\/image\/","url":"https:\/\/june-paris.com\/wp-content\/uploads\/2021\/03\/logofini.png","contentUrl":"https:\/\/june-paris.com\/wp-content\/uploads\/2021\/03\/logofini.png","width":250,"height":48,"caption":"Laugh of the moon"},"image":{"@id":"https:\/\/june-paris.com\/#\/schema\/logo\/image\/"}}]}},"_links":{"self":[{"href":"https:\/\/june-paris.com\/en\/wp-json\/wp\/v2\/product\/989","targetHints":{"allow":["GET"]}}],"collection":[{"href":"https:\/\/june-paris.com\/en\/wp-json\/wp\/v2\/product"}],"about":[{"href":"https:\/\/june-paris.com\/en\/wp-json\/wp\/v2\/types\/product"}],"replies":[{"embeddable":true,"href":"https:\/\/june-paris.com\/en\/wp-json\/wp\/v2\/comments?post=989"}],"wp:featuredmedia":[{"embeddable":true,"href":"https:\/\/june-paris.com\/en\/wp-json\/wp\/v2\/media\/1001"}],"wp:attachment":[{"href":"https:\/\/june-paris.com\/en\/wp-json\/wp\/v2\/media?parent=989"}],"wp:term":[{"taxonomy":"product_brand","embeddable":true,"href":"https:\/\/june-paris.com\/en\/wp-json\/wp\/v2\/product_brand?post=989"},{"taxonomy":"product_cat","embeddable":true,"href":"https:\/\/june-paris.com\/en\/wp-json\/wp\/v2\/product_cat?post=989"},{"taxonomy":"product_tag","embeddable":true,"href":"https:\/\/june-paris.com\/en\/wp-json\/wp\/v2\/product_tag?post=989"}],"curies":[{"name":"wp","href":"https:\/\/api.w.org\/{rel}","templated":true}]}}