{"id":982,"date":"2021-05-11T15:56:26","date_gmt":"2021-05-11T15:56:26","guid":{"rendered":"https:\/\/june-paris.com\/?post_type=product&#038;p=982"},"modified":"2025-01-24T19:29:41","modified_gmt":"2025-01-24T19:29:41","slug":"selenite","status":"publish","type":"product","link":"https:\/\/june-paris.com\/en\/product\/selenite\/","title":{"rendered":"S\u00e9l\u00e9nite : Pierre Purificatrice"},"content":{"rendered":"<p>&nbsp;<\/p>\n<table style=\"border-collapse: collapse; width: 100%; height: 72px;\">\n<tbody>\n<tr style=\"height: 24px;\">\n<td style=\"width: 50%; height: 24px;\">MATERIAL<\/td>\n<td style=\"width: 50%; height: 24px;\">S\u00e9l\u00e9nite<\/td>\n<\/tr>\n<tr style=\"height: 24px;\">\n<td style=\"width: 50%; height: 24px;\">SIZE<\/td>\n<td style=\"width: 50%; height: 24px;\">Approximativement 8cm (35g)<\/td>\n<\/tr>\n<tr style=\"height: 24px;\">\n<td style=\"width: 50%; height: 24px;\">ORIGIN<\/td>\n<td style=\"width: 50%; height: 24px;\">Madagascar<\/td>\n<\/tr>\n<\/tbody>\n<\/table>\n<table style=\"border-collapse: collapse; width: 100%;\">\n<tbody>\n<tr>\n<td style=\"width: 100%;\">GARANTIE D\u2019ORIGINE &#8211; \u00c9CO RESPONSABLE<\/td>\n<\/tr>\n<\/tbody>\n<\/table>","protected":false},"excerpt":{"rendered":"<p>La <strong>S\u00e9l\u00e9nite<\/strong> est une pierre puissante pour accro\u00eetre la <strong>conscience de soi<\/strong> et favoriser une <strong>connexion profonde<\/strong> entre l\u2019\u00e9tat conscient et inconscient. Elle aide \u00e0 prendre des d\u00e9cisions avec plus de <strong>clart\u00e9 mentale<\/strong> et r\u00e9duit la <strong>timidit\u00e9<\/strong>. Id\u00e9ale pour rester calme et serein, elle est \u00e9galement utilis\u00e9e pour <strong>nettoyer<\/strong> les autres cristaux. Placez-les simplement sur un \u00ab\u00a0lit\u00a0\u00bb de s\u00e9l\u00e9nite pour les purifier.<\/p>\n<p><strong>Entretien :<\/strong><\/p>\n<ul>\n<li>Purifiez la s\u00e9l\u00e9nite avec du sel (pas d&rsquo;eau).<\/li>\n<li>Rechargez-la au <strong>soleil<\/strong> ou sous la <strong>pleine lune<\/strong>.<\/li>\n<\/ul>","protected":false},"featured_media":997,"comment_status":"open","ping_status":"closed","template":"","meta":[],"product_brand":[],"product_cat":[33,43,44],"product_tag":[],"class_list":{"0":"post-982","1":"product","2":"type-product","3":"status-publish","4":"has-post-thumbnail","6":"product_cat-mineraux","7":"product_cat-pierres-brutes","8":"product_cat-pierres-roulees","9":"product_shipping_class-lettre-suivi","11":"first","12":"instock","13":"taxable","14":"shipping-taxable","15":"purchasable","16":"product-type-variable"},"yoast_head":"<!-- This site is optimized with the Yoast SEO plugin v25.6 - https:\/\/yoast.com\/wordpress\/plugins\/seo\/ -->\n<title>S\u00e9l\u00e9nite : Pierre Purificatrice - June Paris<\/title>\n<meta name=\"robots\" content=\"index, follow, max-snippet:-1, max-image-preview:large, max-video-preview:-1\" \/>\n<link rel=\"canonical\" href=\"https:\/\/june-paris.com\/en\/product\/selenite\/\" \/>\n<meta property=\"og:locale\" content=\"en_US\" \/>\n<meta property=\"og:type\" content=\"article\" \/>\n<meta property=\"og:title\" content=\"S\u00e9l\u00e9nite : Pierre Purificatrice - June Paris\" \/>\n<meta property=\"og:description\" content=\"La S\u00e9l\u00e9nite est une pierre puissante pour accro\u00eetre la conscience de soi et favoriser une connexion profonde entre l\u2019\u00e9tat conscient et inconscient. Elle aide \u00e0 prendre des d\u00e9cisions avec plus de clart\u00e9 mentale et r\u00e9duit la timidit\u00e9. Id\u00e9ale pour rester calme et serein, elle est \u00e9galement utilis\u00e9e pour nettoyer les autres cristaux. Placez-les simplement sur un &quot;lit&quot; de s\u00e9l\u00e9nite pour les purifier.  Entretien :   Purifiez la s\u00e9l\u00e9nite avec du sel (pas d&#039;eau).  Rechargez-la au soleil ou sous la pleine lune.\" \/>\n<meta property=\"og:url\" content=\"https:\/\/june-paris.com\/en\/product\/selenite\/\" \/>\n<meta property=\"og:site_name\" content=\"June Paris\" \/>\n<meta property=\"article:modified_time\" content=\"2025-01-24T19:29:41+00:00\" \/>\n<meta property=\"og:image\" content=\"https:\/\/june-paris.com\/wp-content\/uploads\/2021\/05\/Mineraux-22-scaled.jpg\" \/>\n\t<meta property=\"og:image:width\" content=\"1707\" \/>\n\t<meta property=\"og:image:height\" content=\"2560\" \/>\n\t<meta property=\"og:image:type\" content=\"image\/jpeg\" \/>\n<meta name=\"twitter:card\" content=\"summary_large_image\" \/>\n<meta name=\"twitter:label1\" content=\"Est. reading time\" \/>\n\t<meta name=\"twitter:data1\" content=\"1 minute\" \/>\n<script type=\"application\/ld+json\" class=\"yoast-schema-graph\">{\"@context\":\"https:\/\/schema.org\",\"@graph\":[{\"@type\":\"WebPage\",\"@id\":\"https:\/\/june-paris.com\/en\/product\/selenite\/\",\"url\":\"https:\/\/june-paris.com\/en\/product\/selenite\/\",\"name\":\"S\u00e9l\u00e9nite : Pierre Purificatrice - June Paris\",\"isPartOf\":{\"@id\":\"https:\/\/june-paris.com\/#website\"},\"primaryImageOfPage\":{\"@id\":\"https:\/\/june-paris.com\/en\/product\/selenite\/#primaryimage\"},\"image\":{\"@id\":\"https:\/\/june-paris.com\/en\/product\/selenite\/#primaryimage\"},\"thumbnailUrl\":\"https:\/\/june-paris.com\/wp-content\/uploads\/2021\/05\/Mineraux-22-scaled.jpg\",\"datePublished\":\"2021-05-11T15:56:26+00:00\",\"dateModified\":\"2025-01-24T19:29:41+00:00\",\"breadcrumb\":{\"@id\":\"https:\/\/june-paris.com\/en\/product\/selenite\/#breadcrumb\"},\"inLanguage\":\"en-US\",\"potentialAction\":[{\"@type\":\"ReadAction\",\"target\":[\"https:\/\/june-paris.com\/en\/product\/selenite\/\"]}]},{\"@type\":\"ImageObject\",\"inLanguage\":\"en-US\",\"@id\":\"https:\/\/june-paris.com\/en\/product\/selenite\/#primaryimage\",\"url\":\"https:\/\/june-paris.com\/wp-content\/uploads\/2021\/05\/Mineraux-22-scaled.jpg\",\"contentUrl\":\"https:\/\/june-paris.com\/wp-content\/uploads\/2021\/05\/Mineraux-22-scaled.jpg\",\"width\":1707,\"height\":2560},{\"@type\":\"BreadcrumbList\",\"@id\":\"https:\/\/june-paris.com\/en\/product\/selenite\/#breadcrumb\",\"itemListElement\":[{\"@type\":\"ListItem\",\"position\":1,\"name\":\"Accueil\",\"item\":\"https:\/\/june-paris.com\/\"},{\"@type\":\"ListItem\",\"position\":2,\"name\":\"Shop\",\"item\":\"https:\/\/june-paris.com\/shop\/\"},{\"@type\":\"ListItem\",\"position\":3,\"name\":\"S\u00e9l\u00e9nite : Pierre Purificatrice\"}]},{\"@type\":\"WebSite\",\"@id\":\"https:\/\/june-paris.com\/#website\",\"url\":\"https:\/\/june-paris.com\/\",\"name\":\"June Paris\",\"description\":\"\",\"publisher\":{\"@id\":\"https:\/\/june-paris.com\/#organization\"},\"potentialAction\":[{\"@type\":\"SearchAction\",\"target\":{\"@type\":\"EntryPoint\",\"urlTemplate\":\"https:\/\/june-paris.com\/?s={search_term_string}\"},\"query-input\":{\"@type\":\"PropertyValueSpecification\",\"valueRequired\":true,\"valueName\":\"search_term_string\"}}],\"inLanguage\":\"en-US\"},{\"@type\":\"Organization\",\"@id\":\"https:\/\/june-paris.com\/#organization\",\"name\":\"Laugh of the moon\",\"url\":\"https:\/\/june-paris.com\/\",\"logo\":{\"@type\":\"ImageObject\",\"inLanguage\":\"en-US\",\"@id\":\"https:\/\/june-paris.com\/#\/schema\/logo\/image\/\",\"url\":\"https:\/\/june-paris.com\/wp-content\/uploads\/2021\/03\/logofini.png\",\"contentUrl\":\"https:\/\/june-paris.com\/wp-content\/uploads\/2021\/03\/logofini.png\",\"width\":250,\"height\":48,\"caption\":\"Laugh of the moon\"},\"image\":{\"@id\":\"https:\/\/june-paris.com\/#\/schema\/logo\/image\/\"}}]}<\/script>\n<!-- \/ Yoast SEO plugin. -->","yoast_head_json":{"title":"S\u00e9l\u00e9nite : Pierre Purificatrice - June Paris","robots":{"index":"index","follow":"follow","max-snippet":"max-snippet:-1","max-image-preview":"max-image-preview:large","max-video-preview":"max-video-preview:-1"},"canonical":"https:\/\/june-paris.com\/en\/product\/selenite\/","og_locale":"en_US","og_type":"article","og_title":"S\u00e9l\u00e9nite : Pierre Purificatrice - June Paris","og_description":"La S\u00e9l\u00e9nite est une pierre puissante pour accro\u00eetre la conscience de soi et favoriser une connexion profonde entre l\u2019\u00e9tat conscient et inconscient. Elle aide \u00e0 prendre des d\u00e9cisions avec plus de clart\u00e9 mentale et r\u00e9duit la timidit\u00e9. Id\u00e9ale pour rester calme et serein, elle est \u00e9galement utilis\u00e9e pour nettoyer les autres cristaux. Placez-les simplement sur un \"lit\" de s\u00e9l\u00e9nite pour les purifier.  Entretien :   Purifiez la s\u00e9l\u00e9nite avec du sel (pas d'eau).  Rechargez-la au soleil ou sous la pleine lune.","og_url":"https:\/\/june-paris.com\/en\/product\/selenite\/","og_site_name":"June Paris","article_modified_time":"2025-01-24T19:29:41+00:00","og_image":[{"width":1707,"height":2560,"url":"https:\/\/june-paris.com\/wp-content\/uploads\/2021\/05\/Mineraux-22-scaled.jpg","type":"image\/jpeg"}],"twitter_card":"summary_large_image","twitter_misc":{"Est. reading time":"1 minute"},"schema":{"@context":"https:\/\/schema.org","@graph":[{"@type":"WebPage","@id":"https:\/\/june-paris.com\/en\/product\/selenite\/","url":"https:\/\/june-paris.com\/en\/product\/selenite\/","name":"S\u00e9l\u00e9nite : Pierre Purificatrice - June Paris","isPartOf":{"@id":"https:\/\/june-paris.com\/#website"},"primaryImageOfPage":{"@id":"https:\/\/june-paris.com\/en\/product\/selenite\/#primaryimage"},"image":{"@id":"https:\/\/june-paris.com\/en\/product\/selenite\/#primaryimage"},"thumbnailUrl":"https:\/\/june-paris.com\/wp-content\/uploads\/2021\/05\/Mineraux-22-scaled.jpg","datePublished":"2021-05-11T15:56:26+00:00","dateModified":"2025-01-24T19:29:41+00:00","breadcrumb":{"@id":"https:\/\/june-paris.com\/en\/product\/selenite\/#breadcrumb"},"inLanguage":"en-US","potentialAction":[{"@type":"ReadAction","target":["https:\/\/june-paris.com\/en\/product\/selenite\/"]}]},{"@type":"ImageObject","inLanguage":"en-US","@id":"https:\/\/june-paris.com\/en\/product\/selenite\/#primaryimage","url":"https:\/\/june-paris.com\/wp-content\/uploads\/2021\/05\/Mineraux-22-scaled.jpg","contentUrl":"https:\/\/june-paris.com\/wp-content\/uploads\/2021\/05\/Mineraux-22-scaled.jpg","width":1707,"height":2560},{"@type":"BreadcrumbList","@id":"https:\/\/june-paris.com\/en\/product\/selenite\/#breadcrumb","itemListElement":[{"@type":"ListItem","position":1,"name":"Accueil","item":"https:\/\/june-paris.com\/"},{"@type":"ListItem","position":2,"name":"Shop","item":"https:\/\/june-paris.com\/shop\/"},{"@type":"ListItem","position":3,"name":"S\u00e9l\u00e9nite : Pierre Purificatrice"}]},{"@type":"WebSite","@id":"https:\/\/june-paris.com\/#website","url":"https:\/\/june-paris.com\/","name":"June Paris","description":"","publisher":{"@id":"https:\/\/june-paris.com\/#organization"},"potentialAction":[{"@type":"SearchAction","target":{"@type":"EntryPoint","urlTemplate":"https:\/\/june-paris.com\/?s={search_term_string}"},"query-input":{"@type":"PropertyValueSpecification","valueRequired":true,"valueName":"search_term_string"}}],"inLanguage":"en-US"},{"@type":"Organization","@id":"https:\/\/june-paris.com\/#organization","name":"Laugh of the moon","url":"https:\/\/june-paris.com\/","logo":{"@type":"ImageObject","inLanguage":"en-US","@id":"https:\/\/june-paris.com\/#\/schema\/logo\/image\/","url":"https:\/\/june-paris.com\/wp-content\/uploads\/2021\/03\/logofini.png","contentUrl":"https:\/\/june-paris.com\/wp-content\/uploads\/2021\/03\/logofini.png","width":250,"height":48,"caption":"Laugh of the moon"},"image":{"@id":"https:\/\/june-paris.com\/#\/schema\/logo\/image\/"}}]}},"_links":{"self":[{"href":"https:\/\/june-paris.com\/en\/wp-json\/wp\/v2\/product\/982","targetHints":{"allow":["GET"]}}],"collection":[{"href":"https:\/\/june-paris.com\/en\/wp-json\/wp\/v2\/product"}],"about":[{"href":"https:\/\/june-paris.com\/en\/wp-json\/wp\/v2\/types\/product"}],"replies":[{"embeddable":true,"href":"https:\/\/june-paris.com\/en\/wp-json\/wp\/v2\/comments?post=982"}],"wp:featuredmedia":[{"embeddable":true,"href":"https:\/\/june-paris.com\/en\/wp-json\/wp\/v2\/media\/997"}],"wp:attachment":[{"href":"https:\/\/june-paris.com\/en\/wp-json\/wp\/v2\/media?parent=982"}],"wp:term":[{"taxonomy":"product_brand","embeddable":true,"href":"https:\/\/june-paris.com\/en\/wp-json\/wp\/v2\/product_brand?post=982"},{"taxonomy":"product_cat","embeddable":true,"href":"https:\/\/june-paris.com\/en\/wp-json\/wp\/v2\/product_cat?post=982"},{"taxonomy":"product_tag","embeddable":true,"href":"https:\/\/june-paris.com\/en\/wp-json\/wp\/v2\/product_tag?post=982"}],"curies":[{"name":"wp","href":"https:\/\/api.w.org\/{rel}","templated":true}]}}