{"id":942,"date":"2021-04-15T16:40:17","date_gmt":"2021-04-15T16:40:17","guid":{"rendered":"https:\/\/june-paris.com\/?post_type=product&#038;p=942"},"modified":"2022-11-29T18:25:04","modified_gmt":"2022-11-29T18:25:04","slug":"lastrologie-miroir","status":"publish","type":"product","link":"https:\/\/june-paris.com\/en\/product\/lastrologie-miroir\/","title":{"rendered":"L&rsquo;Astrologie Miroir"},"content":{"rendered":"","protected":false},"excerpt":{"rendered":"<p>Je te souhaite la bienvenue dans les \u00e9toiles. Tu as envie de d\u00e9couvrir ta carte du ciel mais tu ne sais pas par o\u00f9 commencer ? Tu as l\u2019intuition que l\u2019astrologie n\u2019est pas une science farfelue et qu\u2019elle peut mettre \u00e0 jour des ressources personnelles insoup\u00e7onn\u00e9es ? Cet ouvrage est pour toi. Je vais t\u2019aider \u00e0 comprendre pourquoi l\u2019astrologie est un support audacieux de d\u00e9veloppement personnel.\u00a0 Je vais te donner les cl\u00e9s pour que tu puisses la pratiquer au quotidien en toute simplicit\u00e9, car c\u2019est un fabuleux outil pour te lib\u00e9rer de tes entraves : lire ton th\u00e8me astral, c\u2019est explorer tous les recoins de ton \u00eatre, c\u2019est trouver des id\u00e9es pour d\u00e9nouer tes contradictions int\u00e9rieures ! Il su \u00a0 t de te lancer \u00e0 la d\u00e9couverte des plan\u00e8tes et des signes, mine d\u2019or de m\u00e9taphores \u00e0 partir desquelles tu pourras mieux te conna\u00eetre et t\u2019\u00e9vader\u2026<\/p>\n<p><strong>Lire ton ciel se fera avec beaut\u00e9, esprit et quelques \u00e9clats de rires.<\/strong><\/p>\n<p>Voici les \u00e9tapes de ce voyage enthousiasmant que je te propose :<br \/>\n\u2022\u00a0 Initiation en douceur \u00e0 l\u2019interpr\u00e9tation du th\u00e8me astral<br \/>\n\u2022\u00a0 Apprentissage de l\u2019astrologie psychologique avec ses mythes et arch\u00e9types fondateurs<br \/>\n\u2022\u00a0 D\u00e9couverte de 12 lieux imaginaires symbolisant les signes du zodiaque<br \/>\n\u2022\u00a0 Observation des 10 plan\u00e8tes comme autant de personnages int\u00e9rieurs \u00e0 aimer<\/p>","protected":false},"featured_media":935,"comment_status":"open","ping_status":"closed","template":"","meta":[],"product_brand":[],"product_cat":[20],"product_tag":[27,28],"class_list":{"0":"post-942","1":"product","2":"type-product","3":"status-publish","4":"has-post-thumbnail","6":"product_cat-librairie-spirituelle","7":"product_tag-livre","8":"product_tag-livre-spirituel","9":"product_shipping_class-lettre-suivi","11":"first","12":"outofstock","13":"taxable","14":"shipping-taxable","15":"purchasable","16":"product-type-simple"},"yoast_head":"<!-- This site is optimized with the Yoast SEO plugin v25.6 - https:\/\/yoast.com\/wordpress\/plugins\/seo\/ -->\n<title>L&#039;Astrologie Miroir - June Paris<\/title>\n<meta name=\"robots\" content=\"index, follow, max-snippet:-1, max-image-preview:large, max-video-preview:-1\" \/>\n<link rel=\"canonical\" href=\"https:\/\/june-paris.com\/en\/product\/lastrologie-miroir\/\" \/>\n<meta property=\"og:locale\" content=\"en_US\" \/>\n<meta property=\"og:type\" content=\"article\" \/>\n<meta property=\"og:title\" content=\"L&#039;Astrologie Miroir - June Paris\" \/>\n<meta property=\"og:description\" content=\"Je te souhaite la bienvenue dans les \u00e9toiles. Tu as envie de d\u00e9couvrir ta carte du ciel mais tu ne sais pas par o\u00f9 commencer ? Tu as l\u2019intuition que l\u2019astrologie n\u2019est pas une science farfelue et qu\u2019elle peut mettre \u00e0 jour des ressources personnelles insoup\u00e7onn\u00e9es ? Cet ouvrage est pour toi. Je vais t\u2019aider \u00e0 comprendre pourquoi l\u2019astrologie est un support audacieux de d\u00e9veloppement personnel.\u00a0 Je vais te donner les cl\u00e9s pour que tu puisses la pratiquer au quotidien en toute simplicit\u00e9, car c\u2019est un fabuleux outil pour te lib\u00e9rer de tes entraves : lire ton th\u00e8me astral, c\u2019est explorer tous les recoins de ton \u00eatre, c\u2019est trouver des id\u00e9es pour d\u00e9nouer tes contradictions int\u00e9rieures ! Il su \u00a0 t de te lancer \u00e0 la d\u00e9couverte des plan\u00e8tes et des signes, mine d\u2019or de m\u00e9taphores \u00e0 partir desquelles tu pourras mieux te conna\u00eetre et t\u2019\u00e9vader\u2026  Lire ton ciel se fera avec beaut\u00e9, esprit et quelques \u00e9clats de rires.  Voici les \u00e9tapes de ce voyage enthousiasmant que je te propose : \u2022\u00a0 Initiation en douceur \u00e0 l\u2019interpr\u00e9tation du th\u00e8me astral \u2022\u00a0 Apprentissage de l\u2019astrologie psychologique avec ses mythes et arch\u00e9types fondateurs \u2022\u00a0 D\u00e9couverte de 12 lieux imaginaires symbolisant les signes du zodiaque \u2022\u00a0 Observation des 10 plan\u00e8tes comme autant de personnages int\u00e9rieurs \u00e0 aimer\" \/>\n<meta property=\"og:url\" content=\"https:\/\/june-paris.com\/en\/product\/lastrologie-miroir\/\" \/>\n<meta property=\"og:site_name\" content=\"June Paris\" \/>\n<meta property=\"article:modified_time\" content=\"2022-11-29T18:25:04+00:00\" \/>\n<meta property=\"og:image\" content=\"https:\/\/june-paris.com\/wp-content\/uploads\/2021\/04\/Power-wish-2-scaled.jpg\" \/>\n\t<meta property=\"og:image:width\" content=\"1922\" \/>\n\t<meta property=\"og:image:height\" content=\"2560\" \/>\n\t<meta property=\"og:image:type\" content=\"image\/jpeg\" \/>\n<meta name=\"twitter:card\" content=\"summary_large_image\" \/>\n<script type=\"application\/ld+json\" class=\"yoast-schema-graph\">{\"@context\":\"https:\/\/schema.org\",\"@graph\":[{\"@type\":\"WebPage\",\"@id\":\"https:\/\/june-paris.com\/produit\/lastrologie-miroir\/\",\"url\":\"https:\/\/june-paris.com\/produit\/lastrologie-miroir\/\",\"name\":\"L'Astrologie Miroir - June Paris\",\"isPartOf\":{\"@id\":\"https:\/\/june-paris.com\/#website\"},\"primaryImageOfPage\":{\"@id\":\"https:\/\/june-paris.com\/produit\/lastrologie-miroir\/#primaryimage\"},\"image\":{\"@id\":\"https:\/\/june-paris.com\/produit\/lastrologie-miroir\/#primaryimage\"},\"thumbnailUrl\":\"https:\/\/june-paris.com\/wp-content\/uploads\/2021\/04\/Power-wish-2-scaled.jpg\",\"datePublished\":\"2021-04-15T16:40:17+00:00\",\"dateModified\":\"2022-11-29T18:25:04+00:00\",\"breadcrumb\":{\"@id\":\"https:\/\/june-paris.com\/produit\/lastrologie-miroir\/#breadcrumb\"},\"inLanguage\":\"en-US\",\"potentialAction\":[{\"@type\":\"ReadAction\",\"target\":[\"https:\/\/june-paris.com\/produit\/lastrologie-miroir\/\"]}]},{\"@type\":\"ImageObject\",\"inLanguage\":\"en-US\",\"@id\":\"https:\/\/june-paris.com\/produit\/lastrologie-miroir\/#primaryimage\",\"url\":\"https:\/\/june-paris.com\/wp-content\/uploads\/2021\/04\/Power-wish-2-scaled.jpg\",\"contentUrl\":\"https:\/\/june-paris.com\/wp-content\/uploads\/2021\/04\/Power-wish-2-scaled.jpg\",\"width\":1922,\"height\":2560},{\"@type\":\"BreadcrumbList\",\"@id\":\"https:\/\/june-paris.com\/produit\/lastrologie-miroir\/#breadcrumb\",\"itemListElement\":[{\"@type\":\"ListItem\",\"position\":1,\"name\":\"Accueil\",\"item\":\"https:\/\/june-paris.com\/\"},{\"@type\":\"ListItem\",\"position\":2,\"name\":\"Shop\",\"item\":\"https:\/\/june-paris.com\/shop\/\"},{\"@type\":\"ListItem\",\"position\":3,\"name\":\"L&rsquo;Astrologie Miroir\"}]},{\"@type\":\"WebSite\",\"@id\":\"https:\/\/june-paris.com\/#website\",\"url\":\"https:\/\/june-paris.com\/\",\"name\":\"June Paris\",\"description\":\"\",\"publisher\":{\"@id\":\"https:\/\/june-paris.com\/#organization\"},\"potentialAction\":[{\"@type\":\"SearchAction\",\"target\":{\"@type\":\"EntryPoint\",\"urlTemplate\":\"https:\/\/june-paris.com\/?s={search_term_string}\"},\"query-input\":{\"@type\":\"PropertyValueSpecification\",\"valueRequired\":true,\"valueName\":\"search_term_string\"}}],\"inLanguage\":\"en-US\"},{\"@type\":\"Organization\",\"@id\":\"https:\/\/june-paris.com\/#organization\",\"name\":\"Laugh of the moon\",\"url\":\"https:\/\/june-paris.com\/\",\"logo\":{\"@type\":\"ImageObject\",\"inLanguage\":\"en-US\",\"@id\":\"https:\/\/june-paris.com\/#\/schema\/logo\/image\/\",\"url\":\"https:\/\/june-paris.com\/wp-content\/uploads\/2021\/03\/logofini.png\",\"contentUrl\":\"https:\/\/june-paris.com\/wp-content\/uploads\/2021\/03\/logofini.png\",\"width\":250,\"height\":48,\"caption\":\"Laugh of the moon\"},\"image\":{\"@id\":\"https:\/\/june-paris.com\/#\/schema\/logo\/image\/\"}}]}<\/script>\n<!-- \/ Yoast SEO plugin. -->","yoast_head_json":{"title":"L'Astrologie Miroir - June Paris","robots":{"index":"index","follow":"follow","max-snippet":"max-snippet:-1","max-image-preview":"max-image-preview:large","max-video-preview":"max-video-preview:-1"},"canonical":"https:\/\/june-paris.com\/en\/product\/lastrologie-miroir\/","og_locale":"en_US","og_type":"article","og_title":"L'Astrologie Miroir - June Paris","og_description":"Je te souhaite la bienvenue dans les \u00e9toiles. Tu as envie de d\u00e9couvrir ta carte du ciel mais tu ne sais pas par o\u00f9 commencer ? Tu as l\u2019intuition que l\u2019astrologie n\u2019est pas une science farfelue et qu\u2019elle peut mettre \u00e0 jour des ressources personnelles insoup\u00e7onn\u00e9es ? Cet ouvrage est pour toi. Je vais t\u2019aider \u00e0 comprendre pourquoi l\u2019astrologie est un support audacieux de d\u00e9veloppement personnel.\u00a0 Je vais te donner les cl\u00e9s pour que tu puisses la pratiquer au quotidien en toute simplicit\u00e9, car c\u2019est un fabuleux outil pour te lib\u00e9rer de tes entraves : lire ton th\u00e8me astral, c\u2019est explorer tous les recoins de ton \u00eatre, c\u2019est trouver des id\u00e9es pour d\u00e9nouer tes contradictions int\u00e9rieures ! Il su \u00a0 t de te lancer \u00e0 la d\u00e9couverte des plan\u00e8tes et des signes, mine d\u2019or de m\u00e9taphores \u00e0 partir desquelles tu pourras mieux te conna\u00eetre et t\u2019\u00e9vader\u2026  Lire ton ciel se fera avec beaut\u00e9, esprit et quelques \u00e9clats de rires.  Voici les \u00e9tapes de ce voyage enthousiasmant que je te propose : \u2022\u00a0 Initiation en douceur \u00e0 l\u2019interpr\u00e9tation du th\u00e8me astral \u2022\u00a0 Apprentissage de l\u2019astrologie psychologique avec ses mythes et arch\u00e9types fondateurs \u2022\u00a0 D\u00e9couverte de 12 lieux imaginaires symbolisant les signes du zodiaque \u2022\u00a0 Observation des 10 plan\u00e8tes comme autant de personnages int\u00e9rieurs \u00e0 aimer","og_url":"https:\/\/june-paris.com\/en\/product\/lastrologie-miroir\/","og_site_name":"June Paris","article_modified_time":"2022-11-29T18:25:04+00:00","og_image":[{"width":1922,"height":2560,"url":"https:\/\/june-paris.com\/wp-content\/uploads\/2021\/04\/Power-wish-2-scaled.jpg","type":"image\/jpeg"}],"twitter_card":"summary_large_image","schema":{"@context":"https:\/\/schema.org","@graph":[{"@type":"WebPage","@id":"https:\/\/june-paris.com\/produit\/lastrologie-miroir\/","url":"https:\/\/june-paris.com\/produit\/lastrologie-miroir\/","name":"L'Astrologie Miroir - June Paris","isPartOf":{"@id":"https:\/\/june-paris.com\/#website"},"primaryImageOfPage":{"@id":"https:\/\/june-paris.com\/produit\/lastrologie-miroir\/#primaryimage"},"image":{"@id":"https:\/\/june-paris.com\/produit\/lastrologie-miroir\/#primaryimage"},"thumbnailUrl":"https:\/\/june-paris.com\/wp-content\/uploads\/2021\/04\/Power-wish-2-scaled.jpg","datePublished":"2021-04-15T16:40:17+00:00","dateModified":"2022-11-29T18:25:04+00:00","breadcrumb":{"@id":"https:\/\/june-paris.com\/produit\/lastrologie-miroir\/#breadcrumb"},"inLanguage":"en-US","potentialAction":[{"@type":"ReadAction","target":["https:\/\/june-paris.com\/produit\/lastrologie-miroir\/"]}]},{"@type":"ImageObject","inLanguage":"en-US","@id":"https:\/\/june-paris.com\/produit\/lastrologie-miroir\/#primaryimage","url":"https:\/\/june-paris.com\/wp-content\/uploads\/2021\/04\/Power-wish-2-scaled.jpg","contentUrl":"https:\/\/june-paris.com\/wp-content\/uploads\/2021\/04\/Power-wish-2-scaled.jpg","width":1922,"height":2560},{"@type":"BreadcrumbList","@id":"https:\/\/june-paris.com\/produit\/lastrologie-miroir\/#breadcrumb","itemListElement":[{"@type":"ListItem","position":1,"name":"Accueil","item":"https:\/\/june-paris.com\/"},{"@type":"ListItem","position":2,"name":"Shop","item":"https:\/\/june-paris.com\/shop\/"},{"@type":"ListItem","position":3,"name":"L&rsquo;Astrologie Miroir"}]},{"@type":"WebSite","@id":"https:\/\/june-paris.com\/#website","url":"https:\/\/june-paris.com\/","name":"June Paris","description":"","publisher":{"@id":"https:\/\/june-paris.com\/#organization"},"potentialAction":[{"@type":"SearchAction","target":{"@type":"EntryPoint","urlTemplate":"https:\/\/june-paris.com\/?s={search_term_string}"},"query-input":{"@type":"PropertyValueSpecification","valueRequired":true,"valueName":"search_term_string"}}],"inLanguage":"en-US"},{"@type":"Organization","@id":"https:\/\/june-paris.com\/#organization","name":"Laugh of the moon","url":"https:\/\/june-paris.com\/","logo":{"@type":"ImageObject","inLanguage":"en-US","@id":"https:\/\/june-paris.com\/#\/schema\/logo\/image\/","url":"https:\/\/june-paris.com\/wp-content\/uploads\/2021\/03\/logofini.png","contentUrl":"https:\/\/june-paris.com\/wp-content\/uploads\/2021\/03\/logofini.png","width":250,"height":48,"caption":"Laugh of the moon"},"image":{"@id":"https:\/\/june-paris.com\/#\/schema\/logo\/image\/"}}]}},"_links":{"self":[{"href":"https:\/\/june-paris.com\/en\/wp-json\/wp\/v2\/product\/942","targetHints":{"allow":["GET"]}}],"collection":[{"href":"https:\/\/june-paris.com\/en\/wp-json\/wp\/v2\/product"}],"about":[{"href":"https:\/\/june-paris.com\/en\/wp-json\/wp\/v2\/types\/product"}],"replies":[{"embeddable":true,"href":"https:\/\/june-paris.com\/en\/wp-json\/wp\/v2\/comments?post=942"}],"wp:featuredmedia":[{"embeddable":true,"href":"https:\/\/june-paris.com\/en\/wp-json\/wp\/v2\/media\/935"}],"wp:attachment":[{"href":"https:\/\/june-paris.com\/en\/wp-json\/wp\/v2\/media?parent=942"}],"wp:term":[{"taxonomy":"product_brand","embeddable":true,"href":"https:\/\/june-paris.com\/en\/wp-json\/wp\/v2\/product_brand?post=942"},{"taxonomy":"product_cat","embeddable":true,"href":"https:\/\/june-paris.com\/en\/wp-json\/wp\/v2\/product_cat?post=942"},{"taxonomy":"product_tag","embeddable":true,"href":"https:\/\/june-paris.com\/en\/wp-json\/wp\/v2\/product_tag?post=942"}],"curies":[{"name":"wp","href":"https:\/\/api.w.org\/{rel}","templated":true}]}}