{"id":875,"date":"2021-04-08T09:14:34","date_gmt":"2021-04-08T09:14:34","guid":{"rendered":"https:\/\/june-paris.com\/?post_type=product&#038;p=875"},"modified":"2025-01-24T18:40:36","modified_gmt":"2025-01-24T18:40:36","slug":"fumigation-sauge-et-cedre","status":"publish","type":"product","link":"https:\/\/june-paris.com\/en\/product\/fumigation-sauge-et-cedre\/","title":{"rendered":"B\u00e2ton de Sauge Blanche &#038; Herbes &#8211; Purification, Relaxation et Clart\u00e9 Mentale"},"content":{"rendered":"<p>&nbsp;<\/p>\n<table style=\"border-collapse: collapse; width: 100%; height: 72px;\">\n<tbody>\n<tr style=\"height: 24px;\">\n<td style=\"width: 50%; height: 24px;\">MATERIAL<\/td>\n<td style=\"width: 50%; height: 24px;\">Salvia Apiana (Sauge Blanche) + C\u00e8dre, Lavande, Menthe, Armoise ou Eucalyptus<\/td>\n<\/tr>\n<tr style=\"height: 24px;\">\n<td style=\"width: 50%; height: 24px;\">SIZE<\/td>\n<td style=\"width: 50%; height: 24px;\">Approximately 10cm<\/td>\n<\/tr>\n<tr style=\"height: 24px;\">\n<td style=\"width: 50%; height: 24px;\">ORIGIN<\/td>\n<td style=\"width: 50%; height: 24px;\">\u00c9tats-Unis<\/td>\n<\/tr>\n<\/tbody>\n<\/table>\n<table style=\"border-collapse: collapse; width: 100%;\">\n<tbody>\n<tr>\n<td style=\"width: 100%;\">GARANTIE D\u2019ORIGINE &#8211; \u00c9CO RESPONSABLE<\/td>\n<\/tr>\n<\/tbody>\n<\/table>","protected":false},"excerpt":{"rendered":"<p><!--more--><strong>B\u00c2TONS DE 20G \u00e0 30G ENVIRON<\/strong><\/p>\n<p>Baton de fumigation de sauge blanche m\u00eal\u00e9 \u00e0 des plantes s\u00e9ch\u00e9es telles que le c\u00e8dre, la menthe, l&rsquo;eucalyptus ou encore la lavande pour une <strong>purification<\/strong> et <strong>protection profonde<\/strong>.<\/p>\n<p>La\u00a0<b>White sage<\/b>\u00a0has been used by native American for thousands of years during rituals of cleansing and healing. As they are plants with\nmultiple virtues, they both cleanse and protect your living areas and your spirit.<br \/>\nDuring fumigation, white sage chases away negative energy in both your environment and your spirit. It enables you to connect with the\nspiritual world and sharpens your senses. To use during a meditation session whenever you feel the need or during your moon rituals.<\/p>\n<p>Anti-microbiennes, elle repousse les insectes et purifie l\u2019air.<\/p>\n<p><strong>Comment l&rsquo;utiliser ?<\/strong><\/p>\n<ul>\n<li>Pour purifier la maison, ouvrir les fen\u00eatres et allumer le bout du b\u00e2ton \u00e0 l\u2019aide d\u2019une allumette. Une fois la sauge bien allum\u00e9e, l&rsquo;\u00e9teindre pour disperser la fum\u00e9e (dans un r\u00e9ceptacle adapt\u00e9 si vous n\u2019avez pas de coquille)..<\/li>\n<li>Faire le tour de chaque pi\u00e8ce dans le sens des aiguilles d&rsquo;une montre jusqu\u2019\u00e0 votre point de d\u00e9part en agitant le b\u00e2ton dans l&rsquo;air pour disperser la fum\u00e9e, \u00e0 l&rsquo;aide d&rsquo;une plume ou de la main, pour la purification. Pour \u00e9viter tout accident, utiliser une coquille pour transporter et \u00e9teindre le b\u00e2ton de sauge au cours du rituel. Pour compl\u00e8tement \u00e9teindre le b\u00e2ton, \u00e9craser le bout en braise au fond de la coquille et s&rsquo;assurer qu&rsquo;il est bien \u00e9teint avant de le ranger.<\/li>\n<li>Pour purifier une personne ou un objet, ouvrir les fen\u00eatres. Allumer le bout du b\u00e2ton \u00e0 l\u2019aide d\u2019une allumette ou d\u2019un briquet et disperser la fum\u00e9e de bas en haut, en avant et en arri\u00e8re. Pour compl\u00e8tement \u00e9teindre le b\u00e2ton, \u00e9craser le bout en braise au fond de la coquille et s&rsquo;assurer qu&rsquo;il est bien \u00e9teint avant de le ranger.<\/li>\n<li>Apr\u00e8s ce rituel, vous pouvez placer les cendres sur le seuil de la porte pour prot\u00e9ger l&rsquo;entr\u00e9e de votre maison.<\/li>\n<\/ul>","protected":false},"featured_media":1088,"comment_status":"open","ping_status":"closed","template":"","meta":[],"product_brand":[],"product_cat":[18],"product_tag":[],"class_list":{"0":"post-875","1":"product","2":"type-product","3":"status-publish","4":"has-post-thumbnail","6":"product_cat-encens-fumigation","8":"first","9":"instock","10":"taxable","11":"shipping-taxable","12":"purchasable","13":"product-type-variable"},"yoast_head":"<!-- This site is optimized with the Yoast SEO plugin v25.6 - https:\/\/yoast.com\/wordpress\/plugins\/seo\/ -->\n<title>b\u00e2ton de sauge et c\u00e8dre<\/title>\n<meta name=\"description\" content=\"Fagot de sauge blanche m\u00eal\u00e9 \u00e0 des feuilles de c\u00e8dre s\u00e9ch\u00e9es pour une purification et protection profonde.Le c\u00e8dre est utilis\u00e9 par les bouddhistes depuis des si\u00e8cles pour soutenir la m\u00e9ditation. Fort pouvoir protecteur, il contribue \u00e0 l&#039;\u00e9quilibre et \u00e0 lib\u00e9rer les tensions tout en laissant une odeur similaire au Palo Santo.La\u00a0sauge blanche\u00a0est utilis\u00e9e par les am\u00e9rindiens depuis des milliers d\u2019ann\u00e9es en rituel de purification et de gu\u00e9rison. Plantes aux multiples vertus, elle purifie et prot\u00e8ge vos espaces de vie et votre esprit.En fumigation, elle chasse les \u00e9nergies n\u00e9gatives de votre environnement et votre esprit.\" \/>\n<meta name=\"robots\" content=\"index, follow, max-snippet:-1, max-image-preview:large, max-video-preview:-1\" \/>\n<link rel=\"canonical\" href=\"https:\/\/june-paris.com\/en\/product\/fumigation-sauge-et-cedre\/\" \/>\n<meta property=\"og:locale\" content=\"en_US\" \/>\n<meta property=\"og:type\" content=\"article\" \/>\n<meta property=\"og:title\" content=\"b\u00e2ton de sauge et c\u00e8dre\" \/>\n<meta property=\"og:description\" content=\"Fagot de sauge blanche m\u00eal\u00e9 \u00e0 des feuilles de c\u00e8dre s\u00e9ch\u00e9es pour une purification et protection profonde.Le c\u00e8dre est utilis\u00e9 par les bouddhistes depuis des si\u00e8cles pour soutenir la m\u00e9ditation. Fort pouvoir protecteur, il contribue \u00e0 l&#039;\u00e9quilibre et \u00e0 lib\u00e9rer les tensions tout en laissant une odeur similaire au Palo Santo.La\u00a0sauge blanche\u00a0est utilis\u00e9e par les am\u00e9rindiens depuis des milliers d\u2019ann\u00e9es en rituel de purification et de gu\u00e9rison. Plantes aux multiples vertus, elle purifie et prot\u00e8ge vos espaces de vie et votre esprit.En fumigation, elle chasse les \u00e9nergies n\u00e9gatives de votre environnement et votre esprit.\" \/>\n<meta property=\"og:url\" content=\"https:\/\/june-paris.com\/en\/product\/fumigation-sauge-et-cedre\/\" \/>\n<meta property=\"og:site_name\" content=\"June Paris\" \/>\n<meta property=\"article:modified_time\" content=\"2025-01-24T18:40:36+00:00\" \/>\n<meta property=\"og:image\" content=\"https:\/\/june-paris.com\/wp-content\/uploads\/2021\/06\/B8340C7E-E7D3-46E9-8491-4289F78999AC-scaled.jpeg\" \/>\n\t<meta property=\"og:image:width\" content=\"1707\" \/>\n\t<meta property=\"og:image:height\" content=\"2560\" \/>\n\t<meta property=\"og:image:type\" content=\"image\/jpeg\" \/>\n<meta name=\"twitter:card\" content=\"summary_large_image\" \/>\n<meta name=\"twitter:label1\" content=\"Est. reading time\" \/>\n\t<meta name=\"twitter:data1\" content=\"1 minute\" \/>\n<script type=\"application\/ld+json\" class=\"yoast-schema-graph\">{\"@context\":\"https:\/\/schema.org\",\"@graph\":[{\"@type\":\"WebPage\",\"@id\":\"https:\/\/june-paris.com\/produit\/fumigation-sauge-et-cedre\/\",\"url\":\"https:\/\/june-paris.com\/produit\/fumigation-sauge-et-cedre\/\",\"name\":\"b\u00e2ton de sauge et c\u00e8dre\",\"isPartOf\":{\"@id\":\"https:\/\/june-paris.com\/#website\"},\"primaryImageOfPage\":{\"@id\":\"https:\/\/june-paris.com\/produit\/fumigation-sauge-et-cedre\/#primaryimage\"},\"image\":{\"@id\":\"https:\/\/june-paris.com\/produit\/fumigation-sauge-et-cedre\/#primaryimage\"},\"thumbnailUrl\":\"https:\/\/june-paris.com\/wp-content\/uploads\/2021\/06\/B8340C7E-E7D3-46E9-8491-4289F78999AC-scaled.jpeg\",\"datePublished\":\"2021-04-08T09:14:34+00:00\",\"dateModified\":\"2025-01-24T18:40:36+00:00\",\"description\":\"Fagot de sauge blanche m\u00eal\u00e9 \u00e0 des feuilles de c\u00e8dre s\u00e9ch\u00e9es pour une purification et protection profonde.Le c\u00e8dre est utilis\u00e9 par les bouddhistes depuis des si\u00e8cles pour soutenir la m\u00e9ditation. Fort pouvoir protecteur, il contribue \u00e0 l'\u00e9quilibre et \u00e0 lib\u00e9rer les tensions tout en laissant une odeur similaire au Palo Santo.La\u00a0sauge blanche\u00a0est utilis\u00e9e par les am\u00e9rindiens depuis des milliers d\u2019ann\u00e9es en rituel de purification et de gu\u00e9rison. Plantes aux multiples vertus, elle purifie et prot\u00e8ge vos espaces de vie et votre esprit.En fumigation, elle chasse les \u00e9nergies n\u00e9gatives de votre environnement et votre esprit.\",\"breadcrumb\":{\"@id\":\"https:\/\/june-paris.com\/produit\/fumigation-sauge-et-cedre\/#breadcrumb\"},\"inLanguage\":\"en-US\",\"potentialAction\":[{\"@type\":\"ReadAction\",\"target\":[\"https:\/\/june-paris.com\/produit\/fumigation-sauge-et-cedre\/\"]}]},{\"@type\":\"ImageObject\",\"inLanguage\":\"en-US\",\"@id\":\"https:\/\/june-paris.com\/produit\/fumigation-sauge-et-cedre\/#primaryimage\",\"url\":\"https:\/\/june-paris.com\/wp-content\/uploads\/2021\/06\/B8340C7E-E7D3-46E9-8491-4289F78999AC-scaled.jpeg\",\"contentUrl\":\"https:\/\/june-paris.com\/wp-content\/uploads\/2021\/06\/B8340C7E-E7D3-46E9-8491-4289F78999AC-scaled.jpeg\",\"width\":1707,\"height\":2560},{\"@type\":\"BreadcrumbList\",\"@id\":\"https:\/\/june-paris.com\/produit\/fumigation-sauge-et-cedre\/#breadcrumb\",\"itemListElement\":[{\"@type\":\"ListItem\",\"position\":1,\"name\":\"Accueil\",\"item\":\"https:\/\/june-paris.com\/\"},{\"@type\":\"ListItem\",\"position\":2,\"name\":\"Shop\",\"item\":\"https:\/\/june-paris.com\/shop\/\"},{\"@type\":\"ListItem\",\"position\":3,\"name\":\"B\u00e2ton de Sauge Blanche &#038; Herbes &#8211; Purification, Relaxation et Clart\u00e9 Mentale\"}]},{\"@type\":\"WebSite\",\"@id\":\"https:\/\/june-paris.com\/#website\",\"url\":\"https:\/\/june-paris.com\/\",\"name\":\"June Paris\",\"description\":\"\",\"publisher\":{\"@id\":\"https:\/\/june-paris.com\/#organization\"},\"potentialAction\":[{\"@type\":\"SearchAction\",\"target\":{\"@type\":\"EntryPoint\",\"urlTemplate\":\"https:\/\/june-paris.com\/?s={search_term_string}\"},\"query-input\":{\"@type\":\"PropertyValueSpecification\",\"valueRequired\":true,\"valueName\":\"search_term_string\"}}],\"inLanguage\":\"en-US\"},{\"@type\":\"Organization\",\"@id\":\"https:\/\/june-paris.com\/#organization\",\"name\":\"Laugh of the moon\",\"url\":\"https:\/\/june-paris.com\/\",\"logo\":{\"@type\":\"ImageObject\",\"inLanguage\":\"en-US\",\"@id\":\"https:\/\/june-paris.com\/#\/schema\/logo\/image\/\",\"url\":\"https:\/\/june-paris.com\/wp-content\/uploads\/2021\/03\/logofini.png\",\"contentUrl\":\"https:\/\/june-paris.com\/wp-content\/uploads\/2021\/03\/logofini.png\",\"width\":250,\"height\":48,\"caption\":\"Laugh of the moon\"},\"image\":{\"@id\":\"https:\/\/june-paris.com\/#\/schema\/logo\/image\/\"}}]}<\/script>\n<!-- \/ Yoast SEO plugin. -->","yoast_head_json":{"title":"b\u00e2ton de sauge et c\u00e8dre","description":"Fagot de sauge blanche m\u00eal\u00e9 \u00e0 des feuilles de c\u00e8dre s\u00e9ch\u00e9es pour une purification et protection profonde.Le c\u00e8dre est utilis\u00e9 par les bouddhistes depuis des si\u00e8cles pour soutenir la m\u00e9ditation. Fort pouvoir protecteur, il contribue \u00e0 l'\u00e9quilibre et \u00e0 lib\u00e9rer les tensions tout en laissant une odeur similaire au Palo Santo.La\u00a0sauge blanche\u00a0est utilis\u00e9e par les am\u00e9rindiens depuis des milliers d\u2019ann\u00e9es en rituel de purification et de gu\u00e9rison. Plantes aux multiples vertus, elle purifie et prot\u00e8ge vos espaces de vie et votre esprit.En fumigation, elle chasse les \u00e9nergies n\u00e9gatives de votre environnement et votre esprit.","robots":{"index":"index","follow":"follow","max-snippet":"max-snippet:-1","max-image-preview":"max-image-preview:large","max-video-preview":"max-video-preview:-1"},"canonical":"https:\/\/june-paris.com\/en\/product\/fumigation-sauge-et-cedre\/","og_locale":"en_US","og_type":"article","og_title":"b\u00e2ton de sauge et c\u00e8dre","og_description":"Fagot de sauge blanche m\u00eal\u00e9 \u00e0 des feuilles de c\u00e8dre s\u00e9ch\u00e9es pour une purification et protection profonde.Le c\u00e8dre est utilis\u00e9 par les bouddhistes depuis des si\u00e8cles pour soutenir la m\u00e9ditation. Fort pouvoir protecteur, il contribue \u00e0 l'\u00e9quilibre et \u00e0 lib\u00e9rer les tensions tout en laissant une odeur similaire au Palo Santo.La\u00a0sauge blanche\u00a0est utilis\u00e9e par les am\u00e9rindiens depuis des milliers d\u2019ann\u00e9es en rituel de purification et de gu\u00e9rison. Plantes aux multiples vertus, elle purifie et prot\u00e8ge vos espaces de vie et votre esprit.En fumigation, elle chasse les \u00e9nergies n\u00e9gatives de votre environnement et votre esprit.","og_url":"https:\/\/june-paris.com\/en\/product\/fumigation-sauge-et-cedre\/","og_site_name":"June Paris","article_modified_time":"2025-01-24T18:40:36+00:00","og_image":[{"width":1707,"height":2560,"url":"https:\/\/june-paris.com\/wp-content\/uploads\/2021\/06\/B8340C7E-E7D3-46E9-8491-4289F78999AC-scaled.jpeg","type":"image\/jpeg"}],"twitter_card":"summary_large_image","twitter_misc":{"Est. reading time":"1 minute"},"schema":{"@context":"https:\/\/schema.org","@graph":[{"@type":"WebPage","@id":"https:\/\/june-paris.com\/produit\/fumigation-sauge-et-cedre\/","url":"https:\/\/june-paris.com\/produit\/fumigation-sauge-et-cedre\/","name":"b\u00e2ton de sauge et c\u00e8dre","isPartOf":{"@id":"https:\/\/june-paris.com\/#website"},"primaryImageOfPage":{"@id":"https:\/\/june-paris.com\/produit\/fumigation-sauge-et-cedre\/#primaryimage"},"image":{"@id":"https:\/\/june-paris.com\/produit\/fumigation-sauge-et-cedre\/#primaryimage"},"thumbnailUrl":"https:\/\/june-paris.com\/wp-content\/uploads\/2021\/06\/B8340C7E-E7D3-46E9-8491-4289F78999AC-scaled.jpeg","datePublished":"2021-04-08T09:14:34+00:00","dateModified":"2025-01-24T18:40:36+00:00","description":"Fagot de sauge blanche m\u00eal\u00e9 \u00e0 des feuilles de c\u00e8dre s\u00e9ch\u00e9es pour une purification et protection profonde.Le c\u00e8dre est utilis\u00e9 par les bouddhistes depuis des si\u00e8cles pour soutenir la m\u00e9ditation. Fort pouvoir protecteur, il contribue \u00e0 l'\u00e9quilibre et \u00e0 lib\u00e9rer les tensions tout en laissant une odeur similaire au Palo Santo.La\u00a0sauge blanche\u00a0est utilis\u00e9e par les am\u00e9rindiens depuis des milliers d\u2019ann\u00e9es en rituel de purification et de gu\u00e9rison. Plantes aux multiples vertus, elle purifie et prot\u00e8ge vos espaces de vie et votre esprit.En fumigation, elle chasse les \u00e9nergies n\u00e9gatives de votre environnement et votre esprit.","breadcrumb":{"@id":"https:\/\/june-paris.com\/produit\/fumigation-sauge-et-cedre\/#breadcrumb"},"inLanguage":"en-US","potentialAction":[{"@type":"ReadAction","target":["https:\/\/june-paris.com\/produit\/fumigation-sauge-et-cedre\/"]}]},{"@type":"ImageObject","inLanguage":"en-US","@id":"https:\/\/june-paris.com\/produit\/fumigation-sauge-et-cedre\/#primaryimage","url":"https:\/\/june-paris.com\/wp-content\/uploads\/2021\/06\/B8340C7E-E7D3-46E9-8491-4289F78999AC-scaled.jpeg","contentUrl":"https:\/\/june-paris.com\/wp-content\/uploads\/2021\/06\/B8340C7E-E7D3-46E9-8491-4289F78999AC-scaled.jpeg","width":1707,"height":2560},{"@type":"BreadcrumbList","@id":"https:\/\/june-paris.com\/produit\/fumigation-sauge-et-cedre\/#breadcrumb","itemListElement":[{"@type":"ListItem","position":1,"name":"Accueil","item":"https:\/\/june-paris.com\/"},{"@type":"ListItem","position":2,"name":"Shop","item":"https:\/\/june-paris.com\/shop\/"},{"@type":"ListItem","position":3,"name":"B\u00e2ton de Sauge Blanche &#038; Herbes &#8211; Purification, Relaxation et Clart\u00e9 Mentale"}]},{"@type":"WebSite","@id":"https:\/\/june-paris.com\/#website","url":"https:\/\/june-paris.com\/","name":"June Paris","description":"","publisher":{"@id":"https:\/\/june-paris.com\/#organization"},"potentialAction":[{"@type":"SearchAction","target":{"@type":"EntryPoint","urlTemplate":"https:\/\/june-paris.com\/?s={search_term_string}"},"query-input":{"@type":"PropertyValueSpecification","valueRequired":true,"valueName":"search_term_string"}}],"inLanguage":"en-US"},{"@type":"Organization","@id":"https:\/\/june-paris.com\/#organization","name":"Laugh of the moon","url":"https:\/\/june-paris.com\/","logo":{"@type":"ImageObject","inLanguage":"en-US","@id":"https:\/\/june-paris.com\/#\/schema\/logo\/image\/","url":"https:\/\/june-paris.com\/wp-content\/uploads\/2021\/03\/logofini.png","contentUrl":"https:\/\/june-paris.com\/wp-content\/uploads\/2021\/03\/logofini.png","width":250,"height":48,"caption":"Laugh of the moon"},"image":{"@id":"https:\/\/june-paris.com\/#\/schema\/logo\/image\/"}}]}},"_links":{"self":[{"href":"https:\/\/june-paris.com\/en\/wp-json\/wp\/v2\/product\/875","targetHints":{"allow":["GET"]}}],"collection":[{"href":"https:\/\/june-paris.com\/en\/wp-json\/wp\/v2\/product"}],"about":[{"href":"https:\/\/june-paris.com\/en\/wp-json\/wp\/v2\/types\/product"}],"replies":[{"embeddable":true,"href":"https:\/\/june-paris.com\/en\/wp-json\/wp\/v2\/comments?post=875"}],"wp:featuredmedia":[{"embeddable":true,"href":"https:\/\/june-paris.com\/en\/wp-json\/wp\/v2\/media\/1088"}],"wp:attachment":[{"href":"https:\/\/june-paris.com\/en\/wp-json\/wp\/v2\/media?parent=875"}],"wp:term":[{"taxonomy":"product_brand","embeddable":true,"href":"https:\/\/june-paris.com\/en\/wp-json\/wp\/v2\/product_brand?post=875"},{"taxonomy":"product_cat","embeddable":true,"href":"https:\/\/june-paris.com\/en\/wp-json\/wp\/v2\/product_cat?post=875"},{"taxonomy":"product_tag","embeddable":true,"href":"https:\/\/june-paris.com\/en\/wp-json\/wp\/v2\/product_tag?post=875"}],"curies":[{"name":"wp","href":"https:\/\/api.w.org\/{rel}","templated":true}]}}