{"id":2605,"date":"2023-06-21T10:38:23","date_gmt":"2023-06-21T10:38:23","guid":{"rendered":"https:\/\/june-paris.com\/?post_type=product&#038;p=2605"},"modified":"2025-01-24T19:38:51","modified_gmt":"2025-01-24T19:38:51","slug":"rose-des-sables","status":"publish","type":"product","link":"https:\/\/june-paris.com\/en\/product\/rose-des-sables\/","title":{"rendered":"Rose des sables &#8211; Pierre de Stabilit\u00e9 \u00c9motionnelle et Ouverture du Troisi\u00e8me Oeil"},"content":{"rendered":"<p>&nbsp;<\/p>\n<table style=\"border-collapse: collapse; width: 100%; height: 72px;\">\n<tbody>\n<tr style=\"height: 24px;\">\n<td style=\"width: 50%; height: 24px;\">MATERIAL<\/td>\n<td style=\"width: 50%; height: 24px;\">Rose des sables<\/td>\n<\/tr>\n<tr style=\"height: 24px;\">\n<td style=\"width: 50%; height: 24px;\">SIZE<\/td>\n<td style=\"width: 50%; height: 24px;\">Approximativement 2cm (20g)<\/td>\n<\/tr>\n<tr style=\"height: 24px;\">\n<td style=\"width: 50%; height: 24px;\">ORIGIN<\/td>\n<td style=\"width: 50%; height: 24px;\">Maroc<\/td>\n<\/tr>\n<\/tbody>\n<\/table>\n<table style=\"border-collapse: collapse; width: 100%;\">\n<tbody>\n<tr>\n<td style=\"width: 100%;\">GARANTIE D\u2019ORIGINE &#8211; \u00c9CO RESPONSABLE<\/td>\n<\/tr>\n<\/tbody>\n<\/table>","protected":false},"excerpt":{"rendered":"<p>La <strong>Rose des Sables<\/strong> est une pierre puissante, reli\u00e9e au <strong>troisi\u00e8me \u0153il<\/strong>, id\u00e9ale pour <strong>ouvrir votre intuition<\/strong> et r\u00e9duire l&rsquo;<strong>angoisse<\/strong>. Elle apporte \u00e9galement <strong>plus de calme<\/strong> et favorise un <strong>sommeil r\u00e9parateur<\/strong>. Sa capacit\u00e9 \u00e0 <strong>g\u00e9n\u00e9rer une stabilit\u00e9 \u00e9motionnelle<\/strong> renforce la <strong>confiance en soi<\/strong> et l\u2019<strong>estime personnelle<\/strong>.<\/p>\n<p><strong>Entretien<\/strong> : Pour la purifier, posez-la directement sur la <strong>terre<\/strong>, et rechargez-la <strong>au soleil<\/strong> pour une \u00e9nergie renouvel\u00e9e.<\/p>","protected":false},"featured_media":2618,"comment_status":"open","ping_status":"closed","template":"","meta":[],"product_brand":[],"product_cat":[33,43],"product_tag":[],"class_list":{"0":"post-2605","1":"product","2":"type-product","3":"status-publish","4":"has-post-thumbnail","6":"product_cat-mineraux","7":"product_cat-pierres-brutes","8":"product_shipping_class-lettre-suivi","10":"first","11":"instock","12":"taxable","13":"shipping-taxable","14":"purchasable","15":"product-type-simple"},"yoast_head":"<!-- This site is optimized with the Yoast SEO plugin v25.6 - https:\/\/yoast.com\/wordpress\/plugins\/seo\/ -->\n<title>Rose des sables - Pierre de Stabilit\u00e9 \u00c9motionnelle et Ouverture du Troisi\u00e8me Oeil - June Paris<\/title>\n<meta name=\"robots\" content=\"index, follow, max-snippet:-1, max-image-preview:large, max-video-preview:-1\" \/>\n<link rel=\"canonical\" href=\"https:\/\/june-paris.com\/en\/product\/rose-des-sables\/\" \/>\n<meta property=\"og:locale\" content=\"en_US\" \/>\n<meta property=\"og:type\" content=\"article\" \/>\n<meta property=\"og:title\" content=\"Rose des sables - Pierre de Stabilit\u00e9 \u00c9motionnelle et Ouverture du Troisi\u00e8me Oeil - June Paris\" \/>\n<meta property=\"og:description\" content=\"La Rose des Sables est une pierre puissante, reli\u00e9e au troisi\u00e8me \u0153il, id\u00e9ale pour ouvrir votre intuition et r\u00e9duire l&#039;angoisse. Elle apporte \u00e9galement plus de calme et favorise un sommeil r\u00e9parateur. Sa capacit\u00e9 \u00e0 g\u00e9n\u00e9rer une stabilit\u00e9 \u00e9motionnelle renforce la confiance en soi et l\u2019estime personnelle.  Entretien : Pour la purifier, posez-la directement sur la terre, et rechargez-la au soleil pour une \u00e9nergie renouvel\u00e9e.\" \/>\n<meta property=\"og:url\" content=\"https:\/\/june-paris.com\/en\/product\/rose-des-sables\/\" \/>\n<meta property=\"og:site_name\" content=\"June Paris\" \/>\n<meta property=\"article:modified_time\" content=\"2025-01-24T19:38:51+00:00\" \/>\n<meta property=\"og:image\" content=\"https:\/\/june-paris.com\/wp-content\/uploads\/2023\/06\/7bis-4-scaled.jpg\" \/>\n\t<meta property=\"og:image:width\" content=\"1926\" \/>\n\t<meta property=\"og:image:height\" content=\"2560\" \/>\n\t<meta property=\"og:image:type\" content=\"image\/jpeg\" \/>\n<meta name=\"twitter:card\" content=\"summary_large_image\" \/>\n<meta name=\"twitter:label1\" content=\"Est. reading time\" \/>\n\t<meta name=\"twitter:data1\" content=\"1 minute\" \/>\n<script type=\"application\/ld+json\" class=\"yoast-schema-graph\">{\"@context\":\"https:\/\/schema.org\",\"@graph\":[{\"@type\":\"WebPage\",\"@id\":\"https:\/\/june-paris.com\/en\/product\/rose-des-sables\/\",\"url\":\"https:\/\/june-paris.com\/en\/product\/rose-des-sables\/\",\"name\":\"Rose des sables - Pierre de Stabilit\u00e9 \u00c9motionnelle et Ouverture du Troisi\u00e8me Oeil - June Paris\",\"isPartOf\":{\"@id\":\"https:\/\/june-paris.com\/#website\"},\"primaryImageOfPage\":{\"@id\":\"https:\/\/june-paris.com\/en\/product\/rose-des-sables\/#primaryimage\"},\"image\":{\"@id\":\"https:\/\/june-paris.com\/en\/product\/rose-des-sables\/#primaryimage\"},\"thumbnailUrl\":\"https:\/\/june-paris.com\/wp-content\/uploads\/2023\/06\/7bis-4-scaled.jpg\",\"datePublished\":\"2023-06-21T10:38:23+00:00\",\"dateModified\":\"2025-01-24T19:38:51+00:00\",\"breadcrumb\":{\"@id\":\"https:\/\/june-paris.com\/en\/product\/rose-des-sables\/#breadcrumb\"},\"inLanguage\":\"en-US\",\"potentialAction\":[{\"@type\":\"ReadAction\",\"target\":[\"https:\/\/june-paris.com\/en\/product\/rose-des-sables\/\"]}]},{\"@type\":\"ImageObject\",\"inLanguage\":\"en-US\",\"@id\":\"https:\/\/june-paris.com\/en\/product\/rose-des-sables\/#primaryimage\",\"url\":\"https:\/\/june-paris.com\/wp-content\/uploads\/2023\/06\/7bis-4-scaled.jpg\",\"contentUrl\":\"https:\/\/june-paris.com\/wp-content\/uploads\/2023\/06\/7bis-4-scaled.jpg\",\"width\":1926,\"height\":2560},{\"@type\":\"BreadcrumbList\",\"@id\":\"https:\/\/june-paris.com\/en\/product\/rose-des-sables\/#breadcrumb\",\"itemListElement\":[{\"@type\":\"ListItem\",\"position\":1,\"name\":\"Accueil\",\"item\":\"https:\/\/june-paris.com\/\"},{\"@type\":\"ListItem\",\"position\":2,\"name\":\"Shop\",\"item\":\"https:\/\/june-paris.com\/shop\/\"},{\"@type\":\"ListItem\",\"position\":3,\"name\":\"Rose des sables &#8211; Pierre de Stabilit\u00e9 \u00c9motionnelle et Ouverture du Troisi\u00e8me Oeil\"}]},{\"@type\":\"WebSite\",\"@id\":\"https:\/\/june-paris.com\/#website\",\"url\":\"https:\/\/june-paris.com\/\",\"name\":\"June Paris\",\"description\":\"\",\"publisher\":{\"@id\":\"https:\/\/june-paris.com\/#organization\"},\"potentialAction\":[{\"@type\":\"SearchAction\",\"target\":{\"@type\":\"EntryPoint\",\"urlTemplate\":\"https:\/\/june-paris.com\/?s={search_term_string}\"},\"query-input\":{\"@type\":\"PropertyValueSpecification\",\"valueRequired\":true,\"valueName\":\"search_term_string\"}}],\"inLanguage\":\"en-US\"},{\"@type\":\"Organization\",\"@id\":\"https:\/\/june-paris.com\/#organization\",\"name\":\"Laugh of the moon\",\"url\":\"https:\/\/june-paris.com\/\",\"logo\":{\"@type\":\"ImageObject\",\"inLanguage\":\"en-US\",\"@id\":\"https:\/\/june-paris.com\/#\/schema\/logo\/image\/\",\"url\":\"https:\/\/june-paris.com\/wp-content\/uploads\/2021\/03\/logofini.png\",\"contentUrl\":\"https:\/\/june-paris.com\/wp-content\/uploads\/2021\/03\/logofini.png\",\"width\":250,\"height\":48,\"caption\":\"Laugh of the moon\"},\"image\":{\"@id\":\"https:\/\/june-paris.com\/#\/schema\/logo\/image\/\"}}]}<\/script>\n<!-- \/ Yoast SEO plugin. -->","yoast_head_json":{"title":"Rose des sables - Pierre de Stabilit\u00e9 \u00c9motionnelle et Ouverture du Troisi\u00e8me Oeil - June Paris","robots":{"index":"index","follow":"follow","max-snippet":"max-snippet:-1","max-image-preview":"max-image-preview:large","max-video-preview":"max-video-preview:-1"},"canonical":"https:\/\/june-paris.com\/en\/product\/rose-des-sables\/","og_locale":"en_US","og_type":"article","og_title":"Rose des sables - Pierre de Stabilit\u00e9 \u00c9motionnelle et Ouverture du Troisi\u00e8me Oeil - June Paris","og_description":"La Rose des Sables est une pierre puissante, reli\u00e9e au troisi\u00e8me \u0153il, id\u00e9ale pour ouvrir votre intuition et r\u00e9duire l'angoisse. Elle apporte \u00e9galement plus de calme et favorise un sommeil r\u00e9parateur. Sa capacit\u00e9 \u00e0 g\u00e9n\u00e9rer une stabilit\u00e9 \u00e9motionnelle renforce la confiance en soi et l\u2019estime personnelle.  Entretien : Pour la purifier, posez-la directement sur la terre, et rechargez-la au soleil pour une \u00e9nergie renouvel\u00e9e.","og_url":"https:\/\/june-paris.com\/en\/product\/rose-des-sables\/","og_site_name":"June Paris","article_modified_time":"2025-01-24T19:38:51+00:00","og_image":[{"width":1926,"height":2560,"url":"https:\/\/june-paris.com\/wp-content\/uploads\/2023\/06\/7bis-4-scaled.jpg","type":"image\/jpeg"}],"twitter_card":"summary_large_image","twitter_misc":{"Est. reading time":"1 minute"},"schema":{"@context":"https:\/\/schema.org","@graph":[{"@type":"WebPage","@id":"https:\/\/june-paris.com\/en\/product\/rose-des-sables\/","url":"https:\/\/june-paris.com\/en\/product\/rose-des-sables\/","name":"Rose des sables - Pierre de Stabilit\u00e9 \u00c9motionnelle et Ouverture du Troisi\u00e8me Oeil - June Paris","isPartOf":{"@id":"https:\/\/june-paris.com\/#website"},"primaryImageOfPage":{"@id":"https:\/\/june-paris.com\/en\/product\/rose-des-sables\/#primaryimage"},"image":{"@id":"https:\/\/june-paris.com\/en\/product\/rose-des-sables\/#primaryimage"},"thumbnailUrl":"https:\/\/june-paris.com\/wp-content\/uploads\/2023\/06\/7bis-4-scaled.jpg","datePublished":"2023-06-21T10:38:23+00:00","dateModified":"2025-01-24T19:38:51+00:00","breadcrumb":{"@id":"https:\/\/june-paris.com\/en\/product\/rose-des-sables\/#breadcrumb"},"inLanguage":"en-US","potentialAction":[{"@type":"ReadAction","target":["https:\/\/june-paris.com\/en\/product\/rose-des-sables\/"]}]},{"@type":"ImageObject","inLanguage":"en-US","@id":"https:\/\/june-paris.com\/en\/product\/rose-des-sables\/#primaryimage","url":"https:\/\/june-paris.com\/wp-content\/uploads\/2023\/06\/7bis-4-scaled.jpg","contentUrl":"https:\/\/june-paris.com\/wp-content\/uploads\/2023\/06\/7bis-4-scaled.jpg","width":1926,"height":2560},{"@type":"BreadcrumbList","@id":"https:\/\/june-paris.com\/en\/product\/rose-des-sables\/#breadcrumb","itemListElement":[{"@type":"ListItem","position":1,"name":"Accueil","item":"https:\/\/june-paris.com\/"},{"@type":"ListItem","position":2,"name":"Shop","item":"https:\/\/june-paris.com\/shop\/"},{"@type":"ListItem","position":3,"name":"Rose des sables &#8211; Pierre de Stabilit\u00e9 \u00c9motionnelle et Ouverture du Troisi\u00e8me Oeil"}]},{"@type":"WebSite","@id":"https:\/\/june-paris.com\/#website","url":"https:\/\/june-paris.com\/","name":"June Paris","description":"","publisher":{"@id":"https:\/\/june-paris.com\/#organization"},"potentialAction":[{"@type":"SearchAction","target":{"@type":"EntryPoint","urlTemplate":"https:\/\/june-paris.com\/?s={search_term_string}"},"query-input":{"@type":"PropertyValueSpecification","valueRequired":true,"valueName":"search_term_string"}}],"inLanguage":"en-US"},{"@type":"Organization","@id":"https:\/\/june-paris.com\/#organization","name":"Laugh of the moon","url":"https:\/\/june-paris.com\/","logo":{"@type":"ImageObject","inLanguage":"en-US","@id":"https:\/\/june-paris.com\/#\/schema\/logo\/image\/","url":"https:\/\/june-paris.com\/wp-content\/uploads\/2021\/03\/logofini.png","contentUrl":"https:\/\/june-paris.com\/wp-content\/uploads\/2021\/03\/logofini.png","width":250,"height":48,"caption":"Laugh of the moon"},"image":{"@id":"https:\/\/june-paris.com\/#\/schema\/logo\/image\/"}}]}},"_links":{"self":[{"href":"https:\/\/june-paris.com\/en\/wp-json\/wp\/v2\/product\/2605","targetHints":{"allow":["GET"]}}],"collection":[{"href":"https:\/\/june-paris.com\/en\/wp-json\/wp\/v2\/product"}],"about":[{"href":"https:\/\/june-paris.com\/en\/wp-json\/wp\/v2\/types\/product"}],"replies":[{"embeddable":true,"href":"https:\/\/june-paris.com\/en\/wp-json\/wp\/v2\/comments?post=2605"}],"wp:featuredmedia":[{"embeddable":true,"href":"https:\/\/june-paris.com\/en\/wp-json\/wp\/v2\/media\/2618"}],"wp:attachment":[{"href":"https:\/\/june-paris.com\/en\/wp-json\/wp\/v2\/media?parent=2605"}],"wp:term":[{"taxonomy":"product_brand","embeddable":true,"href":"https:\/\/june-paris.com\/en\/wp-json\/wp\/v2\/product_brand?post=2605"},{"taxonomy":"product_cat","embeddable":true,"href":"https:\/\/june-paris.com\/en\/wp-json\/wp\/v2\/product_cat?post=2605"},{"taxonomy":"product_tag","embeddable":true,"href":"https:\/\/june-paris.com\/en\/wp-json\/wp\/v2\/product_tag?post=2605"}],"curies":[{"name":"wp","href":"https:\/\/api.w.org\/{rel}","templated":true}]}}