{"id":2604,"date":"2023-06-21T10:20:02","date_gmt":"2023-06-21T10:20:02","guid":{"rendered":"https:\/\/june-paris.com\/?post_type=product&#038;p=2604"},"modified":"2025-01-24T18:59:31","modified_gmt":"2025-01-24T18:59:31","slug":"calcite-bleue","status":"publish","type":"product","link":"https:\/\/june-paris.com\/en\/product\/calcite-bleue\/","title":{"rendered":"Calcite Bleue : Pierre de Paix, S\u00e9r\u00e9nit\u00e9 et Apaisement du Sommeil"},"content":{"rendered":"<p>&nbsp;<\/p>\n<table style=\"border-collapse: collapse; width: 100%; height: 72px;\">\n<tbody>\n<tr style=\"height: 24px;\">\n<td style=\"width: 50%; height: 24px;\">MATERIAL<\/td>\n<td style=\"width: 50%; height: 24px;\">Calcite Bleu<\/td>\n<\/tr>\n<tr style=\"height: 24px;\">\n<td style=\"width: 50%; height: 24px;\">SIZE<\/td>\n<td style=\"width: 50%; height: 24px;\">Approximativement 4cm (20g)<\/td>\n<\/tr>\n<tr style=\"height: 24px;\">\n<td style=\"width: 50%; height: 24px;\">ORIGIN<\/td>\n<td style=\"width: 50%; height: 24px;\">Mexique<\/td>\n<\/tr>\n<\/tbody>\n<\/table>\n<table style=\"border-collapse: collapse; width: 100%;\">\n<tbody>\n<tr>\n<td style=\"width: 100%;\">GARANTIE D\u2019ORIGINE &#8211; \u00c9CO RESPONSABLE<\/td>\n<\/tr>\n<\/tbody>\n<\/table>","protected":false},"excerpt":{"rendered":"<p>La <strong>Calcite Bleue<\/strong> est la pierre id\u00e9ale pour apporter <strong>repos et relaxation<\/strong>. Elle est particuli\u00e8rement efficace pour am\u00e9liorer le <strong>sommeil<\/strong> et favoriser une <strong>atmosph\u00e8re de s\u00e9r\u00e9nit\u00e9<\/strong>. En lien avec le chakra de la gorge, elle soulage les <strong>maux de gorge<\/strong> et favorise une communication fluide.<\/p>\n<p><strong>Entretien:<\/strong> Nettoyez-la avec de<strong> l\u2019eau non sal\u00e9e<\/strong>, puis rechargez-la en l&rsquo;exposant \u00e0 la <strong>lumi\u00e8re de la lune<\/strong> (pleine ou nouvelle lune).<\/p>","protected":false},"featured_media":2614,"comment_status":"open","ping_status":"closed","template":"","meta":[],"product_brand":[],"product_cat":[33,43],"product_tag":[],"class_list":{"0":"post-2604","1":"product","2":"type-product","3":"status-publish","4":"has-post-thumbnail","6":"product_cat-mineraux","7":"product_cat-pierres-brutes","8":"product_shipping_class-lettre-suivi","10":"first","11":"instock","12":"taxable","13":"shipping-taxable","14":"purchasable","15":"product-type-simple"},"yoast_head":"<!-- This site is optimized with the Yoast SEO plugin v25.6 - https:\/\/yoast.com\/wordpress\/plugins\/seo\/ -->\n<title>Calcite Bleue : Pierre de Paix, S\u00e9r\u00e9nit\u00e9 et Apaisement du Sommeil - June Paris<\/title>\n<meta name=\"robots\" content=\"index, follow, max-snippet:-1, max-image-preview:large, max-video-preview:-1\" \/>\n<link rel=\"canonical\" href=\"https:\/\/june-paris.com\/en\/product\/calcite-bleue\/\" \/>\n<meta property=\"og:locale\" content=\"en_US\" \/>\n<meta property=\"og:type\" content=\"article\" \/>\n<meta property=\"og:title\" content=\"Calcite Bleue : Pierre de Paix, S\u00e9r\u00e9nit\u00e9 et Apaisement du Sommeil - June Paris\" \/>\n<meta property=\"og:description\" content=\"La Calcite Bleue est la pierre id\u00e9ale pour apporter repos et relaxation. Elle est particuli\u00e8rement efficace pour am\u00e9liorer le sommeil et favoriser une atmosph\u00e8re de s\u00e9r\u00e9nit\u00e9. En lien avec le chakra de la gorge, elle soulage les maux de gorge et favorise une communication fluide.  Entretien: Nettoyez-la avec de l\u2019eau non sal\u00e9e, puis rechargez-la en l&#039;exposant \u00e0 la lumi\u00e8re de la lune (pleine ou nouvelle lune).\" \/>\n<meta property=\"og:url\" content=\"https:\/\/june-paris.com\/en\/product\/calcite-bleue\/\" \/>\n<meta property=\"og:site_name\" content=\"June Paris\" \/>\n<meta property=\"article:modified_time\" content=\"2025-01-24T18:59:31+00:00\" \/>\n<meta property=\"og:image\" content=\"https:\/\/june-paris.com\/wp-content\/uploads\/2023\/06\/7bis-scaled.jpg\" \/>\n\t<meta property=\"og:image:width\" content=\"1926\" \/>\n\t<meta property=\"og:image:height\" content=\"2560\" \/>\n\t<meta property=\"og:image:type\" content=\"image\/jpeg\" \/>\n<meta name=\"twitter:card\" content=\"summary_large_image\" \/>\n<meta name=\"twitter:label1\" content=\"Est. reading time\" \/>\n\t<meta name=\"twitter:data1\" content=\"1 minute\" \/>\n<script type=\"application\/ld+json\" class=\"yoast-schema-graph\">{\"@context\":\"https:\/\/schema.org\",\"@graph\":[{\"@type\":\"WebPage\",\"@id\":\"https:\/\/june-paris.com\/en\/product\/calcite-bleue\/\",\"url\":\"https:\/\/june-paris.com\/en\/product\/calcite-bleue\/\",\"name\":\"Calcite Bleue : Pierre de Paix, S\u00e9r\u00e9nit\u00e9 et Apaisement du Sommeil - June Paris\",\"isPartOf\":{\"@id\":\"https:\/\/june-paris.com\/#website\"},\"primaryImageOfPage\":{\"@id\":\"https:\/\/june-paris.com\/en\/product\/calcite-bleue\/#primaryimage\"},\"image\":{\"@id\":\"https:\/\/june-paris.com\/en\/product\/calcite-bleue\/#primaryimage\"},\"thumbnailUrl\":\"https:\/\/june-paris.com\/wp-content\/uploads\/2023\/06\/7bis-scaled.jpg\",\"datePublished\":\"2023-06-21T10:20:02+00:00\",\"dateModified\":\"2025-01-24T18:59:31+00:00\",\"breadcrumb\":{\"@id\":\"https:\/\/june-paris.com\/en\/product\/calcite-bleue\/#breadcrumb\"},\"inLanguage\":\"en-US\",\"potentialAction\":[{\"@type\":\"ReadAction\",\"target\":[\"https:\/\/june-paris.com\/en\/product\/calcite-bleue\/\"]}]},{\"@type\":\"ImageObject\",\"inLanguage\":\"en-US\",\"@id\":\"https:\/\/june-paris.com\/en\/product\/calcite-bleue\/#primaryimage\",\"url\":\"https:\/\/june-paris.com\/wp-content\/uploads\/2023\/06\/7bis-scaled.jpg\",\"contentUrl\":\"https:\/\/june-paris.com\/wp-content\/uploads\/2023\/06\/7bis-scaled.jpg\",\"width\":1926,\"height\":2560},{\"@type\":\"BreadcrumbList\",\"@id\":\"https:\/\/june-paris.com\/en\/product\/calcite-bleue\/#breadcrumb\",\"itemListElement\":[{\"@type\":\"ListItem\",\"position\":1,\"name\":\"Accueil\",\"item\":\"https:\/\/june-paris.com\/\"},{\"@type\":\"ListItem\",\"position\":2,\"name\":\"Shop\",\"item\":\"https:\/\/june-paris.com\/shop\/\"},{\"@type\":\"ListItem\",\"position\":3,\"name\":\"Calcite Bleue : Pierre de Paix, S\u00e9r\u00e9nit\u00e9 et Apaisement du Sommeil\"}]},{\"@type\":\"WebSite\",\"@id\":\"https:\/\/june-paris.com\/#website\",\"url\":\"https:\/\/june-paris.com\/\",\"name\":\"June Paris\",\"description\":\"\",\"publisher\":{\"@id\":\"https:\/\/june-paris.com\/#organization\"},\"potentialAction\":[{\"@type\":\"SearchAction\",\"target\":{\"@type\":\"EntryPoint\",\"urlTemplate\":\"https:\/\/june-paris.com\/?s={search_term_string}\"},\"query-input\":{\"@type\":\"PropertyValueSpecification\",\"valueRequired\":true,\"valueName\":\"search_term_string\"}}],\"inLanguage\":\"en-US\"},{\"@type\":\"Organization\",\"@id\":\"https:\/\/june-paris.com\/#organization\",\"name\":\"Laugh of the moon\",\"url\":\"https:\/\/june-paris.com\/\",\"logo\":{\"@type\":\"ImageObject\",\"inLanguage\":\"en-US\",\"@id\":\"https:\/\/june-paris.com\/#\/schema\/logo\/image\/\",\"url\":\"https:\/\/june-paris.com\/wp-content\/uploads\/2021\/03\/logofini.png\",\"contentUrl\":\"https:\/\/june-paris.com\/wp-content\/uploads\/2021\/03\/logofini.png\",\"width\":250,\"height\":48,\"caption\":\"Laugh of the moon\"},\"image\":{\"@id\":\"https:\/\/june-paris.com\/#\/schema\/logo\/image\/\"}}]}<\/script>\n<!-- \/ Yoast SEO plugin. -->","yoast_head_json":{"title":"Calcite Bleue : Pierre de Paix, S\u00e9r\u00e9nit\u00e9 et Apaisement du Sommeil - June Paris","robots":{"index":"index","follow":"follow","max-snippet":"max-snippet:-1","max-image-preview":"max-image-preview:large","max-video-preview":"max-video-preview:-1"},"canonical":"https:\/\/june-paris.com\/en\/product\/calcite-bleue\/","og_locale":"en_US","og_type":"article","og_title":"Calcite Bleue : Pierre de Paix, S\u00e9r\u00e9nit\u00e9 et Apaisement du Sommeil - June Paris","og_description":"La Calcite Bleue est la pierre id\u00e9ale pour apporter repos et relaxation. Elle est particuli\u00e8rement efficace pour am\u00e9liorer le sommeil et favoriser une atmosph\u00e8re de s\u00e9r\u00e9nit\u00e9. En lien avec le chakra de la gorge, elle soulage les maux de gorge et favorise une communication fluide.  Entretien: Nettoyez-la avec de l\u2019eau non sal\u00e9e, puis rechargez-la en l'exposant \u00e0 la lumi\u00e8re de la lune (pleine ou nouvelle lune).","og_url":"https:\/\/june-paris.com\/en\/product\/calcite-bleue\/","og_site_name":"June Paris","article_modified_time":"2025-01-24T18:59:31+00:00","og_image":[{"width":1926,"height":2560,"url":"https:\/\/june-paris.com\/wp-content\/uploads\/2023\/06\/7bis-scaled.jpg","type":"image\/jpeg"}],"twitter_card":"summary_large_image","twitter_misc":{"Est. reading time":"1 minute"},"schema":{"@context":"https:\/\/schema.org","@graph":[{"@type":"WebPage","@id":"https:\/\/june-paris.com\/en\/product\/calcite-bleue\/","url":"https:\/\/june-paris.com\/en\/product\/calcite-bleue\/","name":"Calcite Bleue : Pierre de Paix, S\u00e9r\u00e9nit\u00e9 et Apaisement du Sommeil - June Paris","isPartOf":{"@id":"https:\/\/june-paris.com\/#website"},"primaryImageOfPage":{"@id":"https:\/\/june-paris.com\/en\/product\/calcite-bleue\/#primaryimage"},"image":{"@id":"https:\/\/june-paris.com\/en\/product\/calcite-bleue\/#primaryimage"},"thumbnailUrl":"https:\/\/june-paris.com\/wp-content\/uploads\/2023\/06\/7bis-scaled.jpg","datePublished":"2023-06-21T10:20:02+00:00","dateModified":"2025-01-24T18:59:31+00:00","breadcrumb":{"@id":"https:\/\/june-paris.com\/en\/product\/calcite-bleue\/#breadcrumb"},"inLanguage":"en-US","potentialAction":[{"@type":"ReadAction","target":["https:\/\/june-paris.com\/en\/product\/calcite-bleue\/"]}]},{"@type":"ImageObject","inLanguage":"en-US","@id":"https:\/\/june-paris.com\/en\/product\/calcite-bleue\/#primaryimage","url":"https:\/\/june-paris.com\/wp-content\/uploads\/2023\/06\/7bis-scaled.jpg","contentUrl":"https:\/\/june-paris.com\/wp-content\/uploads\/2023\/06\/7bis-scaled.jpg","width":1926,"height":2560},{"@type":"BreadcrumbList","@id":"https:\/\/june-paris.com\/en\/product\/calcite-bleue\/#breadcrumb","itemListElement":[{"@type":"ListItem","position":1,"name":"Accueil","item":"https:\/\/june-paris.com\/"},{"@type":"ListItem","position":2,"name":"Shop","item":"https:\/\/june-paris.com\/shop\/"},{"@type":"ListItem","position":3,"name":"Calcite Bleue : Pierre de Paix, S\u00e9r\u00e9nit\u00e9 et Apaisement du Sommeil"}]},{"@type":"WebSite","@id":"https:\/\/june-paris.com\/#website","url":"https:\/\/june-paris.com\/","name":"June Paris","description":"","publisher":{"@id":"https:\/\/june-paris.com\/#organization"},"potentialAction":[{"@type":"SearchAction","target":{"@type":"EntryPoint","urlTemplate":"https:\/\/june-paris.com\/?s={search_term_string}"},"query-input":{"@type":"PropertyValueSpecification","valueRequired":true,"valueName":"search_term_string"}}],"inLanguage":"en-US"},{"@type":"Organization","@id":"https:\/\/june-paris.com\/#organization","name":"Laugh of the moon","url":"https:\/\/june-paris.com\/","logo":{"@type":"ImageObject","inLanguage":"en-US","@id":"https:\/\/june-paris.com\/#\/schema\/logo\/image\/","url":"https:\/\/june-paris.com\/wp-content\/uploads\/2021\/03\/logofini.png","contentUrl":"https:\/\/june-paris.com\/wp-content\/uploads\/2021\/03\/logofini.png","width":250,"height":48,"caption":"Laugh of the moon"},"image":{"@id":"https:\/\/june-paris.com\/#\/schema\/logo\/image\/"}}]}},"_links":{"self":[{"href":"https:\/\/june-paris.com\/en\/wp-json\/wp\/v2\/product\/2604","targetHints":{"allow":["GET"]}}],"collection":[{"href":"https:\/\/june-paris.com\/en\/wp-json\/wp\/v2\/product"}],"about":[{"href":"https:\/\/june-paris.com\/en\/wp-json\/wp\/v2\/types\/product"}],"replies":[{"embeddable":true,"href":"https:\/\/june-paris.com\/en\/wp-json\/wp\/v2\/comments?post=2604"}],"wp:featuredmedia":[{"embeddable":true,"href":"https:\/\/june-paris.com\/en\/wp-json\/wp\/v2\/media\/2614"}],"wp:attachment":[{"href":"https:\/\/june-paris.com\/en\/wp-json\/wp\/v2\/media?parent=2604"}],"wp:term":[{"taxonomy":"product_brand","embeddable":true,"href":"https:\/\/june-paris.com\/en\/wp-json\/wp\/v2\/product_brand?post=2604"},{"taxonomy":"product_cat","embeddable":true,"href":"https:\/\/june-paris.com\/en\/wp-json\/wp\/v2\/product_cat?post=2604"},{"taxonomy":"product_tag","embeddable":true,"href":"https:\/\/june-paris.com\/en\/wp-json\/wp\/v2\/product_tag?post=2604"}],"curies":[{"name":"wp","href":"https:\/\/api.w.org\/{rel}","templated":true}]}}