{"id":2575,"date":"2023-03-13T14:31:44","date_gmt":"2023-03-13T14:31:44","guid":{"rendered":"https:\/\/june-paris.com\/?post_type=product&#038;p=2575"},"modified":"2024-11-11T10:57:01","modified_gmt":"2024-11-11T10:57:01","slug":"laetitia","status":"publish","type":"product","link":"https:\/\/june-paris.com\/en\/product\/laetitia\/","title":{"rendered":"LAETITIA"},"content":{"rendered":"<p><span style=\"font-family: georgia, palatino, serif; font-size: 12pt;\">Je suis La\u00ebtitia, psycho astrologue et th\u00e9rapeute spirituelle.\u00a0\u00a0<\/span><\/p>\n<p><span style=\"font-family: georgia, palatino, serif; font-size: 12pt;\">Suite \u00e0 des \u00e9preuves de vie difficiles, j\u2019ai \u00e9t\u00e9 amen\u00e9e \u00e0 me r\u00e9concilier avec ma lign\u00e9e.\u00a0Transg\u00e9n\u00e9rationnelle d&rsquo;abord, karmique par la suite.<span class=\"gmail_default\">\u00a0<\/span>J&rsquo;ai ainsi compris la force des \u00c9nergies qui nous entourent.<span class=\"gmail_default\">\u00a0<\/span>Elles font maintenant partie de ma vie\u00a0\u00a0et me permettent de communiquer avec les Guides spirituels, les D\u00e9funts, l&rsquo;au-del\u00e0 et canaliser diff\u00e9rents soins \u00e9nerg\u00e9tiques.<\/span><\/p>\n<p><span style=\"font-family: georgia, palatino, serif; font-size: 12pt;\">Je suis \u00e9galement certifi\u00e9e en astrologie psychologique et pratique cet outil pr\u00e9cieux depuis plusieurs ann\u00e9es. Celui-ci m\u2019a \u00e9t\u00e9 d\u2019un grand secours et je suis heureuse de pouvoir vous l\u2019offrir tel que je le vis et le ressens.\u00a0<\/span><\/p>\n<p><span style=\"font-family: georgia, palatino, serif; font-size: 12pt;\">Je poursuis aujourd&rsquo;hui mon chemin, motiv\u00e9e par cette paix de l&rsquo;\u00e2me que nous m\u00e9ritons tous et vous propose diff\u00e9rents accompagnements par \u00e9crit, t\u00e9l\u00e9phone ou <b>visio <\/b>pour vous accompagner au mieux sur votre chemin vers compr\u00e9hension, gu\u00e9rison et \u00e9panouissement.<\/span><\/p>","protected":false},"excerpt":{"rendered":"<p>Je suis La\u00ebtitia, psycho astrologue et th\u00e9rapeute spirituelle.\u00a0\u00a0 Suite \u00e0 des \u00e9preuves de vie difficiles, j\u2019ai \u00e9t\u00e9 amen\u00e9e \u00e0 me [&hellip;]<\/p>","protected":false},"featured_media":2579,"comment_status":"open","ping_status":"closed","template":"","meta":[],"product_brand":[],"product_cat":[49,64,45,59],"product_tag":[],"class_list":{"0":"post-2575","1":"product","2":"type-product","3":"status-publish","4":"has-post-thumbnail","6":"product_cat-astrologie","7":"product_cat-communication-animale","8":"product_cat-consultation","9":"product_cat-lecture-dame","11":"first","12":"instock","13":"taxable","14":"shipping-taxable","15":"purchasable","16":"product-type-variable"},"yoast_head":"<!-- This site is optimized with the Yoast SEO plugin v25.6 - https:\/\/yoast.com\/wordpress\/plugins\/seo\/ -->\n<title>LAETITIA - June Paris<\/title>\n<meta name=\"robots\" content=\"index, follow, max-snippet:-1, max-image-preview:large, max-video-preview:-1\" \/>\n<link rel=\"canonical\" href=\"https:\/\/june-paris.com\/en\/product\/laetitia\/\" \/>\n<meta property=\"og:locale\" content=\"en_US\" \/>\n<meta property=\"og:type\" content=\"article\" \/>\n<meta property=\"og:title\" content=\"LAETITIA - June Paris\" \/>\n<meta property=\"og:description\" content=\"Je suis La\u00ebtitia, psycho astrologue et th\u00e9rapeute spirituelle.\u00a0\u00a0 Suite \u00e0 des \u00e9preuves de vie difficiles, j\u2019ai \u00e9t\u00e9 amen\u00e9e \u00e0 me [&hellip;]\" \/>\n<meta property=\"og:url\" content=\"https:\/\/june-paris.com\/en\/product\/laetitia\/\" \/>\n<meta property=\"og:site_name\" content=\"June Paris\" \/>\n<meta property=\"article:modified_time\" content=\"2024-11-11T10:57:01+00:00\" \/>\n<meta property=\"og:image\" content=\"https:\/\/june-paris.com\/wp-content\/uploads\/2023\/03\/Laeti-LLS.jpg\" \/>\n\t<meta property=\"og:image:width\" content=\"1028\" \/>\n\t<meta property=\"og:image:height\" content=\"1080\" \/>\n\t<meta property=\"og:image:type\" content=\"image\/jpeg\" \/>\n<meta name=\"twitter:card\" content=\"summary_large_image\" \/>\n<meta name=\"twitter:label1\" content=\"Est. reading time\" \/>\n\t<meta name=\"twitter:data1\" content=\"1 minute\" \/>\n<script type=\"application\/ld+json\" class=\"yoast-schema-graph\">{\"@context\":\"https:\/\/schema.org\",\"@graph\":[{\"@type\":\"WebPage\",\"@id\":\"https:\/\/june-paris.com\/en\/product\/laetitia\/\",\"url\":\"https:\/\/june-paris.com\/en\/product\/laetitia\/\",\"name\":\"LAETITIA - June Paris\",\"isPartOf\":{\"@id\":\"https:\/\/june-paris.com\/#website\"},\"primaryImageOfPage\":{\"@id\":\"https:\/\/june-paris.com\/en\/product\/laetitia\/#primaryimage\"},\"image\":{\"@id\":\"https:\/\/june-paris.com\/en\/product\/laetitia\/#primaryimage\"},\"thumbnailUrl\":\"https:\/\/june-paris.com\/wp-content\/uploads\/2023\/03\/Laeti-LLS.jpg\",\"datePublished\":\"2023-03-13T14:31:44+00:00\",\"dateModified\":\"2024-11-11T10:57:01+00:00\",\"breadcrumb\":{\"@id\":\"https:\/\/june-paris.com\/en\/product\/laetitia\/#breadcrumb\"},\"inLanguage\":\"en-US\",\"potentialAction\":[{\"@type\":\"ReadAction\",\"target\":[\"https:\/\/june-paris.com\/en\/product\/laetitia\/\"]}]},{\"@type\":\"ImageObject\",\"inLanguage\":\"en-US\",\"@id\":\"https:\/\/june-paris.com\/en\/product\/laetitia\/#primaryimage\",\"url\":\"https:\/\/june-paris.com\/wp-content\/uploads\/2023\/03\/Laeti-LLS.jpg\",\"contentUrl\":\"https:\/\/june-paris.com\/wp-content\/uploads\/2023\/03\/Laeti-LLS.jpg\",\"width\":1028,\"height\":1080},{\"@type\":\"BreadcrumbList\",\"@id\":\"https:\/\/june-paris.com\/en\/product\/laetitia\/#breadcrumb\",\"itemListElement\":[{\"@type\":\"ListItem\",\"position\":1,\"name\":\"Accueil\",\"item\":\"https:\/\/june-paris.com\/\"},{\"@type\":\"ListItem\",\"position\":2,\"name\":\"Shop\",\"item\":\"https:\/\/june-paris.com\/shop\/\"},{\"@type\":\"ListItem\",\"position\":3,\"name\":\"LAETITIA\"}]},{\"@type\":\"WebSite\",\"@id\":\"https:\/\/june-paris.com\/#website\",\"url\":\"https:\/\/june-paris.com\/\",\"name\":\"June Paris\",\"description\":\"\",\"publisher\":{\"@id\":\"https:\/\/june-paris.com\/#organization\"},\"potentialAction\":[{\"@type\":\"SearchAction\",\"target\":{\"@type\":\"EntryPoint\",\"urlTemplate\":\"https:\/\/june-paris.com\/?s={search_term_string}\"},\"query-input\":{\"@type\":\"PropertyValueSpecification\",\"valueRequired\":true,\"valueName\":\"search_term_string\"}}],\"inLanguage\":\"en-US\"},{\"@type\":\"Organization\",\"@id\":\"https:\/\/june-paris.com\/#organization\",\"name\":\"Laugh of the moon\",\"url\":\"https:\/\/june-paris.com\/\",\"logo\":{\"@type\":\"ImageObject\",\"inLanguage\":\"en-US\",\"@id\":\"https:\/\/june-paris.com\/#\/schema\/logo\/image\/\",\"url\":\"https:\/\/june-paris.com\/wp-content\/uploads\/2021\/03\/logofini.png\",\"contentUrl\":\"https:\/\/june-paris.com\/wp-content\/uploads\/2021\/03\/logofini.png\",\"width\":250,\"height\":48,\"caption\":\"Laugh of the moon\"},\"image\":{\"@id\":\"https:\/\/june-paris.com\/#\/schema\/logo\/image\/\"}}]}<\/script>\n<!-- \/ Yoast SEO plugin. -->","yoast_head_json":{"title":"LAETITIA - June Paris","robots":{"index":"index","follow":"follow","max-snippet":"max-snippet:-1","max-image-preview":"max-image-preview:large","max-video-preview":"max-video-preview:-1"},"canonical":"https:\/\/june-paris.com\/en\/product\/laetitia\/","og_locale":"en_US","og_type":"article","og_title":"LAETITIA - June Paris","og_description":"Je suis La\u00ebtitia, psycho astrologue et th\u00e9rapeute spirituelle.\u00a0\u00a0 Suite \u00e0 des \u00e9preuves de vie difficiles, j\u2019ai \u00e9t\u00e9 amen\u00e9e \u00e0 me [&hellip;]","og_url":"https:\/\/june-paris.com\/en\/product\/laetitia\/","og_site_name":"June Paris","article_modified_time":"2024-11-11T10:57:01+00:00","og_image":[{"width":1028,"height":1080,"url":"https:\/\/june-paris.com\/wp-content\/uploads\/2023\/03\/Laeti-LLS.jpg","type":"image\/jpeg"}],"twitter_card":"summary_large_image","twitter_misc":{"Est. reading time":"1 minute"},"schema":{"@context":"https:\/\/schema.org","@graph":[{"@type":"WebPage","@id":"https:\/\/june-paris.com\/en\/product\/laetitia\/","url":"https:\/\/june-paris.com\/en\/product\/laetitia\/","name":"LAETITIA - June Paris","isPartOf":{"@id":"https:\/\/june-paris.com\/#website"},"primaryImageOfPage":{"@id":"https:\/\/june-paris.com\/en\/product\/laetitia\/#primaryimage"},"image":{"@id":"https:\/\/june-paris.com\/en\/product\/laetitia\/#primaryimage"},"thumbnailUrl":"https:\/\/june-paris.com\/wp-content\/uploads\/2023\/03\/Laeti-LLS.jpg","datePublished":"2023-03-13T14:31:44+00:00","dateModified":"2024-11-11T10:57:01+00:00","breadcrumb":{"@id":"https:\/\/june-paris.com\/en\/product\/laetitia\/#breadcrumb"},"inLanguage":"en-US","potentialAction":[{"@type":"ReadAction","target":["https:\/\/june-paris.com\/en\/product\/laetitia\/"]}]},{"@type":"ImageObject","inLanguage":"en-US","@id":"https:\/\/june-paris.com\/en\/product\/laetitia\/#primaryimage","url":"https:\/\/june-paris.com\/wp-content\/uploads\/2023\/03\/Laeti-LLS.jpg","contentUrl":"https:\/\/june-paris.com\/wp-content\/uploads\/2023\/03\/Laeti-LLS.jpg","width":1028,"height":1080},{"@type":"BreadcrumbList","@id":"https:\/\/june-paris.com\/en\/product\/laetitia\/#breadcrumb","itemListElement":[{"@type":"ListItem","position":1,"name":"Accueil","item":"https:\/\/june-paris.com\/"},{"@type":"ListItem","position":2,"name":"Shop","item":"https:\/\/june-paris.com\/shop\/"},{"@type":"ListItem","position":3,"name":"LAETITIA"}]},{"@type":"WebSite","@id":"https:\/\/june-paris.com\/#website","url":"https:\/\/june-paris.com\/","name":"June Paris","description":"","publisher":{"@id":"https:\/\/june-paris.com\/#organization"},"potentialAction":[{"@type":"SearchAction","target":{"@type":"EntryPoint","urlTemplate":"https:\/\/june-paris.com\/?s={search_term_string}"},"query-input":{"@type":"PropertyValueSpecification","valueRequired":true,"valueName":"search_term_string"}}],"inLanguage":"en-US"},{"@type":"Organization","@id":"https:\/\/june-paris.com\/#organization","name":"Laugh of the moon","url":"https:\/\/june-paris.com\/","logo":{"@type":"ImageObject","inLanguage":"en-US","@id":"https:\/\/june-paris.com\/#\/schema\/logo\/image\/","url":"https:\/\/june-paris.com\/wp-content\/uploads\/2021\/03\/logofini.png","contentUrl":"https:\/\/june-paris.com\/wp-content\/uploads\/2021\/03\/logofini.png","width":250,"height":48,"caption":"Laugh of the moon"},"image":{"@id":"https:\/\/june-paris.com\/#\/schema\/logo\/image\/"}}]}},"_links":{"self":[{"href":"https:\/\/june-paris.com\/en\/wp-json\/wp\/v2\/product\/2575","targetHints":{"allow":["GET"]}}],"collection":[{"href":"https:\/\/june-paris.com\/en\/wp-json\/wp\/v2\/product"}],"about":[{"href":"https:\/\/june-paris.com\/en\/wp-json\/wp\/v2\/types\/product"}],"replies":[{"embeddable":true,"href":"https:\/\/june-paris.com\/en\/wp-json\/wp\/v2\/comments?post=2575"}],"wp:featuredmedia":[{"embeddable":true,"href":"https:\/\/june-paris.com\/en\/wp-json\/wp\/v2\/media\/2579"}],"wp:attachment":[{"href":"https:\/\/june-paris.com\/en\/wp-json\/wp\/v2\/media?parent=2575"}],"wp:term":[{"taxonomy":"product_brand","embeddable":true,"href":"https:\/\/june-paris.com\/en\/wp-json\/wp\/v2\/product_brand?post=2575"},{"taxonomy":"product_cat","embeddable":true,"href":"https:\/\/june-paris.com\/en\/wp-json\/wp\/v2\/product_cat?post=2575"},{"taxonomy":"product_tag","embeddable":true,"href":"https:\/\/june-paris.com\/en\/wp-json\/wp\/v2\/product_tag?post=2575"}],"curies":[{"name":"wp","href":"https:\/\/api.w.org\/{rel}","templated":true}]}}