{"id":199,"date":"2021-09-02T21:47:43","date_gmt":"2021-09-02T21:47:43","guid":{"rendered":"https:\/\/laughofthemoon.thedesigner.fr\/?post_type=product&#038;p=199"},"modified":"2023-11-07T16:05:24","modified_gmt":"2023-11-07T16:05:24","slug":"oracle-feministe","status":"publish","type":"product","link":"https:\/\/june-paris.com\/en\/product\/oracle-feministe\/","title":{"rendered":"Oracle F\u00e9ministe"},"content":{"rendered":"","protected":false},"excerpt":{"rendered":"<p>L&rsquo;Oracle f\u00e9ministe est un jeu moderne compos\u00e9 de 50 cartes et d&rsquo;un livret d&rsquo;accompagnement imagin\u00e9 par Charlotte Jansen et Laura Callaghan<\/p>\n<p><strong>Explore ta vie gr\u00e2ce aux conseils de 50 femmes extraordinaires.<\/strong><br \/>\n50 femmes ic\u00f4niques, choisies pour leur parcours hors du commun ou leur engagement, sont ainsi repr\u00e9sent\u00e9es dans cet oracle. Elles livrents chacune, sur la carte qui leur est consacr\u00e9e, des pr\u00e9visions ou des conseils dans trois domaines : travail, soci\u00e9t\u00e9 et bien-\u00eatre.<\/p>\n<p>Ces conseils sont tir\u00e9s de leur vie et de leur pens\u00e9e, d\u00e9velopp\u00e9es dans le livret d&rsquo;accompagnement.<br \/>\nLa s\u00e9lection met \u00e0 l&rsquo;honneur des figures historiques et contemporaines de tous les continents, dans les domaines de la politique, du sport, de l&rsquo;art, du militantisme&#8230;<br \/>\nFormat : 12 x 16 x 5<\/p>","protected":false},"featured_media":1094,"comment_status":"closed","ping_status":"closed","template":"","meta":[],"product_brand":[],"product_cat":[19],"product_tag":[34,26],"class_list":{"0":"post-199","1":"product","2":"type-product","3":"status-publish","4":"has-post-thumbnail","6":"product_cat-oracles-jeux-divinatoires","7":"product_tag-oracle","8":"product_tag-tarot","10":"first","11":"outofstock","12":"taxable","13":"shipping-taxable","14":"purchasable","15":"product-type-simple"},"yoast_head":"<!-- This site is optimized with the Yoast SEO plugin v25.6 - https:\/\/yoast.com\/wordpress\/plugins\/seo\/ -->\n<title>Oracle F\u00e9ministe - June Paris<\/title>\n<meta name=\"robots\" content=\"index, follow, max-snippet:-1, max-image-preview:large, max-video-preview:-1\" \/>\n<link rel=\"canonical\" href=\"https:\/\/june-paris.com\/en\/product\/oracle-feministe\/\" \/>\n<meta property=\"og:locale\" content=\"en_US\" \/>\n<meta property=\"og:type\" content=\"article\" \/>\n<meta property=\"og:title\" content=\"Oracle F\u00e9ministe - June Paris\" \/>\n<meta property=\"og:description\" content=\"L&#039;Oracle f\u00e9ministe est un jeu moderne compos\u00e9 de 50 cartes et d&#039;un livret d&#039;accompagnement imagin\u00e9 par Charlotte Jansen et Laura Callaghan  Explore ta vie gr\u00e2ce aux conseils de 50 femmes extraordinaires. 50 femmes ic\u00f4niques, choisies pour leur parcours hors du commun ou leur engagement, sont ainsi repr\u00e9sent\u00e9es dans cet oracle. Elles livrents chacune, sur la carte qui leur est consacr\u00e9e, des pr\u00e9visions ou des conseils dans trois domaines : travail, soci\u00e9t\u00e9 et bien-\u00eatre.  Ces conseils sont tir\u00e9s de leur vie et de leur pens\u00e9e, d\u00e9velopp\u00e9es dans le livret d&#039;accompagnement. La s\u00e9lection met \u00e0 l&#039;honneur des figures historiques et contemporaines de tous les continents, dans les domaines de la politique, du sport, de l&#039;art, du militantisme... Format : 12 x 16 x 5\" \/>\n<meta property=\"og:url\" content=\"https:\/\/june-paris.com\/en\/product\/oracle-feministe\/\" \/>\n<meta property=\"og:site_name\" content=\"June Paris\" \/>\n<meta property=\"article:modified_time\" content=\"2023-11-07T16:05:24+00:00\" \/>\n<meta property=\"og:image\" content=\"https:\/\/june-paris.com\/wp-content\/uploads\/2021\/06\/25BE6D98-0B80-4DAC-9750-E86971E75831-scaled.jpeg\" \/>\n\t<meta property=\"og:image:width\" content=\"1707\" \/>\n\t<meta property=\"og:image:height\" content=\"2560\" \/>\n\t<meta property=\"og:image:type\" content=\"image\/jpeg\" \/>\n<meta name=\"twitter:card\" content=\"summary_large_image\" \/>\n<script type=\"application\/ld+json\" class=\"yoast-schema-graph\">{\"@context\":\"https:\/\/schema.org\",\"@graph\":[{\"@type\":\"WebPage\",\"@id\":\"https:\/\/june-paris.com\/produit\/oracle-feministe\/\",\"url\":\"https:\/\/june-paris.com\/produit\/oracle-feministe\/\",\"name\":\"Oracle F\u00e9ministe - June Paris\",\"isPartOf\":{\"@id\":\"https:\/\/june-paris.com\/#website\"},\"primaryImageOfPage\":{\"@id\":\"https:\/\/june-paris.com\/produit\/oracle-feministe\/#primaryimage\"},\"image\":{\"@id\":\"https:\/\/june-paris.com\/produit\/oracle-feministe\/#primaryimage\"},\"thumbnailUrl\":\"https:\/\/june-paris.com\/wp-content\/uploads\/2021\/06\/25BE6D98-0B80-4DAC-9750-E86971E75831-scaled.jpeg\",\"datePublished\":\"2021-09-02T21:47:43+00:00\",\"dateModified\":\"2023-11-07T16:05:24+00:00\",\"breadcrumb\":{\"@id\":\"https:\/\/june-paris.com\/produit\/oracle-feministe\/#breadcrumb\"},\"inLanguage\":\"en-US\",\"potentialAction\":[{\"@type\":\"ReadAction\",\"target\":[\"https:\/\/june-paris.com\/produit\/oracle-feministe\/\"]}]},{\"@type\":\"ImageObject\",\"inLanguage\":\"en-US\",\"@id\":\"https:\/\/june-paris.com\/produit\/oracle-feministe\/#primaryimage\",\"url\":\"https:\/\/june-paris.com\/wp-content\/uploads\/2021\/06\/25BE6D98-0B80-4DAC-9750-E86971E75831-scaled.jpeg\",\"contentUrl\":\"https:\/\/june-paris.com\/wp-content\/uploads\/2021\/06\/25BE6D98-0B80-4DAC-9750-E86971E75831-scaled.jpeg\",\"width\":1707,\"height\":2560},{\"@type\":\"BreadcrumbList\",\"@id\":\"https:\/\/june-paris.com\/produit\/oracle-feministe\/#breadcrumb\",\"itemListElement\":[{\"@type\":\"ListItem\",\"position\":1,\"name\":\"Accueil\",\"item\":\"https:\/\/june-paris.com\/\"},{\"@type\":\"ListItem\",\"position\":2,\"name\":\"Shop\",\"item\":\"https:\/\/june-paris.com\/shop\/\"},{\"@type\":\"ListItem\",\"position\":3,\"name\":\"Oracle F\u00e9ministe\"}]},{\"@type\":\"WebSite\",\"@id\":\"https:\/\/june-paris.com\/#website\",\"url\":\"https:\/\/june-paris.com\/\",\"name\":\"June Paris\",\"description\":\"\",\"publisher\":{\"@id\":\"https:\/\/june-paris.com\/#organization\"},\"potentialAction\":[{\"@type\":\"SearchAction\",\"target\":{\"@type\":\"EntryPoint\",\"urlTemplate\":\"https:\/\/june-paris.com\/?s={search_term_string}\"},\"query-input\":{\"@type\":\"PropertyValueSpecification\",\"valueRequired\":true,\"valueName\":\"search_term_string\"}}],\"inLanguage\":\"en-US\"},{\"@type\":\"Organization\",\"@id\":\"https:\/\/june-paris.com\/#organization\",\"name\":\"Laugh of the moon\",\"url\":\"https:\/\/june-paris.com\/\",\"logo\":{\"@type\":\"ImageObject\",\"inLanguage\":\"en-US\",\"@id\":\"https:\/\/june-paris.com\/#\/schema\/logo\/image\/\",\"url\":\"https:\/\/june-paris.com\/wp-content\/uploads\/2021\/03\/logofini.png\",\"contentUrl\":\"https:\/\/june-paris.com\/wp-content\/uploads\/2021\/03\/logofini.png\",\"width\":250,\"height\":48,\"caption\":\"Laugh of the moon\"},\"image\":{\"@id\":\"https:\/\/june-paris.com\/#\/schema\/logo\/image\/\"}}]}<\/script>\n<!-- \/ Yoast SEO plugin. -->","yoast_head_json":{"title":"Oracle F\u00e9ministe - June Paris","robots":{"index":"index","follow":"follow","max-snippet":"max-snippet:-1","max-image-preview":"max-image-preview:large","max-video-preview":"max-video-preview:-1"},"canonical":"https:\/\/june-paris.com\/en\/product\/oracle-feministe\/","og_locale":"en_US","og_type":"article","og_title":"Oracle F\u00e9ministe - June Paris","og_description":"L'Oracle f\u00e9ministe est un jeu moderne compos\u00e9 de 50 cartes et d'un livret d'accompagnement imagin\u00e9 par Charlotte Jansen et Laura Callaghan  Explore ta vie gr\u00e2ce aux conseils de 50 femmes extraordinaires. 50 femmes ic\u00f4niques, choisies pour leur parcours hors du commun ou leur engagement, sont ainsi repr\u00e9sent\u00e9es dans cet oracle. Elles livrents chacune, sur la carte qui leur est consacr\u00e9e, des pr\u00e9visions ou des conseils dans trois domaines : travail, soci\u00e9t\u00e9 et bien-\u00eatre.  Ces conseils sont tir\u00e9s de leur vie et de leur pens\u00e9e, d\u00e9velopp\u00e9es dans le livret d'accompagnement. La s\u00e9lection met \u00e0 l'honneur des figures historiques et contemporaines de tous les continents, dans les domaines de la politique, du sport, de l'art, du militantisme... Format : 12 x 16 x 5","og_url":"https:\/\/june-paris.com\/en\/product\/oracle-feministe\/","og_site_name":"June Paris","article_modified_time":"2023-11-07T16:05:24+00:00","og_image":[{"width":1707,"height":2560,"url":"https:\/\/june-paris.com\/wp-content\/uploads\/2021\/06\/25BE6D98-0B80-4DAC-9750-E86971E75831-scaled.jpeg","type":"image\/jpeg"}],"twitter_card":"summary_large_image","schema":{"@context":"https:\/\/schema.org","@graph":[{"@type":"WebPage","@id":"https:\/\/june-paris.com\/produit\/oracle-feministe\/","url":"https:\/\/june-paris.com\/produit\/oracle-feministe\/","name":"Oracle F\u00e9ministe - June Paris","isPartOf":{"@id":"https:\/\/june-paris.com\/#website"},"primaryImageOfPage":{"@id":"https:\/\/june-paris.com\/produit\/oracle-feministe\/#primaryimage"},"image":{"@id":"https:\/\/june-paris.com\/produit\/oracle-feministe\/#primaryimage"},"thumbnailUrl":"https:\/\/june-paris.com\/wp-content\/uploads\/2021\/06\/25BE6D98-0B80-4DAC-9750-E86971E75831-scaled.jpeg","datePublished":"2021-09-02T21:47:43+00:00","dateModified":"2023-11-07T16:05:24+00:00","breadcrumb":{"@id":"https:\/\/june-paris.com\/produit\/oracle-feministe\/#breadcrumb"},"inLanguage":"en-US","potentialAction":[{"@type":"ReadAction","target":["https:\/\/june-paris.com\/produit\/oracle-feministe\/"]}]},{"@type":"ImageObject","inLanguage":"en-US","@id":"https:\/\/june-paris.com\/produit\/oracle-feministe\/#primaryimage","url":"https:\/\/june-paris.com\/wp-content\/uploads\/2021\/06\/25BE6D98-0B80-4DAC-9750-E86971E75831-scaled.jpeg","contentUrl":"https:\/\/june-paris.com\/wp-content\/uploads\/2021\/06\/25BE6D98-0B80-4DAC-9750-E86971E75831-scaled.jpeg","width":1707,"height":2560},{"@type":"BreadcrumbList","@id":"https:\/\/june-paris.com\/produit\/oracle-feministe\/#breadcrumb","itemListElement":[{"@type":"ListItem","position":1,"name":"Accueil","item":"https:\/\/june-paris.com\/"},{"@type":"ListItem","position":2,"name":"Shop","item":"https:\/\/june-paris.com\/shop\/"},{"@type":"ListItem","position":3,"name":"Oracle F\u00e9ministe"}]},{"@type":"WebSite","@id":"https:\/\/june-paris.com\/#website","url":"https:\/\/june-paris.com\/","name":"June Paris","description":"","publisher":{"@id":"https:\/\/june-paris.com\/#organization"},"potentialAction":[{"@type":"SearchAction","target":{"@type":"EntryPoint","urlTemplate":"https:\/\/june-paris.com\/?s={search_term_string}"},"query-input":{"@type":"PropertyValueSpecification","valueRequired":true,"valueName":"search_term_string"}}],"inLanguage":"en-US"},{"@type":"Organization","@id":"https:\/\/june-paris.com\/#organization","name":"Laugh of the moon","url":"https:\/\/june-paris.com\/","logo":{"@type":"ImageObject","inLanguage":"en-US","@id":"https:\/\/june-paris.com\/#\/schema\/logo\/image\/","url":"https:\/\/june-paris.com\/wp-content\/uploads\/2021\/03\/logofini.png","contentUrl":"https:\/\/june-paris.com\/wp-content\/uploads\/2021\/03\/logofini.png","width":250,"height":48,"caption":"Laugh of the moon"},"image":{"@id":"https:\/\/june-paris.com\/#\/schema\/logo\/image\/"}}]}},"_links":{"self":[{"href":"https:\/\/june-paris.com\/en\/wp-json\/wp\/v2\/product\/199","targetHints":{"allow":["GET"]}}],"collection":[{"href":"https:\/\/june-paris.com\/en\/wp-json\/wp\/v2\/product"}],"about":[{"href":"https:\/\/june-paris.com\/en\/wp-json\/wp\/v2\/types\/product"}],"replies":[{"embeddable":true,"href":"https:\/\/june-paris.com\/en\/wp-json\/wp\/v2\/comments?post=199"}],"wp:featuredmedia":[{"embeddable":true,"href":"https:\/\/june-paris.com\/en\/wp-json\/wp\/v2\/media\/1094"}],"wp:attachment":[{"href":"https:\/\/june-paris.com\/en\/wp-json\/wp\/v2\/media?parent=199"}],"wp:term":[{"taxonomy":"product_brand","embeddable":true,"href":"https:\/\/june-paris.com\/en\/wp-json\/wp\/v2\/product_brand?post=199"},{"taxonomy":"product_cat","embeddable":true,"href":"https:\/\/june-paris.com\/en\/wp-json\/wp\/v2\/product_cat?post=199"},{"taxonomy":"product_tag","embeddable":true,"href":"https:\/\/june-paris.com\/en\/wp-json\/wp\/v2\/product_tag?post=199"}],"curies":[{"name":"wp","href":"https:\/\/api.w.org\/{rel}","templated":true}]}}