{"id":187,"date":"2021-03-02T21:29:56","date_gmt":"2021-03-02T21:29:56","guid":{"rendered":"https:\/\/laughofthemoon.thedesigner.fr\/?post_type=product&#038;p=187"},"modified":"2023-09-26T13:02:24","modified_gmt":"2023-09-26T13:02:24","slug":"cosmic-woman-tarot","status":"publish","type":"product","link":"https:\/\/june-paris.com\/en\/product\/cosmic-woman-tarot\/","title":{"rendered":"Cosmic Woman Tarot"},"content":{"rendered":"","protected":false},"excerpt":{"rendered":"<p>The Cosmic Woman Tarot by Lisa Junius is all about reuniting with the goddess within and nature.\u00a0Aligning the mind with the universe, and delving into the depths of dream and imagination.\u00a0\u00a0<\/p>\n<p>This hand-illustrated deck is printed in a small batch by the illustrator\u00a0Lisa Junius, known for her illustrative style which tells an empowering story of the feminine archetype.<br \/>\nThis deck is great for beginners or advanced readers alike. A true collector\u2019s item.<br \/>\nComplete 78 Card Deck.<br \/>\nIncludes Major and Minor Arcana\nFull-color on 350 gsm card stock with rounded corners.<br \/>\nComes with a fold-out mini-guide.<\/p>","protected":false},"featured_media":785,"comment_status":"open","ping_status":"closed","template":"","meta":[],"product_brand":[],"product_cat":[19],"product_tag":[26],"class_list":{"0":"post-187","1":"product","2":"type-product","3":"status-publish","4":"has-post-thumbnail","6":"product_cat-oracles-jeux-divinatoires","7":"product_tag-tarot","8":"product_shipping_class-lettre-suivi","10":"first","11":"outofstock","12":"taxable","13":"shipping-taxable","14":"purchasable","15":"product-type-simple"},"yoast_head":"<!-- This site is optimized with the Yoast SEO plugin v25.6 - https:\/\/yoast.com\/wordpress\/plugins\/seo\/ -->\n<title>Cosmic Woman Tarot - June Paris<\/title>\n<meta name=\"robots\" content=\"index, follow, max-snippet:-1, max-image-preview:large, max-video-preview:-1\" \/>\n<link rel=\"canonical\" href=\"https:\/\/june-paris.com\/en\/product\/cosmic-woman-tarot\/\" \/>\n<meta property=\"og:locale\" content=\"en_US\" \/>\n<meta property=\"og:type\" content=\"article\" \/>\n<meta property=\"og:title\" content=\"Cosmic Woman Tarot - June Paris\" \/>\n<meta property=\"og:description\" content=\"Le \u00ab The Cosmic Woman Tarot \u00bb de l\u2019illustratrice ind\u00e9pendante, Lisa Junius, nous plonge dans les profondeurs du r\u00eave et du sacr\u00e9 f\u00e9minin puis nous apprend \u00e0 r\u00e9v\u00e9ler notre d\u00e9esse int\u00e9rieure, la r\u00e9unir avec celle de la nature et s\u2019aligner avec l\u2019Univers.  Ce jeu illustr\u00e9 \u00e0 la main est imprim\u00e9 en petite s\u00e9rie. Petit objet de collection pour les plus avanc\u00e9s comme les d\u00e9butants Jeu de 78 cartes - arcanes majeurs et mineurs Pleine couleur sur papier cartonn\u00e9 350 g \/ m2 avec coins arrondis. Livr\u00e9 avec un mini-guide\" \/>\n<meta property=\"og:url\" content=\"https:\/\/june-paris.com\/en\/product\/cosmic-woman-tarot\/\" \/>\n<meta property=\"og:site_name\" content=\"June Paris\" \/>\n<meta property=\"article:modified_time\" content=\"2023-09-26T13:02:24+00:00\" \/>\n<meta property=\"og:image\" content=\"https:\/\/june-paris.com\/wp-content\/uploads\/2021\/03\/cosmic-tarot-1-scaled.jpg\" \/>\n\t<meta property=\"og:image:width\" content=\"1000\" \/>\n\t<meta property=\"og:image:height\" content=\"1500\" \/>\n\t<meta property=\"og:image:type\" content=\"image\/jpeg\" \/>\n<meta name=\"twitter:card\" content=\"summary_large_image\" \/>\n<script type=\"application\/ld+json\" class=\"yoast-schema-graph\">{\"@context\":\"https:\/\/schema.org\",\"@graph\":[{\"@type\":\"WebPage\",\"@id\":\"https:\/\/june-paris.com\/produit\/cosmic-woman-tarot\/\",\"url\":\"https:\/\/june-paris.com\/produit\/cosmic-woman-tarot\/\",\"name\":\"Cosmic Woman Tarot - June Paris\",\"isPartOf\":{\"@id\":\"https:\/\/june-paris.com\/#website\"},\"primaryImageOfPage\":{\"@id\":\"https:\/\/june-paris.com\/produit\/cosmic-woman-tarot\/#primaryimage\"},\"image\":{\"@id\":\"https:\/\/june-paris.com\/produit\/cosmic-woman-tarot\/#primaryimage\"},\"thumbnailUrl\":\"https:\/\/june-paris.com\/wp-content\/uploads\/2021\/03\/cosmic-tarot-1-scaled.jpg\",\"datePublished\":\"2021-03-02T21:29:56+00:00\",\"dateModified\":\"2023-09-26T13:02:24+00:00\",\"breadcrumb\":{\"@id\":\"https:\/\/june-paris.com\/produit\/cosmic-woman-tarot\/#breadcrumb\"},\"inLanguage\":\"en-US\",\"potentialAction\":[{\"@type\":\"ReadAction\",\"target\":[\"https:\/\/june-paris.com\/produit\/cosmic-woman-tarot\/\"]}]},{\"@type\":\"ImageObject\",\"inLanguage\":\"en-US\",\"@id\":\"https:\/\/june-paris.com\/produit\/cosmic-woman-tarot\/#primaryimage\",\"url\":\"https:\/\/june-paris.com\/wp-content\/uploads\/2021\/03\/cosmic-tarot-1-scaled.jpg\",\"contentUrl\":\"https:\/\/june-paris.com\/wp-content\/uploads\/2021\/03\/cosmic-tarot-1-scaled.jpg\",\"width\":1000,\"height\":1500,\"caption\":\"Cosmic Woman Tarot, Laugh of the moon, Laugh of artist, Victoria Gasperi, Boutique en ligne, Boutique en ligne spirituelle, Boutique en ligne \u00e9sot\u00e9rique, Boutique \u00e9sot\u00e9rique, Boutique spirituelle, Spiritualit\u00e9, Encens, Fumigation, Oracles, Jeux divinatoires, Librairie spirituelle, Rituel, Rituels, Encens, Encens Palo Santo, Palo Santo, Sauge, Sauge blanche, Sauge blanche 7 chakras, Sauge blanche de californie, B\u00e2ton de yerba, Coquille d'ormeau, Tarot, Tarots, Livre spirituel, Tirages, \u00c9nergie, \u00c9nergie spirituelle, Divination\"},{\"@type\":\"BreadcrumbList\",\"@id\":\"https:\/\/june-paris.com\/produit\/cosmic-woman-tarot\/#breadcrumb\",\"itemListElement\":[{\"@type\":\"ListItem\",\"position\":1,\"name\":\"Accueil\",\"item\":\"https:\/\/june-paris.com\/\"},{\"@type\":\"ListItem\",\"position\":2,\"name\":\"Shop\",\"item\":\"https:\/\/june-paris.com\/shop\/\"},{\"@type\":\"ListItem\",\"position\":3,\"name\":\"Cosmic Woman Tarot\"}]},{\"@type\":\"WebSite\",\"@id\":\"https:\/\/june-paris.com\/#website\",\"url\":\"https:\/\/june-paris.com\/\",\"name\":\"June Paris\",\"description\":\"\",\"publisher\":{\"@id\":\"https:\/\/june-paris.com\/#organization\"},\"potentialAction\":[{\"@type\":\"SearchAction\",\"target\":{\"@type\":\"EntryPoint\",\"urlTemplate\":\"https:\/\/june-paris.com\/?s={search_term_string}\"},\"query-input\":{\"@type\":\"PropertyValueSpecification\",\"valueRequired\":true,\"valueName\":\"search_term_string\"}}],\"inLanguage\":\"en-US\"},{\"@type\":\"Organization\",\"@id\":\"https:\/\/june-paris.com\/#organization\",\"name\":\"Laugh of the moon\",\"url\":\"https:\/\/june-paris.com\/\",\"logo\":{\"@type\":\"ImageObject\",\"inLanguage\":\"en-US\",\"@id\":\"https:\/\/june-paris.com\/#\/schema\/logo\/image\/\",\"url\":\"https:\/\/june-paris.com\/wp-content\/uploads\/2021\/03\/logofini.png\",\"contentUrl\":\"https:\/\/june-paris.com\/wp-content\/uploads\/2021\/03\/logofini.png\",\"width\":250,\"height\":48,\"caption\":\"Laugh of the moon\"},\"image\":{\"@id\":\"https:\/\/june-paris.com\/#\/schema\/logo\/image\/\"}}]}<\/script>\n<!-- \/ Yoast SEO plugin. -->","yoast_head_json":{"title":"Cosmic Woman Tarot - June Paris","robots":{"index":"index","follow":"follow","max-snippet":"max-snippet:-1","max-image-preview":"max-image-preview:large","max-video-preview":"max-video-preview:-1"},"canonical":"https:\/\/june-paris.com\/en\/product\/cosmic-woman-tarot\/","og_locale":"en_US","og_type":"article","og_title":"Cosmic Woman Tarot - June Paris","og_description":"Le \u00ab The Cosmic Woman Tarot \u00bb de l\u2019illustratrice ind\u00e9pendante, Lisa Junius, nous plonge dans les profondeurs du r\u00eave et du sacr\u00e9 f\u00e9minin puis nous apprend \u00e0 r\u00e9v\u00e9ler notre d\u00e9esse int\u00e9rieure, la r\u00e9unir avec celle de la nature et s\u2019aligner avec l\u2019Univers.  Ce jeu illustr\u00e9 \u00e0 la main est imprim\u00e9 en petite s\u00e9rie. Petit objet de collection pour les plus avanc\u00e9s comme les d\u00e9butants Jeu de 78 cartes - arcanes majeurs et mineurs Pleine couleur sur papier cartonn\u00e9 350 g \/ m2 avec coins arrondis. Livr\u00e9 avec un mini-guide","og_url":"https:\/\/june-paris.com\/en\/product\/cosmic-woman-tarot\/","og_site_name":"June Paris","article_modified_time":"2023-09-26T13:02:24+00:00","og_image":[{"width":1000,"height":1500,"url":"https:\/\/june-paris.com\/wp-content\/uploads\/2021\/03\/cosmic-tarot-1-scaled.jpg","type":"image\/jpeg"}],"twitter_card":"summary_large_image","schema":{"@context":"https:\/\/schema.org","@graph":[{"@type":"WebPage","@id":"https:\/\/june-paris.com\/produit\/cosmic-woman-tarot\/","url":"https:\/\/june-paris.com\/produit\/cosmic-woman-tarot\/","name":"Cosmic Woman Tarot - June Paris","isPartOf":{"@id":"https:\/\/june-paris.com\/#website"},"primaryImageOfPage":{"@id":"https:\/\/june-paris.com\/produit\/cosmic-woman-tarot\/#primaryimage"},"image":{"@id":"https:\/\/june-paris.com\/produit\/cosmic-woman-tarot\/#primaryimage"},"thumbnailUrl":"https:\/\/june-paris.com\/wp-content\/uploads\/2021\/03\/cosmic-tarot-1-scaled.jpg","datePublished":"2021-03-02T21:29:56+00:00","dateModified":"2023-09-26T13:02:24+00:00","breadcrumb":{"@id":"https:\/\/june-paris.com\/produit\/cosmic-woman-tarot\/#breadcrumb"},"inLanguage":"en-US","potentialAction":[{"@type":"ReadAction","target":["https:\/\/june-paris.com\/produit\/cosmic-woman-tarot\/"]}]},{"@type":"ImageObject","inLanguage":"en-US","@id":"https:\/\/june-paris.com\/produit\/cosmic-woman-tarot\/#primaryimage","url":"https:\/\/june-paris.com\/wp-content\/uploads\/2021\/03\/cosmic-tarot-1-scaled.jpg","contentUrl":"https:\/\/june-paris.com\/wp-content\/uploads\/2021\/03\/cosmic-tarot-1-scaled.jpg","width":1000,"height":1500,"caption":"Cosmic Woman Tarot, Laugh of the moon, Laugh of artist, Victoria Gasperi, Boutique en ligne, Boutique en ligne spirituelle, Boutique en ligne \u00e9sot\u00e9rique, Boutique \u00e9sot\u00e9rique, Boutique spirituelle, Spiritualit\u00e9, Encens, Fumigation, Oracles, Jeux divinatoires, Librairie spirituelle, Rituel, Rituels, Encens, Encens Palo Santo, Palo Santo, Sauge, Sauge blanche, Sauge blanche 7 chakras, Sauge blanche de californie, B\u00e2ton de yerba, Coquille d'ormeau, Tarot, Tarots, Livre spirituel, Tirages, \u00c9nergie, \u00c9nergie spirituelle, Divination"},{"@type":"BreadcrumbList","@id":"https:\/\/june-paris.com\/produit\/cosmic-woman-tarot\/#breadcrumb","itemListElement":[{"@type":"ListItem","position":1,"name":"Accueil","item":"https:\/\/june-paris.com\/"},{"@type":"ListItem","position":2,"name":"Shop","item":"https:\/\/june-paris.com\/shop\/"},{"@type":"ListItem","position":3,"name":"Cosmic Woman Tarot"}]},{"@type":"WebSite","@id":"https:\/\/june-paris.com\/#website","url":"https:\/\/june-paris.com\/","name":"June Paris","description":"","publisher":{"@id":"https:\/\/june-paris.com\/#organization"},"potentialAction":[{"@type":"SearchAction","target":{"@type":"EntryPoint","urlTemplate":"https:\/\/june-paris.com\/?s={search_term_string}"},"query-input":{"@type":"PropertyValueSpecification","valueRequired":true,"valueName":"search_term_string"}}],"inLanguage":"en-US"},{"@type":"Organization","@id":"https:\/\/june-paris.com\/#organization","name":"Laugh of the moon","url":"https:\/\/june-paris.com\/","logo":{"@type":"ImageObject","inLanguage":"en-US","@id":"https:\/\/june-paris.com\/#\/schema\/logo\/image\/","url":"https:\/\/june-paris.com\/wp-content\/uploads\/2021\/03\/logofini.png","contentUrl":"https:\/\/june-paris.com\/wp-content\/uploads\/2021\/03\/logofini.png","width":250,"height":48,"caption":"Laugh of the moon"},"image":{"@id":"https:\/\/june-paris.com\/#\/schema\/logo\/image\/"}}]}},"_links":{"self":[{"href":"https:\/\/june-paris.com\/en\/wp-json\/wp\/v2\/product\/187","targetHints":{"allow":["GET"]}}],"collection":[{"href":"https:\/\/june-paris.com\/en\/wp-json\/wp\/v2\/product"}],"about":[{"href":"https:\/\/june-paris.com\/en\/wp-json\/wp\/v2\/types\/product"}],"replies":[{"embeddable":true,"href":"https:\/\/june-paris.com\/en\/wp-json\/wp\/v2\/comments?post=187"}],"wp:featuredmedia":[{"embeddable":true,"href":"https:\/\/june-paris.com\/en\/wp-json\/wp\/v2\/media\/785"}],"wp:attachment":[{"href":"https:\/\/june-paris.com\/en\/wp-json\/wp\/v2\/media?parent=187"}],"wp:term":[{"taxonomy":"product_brand","embeddable":true,"href":"https:\/\/june-paris.com\/en\/wp-json\/wp\/v2\/product_brand?post=187"},{"taxonomy":"product_cat","embeddable":true,"href":"https:\/\/june-paris.com\/en\/wp-json\/wp\/v2\/product_cat?post=187"},{"taxonomy":"product_tag","embeddable":true,"href":"https:\/\/june-paris.com\/en\/wp-json\/wp\/v2\/product_tag?post=187"}],"curies":[{"name":"wp","href":"https:\/\/api.w.org\/{rel}","templated":true}]}}