{"id":183,"date":"2021-03-02T21:27:27","date_gmt":"2021-03-02T21:27:27","guid":{"rendered":"https:\/\/laughofthemoon.thedesigner.fr\/?post_type=product&#038;p=183"},"modified":"2024-03-03T04:39:03","modified_gmt":"2024-03-03T04:39:03","slug":"neo-tarot","status":"publish","type":"product","link":"https:\/\/june-paris.com\/en\/product\/neo-tarot\/","title":{"rendered":"Neo Tarot"},"content":{"rendered":"","protected":false},"excerpt":{"rendered":"<p>The tarot is an empowering tool that has been used for divination over the centuries. But in Neo Tarot, tarot reader, writer and all-round witch, Jerico Mandybur, offers a refreshing and intelligent look at the ancient cards and practices, showing you that they should be used as healing tool first and foremost. Jerico is the founding editorial director of Girlboss, a media company that\u2019s redefining success for millennial women.\n\nWith a beautifully illustrated 78-strong deck alongside \u2013 with relatable explanations of the profound symbolism of each card \u2013 this modern guidebook is a mixture of revealing insights, practical wisdom and actionable exercises that readers can incorporate into their self-care practice instantly, and watch their self-love flourish.\u00a0<\/p>","protected":false},"featured_media":793,"comment_status":"open","ping_status":"closed","template":"","meta":[],"product_brand":[],"product_cat":[19],"product_tag":[26],"class_list":{"0":"post-183","1":"product","2":"type-product","3":"status-publish","4":"has-post-thumbnail","6":"product_cat-oracles-jeux-divinatoires","7":"product_tag-tarot","9":"first","10":"instock","11":"taxable","12":"shipping-taxable","13":"purchasable","14":"product-type-simple"},"yoast_head":"<!-- This site is optimized with the Yoast SEO plugin v25.6 - https:\/\/yoast.com\/wordpress\/plugins\/seo\/ -->\n<title>Neo Tarot - June Paris<\/title>\n<meta name=\"robots\" content=\"index, follow, max-snippet:-1, max-image-preview:large, max-video-preview:-1\" \/>\n<link rel=\"canonical\" href=\"https:\/\/june-paris.com\/en\/product\/neo-tarot\/\" \/>\n<meta property=\"og:locale\" content=\"en_US\" \/>\n<meta property=\"og:type\" content=\"article\" \/>\n<meta property=\"og:title\" content=\"Neo Tarot - June Paris\" \/>\n<meta property=\"og:description\" content=\"Dans ce coffret, Jerico Mandybur s\u2019approprie et revisite l&#039;univers traditionnel du tarot de fa\u00e7on moderne et graphique avec 78 cartes illustr\u00e9es accompagn\u00e9es d\u2019un livre explicatif. D\u00e9couvrez la symbolique de chaque carte et les diff\u00e9rents tirages possibles. Jerico Mandybur, cofondatrice et directrice de la r\u00e9daction de Girlboss, plateforme qui met en lumi\u00e8re le succ\u00e8s d\u2019une nouvelle g\u00e9n\u00e9ration de femmes \u00e0 travers podcasts et articles.\" \/>\n<meta property=\"og:url\" content=\"https:\/\/june-paris.com\/en\/product\/neo-tarot\/\" \/>\n<meta property=\"og:site_name\" content=\"June Paris\" \/>\n<meta property=\"article:modified_time\" content=\"2024-03-03T04:39:03+00:00\" \/>\n<meta property=\"og:image\" content=\"https:\/\/june-paris.com\/wp-content\/uploads\/2021\/03\/neo-tarot1-scaled.jpg\" \/>\n\t<meta property=\"og:image:width\" content=\"1000\" \/>\n\t<meta property=\"og:image:height\" content=\"1500\" \/>\n\t<meta property=\"og:image:type\" content=\"image\/jpeg\" \/>\n<meta name=\"twitter:card\" content=\"summary_large_image\" \/>\n<script type=\"application\/ld+json\" class=\"yoast-schema-graph\">{\"@context\":\"https:\/\/schema.org\",\"@graph\":[{\"@type\":\"WebPage\",\"@id\":\"https:\/\/june-paris.com\/produit\/neo-tarot\/\",\"url\":\"https:\/\/june-paris.com\/produit\/neo-tarot\/\",\"name\":\"Neo Tarot - June Paris\",\"isPartOf\":{\"@id\":\"https:\/\/june-paris.com\/#website\"},\"primaryImageOfPage\":{\"@id\":\"https:\/\/june-paris.com\/produit\/neo-tarot\/#primaryimage\"},\"image\":{\"@id\":\"https:\/\/june-paris.com\/produit\/neo-tarot\/#primaryimage\"},\"thumbnailUrl\":\"https:\/\/june-paris.com\/wp-content\/uploads\/2021\/03\/neo-tarot1-scaled.jpg\",\"datePublished\":\"2021-03-02T21:27:27+00:00\",\"dateModified\":\"2024-03-03T04:39:03+00:00\",\"breadcrumb\":{\"@id\":\"https:\/\/june-paris.com\/produit\/neo-tarot\/#breadcrumb\"},\"inLanguage\":\"en-US\",\"potentialAction\":[{\"@type\":\"ReadAction\",\"target\":[\"https:\/\/june-paris.com\/produit\/neo-tarot\/\"]}]},{\"@type\":\"ImageObject\",\"inLanguage\":\"en-US\",\"@id\":\"https:\/\/june-paris.com\/produit\/neo-tarot\/#primaryimage\",\"url\":\"https:\/\/june-paris.com\/wp-content\/uploads\/2021\/03\/neo-tarot1-scaled.jpg\",\"contentUrl\":\"https:\/\/june-paris.com\/wp-content\/uploads\/2021\/03\/neo-tarot1-scaled.jpg\",\"width\":1000,\"height\":1500,\"caption\":\"Neo Tarot, Laugh of the moon, Laugh of artist, Victoria Gasperi, Boutique en ligne, Boutique en ligne spirituelle, Boutique en ligne \u00e9sot\u00e9rique, Boutique \u00e9sot\u00e9rique, Boutique spirituelle, Spiritualit\u00e9, Encens, Fumigation, Oracles, Jeux divinatoires, Librairie spirituelle, Rituel, Rituels, Encens, Encens Palo Santo, Palo Santo, Sauge, Sauge blanche, Sauge blanche 7 chakras, Sauge blanche de californie, B\u00e2ton de yerba, Coquille d'ormeau, Tarot, Tarots, Livre spirituel, Tirages, \u00c9nergie, \u00c9nergie spirituelle, Divination\"},{\"@type\":\"BreadcrumbList\",\"@id\":\"https:\/\/june-paris.com\/produit\/neo-tarot\/#breadcrumb\",\"itemListElement\":[{\"@type\":\"ListItem\",\"position\":1,\"name\":\"Accueil\",\"item\":\"https:\/\/june-paris.com\/\"},{\"@type\":\"ListItem\",\"position\":2,\"name\":\"Shop\",\"item\":\"https:\/\/june-paris.com\/shop\/\"},{\"@type\":\"ListItem\",\"position\":3,\"name\":\"Neo Tarot\"}]},{\"@type\":\"WebSite\",\"@id\":\"https:\/\/june-paris.com\/#website\",\"url\":\"https:\/\/june-paris.com\/\",\"name\":\"June Paris\",\"description\":\"\",\"publisher\":{\"@id\":\"https:\/\/june-paris.com\/#organization\"},\"potentialAction\":[{\"@type\":\"SearchAction\",\"target\":{\"@type\":\"EntryPoint\",\"urlTemplate\":\"https:\/\/june-paris.com\/?s={search_term_string}\"},\"query-input\":{\"@type\":\"PropertyValueSpecification\",\"valueRequired\":true,\"valueName\":\"search_term_string\"}}],\"inLanguage\":\"en-US\"},{\"@type\":\"Organization\",\"@id\":\"https:\/\/june-paris.com\/#organization\",\"name\":\"Laugh of the moon\",\"url\":\"https:\/\/june-paris.com\/\",\"logo\":{\"@type\":\"ImageObject\",\"inLanguage\":\"en-US\",\"@id\":\"https:\/\/june-paris.com\/#\/schema\/logo\/image\/\",\"url\":\"https:\/\/june-paris.com\/wp-content\/uploads\/2021\/03\/logofini.png\",\"contentUrl\":\"https:\/\/june-paris.com\/wp-content\/uploads\/2021\/03\/logofini.png\",\"width\":250,\"height\":48,\"caption\":\"Laugh of the moon\"},\"image\":{\"@id\":\"https:\/\/june-paris.com\/#\/schema\/logo\/image\/\"}}]}<\/script>\n<!-- \/ Yoast SEO plugin. -->","yoast_head_json":{"title":"Neo Tarot - June Paris","robots":{"index":"index","follow":"follow","max-snippet":"max-snippet:-1","max-image-preview":"max-image-preview:large","max-video-preview":"max-video-preview:-1"},"canonical":"https:\/\/june-paris.com\/en\/product\/neo-tarot\/","og_locale":"en_US","og_type":"article","og_title":"Neo Tarot - June Paris","og_description":"Dans ce coffret, Jerico Mandybur s\u2019approprie et revisite l'univers traditionnel du tarot de fa\u00e7on moderne et graphique avec 78 cartes illustr\u00e9es accompagn\u00e9es d\u2019un livre explicatif. D\u00e9couvrez la symbolique de chaque carte et les diff\u00e9rents tirages possibles. Jerico Mandybur, cofondatrice et directrice de la r\u00e9daction de Girlboss, plateforme qui met en lumi\u00e8re le succ\u00e8s d\u2019une nouvelle g\u00e9n\u00e9ration de femmes \u00e0 travers podcasts et articles.","og_url":"https:\/\/june-paris.com\/en\/product\/neo-tarot\/","og_site_name":"June Paris","article_modified_time":"2024-03-03T04:39:03+00:00","og_image":[{"width":1000,"height":1500,"url":"https:\/\/june-paris.com\/wp-content\/uploads\/2021\/03\/neo-tarot1-scaled.jpg","type":"image\/jpeg"}],"twitter_card":"summary_large_image","schema":{"@context":"https:\/\/schema.org","@graph":[{"@type":"WebPage","@id":"https:\/\/june-paris.com\/produit\/neo-tarot\/","url":"https:\/\/june-paris.com\/produit\/neo-tarot\/","name":"Neo Tarot - June Paris","isPartOf":{"@id":"https:\/\/june-paris.com\/#website"},"primaryImageOfPage":{"@id":"https:\/\/june-paris.com\/produit\/neo-tarot\/#primaryimage"},"image":{"@id":"https:\/\/june-paris.com\/produit\/neo-tarot\/#primaryimage"},"thumbnailUrl":"https:\/\/june-paris.com\/wp-content\/uploads\/2021\/03\/neo-tarot1-scaled.jpg","datePublished":"2021-03-02T21:27:27+00:00","dateModified":"2024-03-03T04:39:03+00:00","breadcrumb":{"@id":"https:\/\/june-paris.com\/produit\/neo-tarot\/#breadcrumb"},"inLanguage":"en-US","potentialAction":[{"@type":"ReadAction","target":["https:\/\/june-paris.com\/produit\/neo-tarot\/"]}]},{"@type":"ImageObject","inLanguage":"en-US","@id":"https:\/\/june-paris.com\/produit\/neo-tarot\/#primaryimage","url":"https:\/\/june-paris.com\/wp-content\/uploads\/2021\/03\/neo-tarot1-scaled.jpg","contentUrl":"https:\/\/june-paris.com\/wp-content\/uploads\/2021\/03\/neo-tarot1-scaled.jpg","width":1000,"height":1500,"caption":"Neo Tarot, Laugh of the moon, Laugh of artist, Victoria Gasperi, Boutique en ligne, Boutique en ligne spirituelle, Boutique en ligne \u00e9sot\u00e9rique, Boutique \u00e9sot\u00e9rique, Boutique spirituelle, Spiritualit\u00e9, Encens, Fumigation, Oracles, Jeux divinatoires, Librairie spirituelle, Rituel, Rituels, Encens, Encens Palo Santo, Palo Santo, Sauge, Sauge blanche, Sauge blanche 7 chakras, Sauge blanche de californie, B\u00e2ton de yerba, Coquille d'ormeau, Tarot, Tarots, Livre spirituel, Tirages, \u00c9nergie, \u00c9nergie spirituelle, Divination"},{"@type":"BreadcrumbList","@id":"https:\/\/june-paris.com\/produit\/neo-tarot\/#breadcrumb","itemListElement":[{"@type":"ListItem","position":1,"name":"Accueil","item":"https:\/\/june-paris.com\/"},{"@type":"ListItem","position":2,"name":"Shop","item":"https:\/\/june-paris.com\/shop\/"},{"@type":"ListItem","position":3,"name":"Neo Tarot"}]},{"@type":"WebSite","@id":"https:\/\/june-paris.com\/#website","url":"https:\/\/june-paris.com\/","name":"June Paris","description":"","publisher":{"@id":"https:\/\/june-paris.com\/#organization"},"potentialAction":[{"@type":"SearchAction","target":{"@type":"EntryPoint","urlTemplate":"https:\/\/june-paris.com\/?s={search_term_string}"},"query-input":{"@type":"PropertyValueSpecification","valueRequired":true,"valueName":"search_term_string"}}],"inLanguage":"en-US"},{"@type":"Organization","@id":"https:\/\/june-paris.com\/#organization","name":"Laugh of the moon","url":"https:\/\/june-paris.com\/","logo":{"@type":"ImageObject","inLanguage":"en-US","@id":"https:\/\/june-paris.com\/#\/schema\/logo\/image\/","url":"https:\/\/june-paris.com\/wp-content\/uploads\/2021\/03\/logofini.png","contentUrl":"https:\/\/june-paris.com\/wp-content\/uploads\/2021\/03\/logofini.png","width":250,"height":48,"caption":"Laugh of the moon"},"image":{"@id":"https:\/\/june-paris.com\/#\/schema\/logo\/image\/"}}]}},"_links":{"self":[{"href":"https:\/\/june-paris.com\/en\/wp-json\/wp\/v2\/product\/183","targetHints":{"allow":["GET"]}}],"collection":[{"href":"https:\/\/june-paris.com\/en\/wp-json\/wp\/v2\/product"}],"about":[{"href":"https:\/\/june-paris.com\/en\/wp-json\/wp\/v2\/types\/product"}],"replies":[{"embeddable":true,"href":"https:\/\/june-paris.com\/en\/wp-json\/wp\/v2\/comments?post=183"}],"wp:featuredmedia":[{"embeddable":true,"href":"https:\/\/june-paris.com\/en\/wp-json\/wp\/v2\/media\/793"}],"wp:attachment":[{"href":"https:\/\/june-paris.com\/en\/wp-json\/wp\/v2\/media?parent=183"}],"wp:term":[{"taxonomy":"product_brand","embeddable":true,"href":"https:\/\/june-paris.com\/en\/wp-json\/wp\/v2\/product_brand?post=183"},{"taxonomy":"product_cat","embeddable":true,"href":"https:\/\/june-paris.com\/en\/wp-json\/wp\/v2\/product_cat?post=183"},{"taxonomy":"product_tag","embeddable":true,"href":"https:\/\/june-paris.com\/en\/wp-json\/wp\/v2\/product_tag?post=183"}],"curies":[{"name":"wp","href":"https:\/\/api.w.org\/{rel}","templated":true}]}}