{"id":181,"date":"2021-03-02T21:17:29","date_gmt":"2021-03-02T21:17:29","guid":{"rendered":"https:\/\/laughofthemoon.thedesigner.fr\/?post_type=product&#038;p=181"},"modified":"2021-11-24T23:53:13","modified_gmt":"2021-11-24T23:53:13","slug":"kit-sauge-palo-santo","status":"publish","type":"product","link":"https:\/\/june-paris.com\/en\/product\/kit-sauge-palo-santo\/","title":{"rendered":"Sage + Palo Santo Kit"},"content":{"rendered":"<p>&nbsp;<\/p>\n<table style=\"border-collapse: collapse; width: 100%; height: 72px;\">\n<tbody>\n<tr style=\"height: 24px;\">\n<td style=\"width: 50%; height: 24px;\">MATERIAL<\/td>\n<td style=\"width: 50%; height: 24px;\">Salvia Apiana (White Sage), Palo Santo Wood<\/td>\n<\/tr>\n<tr style=\"height: 24px;\">\n<td style=\"width: 50%; height: 24px;\">SIZE<\/td>\n<td style=\"width: 50%; height: 24px;\">Approximately 15cm (sage) and 10cm (stick)<\/td>\n<\/tr>\n<tr style=\"height: 24px;\">\n<td style=\"width: 50%; height: 24px;\">ORIGIN<\/td>\n<td style=\"width: 50%; height: 24px;\">California (USA), Peru (South America)<\/td>\n<\/tr>\n<\/tbody>\n<\/table>\n<table style=\"border-collapse: collapse; width: 100%;\">\n<tbody>\n<tr>\n<td style=\"width: 100%;\">GARANTIE D\u2019ORIGINE &#8211; \u00c9CO RESPONSABLE<\/td>\n<\/tr>\n<\/tbody>\n<\/table>","protected":false},"excerpt":{"rendered":"<p class=\"p1\" style=\"text-align: center;\">SAGE 50G + 2 STICKS OF PALO SANTO<\/p>\n<p>Combining white sage and sacred wood sticks to cleanse both your environment and your spirit. The white sage and Palo Santo have been\nused for thousands of years in cleansing rituals and healing by numerous cultures.<\/p>\n<p>Both plants with multiple virtues and Peruvian sacred wood are used during fumigation rituals.<\/p>\n<p>They protect and remove negative energy, purify your spirit and the environment.<\/p>\n<p>Ils prot\u00e8gent et d\u00e9charge les lieux des \u00e9nergies n\u00e9gatives, purifient votre esprit ou les \u00e9v\u00e8nements.<br \/>\nCes deux outils permettent tous deux de se connecter au monde spirituel et d&rsquo;amplifier vos sens.<br \/>\nTraditionally, these rituals are accompanied by prayers, wishes and create an environment that enables care and healing.<\/p>\n<ul>\n<li>Pour purifier la maison, ouvrir les fen\u00eatres. Allumer votre b\u00e2ton (de Palo Santo ou de Sauge) avec une allumette. Une fois le b\u00e2ton bien allum\u00e9, patienter jusqu\u2019\u00e0 ce qu\u2019une fum\u00e9e et odeur s\u2019en \u00e9chappent. \u00c9teindre le b\u00e2ton et l&rsquo;agiter dans chaque pi\u00e8ce dans le sens des aiguilles d&rsquo;une montre jusqu\u2019\u00e0 votre point de d\u00e9part pour disperser la fum\u00e9e. (Il est pr\u00e9f\u00e9rable de se d\u00e9placer avec un r\u00e9ceptacle pour r\u00e9ceptionner les cendres)<\/li>\n<li>Leave the stick to burn in an appropriate recipient and put it out slowly once the process is finished.<\/li>\n<\/ul>","protected":false},"featured_media":782,"comment_status":"open","ping_status":"closed","template":"","meta":[],"product_brand":[],"product_cat":[18],"product_tag":[24,25],"class_list":{"0":"post-181","1":"product","2":"type-product","3":"status-publish","4":"has-post-thumbnail","6":"product_cat-encens-fumigation","7":"product_tag-palo-santo","8":"product_tag-sauge","10":"first","11":"instock","12":"taxable","13":"shipping-taxable","14":"purchasable","15":"product-type-simple"},"yoast_head":"<!-- This site is optimized with the Yoast SEO plugin v25.6 - https:\/\/yoast.com\/wordpress\/plugins\/seo\/ -->\n<title>Kit Sauge + Palo Santo - June Paris<\/title>\n<meta name=\"robots\" content=\"index, follow, max-snippet:-1, max-image-preview:large, max-video-preview:-1\" \/>\n<link rel=\"canonical\" href=\"https:\/\/june-paris.com\/en\/product\/kit-sauge-palo-santo\/\" \/>\n<meta property=\"og:locale\" content=\"en_US\" \/>\n<meta property=\"og:type\" content=\"article\" \/>\n<meta property=\"og:title\" content=\"Kit Sauge + Palo Santo - June Paris\" \/>\n<meta property=\"og:description\" content=\"SAUGE 50G + 2 B\u00c2TONS DE PALO SANTO Associer les vertus de la sauge blanche et b\u00e2tons de bois sacr\u00e9 pour purifier votre environnement et votre esprit.  La sauge blanche &amp; Le Palo Santo sont utilis\u00e9s depuis des milliers d\u2019ann\u00e9es en rituel de purification et de gu\u00e9rison par de nombreuses cultures.  Respectivement, plantes aux multiples vertus et bois sacr\u00e9 p\u00e9ruvien, ils sont essentiellement utilis\u00e9s lors de \u00ab rituel de fumigation \u00bb.  Ils prot\u00e8gent et d\u00e9charge les lieux des \u00e9nergies n\u00e9gatives, purifient votre esprit ou les \u00e9v\u00e8nements. Ces deux outils permettent tous deux de se connecter au monde spirituel et d&#039;amplifier vos sens. Traditionnellement, ces rituels sont accompagn\u00e9s de pri\u00e8res, d\u2019intentions et permettent de cr\u00e9er un environnement favorable au soin et \u00e0 la gu\u00e9rison.   Pour purifier la maison, ouvrir les fen\u00eatres. Allumer votre b\u00e2ton (de Palo Santo ou de Sauge) avec une allumette. Une fois le b\u00e2ton bien allum\u00e9, patienter jusqu\u2019\u00e0 ce qu\u2019une fum\u00e9e et odeur s\u2019en \u00e9chappent. \u00c9teindre le b\u00e2ton et l&#039;agiter dans chaque pi\u00e8ce dans le sens des aiguilles d&#039;une montre jusqu\u2019\u00e0 votre point de d\u00e9part pour disperser la fum\u00e9e. (Il est pr\u00e9f\u00e9rable de se d\u00e9placer avec un r\u00e9ceptacle pour r\u00e9ceptionner les cendres)  Laisser le b\u00e2ton se consumer dans un r\u00e9cipient adapt\u00e9 et s\u2019\u00e9teindre lentement lorsque le processus est termin\u00e9.\" \/>\n<meta property=\"og:url\" content=\"https:\/\/june-paris.com\/en\/product\/kit-sauge-palo-santo\/\" \/>\n<meta property=\"og:site_name\" content=\"June Paris\" \/>\n<meta property=\"article:modified_time\" content=\"2021-11-24T23:53:13+00:00\" \/>\n<meta property=\"og:image\" content=\"https:\/\/june-paris.com\/wp-content\/uploads\/2021\/03\/ESHOP-27-scaled.jpg\" \/>\n\t<meta property=\"og:image:width\" content=\"1129\" \/>\n\t<meta property=\"og:image:height\" content=\"1500\" \/>\n\t<meta property=\"og:image:type\" content=\"image\/jpeg\" \/>\n<meta name=\"twitter:card\" content=\"summary_large_image\" \/>\n<script type=\"application\/ld+json\" class=\"yoast-schema-graph\">{\"@context\":\"https:\/\/schema.org\",\"@graph\":[{\"@type\":\"WebPage\",\"@id\":\"https:\/\/june-paris.com\/produit\/kit-sauge-palo-santo\/\",\"url\":\"https:\/\/june-paris.com\/produit\/kit-sauge-palo-santo\/\",\"name\":\"Kit Sauge + Palo Santo - June Paris\",\"isPartOf\":{\"@id\":\"https:\/\/june-paris.com\/#website\"},\"primaryImageOfPage\":{\"@id\":\"https:\/\/june-paris.com\/produit\/kit-sauge-palo-santo\/#primaryimage\"},\"image\":{\"@id\":\"https:\/\/june-paris.com\/produit\/kit-sauge-palo-santo\/#primaryimage\"},\"thumbnailUrl\":\"https:\/\/june-paris.com\/wp-content\/uploads\/2021\/03\/ESHOP-27-scaled.jpg\",\"datePublished\":\"2021-03-02T21:17:29+00:00\",\"dateModified\":\"2021-11-24T23:53:13+00:00\",\"breadcrumb\":{\"@id\":\"https:\/\/june-paris.com\/produit\/kit-sauge-palo-santo\/#breadcrumb\"},\"inLanguage\":\"en-US\",\"potentialAction\":[{\"@type\":\"ReadAction\",\"target\":[\"https:\/\/june-paris.com\/produit\/kit-sauge-palo-santo\/\"]}]},{\"@type\":\"ImageObject\",\"inLanguage\":\"en-US\",\"@id\":\"https:\/\/june-paris.com\/produit\/kit-sauge-palo-santo\/#primaryimage\",\"url\":\"https:\/\/june-paris.com\/wp-content\/uploads\/2021\/03\/ESHOP-27-scaled.jpg\",\"contentUrl\":\"https:\/\/june-paris.com\/wp-content\/uploads\/2021\/03\/ESHOP-27-scaled.jpg\",\"width\":1129,\"height\":1500,\"caption\":\"Kit Sauge + Palo Santo, Sauge, Palo Santo, Laugh of the moon, Laugh of artist, Victoria Gasperi, Boutique en ligne, Boutique en ligne spirituelle, Boutique en ligne \u00e9sot\u00e9rique, Boutique \u00e9sot\u00e9rique, Boutique spirituelle, Spiritualit\u00e9, Encens, Fumigation, Oracles, Jeux divinatoires, Librairie spirituelle, Rituel, Rituels, Encens, Encens Palo Santo, Palo Santo, Sauge, Sauge blanche, Sauge blanche 7 chakras, Sauge blanche de californie, B\u00e2ton de yerba, Coquille d'ormeau, Tarot, Tarots, Livre spirituel, Tirages, \u00c9nergie, \u00c9nergie spirituelle, Divination\"},{\"@type\":\"BreadcrumbList\",\"@id\":\"https:\/\/june-paris.com\/produit\/kit-sauge-palo-santo\/#breadcrumb\",\"itemListElement\":[{\"@type\":\"ListItem\",\"position\":1,\"name\":\"Accueil\",\"item\":\"https:\/\/june-paris.com\/\"},{\"@type\":\"ListItem\",\"position\":2,\"name\":\"Shop\",\"item\":\"https:\/\/june-paris.com\/shop\/\"},{\"@type\":\"ListItem\",\"position\":3,\"name\":\"Kit Sauge + Palo Santo\"}]},{\"@type\":\"WebSite\",\"@id\":\"https:\/\/june-paris.com\/#website\",\"url\":\"https:\/\/june-paris.com\/\",\"name\":\"June Paris\",\"description\":\"\",\"publisher\":{\"@id\":\"https:\/\/june-paris.com\/#organization\"},\"potentialAction\":[{\"@type\":\"SearchAction\",\"target\":{\"@type\":\"EntryPoint\",\"urlTemplate\":\"https:\/\/june-paris.com\/?s={search_term_string}\"},\"query-input\":{\"@type\":\"PropertyValueSpecification\",\"valueRequired\":true,\"valueName\":\"search_term_string\"}}],\"inLanguage\":\"en-US\"},{\"@type\":\"Organization\",\"@id\":\"https:\/\/june-paris.com\/#organization\",\"name\":\"Laugh of the moon\",\"url\":\"https:\/\/june-paris.com\/\",\"logo\":{\"@type\":\"ImageObject\",\"inLanguage\":\"en-US\",\"@id\":\"https:\/\/june-paris.com\/#\/schema\/logo\/image\/\",\"url\":\"https:\/\/june-paris.com\/wp-content\/uploads\/2021\/03\/logofini.png\",\"contentUrl\":\"https:\/\/june-paris.com\/wp-content\/uploads\/2021\/03\/logofini.png\",\"width\":250,\"height\":48,\"caption\":\"Laugh of the moon\"},\"image\":{\"@id\":\"https:\/\/june-paris.com\/#\/schema\/logo\/image\/\"}}]}<\/script>\n<!-- \/ Yoast SEO plugin. -->","yoast_head_json":{"title":"Kit Sauge + Palo Santo - June Paris","robots":{"index":"index","follow":"follow","max-snippet":"max-snippet:-1","max-image-preview":"max-image-preview:large","max-video-preview":"max-video-preview:-1"},"canonical":"https:\/\/june-paris.com\/en\/product\/kit-sauge-palo-santo\/","og_locale":"en_US","og_type":"article","og_title":"Kit Sauge + Palo Santo - June Paris","og_description":"SAUGE 50G + 2 B\u00c2TONS DE PALO SANTO Associer les vertus de la sauge blanche et b\u00e2tons de bois sacr\u00e9 pour purifier votre environnement et votre esprit.  La sauge blanche &amp; Le Palo Santo sont utilis\u00e9s depuis des milliers d\u2019ann\u00e9es en rituel de purification et de gu\u00e9rison par de nombreuses cultures.  Respectivement, plantes aux multiples vertus et bois sacr\u00e9 p\u00e9ruvien, ils sont essentiellement utilis\u00e9s lors de \u00ab rituel de fumigation \u00bb.  Ils prot\u00e8gent et d\u00e9charge les lieux des \u00e9nergies n\u00e9gatives, purifient votre esprit ou les \u00e9v\u00e8nements. Ces deux outils permettent tous deux de se connecter au monde spirituel et d'amplifier vos sens. Traditionnellement, ces rituels sont accompagn\u00e9s de pri\u00e8res, d\u2019intentions et permettent de cr\u00e9er un environnement favorable au soin et \u00e0 la gu\u00e9rison.   Pour purifier la maison, ouvrir les fen\u00eatres. Allumer votre b\u00e2ton (de Palo Santo ou de Sauge) avec une allumette. Une fois le b\u00e2ton bien allum\u00e9, patienter jusqu\u2019\u00e0 ce qu\u2019une fum\u00e9e et odeur s\u2019en \u00e9chappent. \u00c9teindre le b\u00e2ton et l'agiter dans chaque pi\u00e8ce dans le sens des aiguilles d'une montre jusqu\u2019\u00e0 votre point de d\u00e9part pour disperser la fum\u00e9e. (Il est pr\u00e9f\u00e9rable de se d\u00e9placer avec un r\u00e9ceptacle pour r\u00e9ceptionner les cendres)  Laisser le b\u00e2ton se consumer dans un r\u00e9cipient adapt\u00e9 et s\u2019\u00e9teindre lentement lorsque le processus est termin\u00e9.","og_url":"https:\/\/june-paris.com\/en\/product\/kit-sauge-palo-santo\/","og_site_name":"June Paris","article_modified_time":"2021-11-24T23:53:13+00:00","og_image":[{"width":1129,"height":1500,"url":"https:\/\/june-paris.com\/wp-content\/uploads\/2021\/03\/ESHOP-27-scaled.jpg","type":"image\/jpeg"}],"twitter_card":"summary_large_image","schema":{"@context":"https:\/\/schema.org","@graph":[{"@type":"WebPage","@id":"https:\/\/june-paris.com\/produit\/kit-sauge-palo-santo\/","url":"https:\/\/june-paris.com\/produit\/kit-sauge-palo-santo\/","name":"Kit Sauge + Palo Santo - June Paris","isPartOf":{"@id":"https:\/\/june-paris.com\/#website"},"primaryImageOfPage":{"@id":"https:\/\/june-paris.com\/produit\/kit-sauge-palo-santo\/#primaryimage"},"image":{"@id":"https:\/\/june-paris.com\/produit\/kit-sauge-palo-santo\/#primaryimage"},"thumbnailUrl":"https:\/\/june-paris.com\/wp-content\/uploads\/2021\/03\/ESHOP-27-scaled.jpg","datePublished":"2021-03-02T21:17:29+00:00","dateModified":"2021-11-24T23:53:13+00:00","breadcrumb":{"@id":"https:\/\/june-paris.com\/produit\/kit-sauge-palo-santo\/#breadcrumb"},"inLanguage":"en-US","potentialAction":[{"@type":"ReadAction","target":["https:\/\/june-paris.com\/produit\/kit-sauge-palo-santo\/"]}]},{"@type":"ImageObject","inLanguage":"en-US","@id":"https:\/\/june-paris.com\/produit\/kit-sauge-palo-santo\/#primaryimage","url":"https:\/\/june-paris.com\/wp-content\/uploads\/2021\/03\/ESHOP-27-scaled.jpg","contentUrl":"https:\/\/june-paris.com\/wp-content\/uploads\/2021\/03\/ESHOP-27-scaled.jpg","width":1129,"height":1500,"caption":"Kit Sauge + Palo Santo, Sauge, Palo Santo, Laugh of the moon, Laugh of artist, Victoria Gasperi, Boutique en ligne, Boutique en ligne spirituelle, Boutique en ligne \u00e9sot\u00e9rique, Boutique \u00e9sot\u00e9rique, Boutique spirituelle, Spiritualit\u00e9, Encens, Fumigation, Oracles, Jeux divinatoires, Librairie spirituelle, Rituel, Rituels, Encens, Encens Palo Santo, Palo Santo, Sauge, Sauge blanche, Sauge blanche 7 chakras, Sauge blanche de californie, B\u00e2ton de yerba, Coquille d'ormeau, Tarot, Tarots, Livre spirituel, Tirages, \u00c9nergie, \u00c9nergie spirituelle, Divination"},{"@type":"BreadcrumbList","@id":"https:\/\/june-paris.com\/produit\/kit-sauge-palo-santo\/#breadcrumb","itemListElement":[{"@type":"ListItem","position":1,"name":"Accueil","item":"https:\/\/june-paris.com\/"},{"@type":"ListItem","position":2,"name":"Shop","item":"https:\/\/june-paris.com\/shop\/"},{"@type":"ListItem","position":3,"name":"Kit Sauge + Palo Santo"}]},{"@type":"WebSite","@id":"https:\/\/june-paris.com\/#website","url":"https:\/\/june-paris.com\/","name":"June Paris","description":"","publisher":{"@id":"https:\/\/june-paris.com\/#organization"},"potentialAction":[{"@type":"SearchAction","target":{"@type":"EntryPoint","urlTemplate":"https:\/\/june-paris.com\/?s={search_term_string}"},"query-input":{"@type":"PropertyValueSpecification","valueRequired":true,"valueName":"search_term_string"}}],"inLanguage":"en-US"},{"@type":"Organization","@id":"https:\/\/june-paris.com\/#organization","name":"Laugh of the moon","url":"https:\/\/june-paris.com\/","logo":{"@type":"ImageObject","inLanguage":"en-US","@id":"https:\/\/june-paris.com\/#\/schema\/logo\/image\/","url":"https:\/\/june-paris.com\/wp-content\/uploads\/2021\/03\/logofini.png","contentUrl":"https:\/\/june-paris.com\/wp-content\/uploads\/2021\/03\/logofini.png","width":250,"height":48,"caption":"Laugh of the moon"},"image":{"@id":"https:\/\/june-paris.com\/#\/schema\/logo\/image\/"}}]}},"_links":{"self":[{"href":"https:\/\/june-paris.com\/en\/wp-json\/wp\/v2\/product\/181","targetHints":{"allow":["GET"]}}],"collection":[{"href":"https:\/\/june-paris.com\/en\/wp-json\/wp\/v2\/product"}],"about":[{"href":"https:\/\/june-paris.com\/en\/wp-json\/wp\/v2\/types\/product"}],"replies":[{"embeddable":true,"href":"https:\/\/june-paris.com\/en\/wp-json\/wp\/v2\/comments?post=181"}],"wp:featuredmedia":[{"embeddable":true,"href":"https:\/\/june-paris.com\/en\/wp-json\/wp\/v2\/media\/782"}],"wp:attachment":[{"href":"https:\/\/june-paris.com\/en\/wp-json\/wp\/v2\/media?parent=181"}],"wp:term":[{"taxonomy":"product_brand","embeddable":true,"href":"https:\/\/june-paris.com\/en\/wp-json\/wp\/v2\/product_brand?post=181"},{"taxonomy":"product_cat","embeddable":true,"href":"https:\/\/june-paris.com\/en\/wp-json\/wp\/v2\/product_cat?post=181"},{"taxonomy":"product_tag","embeddable":true,"href":"https:\/\/june-paris.com\/en\/wp-json\/wp\/v2\/product_tag?post=181"}],"curies":[{"name":"wp","href":"https:\/\/api.w.org\/{rel}","templated":true}]}}