{"id":177,"date":"2021-03-02T21:11:49","date_gmt":"2021-03-02T21:11:49","guid":{"rendered":"https:\/\/laughofthemoon.thedesigner.fr\/?post_type=product&#038;p=177"},"modified":"2022-09-16T15:14:02","modified_gmt":"2022-09-16T15:14:02","slug":"sauge-blanche-de-californie","status":"publish","type":"product","link":"https:\/\/june-paris.com\/en\/product\/sauge-blanche-de-californie\/","title":{"rendered":"California white sage"},"content":{"rendered":"<p>&nbsp;<\/p>\n<table style=\"border-collapse: collapse; width: 100%; height: 72px;\">\n<tbody>\n<tr style=\"height: 24px;\">\n<td style=\"width: 50%; height: 24px;\">MATERIAL<\/td>\n<td style=\"width: 50%; height: 24px;\">Salvia Apiana (White Sage)<\/td>\n<\/tr>\n<tr style=\"height: 24px;\">\n<td style=\"width: 50%; height: 24px;\">SIZE<\/td>\n<td style=\"width: 50%; height: 24px;\">Approximately 11cm (for 25-30g) and 15cm (for 50g)<\/td>\n<\/tr>\n<tr style=\"height: 24px;\">\n<td style=\"width: 50%; height: 24px;\">ORIGIN<\/td>\n<td style=\"width: 50%; height: 24px;\">California, USA<\/td>\n<\/tr>\n<\/tbody>\n<\/table>\n<table style=\"border-collapse: collapse; width: 100%;\">\n<tbody>\n<tr>\n<td style=\"width: 100%;\">GARANTIE D\u2019ORIGINE &#8211; \u00c9CO RESPONSABLE<\/td>\n<\/tr>\n<\/tbody>\n<\/table>","protected":false},"excerpt":{"rendered":"<p>Du latin \u00ab\u00a0salvare\u00a0\u00bb qui signifie \u00ab\u00a0gu\u00e9rir \u00bb, <strong>\"salvare\"<\/strong> which signifies \"to cure\", white sage has been used for thousands of years by numerous different cultures as a ritual of cleansing and of healing.<\/p>\n<p>As they are plants with multiple virtues, white sage is essentially used during \u201csmoke rituals\u201d to both cleanse and protect your living areas\nand your spirit.<\/p>\n<p>En fumigation, elle d\u00e9charge les lieux des \u00e9nergies n\u00e9gatives, purifie votre esprit ou les \u00e9v\u00e8nements. Elle permet de se connecter au monde spirituel et d&rsquo;amplifier vos sens.<br \/>\nTraditionally, this ritual is accompanied by prayers and wishes and creates an environment that enables care and healing.<\/p>\n<p>To use during a meditation session whenever you feel the need or during your moon rituals.<\/p>\n<p><strong>How to use ?<\/strong><\/p>\n<ul>\n<li>Pour purifier la maison, ouvrez les fen\u00eatres. Allumer le bout du b\u00e2ton \u00e0 l\u2019aide d\u2019une allumette. Une fois la sauge bien allum\u00e9e, l&rsquo;\u00e9teindre pour disperser la fum\u00e9e dans un r\u00e9ceptacle adapt\u00e9 si vous n\u2019avez pas de coquille d\u2019abalone.. Faire le tour de chaque pi\u00e8ce dans le sens des aiguilles d&rsquo;une montre jusqu\u2019\u00e0 votre point de d\u00e9part en agitant le b\u00e2ton dans l&rsquo;air pour disperser la fum\u00e9e, \u00e0 l&rsquo;aide d&rsquo;une plume ou de la main, pour la purification. Pour \u00e9viter tout accident, utiliser une coquille pour transporter et \u00e9teindre le b\u00e2ton de sauge au cours du rituel. Pour \u00e9teindre compl\u00e8tement le b\u00e2ton, \u00e9craser le bout en braise au fond de la coquille et s&rsquo;assurer qu&rsquo;il est bien \u00e9teint avant de le ranger.<\/li>\n<li>To cleanse a person or an object, open the windows, light the end of the white sage stick with a match or a lighter and disperse the smoke\nwith movements up and down, forwards and backwards.<\/li>\n<\/ul>\n<p>Pour compl\u00e8tement \u00e9teindre le b\u00e2ton, \u00e9craser le bout en braise au fond de la coquille et s&rsquo;assurer qu&rsquo;il est bien \u00e9teint avant de le ranger.<\/p>\n<ul>\n<li>Apr\u00e8s ce rituel, vous pouvez placer les cendres sur le seuil de la porte pour prot\u00e9ger l&rsquo;entr\u00e9e de votre maison.<\/li>\n<\/ul>","protected":false},"featured_media":714,"comment_status":"open","ping_status":"closed","template":"","meta":[],"product_brand":[],"product_cat":[18],"product_tag":[23],"class_list":{"0":"post-177","1":"product","2":"type-product","3":"status-publish","4":"has-post-thumbnail","6":"product_cat-encens-fumigation","7":"product_tag-sauge-blanche","9":"first","10":"instock","11":"taxable","12":"shipping-taxable","13":"purchasable","14":"product-type-variable"},"yoast_head":"<!-- This site is optimized with the Yoast SEO plugin v25.6 - https:\/\/yoast.com\/wordpress\/plugins\/seo\/ -->\n<title>Sauge blanche de Californie - June Paris<\/title>\n<meta name=\"robots\" content=\"index, follow, max-snippet:-1, max-image-preview:large, max-video-preview:-1\" \/>\n<link rel=\"canonical\" href=\"https:\/\/june-paris.com\/en\/product\/sauge-blanche-de-californie\/\" \/>\n<meta property=\"og:locale\" content=\"en_US\" \/>\n<meta property=\"og:type\" content=\"article\" \/>\n<meta property=\"og:title\" content=\"Sauge blanche de Californie - June Paris\" \/>\n<meta property=\"og:description\" content=\"Du latin &quot;salvare&quot; qui signifie &quot;gu\u00e9rir \u00bb, la sauge blanche est utilis\u00e9e depuis des milliers d\u2019ann\u00e9es en rituel de purification et de gu\u00e9rison par de nombreuses cultures.  Plantes aux multiples vertus, essentiellement utilis\u00e9e lors de \u00ab rituel de fum\u00e9e \u00bb elle purifie et prot\u00e8ge vos espaces de vie et votre esprit.  En fumigation, elle d\u00e9charge les lieux des \u00e9nergies n\u00e9gatives, purifie votre esprit ou les \u00e9v\u00e8nements. Elle permet de se connecter au monde spirituel et d&#039;amplifier vos sens. Traditionnellement, ce rituel est accompagn\u00e9 de pri\u00e8res, d\u2019intentions et permet de cr\u00e9er un environnement favorable au soin et \u00e0 la gu\u00e9rison.  A utiliser lors d\u2019une s\u00e9ance de m\u00e9ditation, lorsque vous en ressentez le besoin ou encore lors de vos rituels de lune.  Comment l\u2019utiliser ?   Pour purifier la maison, ouvrez les fen\u00eatres. Allumer le bout du b\u00e2ton \u00e0 l\u2019aide d\u2019une allumette. Une fois la sauge bien allum\u00e9e, l&#039;\u00e9teindre pour disperser la fum\u00e9e dans un r\u00e9ceptacle adapt\u00e9 si vous n\u2019avez pas de coquille d\u2019abalone.. Faire le tour de chaque pi\u00e8ce dans le sens des aiguilles d&#039;une montre jusqu\u2019\u00e0 votre point de d\u00e9part en agitant le b\u00e2ton dans l&#039;air pour disperser la fum\u00e9e, \u00e0 l&#039;aide d&#039;une plume ou de la main, pour la purification. Pour \u00e9viter tout accident, utiliser une coquille pour transporter et \u00e9teindre le b\u00e2ton de sauge au cours du rituel. Pour \u00e9teindre compl\u00e8tement le b\u00e2ton, \u00e9craser le bout en braise au fond de la coquille et s&#039;assurer qu&#039;il est bien \u00e9teint avant de le ranger.  Pour purifier une personne ou un objet, ouvrir les fen\u00eatres, allumer le bout du b\u00e2ton \u00e0 l\u2019aide d\u2019une allumette ou d\u2019un briquet et disperser la fum\u00e9e de bas en haut, en avant et en arri\u00e8re.  Pour compl\u00e8tement \u00e9teindre le b\u00e2ton, \u00e9craser le bout en braise au fond de la coquille et s&#039;assurer qu&#039;il est bien \u00e9teint avant de le ranger.   Apr\u00e8s ce rituel, vous pouvez placer les cendres sur le seuil de la porte pour prot\u00e9ger l&#039;entr\u00e9e de votre maison.\" \/>\n<meta property=\"og:url\" content=\"https:\/\/june-paris.com\/en\/product\/sauge-blanche-de-californie\/\" \/>\n<meta property=\"og:site_name\" content=\"June Paris\" \/>\n<meta property=\"article:modified_time\" content=\"2022-09-16T15:14:02+00:00\" \/>\n<meta property=\"og:image\" content=\"https:\/\/june-paris.com\/wp-content\/uploads\/2021\/03\/ENCENS-ET-FUMIGATION--scaled.jpg\" \/>\n\t<meta property=\"og:image:width\" content=\"1000\" \/>\n\t<meta property=\"og:image:height\" content=\"1500\" \/>\n\t<meta property=\"og:image:type\" content=\"image\/jpeg\" \/>\n<meta name=\"twitter:card\" content=\"summary_large_image\" \/>\n<meta name=\"twitter:label1\" content=\"Est. reading time\" \/>\n\t<meta name=\"twitter:data1\" content=\"1 minute\" \/>\n<script type=\"application\/ld+json\" class=\"yoast-schema-graph\">{\"@context\":\"https:\/\/schema.org\",\"@graph\":[{\"@type\":\"WebPage\",\"@id\":\"https:\/\/june-paris.com\/produit\/sauge-blanche-de-californie\/\",\"url\":\"https:\/\/june-paris.com\/produit\/sauge-blanche-de-californie\/\",\"name\":\"Sauge blanche de Californie - June Paris\",\"isPartOf\":{\"@id\":\"https:\/\/june-paris.com\/#website\"},\"primaryImageOfPage\":{\"@id\":\"https:\/\/june-paris.com\/produit\/sauge-blanche-de-californie\/#primaryimage\"},\"image\":{\"@id\":\"https:\/\/june-paris.com\/produit\/sauge-blanche-de-californie\/#primaryimage\"},\"thumbnailUrl\":\"https:\/\/june-paris.com\/wp-content\/uploads\/2021\/03\/ENCENS-ET-FUMIGATION--scaled.jpg\",\"datePublished\":\"2021-03-02T21:11:49+00:00\",\"dateModified\":\"2022-09-16T15:14:02+00:00\",\"breadcrumb\":{\"@id\":\"https:\/\/june-paris.com\/produit\/sauge-blanche-de-californie\/#breadcrumb\"},\"inLanguage\":\"en-US\",\"potentialAction\":[{\"@type\":\"ReadAction\",\"target\":[\"https:\/\/june-paris.com\/produit\/sauge-blanche-de-californie\/\"]}]},{\"@type\":\"ImageObject\",\"inLanguage\":\"en-US\",\"@id\":\"https:\/\/june-paris.com\/produit\/sauge-blanche-de-californie\/#primaryimage\",\"url\":\"https:\/\/june-paris.com\/wp-content\/uploads\/2021\/03\/ENCENS-ET-FUMIGATION--scaled.jpg\",\"contentUrl\":\"https:\/\/june-paris.com\/wp-content\/uploads\/2021\/03\/ENCENS-ET-FUMIGATION--scaled.jpg\",\"width\":1000,\"height\":1500,\"caption\":\"Encens et fumigation, Laugh of the moon, Laugh of artist, Victoria Gasperi, Boutique en ligne, Boutique en ligne spirituelle, Boutique en ligne \u00e9sot\u00e9rique, Boutique \u00e9sot\u00e9rique, Boutique spirituelle, Spiritualit\u00e9, Encens, Fumigation, Oracles, Jeux divinatoires, Librairie spirituelle, Rituel, Rituels, Encens, Encens Palo Santo, Palo Santo, Sauge, Sauge blanche, Sauge blanche 7 chakras, Sauge blanche de californie, B\u00e2ton de yerba, Coquille d'ormeau, Tarot, Tarots, Livre spirituel, Tirages, \u00c9nergie, \u00c9nergie spirituelle, Divination\"},{\"@type\":\"BreadcrumbList\",\"@id\":\"https:\/\/june-paris.com\/produit\/sauge-blanche-de-californie\/#breadcrumb\",\"itemListElement\":[{\"@type\":\"ListItem\",\"position\":1,\"name\":\"Accueil\",\"item\":\"https:\/\/june-paris.com\/\"},{\"@type\":\"ListItem\",\"position\":2,\"name\":\"Shop\",\"item\":\"https:\/\/june-paris.com\/shop\/\"},{\"@type\":\"ListItem\",\"position\":3,\"name\":\"Sauge blanche de Californie\"}]},{\"@type\":\"WebSite\",\"@id\":\"https:\/\/june-paris.com\/#website\",\"url\":\"https:\/\/june-paris.com\/\",\"name\":\"June Paris\",\"description\":\"\",\"publisher\":{\"@id\":\"https:\/\/june-paris.com\/#organization\"},\"potentialAction\":[{\"@type\":\"SearchAction\",\"target\":{\"@type\":\"EntryPoint\",\"urlTemplate\":\"https:\/\/june-paris.com\/?s={search_term_string}\"},\"query-input\":{\"@type\":\"PropertyValueSpecification\",\"valueRequired\":true,\"valueName\":\"search_term_string\"}}],\"inLanguage\":\"en-US\"},{\"@type\":\"Organization\",\"@id\":\"https:\/\/june-paris.com\/#organization\",\"name\":\"Laugh of the moon\",\"url\":\"https:\/\/june-paris.com\/\",\"logo\":{\"@type\":\"ImageObject\",\"inLanguage\":\"en-US\",\"@id\":\"https:\/\/june-paris.com\/#\/schema\/logo\/image\/\",\"url\":\"https:\/\/june-paris.com\/wp-content\/uploads\/2021\/03\/logofini.png\",\"contentUrl\":\"https:\/\/june-paris.com\/wp-content\/uploads\/2021\/03\/logofini.png\",\"width\":250,\"height\":48,\"caption\":\"Laugh of the moon\"},\"image\":{\"@id\":\"https:\/\/june-paris.com\/#\/schema\/logo\/image\/\"}}]}<\/script>\n<!-- \/ Yoast SEO plugin. -->","yoast_head_json":{"title":"Sauge blanche de Californie - June Paris","robots":{"index":"index","follow":"follow","max-snippet":"max-snippet:-1","max-image-preview":"max-image-preview:large","max-video-preview":"max-video-preview:-1"},"canonical":"https:\/\/june-paris.com\/en\/product\/sauge-blanche-de-californie\/","og_locale":"en_US","og_type":"article","og_title":"Sauge blanche de Californie - June Paris","og_description":"Du latin \"salvare\" qui signifie \"gu\u00e9rir \u00bb, la sauge blanche est utilis\u00e9e depuis des milliers d\u2019ann\u00e9es en rituel de purification et de gu\u00e9rison par de nombreuses cultures.  Plantes aux multiples vertus, essentiellement utilis\u00e9e lors de \u00ab rituel de fum\u00e9e \u00bb elle purifie et prot\u00e8ge vos espaces de vie et votre esprit.  En fumigation, elle d\u00e9charge les lieux des \u00e9nergies n\u00e9gatives, purifie votre esprit ou les \u00e9v\u00e8nements. Elle permet de se connecter au monde spirituel et d'amplifier vos sens. Traditionnellement, ce rituel est accompagn\u00e9 de pri\u00e8res, d\u2019intentions et permet de cr\u00e9er un environnement favorable au soin et \u00e0 la gu\u00e9rison.  A utiliser lors d\u2019une s\u00e9ance de m\u00e9ditation, lorsque vous en ressentez le besoin ou encore lors de vos rituels de lune.  Comment l\u2019utiliser ?   Pour purifier la maison, ouvrez les fen\u00eatres. Allumer le bout du b\u00e2ton \u00e0 l\u2019aide d\u2019une allumette. Une fois la sauge bien allum\u00e9e, l'\u00e9teindre pour disperser la fum\u00e9e dans un r\u00e9ceptacle adapt\u00e9 si vous n\u2019avez pas de coquille d\u2019abalone.. Faire le tour de chaque pi\u00e8ce dans le sens des aiguilles d'une montre jusqu\u2019\u00e0 votre point de d\u00e9part en agitant le b\u00e2ton dans l'air pour disperser la fum\u00e9e, \u00e0 l'aide d'une plume ou de la main, pour la purification. Pour \u00e9viter tout accident, utiliser une coquille pour transporter et \u00e9teindre le b\u00e2ton de sauge au cours du rituel. Pour \u00e9teindre compl\u00e8tement le b\u00e2ton, \u00e9craser le bout en braise au fond de la coquille et s'assurer qu'il est bien \u00e9teint avant de le ranger.  Pour purifier une personne ou un objet, ouvrir les fen\u00eatres, allumer le bout du b\u00e2ton \u00e0 l\u2019aide d\u2019une allumette ou d\u2019un briquet et disperser la fum\u00e9e de bas en haut, en avant et en arri\u00e8re.  Pour compl\u00e8tement \u00e9teindre le b\u00e2ton, \u00e9craser le bout en braise au fond de la coquille et s'assurer qu'il est bien \u00e9teint avant de le ranger.   Apr\u00e8s ce rituel, vous pouvez placer les cendres sur le seuil de la porte pour prot\u00e9ger l'entr\u00e9e de votre maison.","og_url":"https:\/\/june-paris.com\/en\/product\/sauge-blanche-de-californie\/","og_site_name":"June Paris","article_modified_time":"2022-09-16T15:14:02+00:00","og_image":[{"width":1000,"height":1500,"url":"https:\/\/june-paris.com\/wp-content\/uploads\/2021\/03\/ENCENS-ET-FUMIGATION--scaled.jpg","type":"image\/jpeg"}],"twitter_card":"summary_large_image","twitter_misc":{"Est. reading time":"1 minute"},"schema":{"@context":"https:\/\/schema.org","@graph":[{"@type":"WebPage","@id":"https:\/\/june-paris.com\/produit\/sauge-blanche-de-californie\/","url":"https:\/\/june-paris.com\/produit\/sauge-blanche-de-californie\/","name":"Sauge blanche de Californie - June Paris","isPartOf":{"@id":"https:\/\/june-paris.com\/#website"},"primaryImageOfPage":{"@id":"https:\/\/june-paris.com\/produit\/sauge-blanche-de-californie\/#primaryimage"},"image":{"@id":"https:\/\/june-paris.com\/produit\/sauge-blanche-de-californie\/#primaryimage"},"thumbnailUrl":"https:\/\/june-paris.com\/wp-content\/uploads\/2021\/03\/ENCENS-ET-FUMIGATION--scaled.jpg","datePublished":"2021-03-02T21:11:49+00:00","dateModified":"2022-09-16T15:14:02+00:00","breadcrumb":{"@id":"https:\/\/june-paris.com\/produit\/sauge-blanche-de-californie\/#breadcrumb"},"inLanguage":"en-US","potentialAction":[{"@type":"ReadAction","target":["https:\/\/june-paris.com\/produit\/sauge-blanche-de-californie\/"]}]},{"@type":"ImageObject","inLanguage":"en-US","@id":"https:\/\/june-paris.com\/produit\/sauge-blanche-de-californie\/#primaryimage","url":"https:\/\/june-paris.com\/wp-content\/uploads\/2021\/03\/ENCENS-ET-FUMIGATION--scaled.jpg","contentUrl":"https:\/\/june-paris.com\/wp-content\/uploads\/2021\/03\/ENCENS-ET-FUMIGATION--scaled.jpg","width":1000,"height":1500,"caption":"Encens et fumigation, Laugh of the moon, Laugh of artist, Victoria Gasperi, Boutique en ligne, Boutique en ligne spirituelle, Boutique en ligne \u00e9sot\u00e9rique, Boutique \u00e9sot\u00e9rique, Boutique spirituelle, Spiritualit\u00e9, Encens, Fumigation, Oracles, Jeux divinatoires, Librairie spirituelle, Rituel, Rituels, Encens, Encens Palo Santo, Palo Santo, Sauge, Sauge blanche, Sauge blanche 7 chakras, Sauge blanche de californie, B\u00e2ton de yerba, Coquille d'ormeau, Tarot, Tarots, Livre spirituel, Tirages, \u00c9nergie, \u00c9nergie spirituelle, Divination"},{"@type":"BreadcrumbList","@id":"https:\/\/june-paris.com\/produit\/sauge-blanche-de-californie\/#breadcrumb","itemListElement":[{"@type":"ListItem","position":1,"name":"Accueil","item":"https:\/\/june-paris.com\/"},{"@type":"ListItem","position":2,"name":"Shop","item":"https:\/\/june-paris.com\/shop\/"},{"@type":"ListItem","position":3,"name":"Sauge blanche de Californie"}]},{"@type":"WebSite","@id":"https:\/\/june-paris.com\/#website","url":"https:\/\/june-paris.com\/","name":"June Paris","description":"","publisher":{"@id":"https:\/\/june-paris.com\/#organization"},"potentialAction":[{"@type":"SearchAction","target":{"@type":"EntryPoint","urlTemplate":"https:\/\/june-paris.com\/?s={search_term_string}"},"query-input":{"@type":"PropertyValueSpecification","valueRequired":true,"valueName":"search_term_string"}}],"inLanguage":"en-US"},{"@type":"Organization","@id":"https:\/\/june-paris.com\/#organization","name":"Laugh of the moon","url":"https:\/\/june-paris.com\/","logo":{"@type":"ImageObject","inLanguage":"en-US","@id":"https:\/\/june-paris.com\/#\/schema\/logo\/image\/","url":"https:\/\/june-paris.com\/wp-content\/uploads\/2021\/03\/logofini.png","contentUrl":"https:\/\/june-paris.com\/wp-content\/uploads\/2021\/03\/logofini.png","width":250,"height":48,"caption":"Laugh of the moon"},"image":{"@id":"https:\/\/june-paris.com\/#\/schema\/logo\/image\/"}}]}},"_links":{"self":[{"href":"https:\/\/june-paris.com\/en\/wp-json\/wp\/v2\/product\/177","targetHints":{"allow":["GET"]}}],"collection":[{"href":"https:\/\/june-paris.com\/en\/wp-json\/wp\/v2\/product"}],"about":[{"href":"https:\/\/june-paris.com\/en\/wp-json\/wp\/v2\/types\/product"}],"replies":[{"embeddable":true,"href":"https:\/\/june-paris.com\/en\/wp-json\/wp\/v2\/comments?post=177"}],"wp:featuredmedia":[{"embeddable":true,"href":"https:\/\/june-paris.com\/en\/wp-json\/wp\/v2\/media\/714"}],"wp:attachment":[{"href":"https:\/\/june-paris.com\/en\/wp-json\/wp\/v2\/media?parent=177"}],"wp:term":[{"taxonomy":"product_brand","embeddable":true,"href":"https:\/\/june-paris.com\/en\/wp-json\/wp\/v2\/product_brand?post=177"},{"taxonomy":"product_cat","embeddable":true,"href":"https:\/\/june-paris.com\/en\/wp-json\/wp\/v2\/product_cat?post=177"},{"taxonomy":"product_tag","embeddable":true,"href":"https:\/\/june-paris.com\/en\/wp-json\/wp\/v2\/product_tag?post=177"}],"curies":[{"name":"wp","href":"https:\/\/api.w.org\/{rel}","templated":true}]}}