{"id":176,"date":"2021-03-02T20:59:15","date_gmt":"2021-03-02T20:59:15","guid":{"rendered":"https:\/\/laughofthemoon.thedesigner.fr\/?post_type=product&#038;p=176"},"modified":"2025-01-07T22:57:08","modified_gmt":"2025-01-07T22:57:08","slug":"smudging-kit","status":"publish","type":"product","link":"https:\/\/june-paris.com\/en\/product\/smudging-kit\/","title":{"rendered":"Smudging Kit"},"content":{"rendered":"<p>&nbsp;<\/p>\n<table style=\"border-collapse: collapse; width: 100%; height: 72px;\">\n<tbody>\n<tr style=\"height: 24px;\">\n<td style=\"width: 50%; height: 24px;\">MATERIAL<\/td>\n<td style=\"width: 50%; height: 24px;\">Salvia Apiana (Sauge Blanche) + Sauge Noire Yerba Santa + Palo Santo<\/td>\n<\/tr>\n<tr style=\"height: 24px;\">\n<td style=\"width: 50%; height: 24px;\">SIZE<\/td>\n<td style=\"width: 50%; height: 24px;\">Approximately 10cm<\/td>\n<\/tr>\n<tr style=\"height: 24px;\">\n<td style=\"width: 50%; height: 24px;\">ORIGIN<\/td>\n<td style=\"width: 50%; height: 24px;\">\u00c9tats-Unis et P\u00e9rou<\/td>\n<\/tr>\n<\/tbody>\n<\/table>\n<table style=\"border-collapse: collapse; width: 100%;\">\n<tbody>\n<tr>\n<td style=\"width: 100%;\">GARANTIE D\u2019ORIGINE &#8211; \u00c9CO RESPONSABLE<\/td>\n<\/tr>\n<\/tbody>\n<\/table>","protected":false},"excerpt":{"rendered":"<p>3 steps for Cleansing You and your place.<\/p>\n<p>LE KIT COMPREND : UN FAGOT DE SAUGE BLANCHE\u00a0 30G+ UN STICK DE PALO SANTO + UN FAGOT SAUGE NOIRE YERBA SANTA 25G + COQUILLE D\u2019ORMEAU NATURELLE (10-12cm)<\/p>\n<p><strong>Step 1 - White Sage -  CLEANSE NEGATIVE<\/strong><\/p>\n<p>White Sage is traditionally used by Native Americans for energetic cleansing. Its bitter scent repels all kinds of energy, preparing the ground for attracting positive vibrations.<\/p>\n<p><strong>MODE D\u2019EMPLOI :<\/strong> Ouvrir une fen\u00eatre ou une porte pour laisser entrer l\u2019air frais. Tenir le c\u00f4t\u00e9 de la tige du b\u00e2ton. Allumer la pointe et souffler doucement la flamme. Placer le paquet fumant dans la coquille d\u2019ormeau.<br \/>\nBody Cleansing : For astral purification first bathe your hands in the smoke and then spread the smoke all over your body.<br \/>\nRoom Cleansing : While holding the bundle over the abalone shell, begin from the doorway and move around the room in a clockwise manner with the intention to push the negative energy out.<br \/>\nIf you\u2019re smudging a house continue with each room finishing at the front door where you will extinguish the smoldering embers by rubbing them inside the abalone shell. Afterwards you may place the ashes on the doorstep to protect the entrance to your home.<\/p>\n<p><strong>Step 2 - Palo Santo \u2013 ATTRACT POSITIVE<\/strong><\/p>\n<p>The role of Palo Santo (\u201cHoly Wood\u201d) in shamanic and spiritual traditions is dated back thousands of years to the Incas. Palo Santo has a fresh and pleasant fragrance that attracts positive energy, creativity, and healing, and its smoke promotes deep concentration and meditation.<br \/>\nHOW TO USE : Hold the stick by one end and light the other end. Allow it to burn for a moment and then gently blow out the flame. Place it into the abalone shell and allow it to smolder, releasing its mystical fragrance and healing power into the environment. To extinguish, rub the smoldering end inside the abalone shell.<\/p>\n<p><strong>Step 3 - Yerba Santa \u2013TRANSCEND<\/strong><\/p>\n<p>The medicinal and spiritual benefits of Yerba Santa (\u2018Sacred Herb\u2019) have been long sought after by Native American cultures for centuries. Its sweet and uplifting scent is used to promote protection, growth, healing, beauty, and strength. Yerba Santa may be used in addition to, or in place of, Palo Santo to fortify health and strength.<\/p>\n<p>HOW TO USE : Light the tip of the bundle; then gently blow out the flame. Hold it over the abalone shell and slowly move it in a circular motion around a picture or an imaginary image of someone special or in need, while saying a prayer or a mantra. To extinguish, rub the smoldering end inside the abalone shell.<\/p>\n<p><strong>WARNING : Fire hazard.<\/strong><br \/>\nDo not leave burning smudges unattended. Use only over a fireproof plate or bowl and away from flammable objects and surfaces. Extinguish thoroughly before disposal. When burning any smudging herb, open a window or a door to circulate fresh air.<br \/>\nNever disperse hot embers into the environment ; they are a fire hazard.<\/p>","protected":false},"featured_media":919,"comment_status":"open","ping_status":"closed","template":"","meta":[],"product_brand":[],"product_cat":[18],"product_tag":[30,24,23,29],"class_list":{"0":"post-176","1":"product","2":"type-product","3":"status-publish","4":"has-post-thumbnail","6":"product_cat-encens-fumigation","7":"product_tag-coquille-dormeau","8":"product_tag-palo-santo","9":"product_tag-sauge-blanche","10":"product_tag-yerba-santa","12":"first","13":"instock","14":"featured","15":"taxable","16":"shipping-taxable","17":"purchasable","18":"product-type-simple"},"yoast_head":"<!-- This site is optimized with the Yoast SEO plugin v25.6 - https:\/\/yoast.com\/wordpress\/plugins\/seo\/ -->\n<title>Smudging Kit - June Paris<\/title>\n<meta name=\"robots\" content=\"index, follow, max-snippet:-1, max-image-preview:large, max-video-preview:-1\" \/>\n<link rel=\"canonical\" href=\"https:\/\/june-paris.com\/en\/product\/smudging-kit\/\" \/>\n<meta property=\"og:locale\" content=\"en_US\" \/>\n<meta property=\"og:type\" content=\"article\" \/>\n<meta property=\"og:title\" content=\"Smudging Kit - June Paris\" \/>\n<meta property=\"og:description\" content=\"Un kit de fumigation pour nettoyer votre esprit et votre lieu de vie, en trois \u00e9tapes.  LE KIT COMPREND : UN FAGOT DE SAUGE BLANCHE\u00a0 30G+ UN STICK DE PALO SANTO + UN FAGOT SAUGE NOIRE YERBA SANTA 25G + COQUILLE D\u2019ORMEAU NATURELLE (10-12cm)  \u00c9tape 1 \u2013 Sauge blanche \u2013 NETTOYER LE N\u00c9GATIF  La sauge blanche est traditionnellement utilis\u00e9e par les Am\u00e9rindiens pour un nettoyage \u00e9nerg\u00e9tique. Son parfum amer repousse toutes sortes d\u2019\u00e9nergie, pr\u00e9parant le terrain pour attirer les vibrations positives.  MODE D\u2019EMPLOI : Ouvrir une fen\u00eatre ou une porte pour laisser entrer l\u2019air frais. Tenir le c\u00f4t\u00e9 de la tige du b\u00e2ton. Allumer la pointe et souffler doucement la flamme. Placer le paquet fumant dans la coquille d\u2019ormeau. Nettoyage du corps : Pour la purification astrale, baigner d\u2019abord vos mains dans la fum\u00e9e, puis r\u00e9pandre la fum\u00e9e sur tout votre corps. Nettoyage de la pi\u00e8ce : tout en maintenant le paquet sur la coquille d\u2019ormeau, commencer par la porte et se d\u00e9placer dans la pi\u00e8ce dans le sens des aiguilles d\u2019une montre avec l\u2019intention d\u2019\u00e9loigner les \u00e9nergies n\u00e9gatives. Apr\u00e8s ce rituel, vous pouvez placer les cendres sur le seuil de la porte pour prot\u00e9ger l\u2019entr\u00e9e de votre maison.  \u00c9tape 2 \u2013 Palo Santo \u2013 ATTIRER LE POSITIF  Le r\u00f4le du Palo Santo (\u00abBois sacr\u00e9\u00bb) dans les traditions chamaniques et spirituelles remonte \u00e0 des milliers d\u2019ann\u00e9es, aux Incas. Le Palo Santo a un parfum frais et agr\u00e9able qui attire l\u2019\u00e9nergie positive, la cr\u00e9ativit\u00e9 et la gu\u00e9rison, et sa fum\u00e9e favorise une concentration et une m\u00e9ditation profondes. MODE D\u2019EMPLOI : Tenir le b\u00e2ton par une extr\u00e9mit\u00e9 et allumer l\u2019autre extr\u00e9mit\u00e9. Laisser-le br\u00fbler pendant un moment, puis \u00e9teindre doucement la flamme. Placer-le dans la coquille d\u2019ormeau et laissez-le br\u00fbler, lib\u00e9rant son parfum mystique et son pouvoir de gu\u00e9rison dans l\u2019environnement. Pour \u00e9teindre, frotter l\u2019extr\u00e9mit\u00e9 \u00e0 l\u2019int\u00e9rieur de la coquille d\u2019ormeau.  \u00c9tape 3 \u2013 Yerba Santa \u2013TRANSCENDER  Les bienfaits m\u00e9dicinaux et spirituels de la Yerba Santa (\u00abherbe sacr\u00e9e\u00bb) sont depuis longtemps recherch\u00e9s par les cultures am\u00e9rindiennes depuis des si\u00e8cles. Son parfum doux et exaltant est utilis\u00e9 pour favoriser la protection, la croissance, la gu\u00e9rison, la beaut\u00e9 et la force. Yerba Santa peut \u00eatre utilis\u00e9e en plus ou \u00e0 la place du Palo Santo pour renforcer la sant\u00e9 et la force.  MODE D\u2019EMPLOI : Allumer la pointe du paquet; puis souffler doucement la flamme. Le tenir sur la coquille d\u2019ormeau et le d\u00e9placer lentement dans un mouvement circulaire autour d\u2019une image ou d\u2019une image imaginaire de quelqu\u2019un de sp\u00e9cial ou dans le besoin, tout en disant une pri\u00e8re ou un mantra. Pour \u00e9teindre, frottez l\u2019extr\u00e9mit\u00e9 qui couve \u00e0 l\u2019int\u00e9rieur de la coquille d\u2019ormeau.  AVERTISSEMENT : Risque d\u2019incendie. Utiliser uniquement dans un r\u00e9ceptacle adapt\u00e9 et loin des objets et surfaces inflammables. Lorsque vous br\u00fblez une herbe macul\u00e9e, ouvrir une fen\u00eatre ou une porte pour faire circuler l\u2019air frais et \u00e9teindre compl\u00e8tement le b\u00e2ton avant de le laisser sans surveillance. Ne jamais disperser de braises chaudes dans l\u2019environnement ; ils repr\u00e9sentent un risque d\u2019incendie.\" \/>\n<meta property=\"og:url\" content=\"https:\/\/june-paris.com\/en\/product\/smudging-kit\/\" \/>\n<meta property=\"og:site_name\" content=\"June Paris\" \/>\n<meta property=\"article:modified_time\" content=\"2025-01-07T22:57:08+00:00\" \/>\n<meta property=\"og:image\" content=\"https:\/\/june-paris.com\/wp-content\/uploads\/2021\/03\/smudging-kit-5-scaled.jpg\" \/>\n\t<meta property=\"og:image:width\" content=\"1707\" \/>\n\t<meta property=\"og:image:height\" content=\"2560\" \/>\n\t<meta property=\"og:image:type\" content=\"image\/jpeg\" \/>\n<meta name=\"twitter:card\" content=\"summary_large_image\" \/>\n<meta name=\"twitter:label1\" content=\"Est. reading time\" \/>\n\t<meta name=\"twitter:data1\" content=\"1 minute\" \/>\n<script type=\"application\/ld+json\" class=\"yoast-schema-graph\">{\"@context\":\"https:\/\/schema.org\",\"@graph\":[{\"@type\":\"WebPage\",\"@id\":\"https:\/\/june-paris.com\/produit\/smudging-kit\/\",\"url\":\"https:\/\/june-paris.com\/produit\/smudging-kit\/\",\"name\":\"Smudging Kit - June Paris\",\"isPartOf\":{\"@id\":\"https:\/\/june-paris.com\/#website\"},\"primaryImageOfPage\":{\"@id\":\"https:\/\/june-paris.com\/produit\/smudging-kit\/#primaryimage\"},\"image\":{\"@id\":\"https:\/\/june-paris.com\/produit\/smudging-kit\/#primaryimage\"},\"thumbnailUrl\":\"https:\/\/june-paris.com\/wp-content\/uploads\/2021\/03\/smudging-kit-5-scaled.jpg\",\"datePublished\":\"2021-03-02T20:59:15+00:00\",\"dateModified\":\"2025-01-07T22:57:08+00:00\",\"breadcrumb\":{\"@id\":\"https:\/\/june-paris.com\/produit\/smudging-kit\/#breadcrumb\"},\"inLanguage\":\"en-US\",\"potentialAction\":[{\"@type\":\"ReadAction\",\"target\":[\"https:\/\/june-paris.com\/produit\/smudging-kit\/\"]}]},{\"@type\":\"ImageObject\",\"inLanguage\":\"en-US\",\"@id\":\"https:\/\/june-paris.com\/produit\/smudging-kit\/#primaryimage\",\"url\":\"https:\/\/june-paris.com\/wp-content\/uploads\/2021\/03\/smudging-kit-5-scaled.jpg\",\"contentUrl\":\"https:\/\/june-paris.com\/wp-content\/uploads\/2021\/03\/smudging-kit-5-scaled.jpg\",\"width\":1707,\"height\":2560},{\"@type\":\"BreadcrumbList\",\"@id\":\"https:\/\/june-paris.com\/produit\/smudging-kit\/#breadcrumb\",\"itemListElement\":[{\"@type\":\"ListItem\",\"position\":1,\"name\":\"Accueil\",\"item\":\"https:\/\/june-paris.com\/\"},{\"@type\":\"ListItem\",\"position\":2,\"name\":\"Shop\",\"item\":\"https:\/\/june-paris.com\/shop\/\"},{\"@type\":\"ListItem\",\"position\":3,\"name\":\"Smudging Kit\"}]},{\"@type\":\"WebSite\",\"@id\":\"https:\/\/june-paris.com\/#website\",\"url\":\"https:\/\/june-paris.com\/\",\"name\":\"June Paris\",\"description\":\"\",\"publisher\":{\"@id\":\"https:\/\/june-paris.com\/#organization\"},\"potentialAction\":[{\"@type\":\"SearchAction\",\"target\":{\"@type\":\"EntryPoint\",\"urlTemplate\":\"https:\/\/june-paris.com\/?s={search_term_string}\"},\"query-input\":{\"@type\":\"PropertyValueSpecification\",\"valueRequired\":true,\"valueName\":\"search_term_string\"}}],\"inLanguage\":\"en-US\"},{\"@type\":\"Organization\",\"@id\":\"https:\/\/june-paris.com\/#organization\",\"name\":\"Laugh of the moon\",\"url\":\"https:\/\/june-paris.com\/\",\"logo\":{\"@type\":\"ImageObject\",\"inLanguage\":\"en-US\",\"@id\":\"https:\/\/june-paris.com\/#\/schema\/logo\/image\/\",\"url\":\"https:\/\/june-paris.com\/wp-content\/uploads\/2021\/03\/logofini.png\",\"contentUrl\":\"https:\/\/june-paris.com\/wp-content\/uploads\/2021\/03\/logofini.png\",\"width\":250,\"height\":48,\"caption\":\"Laugh of the moon\"},\"image\":{\"@id\":\"https:\/\/june-paris.com\/#\/schema\/logo\/image\/\"}}]}<\/script>\n<!-- \/ Yoast SEO plugin. -->","yoast_head_json":{"title":"Smudging Kit - June Paris","robots":{"index":"index","follow":"follow","max-snippet":"max-snippet:-1","max-image-preview":"max-image-preview:large","max-video-preview":"max-video-preview:-1"},"canonical":"https:\/\/june-paris.com\/en\/product\/smudging-kit\/","og_locale":"en_US","og_type":"article","og_title":"Smudging Kit - June Paris","og_description":"Un kit de fumigation pour nettoyer votre esprit et votre lieu de vie, en trois \u00e9tapes.  LE KIT COMPREND : UN FAGOT DE SAUGE BLANCHE\u00a0 30G+ UN STICK DE PALO SANTO + UN FAGOT SAUGE NOIRE YERBA SANTA 25G + COQUILLE D\u2019ORMEAU NATURELLE (10-12cm)  \u00c9tape 1 \u2013 Sauge blanche \u2013 NETTOYER LE N\u00c9GATIF  La sauge blanche est traditionnellement utilis\u00e9e par les Am\u00e9rindiens pour un nettoyage \u00e9nerg\u00e9tique. Son parfum amer repousse toutes sortes d\u2019\u00e9nergie, pr\u00e9parant le terrain pour attirer les vibrations positives.  MODE D\u2019EMPLOI : Ouvrir une fen\u00eatre ou une porte pour laisser entrer l\u2019air frais. Tenir le c\u00f4t\u00e9 de la tige du b\u00e2ton. Allumer la pointe et souffler doucement la flamme. Placer le paquet fumant dans la coquille d\u2019ormeau. Nettoyage du corps : Pour la purification astrale, baigner d\u2019abord vos mains dans la fum\u00e9e, puis r\u00e9pandre la fum\u00e9e sur tout votre corps. Nettoyage de la pi\u00e8ce : tout en maintenant le paquet sur la coquille d\u2019ormeau, commencer par la porte et se d\u00e9placer dans la pi\u00e8ce dans le sens des aiguilles d\u2019une montre avec l\u2019intention d\u2019\u00e9loigner les \u00e9nergies n\u00e9gatives. Apr\u00e8s ce rituel, vous pouvez placer les cendres sur le seuil de la porte pour prot\u00e9ger l\u2019entr\u00e9e de votre maison.  \u00c9tape 2 \u2013 Palo Santo \u2013 ATTIRER LE POSITIF  Le r\u00f4le du Palo Santo (\u00abBois sacr\u00e9\u00bb) dans les traditions chamaniques et spirituelles remonte \u00e0 des milliers d\u2019ann\u00e9es, aux Incas. Le Palo Santo a un parfum frais et agr\u00e9able qui attire l\u2019\u00e9nergie positive, la cr\u00e9ativit\u00e9 et la gu\u00e9rison, et sa fum\u00e9e favorise une concentration et une m\u00e9ditation profondes. MODE D\u2019EMPLOI : Tenir le b\u00e2ton par une extr\u00e9mit\u00e9 et allumer l\u2019autre extr\u00e9mit\u00e9. Laisser-le br\u00fbler pendant un moment, puis \u00e9teindre doucement la flamme. Placer-le dans la coquille d\u2019ormeau et laissez-le br\u00fbler, lib\u00e9rant son parfum mystique et son pouvoir de gu\u00e9rison dans l\u2019environnement. Pour \u00e9teindre, frotter l\u2019extr\u00e9mit\u00e9 \u00e0 l\u2019int\u00e9rieur de la coquille d\u2019ormeau.  \u00c9tape 3 \u2013 Yerba Santa \u2013TRANSCENDER  Les bienfaits m\u00e9dicinaux et spirituels de la Yerba Santa (\u00abherbe sacr\u00e9e\u00bb) sont depuis longtemps recherch\u00e9s par les cultures am\u00e9rindiennes depuis des si\u00e8cles. Son parfum doux et exaltant est utilis\u00e9 pour favoriser la protection, la croissance, la gu\u00e9rison, la beaut\u00e9 et la force. Yerba Santa peut \u00eatre utilis\u00e9e en plus ou \u00e0 la place du Palo Santo pour renforcer la sant\u00e9 et la force.  MODE D\u2019EMPLOI : Allumer la pointe du paquet; puis souffler doucement la flamme. Le tenir sur la coquille d\u2019ormeau et le d\u00e9placer lentement dans un mouvement circulaire autour d\u2019une image ou d\u2019une image imaginaire de quelqu\u2019un de sp\u00e9cial ou dans le besoin, tout en disant une pri\u00e8re ou un mantra. Pour \u00e9teindre, frottez l\u2019extr\u00e9mit\u00e9 qui couve \u00e0 l\u2019int\u00e9rieur de la coquille d\u2019ormeau.  AVERTISSEMENT : Risque d\u2019incendie. Utiliser uniquement dans un r\u00e9ceptacle adapt\u00e9 et loin des objets et surfaces inflammables. Lorsque vous br\u00fblez une herbe macul\u00e9e, ouvrir une fen\u00eatre ou une porte pour faire circuler l\u2019air frais et \u00e9teindre compl\u00e8tement le b\u00e2ton avant de le laisser sans surveillance. Ne jamais disperser de braises chaudes dans l\u2019environnement ; ils repr\u00e9sentent un risque d\u2019incendie.","og_url":"https:\/\/june-paris.com\/en\/product\/smudging-kit\/","og_site_name":"June Paris","article_modified_time":"2025-01-07T22:57:08+00:00","og_image":[{"width":1707,"height":2560,"url":"https:\/\/june-paris.com\/wp-content\/uploads\/2021\/03\/smudging-kit-5-scaled.jpg","type":"image\/jpeg"}],"twitter_card":"summary_large_image","twitter_misc":{"Est. reading time":"1 minute"},"schema":{"@context":"https:\/\/schema.org","@graph":[{"@type":"WebPage","@id":"https:\/\/june-paris.com\/produit\/smudging-kit\/","url":"https:\/\/june-paris.com\/produit\/smudging-kit\/","name":"Smudging Kit - June Paris","isPartOf":{"@id":"https:\/\/june-paris.com\/#website"},"primaryImageOfPage":{"@id":"https:\/\/june-paris.com\/produit\/smudging-kit\/#primaryimage"},"image":{"@id":"https:\/\/june-paris.com\/produit\/smudging-kit\/#primaryimage"},"thumbnailUrl":"https:\/\/june-paris.com\/wp-content\/uploads\/2021\/03\/smudging-kit-5-scaled.jpg","datePublished":"2021-03-02T20:59:15+00:00","dateModified":"2025-01-07T22:57:08+00:00","breadcrumb":{"@id":"https:\/\/june-paris.com\/produit\/smudging-kit\/#breadcrumb"},"inLanguage":"en-US","potentialAction":[{"@type":"ReadAction","target":["https:\/\/june-paris.com\/produit\/smudging-kit\/"]}]},{"@type":"ImageObject","inLanguage":"en-US","@id":"https:\/\/june-paris.com\/produit\/smudging-kit\/#primaryimage","url":"https:\/\/june-paris.com\/wp-content\/uploads\/2021\/03\/smudging-kit-5-scaled.jpg","contentUrl":"https:\/\/june-paris.com\/wp-content\/uploads\/2021\/03\/smudging-kit-5-scaled.jpg","width":1707,"height":2560},{"@type":"BreadcrumbList","@id":"https:\/\/june-paris.com\/produit\/smudging-kit\/#breadcrumb","itemListElement":[{"@type":"ListItem","position":1,"name":"Accueil","item":"https:\/\/june-paris.com\/"},{"@type":"ListItem","position":2,"name":"Shop","item":"https:\/\/june-paris.com\/shop\/"},{"@type":"ListItem","position":3,"name":"Smudging Kit"}]},{"@type":"WebSite","@id":"https:\/\/june-paris.com\/#website","url":"https:\/\/june-paris.com\/","name":"June Paris","description":"","publisher":{"@id":"https:\/\/june-paris.com\/#organization"},"potentialAction":[{"@type":"SearchAction","target":{"@type":"EntryPoint","urlTemplate":"https:\/\/june-paris.com\/?s={search_term_string}"},"query-input":{"@type":"PropertyValueSpecification","valueRequired":true,"valueName":"search_term_string"}}],"inLanguage":"en-US"},{"@type":"Organization","@id":"https:\/\/june-paris.com\/#organization","name":"Laugh of the moon","url":"https:\/\/june-paris.com\/","logo":{"@type":"ImageObject","inLanguage":"en-US","@id":"https:\/\/june-paris.com\/#\/schema\/logo\/image\/","url":"https:\/\/june-paris.com\/wp-content\/uploads\/2021\/03\/logofini.png","contentUrl":"https:\/\/june-paris.com\/wp-content\/uploads\/2021\/03\/logofini.png","width":250,"height":48,"caption":"Laugh of the moon"},"image":{"@id":"https:\/\/june-paris.com\/#\/schema\/logo\/image\/"}}]}},"_links":{"self":[{"href":"https:\/\/june-paris.com\/en\/wp-json\/wp\/v2\/product\/176","targetHints":{"allow":["GET"]}}],"collection":[{"href":"https:\/\/june-paris.com\/en\/wp-json\/wp\/v2\/product"}],"about":[{"href":"https:\/\/june-paris.com\/en\/wp-json\/wp\/v2\/types\/product"}],"replies":[{"embeddable":true,"href":"https:\/\/june-paris.com\/en\/wp-json\/wp\/v2\/comments?post=176"}],"wp:featuredmedia":[{"embeddable":true,"href":"https:\/\/june-paris.com\/en\/wp-json\/wp\/v2\/media\/919"}],"wp:attachment":[{"href":"https:\/\/june-paris.com\/en\/wp-json\/wp\/v2\/media?parent=176"}],"wp:term":[{"taxonomy":"product_brand","embeddable":true,"href":"https:\/\/june-paris.com\/en\/wp-json\/wp\/v2\/product_brand?post=176"},{"taxonomy":"product_cat","embeddable":true,"href":"https:\/\/june-paris.com\/en\/wp-json\/wp\/v2\/product_cat?post=176"},{"taxonomy":"product_tag","embeddable":true,"href":"https:\/\/june-paris.com\/en\/wp-json\/wp\/v2\/product_tag?post=176"}],"curies":[{"name":"wp","href":"https:\/\/api.w.org\/{rel}","templated":true}]}}