{"id":1706,"date":"2021-12-29T10:38:36","date_gmt":"2021-12-29T10:38:36","guid":{"rendered":"https:\/\/june-paris.com\/?post_type=product&#038;p=1706"},"modified":"2024-07-08T23:32:55","modified_gmt":"2024-07-08T23:32:55","slug":"romain","status":"publish","type":"product","link":"https:\/\/june-paris.com\/en\/product\/romain\/","title":{"rendered":"Romain"},"content":{"rendered":"<div>Je suis Romain Rigault, sophrologue certifi\u00e9 RNCP*.<\/div>\n<div>Depuis un an, j&rsquo;ai d\u00e9cid\u00e9 de me former \u00e0 la sophrologie afin de vous apporter des outils pour retrouver un bien-\u00eatre au quotidien et d\u00e9velopper votre potentiel, vos capacit\u00e9s.<\/div>\n<div>A domicile ou en visio, je vous propose une s\u00e9ance d&rsquo;une heure durant laquelle je vous accompagne \u00e0 travers des exercices de respiration et de visualisation favorisant la d\u00e9tente mentale et physique.<\/div>\n<div><\/div>\n<div>*Certification Professionnelle de Sophrologue enregistr\u00e9e au R\u00e9pertoire National de la Certification Professionnelle permettant notamment une prise en charge de votre mutuelle.<\/div>","protected":false},"excerpt":{"rendered":"<p>Je suis Romain Rigault, sophrologue certifi\u00e9 RNCP*. Depuis un an, j&rsquo;ai d\u00e9cid\u00e9 de me former \u00e0 la sophrologie afin de [&hellip;]<\/p>","protected":false},"featured_media":1930,"comment_status":"open","ping_status":"closed","template":"","meta":[],"product_brand":[],"product_cat":[50],"product_tag":[],"class_list":{"0":"post-1706","1":"product","2":"type-product","3":"status-publish","4":"has-post-thumbnail","6":"product_cat-sophrologie","8":"first","9":"instock","10":"taxable","11":"shipping-taxable","12":"purchasable","13":"product-type-variable"},"yoast_head":"<!-- This site is optimized with the Yoast SEO plugin v25.6 - https:\/\/yoast.com\/wordpress\/plugins\/seo\/ -->\n<title>Romain - June Paris<\/title>\n<meta name=\"robots\" content=\"index, follow, max-snippet:-1, max-image-preview:large, max-video-preview:-1\" \/>\n<link rel=\"canonical\" href=\"https:\/\/june-paris.com\/en\/product\/romain\/\" \/>\n<meta property=\"og:locale\" content=\"en_US\" \/>\n<meta property=\"og:type\" content=\"article\" \/>\n<meta property=\"og:title\" content=\"Romain - June Paris\" \/>\n<meta property=\"og:description\" content=\"Je suis Romain Rigault, sophrologue certifi\u00e9 RNCP*. Depuis un an, j&rsquo;ai d\u00e9cid\u00e9 de me former \u00e0 la sophrologie afin de [&hellip;]\" \/>\n<meta property=\"og:url\" content=\"https:\/\/june-paris.com\/en\/product\/romain\/\" \/>\n<meta property=\"og:site_name\" content=\"June Paris\" \/>\n<meta property=\"article:modified_time\" content=\"2024-07-08T23:32:55+00:00\" \/>\n<meta property=\"og:image\" content=\"https:\/\/june-paris.com\/wp-content\/uploads\/2021\/12\/274820822_487946846198185_2466336877326866812_n.jpg\" \/>\n\t<meta property=\"og:image:width\" content=\"1920\" \/>\n\t<meta property=\"og:image:height\" content=\"1920\" \/>\n\t<meta property=\"og:image:type\" content=\"image\/jpeg\" \/>\n<meta name=\"twitter:card\" content=\"summary_large_image\" \/>\n<meta name=\"twitter:label1\" content=\"Est. reading time\" \/>\n\t<meta name=\"twitter:data1\" content=\"1 minute\" \/>\n<script type=\"application\/ld+json\" class=\"yoast-schema-graph\">{\"@context\":\"https:\/\/schema.org\",\"@graph\":[{\"@type\":\"WebPage\",\"@id\":\"https:\/\/june-paris.com\/en\/product\/romain\/\",\"url\":\"https:\/\/june-paris.com\/en\/product\/romain\/\",\"name\":\"Romain - June Paris\",\"isPartOf\":{\"@id\":\"https:\/\/june-paris.com\/#website\"},\"primaryImageOfPage\":{\"@id\":\"https:\/\/june-paris.com\/en\/product\/romain\/#primaryimage\"},\"image\":{\"@id\":\"https:\/\/june-paris.com\/en\/product\/romain\/#primaryimage\"},\"thumbnailUrl\":\"https:\/\/june-paris.com\/wp-content\/uploads\/2021\/12\/274820822_487946846198185_2466336877326866812_n.jpg\",\"datePublished\":\"2021-12-29T10:38:36+00:00\",\"dateModified\":\"2024-07-08T23:32:55+00:00\",\"breadcrumb\":{\"@id\":\"https:\/\/june-paris.com\/en\/product\/romain\/#breadcrumb\"},\"inLanguage\":\"en-US\",\"potentialAction\":[{\"@type\":\"ReadAction\",\"target\":[\"https:\/\/june-paris.com\/en\/product\/romain\/\"]}]},{\"@type\":\"ImageObject\",\"inLanguage\":\"en-US\",\"@id\":\"https:\/\/june-paris.com\/en\/product\/romain\/#primaryimage\",\"url\":\"https:\/\/june-paris.com\/wp-content\/uploads\/2021\/12\/274820822_487946846198185_2466336877326866812_n.jpg\",\"contentUrl\":\"https:\/\/june-paris.com\/wp-content\/uploads\/2021\/12\/274820822_487946846198185_2466336877326866812_n.jpg\",\"width\":1920,\"height\":1920},{\"@type\":\"BreadcrumbList\",\"@id\":\"https:\/\/june-paris.com\/en\/product\/romain\/#breadcrumb\",\"itemListElement\":[{\"@type\":\"ListItem\",\"position\":1,\"name\":\"Accueil\",\"item\":\"https:\/\/june-paris.com\/\"},{\"@type\":\"ListItem\",\"position\":2,\"name\":\"Shop\",\"item\":\"https:\/\/june-paris.com\/shop\/\"},{\"@type\":\"ListItem\",\"position\":3,\"name\":\"Romain\"}]},{\"@type\":\"WebSite\",\"@id\":\"https:\/\/june-paris.com\/#website\",\"url\":\"https:\/\/june-paris.com\/\",\"name\":\"June Paris\",\"description\":\"\",\"publisher\":{\"@id\":\"https:\/\/june-paris.com\/#organization\"},\"potentialAction\":[{\"@type\":\"SearchAction\",\"target\":{\"@type\":\"EntryPoint\",\"urlTemplate\":\"https:\/\/june-paris.com\/?s={search_term_string}\"},\"query-input\":{\"@type\":\"PropertyValueSpecification\",\"valueRequired\":true,\"valueName\":\"search_term_string\"}}],\"inLanguage\":\"en-US\"},{\"@type\":\"Organization\",\"@id\":\"https:\/\/june-paris.com\/#organization\",\"name\":\"Laugh of the moon\",\"url\":\"https:\/\/june-paris.com\/\",\"logo\":{\"@type\":\"ImageObject\",\"inLanguage\":\"en-US\",\"@id\":\"https:\/\/june-paris.com\/#\/schema\/logo\/image\/\",\"url\":\"https:\/\/june-paris.com\/wp-content\/uploads\/2021\/03\/logofini.png\",\"contentUrl\":\"https:\/\/june-paris.com\/wp-content\/uploads\/2021\/03\/logofini.png\",\"width\":250,\"height\":48,\"caption\":\"Laugh of the moon\"},\"image\":{\"@id\":\"https:\/\/june-paris.com\/#\/schema\/logo\/image\/\"}}]}<\/script>\n<!-- \/ Yoast SEO plugin. -->","yoast_head_json":{"title":"Romain - June Paris","robots":{"index":"index","follow":"follow","max-snippet":"max-snippet:-1","max-image-preview":"max-image-preview:large","max-video-preview":"max-video-preview:-1"},"canonical":"https:\/\/june-paris.com\/en\/product\/romain\/","og_locale":"en_US","og_type":"article","og_title":"Romain - June Paris","og_description":"Je suis Romain Rigault, sophrologue certifi\u00e9 RNCP*. Depuis un an, j&rsquo;ai d\u00e9cid\u00e9 de me former \u00e0 la sophrologie afin de [&hellip;]","og_url":"https:\/\/june-paris.com\/en\/product\/romain\/","og_site_name":"June Paris","article_modified_time":"2024-07-08T23:32:55+00:00","og_image":[{"width":1920,"height":1920,"url":"https:\/\/june-paris.com\/wp-content\/uploads\/2021\/12\/274820822_487946846198185_2466336877326866812_n.jpg","type":"image\/jpeg"}],"twitter_card":"summary_large_image","twitter_misc":{"Est. reading time":"1 minute"},"schema":{"@context":"https:\/\/schema.org","@graph":[{"@type":"WebPage","@id":"https:\/\/june-paris.com\/en\/product\/romain\/","url":"https:\/\/june-paris.com\/en\/product\/romain\/","name":"Romain - June Paris","isPartOf":{"@id":"https:\/\/june-paris.com\/#website"},"primaryImageOfPage":{"@id":"https:\/\/june-paris.com\/en\/product\/romain\/#primaryimage"},"image":{"@id":"https:\/\/june-paris.com\/en\/product\/romain\/#primaryimage"},"thumbnailUrl":"https:\/\/june-paris.com\/wp-content\/uploads\/2021\/12\/274820822_487946846198185_2466336877326866812_n.jpg","datePublished":"2021-12-29T10:38:36+00:00","dateModified":"2024-07-08T23:32:55+00:00","breadcrumb":{"@id":"https:\/\/june-paris.com\/en\/product\/romain\/#breadcrumb"},"inLanguage":"en-US","potentialAction":[{"@type":"ReadAction","target":["https:\/\/june-paris.com\/en\/product\/romain\/"]}]},{"@type":"ImageObject","inLanguage":"en-US","@id":"https:\/\/june-paris.com\/en\/product\/romain\/#primaryimage","url":"https:\/\/june-paris.com\/wp-content\/uploads\/2021\/12\/274820822_487946846198185_2466336877326866812_n.jpg","contentUrl":"https:\/\/june-paris.com\/wp-content\/uploads\/2021\/12\/274820822_487946846198185_2466336877326866812_n.jpg","width":1920,"height":1920},{"@type":"BreadcrumbList","@id":"https:\/\/june-paris.com\/en\/product\/romain\/#breadcrumb","itemListElement":[{"@type":"ListItem","position":1,"name":"Accueil","item":"https:\/\/june-paris.com\/"},{"@type":"ListItem","position":2,"name":"Shop","item":"https:\/\/june-paris.com\/shop\/"},{"@type":"ListItem","position":3,"name":"Romain"}]},{"@type":"WebSite","@id":"https:\/\/june-paris.com\/#website","url":"https:\/\/june-paris.com\/","name":"June Paris","description":"","publisher":{"@id":"https:\/\/june-paris.com\/#organization"},"potentialAction":[{"@type":"SearchAction","target":{"@type":"EntryPoint","urlTemplate":"https:\/\/june-paris.com\/?s={search_term_string}"},"query-input":{"@type":"PropertyValueSpecification","valueRequired":true,"valueName":"search_term_string"}}],"inLanguage":"en-US"},{"@type":"Organization","@id":"https:\/\/june-paris.com\/#organization","name":"Laugh of the moon","url":"https:\/\/june-paris.com\/","logo":{"@type":"ImageObject","inLanguage":"en-US","@id":"https:\/\/june-paris.com\/#\/schema\/logo\/image\/","url":"https:\/\/june-paris.com\/wp-content\/uploads\/2021\/03\/logofini.png","contentUrl":"https:\/\/june-paris.com\/wp-content\/uploads\/2021\/03\/logofini.png","width":250,"height":48,"caption":"Laugh of the moon"},"image":{"@id":"https:\/\/june-paris.com\/#\/schema\/logo\/image\/"}}]}},"_links":{"self":[{"href":"https:\/\/june-paris.com\/en\/wp-json\/wp\/v2\/product\/1706","targetHints":{"allow":["GET"]}}],"collection":[{"href":"https:\/\/june-paris.com\/en\/wp-json\/wp\/v2\/product"}],"about":[{"href":"https:\/\/june-paris.com\/en\/wp-json\/wp\/v2\/types\/product"}],"replies":[{"embeddable":true,"href":"https:\/\/june-paris.com\/en\/wp-json\/wp\/v2\/comments?post=1706"}],"wp:featuredmedia":[{"embeddable":true,"href":"https:\/\/june-paris.com\/en\/wp-json\/wp\/v2\/media\/1930"}],"wp:attachment":[{"href":"https:\/\/june-paris.com\/en\/wp-json\/wp\/v2\/media?parent=1706"}],"wp:term":[{"taxonomy":"product_brand","embeddable":true,"href":"https:\/\/june-paris.com\/en\/wp-json\/wp\/v2\/product_brand?post=1706"},{"taxonomy":"product_cat","embeddable":true,"href":"https:\/\/june-paris.com\/en\/wp-json\/wp\/v2\/product_cat?post=1706"},{"taxonomy":"product_tag","embeddable":true,"href":"https:\/\/june-paris.com\/en\/wp-json\/wp\/v2\/product_tag?post=1706"}],"curies":[{"name":"wp","href":"https:\/\/api.w.org\/{rel}","templated":true}]}}