{"id":1446,"date":"2021-11-30T12:21:25","date_gmt":"2021-11-30T12:21:25","guid":{"rendered":"https:\/\/june-paris.com\/?post_type=product&#038;p=1446"},"modified":"2025-01-24T19:10:12","modified_gmt":"2025-01-24T19:10:12","slug":"hematite-roulee","status":"publish","type":"product","link":"https:\/\/june-paris.com\/en\/product\/hematite-roulee\/","title":{"rendered":"H\u00e9matite roul\u00e9e : Pierre de Protection, Ancrage et Confiance en Soi"},"content":{"rendered":"<p>&nbsp;<\/p>\n<table style=\"border-collapse: collapse; width: 100%; height: 67px;\">\n<tbody>\n<tr style=\"height: 24px;\">\n<td style=\"width: 367.167px; height: 24px;\">MATERIAL<\/td>\n<td style=\"width: 367.167px; height: 24px;\">H\u00e9matite roul\u00e9e<\/td>\n<\/tr>\n<tr style=\"height: 24px;\">\n<td style=\"width: 367.167px; height: 19px;\">SIZE<\/td>\n<td style=\"width: 367.167px; height: 19px;\">Jusqu&rsquo;\u00e0 3 cm (environ 44g)<\/td>\n<\/tr>\n<tr style=\"height: 24px;\">\n<td style=\"width: 367.167px; height: 24px;\">ORIGIN<\/td>\n<td style=\"width: 367.167px; height: 24px;\">Br\u00e9sil<\/td>\n<\/tr>\n<\/tbody>\n<\/table>\n<table style=\"border-collapse: collapse; width: 100%; height: 24px;\">\n<tbody>\n<tr style=\"height: 24px;\">\n<td style=\"width: 100%; height: 24px;\">GARANTIE D\u2019ORIGINE &#8211; \u00c9CO RESPONSABLE<\/td>\n<\/tr>\n<\/tbody>\n<\/table>","protected":false},"excerpt":{"rendered":"<p>L&rsquo;<strong>H\u00e9matite<\/strong> est une pierre puissante de <strong>protection<\/strong> et de <strong>concentration<\/strong>. Elle cr\u00e9e un bouclier contre les <strong>\u00e9nergies n\u00e9gatives<\/strong> et pr\u00e9serve l&rsquo;harmonie int\u00e9rieure. Elle est id\u00e9ale pour renforcer la <strong>confiance en soi<\/strong>, apaiser les <strong>peurs<\/strong> et favoriser la concentration et la m\u00e9moire.<\/p>\n<ul>\n<li><strong>Plan mental<\/strong> : Renforce la pens\u00e9e, aide \u00e0 la concentration et r\u00e9duit l&rsquo;anxi\u00e9t\u00e9.<\/li>\n<li><strong>Plan physique<\/strong> : Stimule la circulation sanguine, r\u00e9gule les menstruations et apaise les <strong>insomnies<\/strong>.<\/li>\n<li><strong>Plan spirituel<\/strong> : Id\u00e9ale \u00e0 porter au quotidien ou \u00e0 poser pr\u00e8s de soi.<\/li>\n<\/ul>\n<p><strong>Entretien :<\/strong><\/p>\n<ul>\n<li><strong>Purification<\/strong> : Fumigation (sauge ou Palo Santo), sonore (bol tib\u00e9tain).<\/li>\n<li><strong>Rechargement<\/strong> : Lumi\u00e8re lunaire, solaire, ou sur une <strong>g\u00e9ode de cristal de roche<\/strong>.<\/li>\n<\/ul>","protected":false},"featured_media":1447,"comment_status":"open","ping_status":"closed","template":"","meta":[],"product_brand":[],"product_cat":[33,44],"product_tag":[],"class_list":{"0":"post-1446","1":"product","2":"type-product","3":"status-publish","4":"has-post-thumbnail","6":"product_cat-mineraux","7":"product_cat-pierres-roulees","8":"product_shipping_class-lettre-suivi","10":"first","11":"instock","12":"taxable","13":"shipping-taxable","14":"purchasable","15":"product-type-simple"},"yoast_head":"<!-- This site is optimized with the Yoast SEO plugin v25.6 - https:\/\/yoast.com\/wordpress\/plugins\/seo\/ -->\n<title>H\u00e9matite roul\u00e9e : Pierre de Protection, Ancrage et Confiance en Soi - June Paris<\/title>\n<meta name=\"robots\" content=\"index, follow, max-snippet:-1, max-image-preview:large, max-video-preview:-1\" \/>\n<link rel=\"canonical\" href=\"https:\/\/june-paris.com\/en\/product\/hematite-roulee\/\" \/>\n<meta property=\"og:locale\" content=\"en_US\" \/>\n<meta property=\"og:type\" content=\"article\" \/>\n<meta property=\"og:title\" content=\"H\u00e9matite roul\u00e9e : Pierre de Protection, Ancrage et Confiance en Soi - June Paris\" \/>\n<meta property=\"og:description\" content=\"L&#039;H\u00e9matite est une pierre puissante de protection et de concentration. Elle cr\u00e9e un bouclier contre les \u00e9nergies n\u00e9gatives et pr\u00e9serve l&#039;harmonie int\u00e9rieure. Elle est id\u00e9ale pour renforcer la confiance en soi, apaiser les peurs et favoriser la concentration et la m\u00e9moire.   Plan mental : Renforce la pens\u00e9e, aide \u00e0 la concentration et r\u00e9duit l&#039;anxi\u00e9t\u00e9.  Plan physique : Stimule la circulation sanguine, r\u00e9gule les menstruations et apaise les insomnies.  Plan spirituel : Id\u00e9ale \u00e0 porter au quotidien ou \u00e0 poser pr\u00e8s de soi.  Entretien :   Purification : Fumigation (sauge ou Palo Santo), sonore (bol tib\u00e9tain).  Rechargement : Lumi\u00e8re lunaire, solaire, ou sur une g\u00e9ode de cristal de roche.\" \/>\n<meta property=\"og:url\" content=\"https:\/\/june-paris.com\/en\/product\/hematite-roulee\/\" \/>\n<meta property=\"og:site_name\" content=\"June Paris\" \/>\n<meta property=\"article:modified_time\" content=\"2025-01-24T19:10:12+00:00\" \/>\n<meta property=\"og:image\" content=\"https:\/\/june-paris.com\/wp-content\/uploads\/2021\/11\/hematite-roule_-14-scaled.jpg\" \/>\n\t<meta property=\"og:image:width\" content=\"1707\" \/>\n\t<meta property=\"og:image:height\" content=\"2560\" \/>\n\t<meta property=\"og:image:type\" content=\"image\/jpeg\" \/>\n<meta name=\"twitter:card\" content=\"summary_large_image\" \/>\n<meta name=\"twitter:label1\" content=\"Est. reading time\" \/>\n\t<meta name=\"twitter:data1\" content=\"1 minute\" \/>\n<script type=\"application\/ld+json\" class=\"yoast-schema-graph\">{\"@context\":\"https:\/\/schema.org\",\"@graph\":[{\"@type\":\"WebPage\",\"@id\":\"https:\/\/june-paris.com\/en\/product\/hematite-roulee\/\",\"url\":\"https:\/\/june-paris.com\/en\/product\/hematite-roulee\/\",\"name\":\"H\u00e9matite roul\u00e9e : Pierre de Protection, Ancrage et Confiance en Soi - June Paris\",\"isPartOf\":{\"@id\":\"https:\/\/june-paris.com\/#website\"},\"primaryImageOfPage\":{\"@id\":\"https:\/\/june-paris.com\/en\/product\/hematite-roulee\/#primaryimage\"},\"image\":{\"@id\":\"https:\/\/june-paris.com\/en\/product\/hematite-roulee\/#primaryimage\"},\"thumbnailUrl\":\"https:\/\/june-paris.com\/wp-content\/uploads\/2021\/11\/hematite-roule_-14-scaled.jpg\",\"datePublished\":\"2021-11-30T12:21:25+00:00\",\"dateModified\":\"2025-01-24T19:10:12+00:00\",\"breadcrumb\":{\"@id\":\"https:\/\/june-paris.com\/en\/product\/hematite-roulee\/#breadcrumb\"},\"inLanguage\":\"en-US\",\"potentialAction\":[{\"@type\":\"ReadAction\",\"target\":[\"https:\/\/june-paris.com\/en\/product\/hematite-roulee\/\"]}]},{\"@type\":\"ImageObject\",\"inLanguage\":\"en-US\",\"@id\":\"https:\/\/june-paris.com\/en\/product\/hematite-roulee\/#primaryimage\",\"url\":\"https:\/\/june-paris.com\/wp-content\/uploads\/2021\/11\/hematite-roule_-14-scaled.jpg\",\"contentUrl\":\"https:\/\/june-paris.com\/wp-content\/uploads\/2021\/11\/hematite-roule_-14-scaled.jpg\",\"width\":1707,\"height\":2560},{\"@type\":\"BreadcrumbList\",\"@id\":\"https:\/\/june-paris.com\/en\/product\/hematite-roulee\/#breadcrumb\",\"itemListElement\":[{\"@type\":\"ListItem\",\"position\":1,\"name\":\"Accueil\",\"item\":\"https:\/\/june-paris.com\/\"},{\"@type\":\"ListItem\",\"position\":2,\"name\":\"Shop\",\"item\":\"https:\/\/june-paris.com\/shop\/\"},{\"@type\":\"ListItem\",\"position\":3,\"name\":\"H\u00e9matite roul\u00e9e : Pierre de Protection, Ancrage et Confiance en Soi\"}]},{\"@type\":\"WebSite\",\"@id\":\"https:\/\/june-paris.com\/#website\",\"url\":\"https:\/\/june-paris.com\/\",\"name\":\"June Paris\",\"description\":\"\",\"publisher\":{\"@id\":\"https:\/\/june-paris.com\/#organization\"},\"potentialAction\":[{\"@type\":\"SearchAction\",\"target\":{\"@type\":\"EntryPoint\",\"urlTemplate\":\"https:\/\/june-paris.com\/?s={search_term_string}\"},\"query-input\":{\"@type\":\"PropertyValueSpecification\",\"valueRequired\":true,\"valueName\":\"search_term_string\"}}],\"inLanguage\":\"en-US\"},{\"@type\":\"Organization\",\"@id\":\"https:\/\/june-paris.com\/#organization\",\"name\":\"Laugh of the moon\",\"url\":\"https:\/\/june-paris.com\/\",\"logo\":{\"@type\":\"ImageObject\",\"inLanguage\":\"en-US\",\"@id\":\"https:\/\/june-paris.com\/#\/schema\/logo\/image\/\",\"url\":\"https:\/\/june-paris.com\/wp-content\/uploads\/2021\/03\/logofini.png\",\"contentUrl\":\"https:\/\/june-paris.com\/wp-content\/uploads\/2021\/03\/logofini.png\",\"width\":250,\"height\":48,\"caption\":\"Laugh of the moon\"},\"image\":{\"@id\":\"https:\/\/june-paris.com\/#\/schema\/logo\/image\/\"}}]}<\/script>\n<!-- \/ Yoast SEO plugin. -->","yoast_head_json":{"title":"H\u00e9matite roul\u00e9e : Pierre de Protection, Ancrage et Confiance en Soi - June Paris","robots":{"index":"index","follow":"follow","max-snippet":"max-snippet:-1","max-image-preview":"max-image-preview:large","max-video-preview":"max-video-preview:-1"},"canonical":"https:\/\/june-paris.com\/en\/product\/hematite-roulee\/","og_locale":"en_US","og_type":"article","og_title":"H\u00e9matite roul\u00e9e : Pierre de Protection, Ancrage et Confiance en Soi - June Paris","og_description":"L'H\u00e9matite est une pierre puissante de protection et de concentration. Elle cr\u00e9e un bouclier contre les \u00e9nergies n\u00e9gatives et pr\u00e9serve l'harmonie int\u00e9rieure. Elle est id\u00e9ale pour renforcer la confiance en soi, apaiser les peurs et favoriser la concentration et la m\u00e9moire.   Plan mental : Renforce la pens\u00e9e, aide \u00e0 la concentration et r\u00e9duit l'anxi\u00e9t\u00e9.  Plan physique : Stimule la circulation sanguine, r\u00e9gule les menstruations et apaise les insomnies.  Plan spirituel : Id\u00e9ale \u00e0 porter au quotidien ou \u00e0 poser pr\u00e8s de soi.  Entretien :   Purification : Fumigation (sauge ou Palo Santo), sonore (bol tib\u00e9tain).  Rechargement : Lumi\u00e8re lunaire, solaire, ou sur une g\u00e9ode de cristal de roche.","og_url":"https:\/\/june-paris.com\/en\/product\/hematite-roulee\/","og_site_name":"June Paris","article_modified_time":"2025-01-24T19:10:12+00:00","og_image":[{"width":1707,"height":2560,"url":"https:\/\/june-paris.com\/wp-content\/uploads\/2021\/11\/hematite-roule_-14-scaled.jpg","type":"image\/jpeg"}],"twitter_card":"summary_large_image","twitter_misc":{"Est. reading time":"1 minute"},"schema":{"@context":"https:\/\/schema.org","@graph":[{"@type":"WebPage","@id":"https:\/\/june-paris.com\/en\/product\/hematite-roulee\/","url":"https:\/\/june-paris.com\/en\/product\/hematite-roulee\/","name":"H\u00e9matite roul\u00e9e : Pierre de Protection, Ancrage et Confiance en Soi - June Paris","isPartOf":{"@id":"https:\/\/june-paris.com\/#website"},"primaryImageOfPage":{"@id":"https:\/\/june-paris.com\/en\/product\/hematite-roulee\/#primaryimage"},"image":{"@id":"https:\/\/june-paris.com\/en\/product\/hematite-roulee\/#primaryimage"},"thumbnailUrl":"https:\/\/june-paris.com\/wp-content\/uploads\/2021\/11\/hematite-roule_-14-scaled.jpg","datePublished":"2021-11-30T12:21:25+00:00","dateModified":"2025-01-24T19:10:12+00:00","breadcrumb":{"@id":"https:\/\/june-paris.com\/en\/product\/hematite-roulee\/#breadcrumb"},"inLanguage":"en-US","potentialAction":[{"@type":"ReadAction","target":["https:\/\/june-paris.com\/en\/product\/hematite-roulee\/"]}]},{"@type":"ImageObject","inLanguage":"en-US","@id":"https:\/\/june-paris.com\/en\/product\/hematite-roulee\/#primaryimage","url":"https:\/\/june-paris.com\/wp-content\/uploads\/2021\/11\/hematite-roule_-14-scaled.jpg","contentUrl":"https:\/\/june-paris.com\/wp-content\/uploads\/2021\/11\/hematite-roule_-14-scaled.jpg","width":1707,"height":2560},{"@type":"BreadcrumbList","@id":"https:\/\/june-paris.com\/en\/product\/hematite-roulee\/#breadcrumb","itemListElement":[{"@type":"ListItem","position":1,"name":"Accueil","item":"https:\/\/june-paris.com\/"},{"@type":"ListItem","position":2,"name":"Shop","item":"https:\/\/june-paris.com\/shop\/"},{"@type":"ListItem","position":3,"name":"H\u00e9matite roul\u00e9e : Pierre de Protection, Ancrage et Confiance en Soi"}]},{"@type":"WebSite","@id":"https:\/\/june-paris.com\/#website","url":"https:\/\/june-paris.com\/","name":"June Paris","description":"","publisher":{"@id":"https:\/\/june-paris.com\/#organization"},"potentialAction":[{"@type":"SearchAction","target":{"@type":"EntryPoint","urlTemplate":"https:\/\/june-paris.com\/?s={search_term_string}"},"query-input":{"@type":"PropertyValueSpecification","valueRequired":true,"valueName":"search_term_string"}}],"inLanguage":"en-US"},{"@type":"Organization","@id":"https:\/\/june-paris.com\/#organization","name":"Laugh of the moon","url":"https:\/\/june-paris.com\/","logo":{"@type":"ImageObject","inLanguage":"en-US","@id":"https:\/\/june-paris.com\/#\/schema\/logo\/image\/","url":"https:\/\/june-paris.com\/wp-content\/uploads\/2021\/03\/logofini.png","contentUrl":"https:\/\/june-paris.com\/wp-content\/uploads\/2021\/03\/logofini.png","width":250,"height":48,"caption":"Laugh of the moon"},"image":{"@id":"https:\/\/june-paris.com\/#\/schema\/logo\/image\/"}}]}},"_links":{"self":[{"href":"https:\/\/june-paris.com\/en\/wp-json\/wp\/v2\/product\/1446","targetHints":{"allow":["GET"]}}],"collection":[{"href":"https:\/\/june-paris.com\/en\/wp-json\/wp\/v2\/product"}],"about":[{"href":"https:\/\/june-paris.com\/en\/wp-json\/wp\/v2\/types\/product"}],"replies":[{"embeddable":true,"href":"https:\/\/june-paris.com\/en\/wp-json\/wp\/v2\/comments?post=1446"}],"wp:featuredmedia":[{"embeddable":true,"href":"https:\/\/june-paris.com\/en\/wp-json\/wp\/v2\/media\/1447"}],"wp:attachment":[{"href":"https:\/\/june-paris.com\/en\/wp-json\/wp\/v2\/media?parent=1446"}],"wp:term":[{"taxonomy":"product_brand","embeddable":true,"href":"https:\/\/june-paris.com\/en\/wp-json\/wp\/v2\/product_brand?post=1446"},{"taxonomy":"product_cat","embeddable":true,"href":"https:\/\/june-paris.com\/en\/wp-json\/wp\/v2\/product_cat?post=1446"},{"taxonomy":"product_tag","embeddable":true,"href":"https:\/\/june-paris.com\/en\/wp-json\/wp\/v2\/product_tag?post=1446"}],"curies":[{"name":"wp","href":"https:\/\/api.w.org\/{rel}","templated":true}]}}