{"id":1429,"date":"2021-11-30T10:55:59","date_gmt":"2021-11-30T10:55:59","guid":{"rendered":"https:\/\/june-paris.com\/?post_type=product&#038;p=1429"},"modified":"2025-01-24T19:12:04","modified_gmt":"2025-01-24T19:12:04","slug":"opale-rose-roulee","status":"publish","type":"product","link":"https:\/\/june-paris.com\/en\/product\/opale-rose-roulee\/","title":{"rendered":"Opale rose roul\u00e9e : Pierre d&rsquo;Apaisement \u00c9motionnel et Cr\u00e9ativit\u00e9"},"content":{"rendered":"<p>&nbsp;<\/p>\n<table style=\"border-collapse: collapse; width: 100%; height: 67px;\">\n<tbody>\n<tr style=\"height: 24px;\">\n<td style=\"width: 367.167px; height: 24px;\">MATERIAL<\/td>\n<td style=\"width: 367.167px; height: 24px;\">Opale rose roul\u00e9e<\/td>\n<\/tr>\n<tr style=\"height: 24px;\">\n<td style=\"width: 367.167px; height: 19px;\">SIZE<\/td>\n<td style=\"width: 367.167px; height: 19px;\">Jusqu&rsquo;\u00e0 3 cm (environ 8g)<\/td>\n<\/tr>\n<tr style=\"height: 24px;\">\n<td style=\"width: 367.167px; height: 24px;\">ORIGIN<\/td>\n<td style=\"width: 367.167px; height: 24px;\">Peru<\/td>\n<\/tr>\n<\/tbody>\n<\/table>\n<table style=\"border-collapse: collapse; width: 100%; height: 24px;\">\n<tbody>\n<tr style=\"height: 24px;\">\n<td style=\"width: 100%; height: 24px;\">GARANTIE D\u2019ORIGINE &#8211; \u00c9CO RESPONSABLE<\/td>\n<\/tr>\n<\/tbody>\n<\/table>","protected":false},"excerpt":{"rendered":"<p>L&rsquo;<strong>Opale Rose<\/strong> est une pierre douce et apaisante, id\u00e9ale pour harmoniser le <strong>chakra du c\u0153ur<\/strong> et gu\u00e9rir les blessures \u00e9motionnelles. Elle aide \u00e0 se lib\u00e9rer des <strong>traumatismes pass\u00e9s<\/strong>, \u00e0 soulager le chagrin et apporte un sentiment d&rsquo;<strong>amour<\/strong>, de <strong>paix<\/strong> et de <strong>tranquillit\u00e9<\/strong>. Stimule la <strong>cr\u00e9ativit\u00e9<\/strong>, l&rsquo;inspiration et ouvre l&rsquo;esprit aux nouvelles id\u00e9es et exp\u00e9riences. Cette pierre est aussi un excellent alli\u00e9 pour lutter contre le stress, l&rsquo;anxi\u00e9t\u00e9 et la d\u00e9pression.<\/p>\n<p><strong>Entretien :<\/strong><\/p>\n<ul>\n<li><strong>Purification<\/strong> : Immersion dans de l&rsquo;eau claire pendant quelques heures.<\/li>\n<li><strong>Rechargement<\/strong> : Exposition indirecte \u00e0 la lumi\u00e8re du <strong>soleil<\/strong> ou de la <strong>lune<\/strong>, ou sur un <strong>amas de quartz<\/strong>.<\/li>\n<\/ul>","protected":false},"featured_media":1430,"comment_status":"open","ping_status":"closed","template":"","meta":[],"product_brand":[],"product_cat":[33,44],"product_tag":[],"class_list":{"0":"post-1429","1":"product","2":"type-product","3":"status-publish","4":"has-post-thumbnail","6":"product_cat-mineraux","7":"product_cat-pierres-roulees","8":"product_shipping_class-lettre-suivi","10":"first","11":"instock","12":"taxable","13":"shipping-taxable","14":"purchasable","15":"product-type-simple"},"yoast_head":"<!-- This site is optimized with the Yoast SEO plugin v25.6 - https:\/\/yoast.com\/wordpress\/plugins\/seo\/ -->\n<title>Opale rose roul\u00e9e : Pierre d&#039;Apaisement \u00c9motionnel et Cr\u00e9ativit\u00e9 - June Paris<\/title>\n<meta name=\"robots\" content=\"index, follow, max-snippet:-1, max-image-preview:large, max-video-preview:-1\" \/>\n<link rel=\"canonical\" href=\"https:\/\/june-paris.com\/en\/product\/opale-rose-roulee\/\" \/>\n<meta property=\"og:locale\" content=\"en_US\" \/>\n<meta property=\"og:type\" content=\"article\" \/>\n<meta property=\"og:title\" content=\"Opale rose roul\u00e9e : Pierre d&#039;Apaisement \u00c9motionnel et Cr\u00e9ativit\u00e9 - June Paris\" \/>\n<meta property=\"og:description\" content=\"L&#039;Opale Rose est une pierre douce et apaisante, id\u00e9ale pour harmoniser le chakra du c\u0153ur et gu\u00e9rir les blessures \u00e9motionnelles. Elle aide \u00e0 se lib\u00e9rer des traumatismes pass\u00e9s, \u00e0 soulager le chagrin et apporte un sentiment d&#039;amour, de paix et de tranquillit\u00e9. Stimule la cr\u00e9ativit\u00e9, l&#039;inspiration et ouvre l&#039;esprit aux nouvelles id\u00e9es et exp\u00e9riences. Cette pierre est aussi un excellent alli\u00e9 pour lutter contre le stress, l&#039;anxi\u00e9t\u00e9 et la d\u00e9pression.  Entretien :   Purification : Immersion dans de l&#039;eau claire pendant quelques heures.  Rechargement : Exposition indirecte \u00e0 la lumi\u00e8re du soleil ou de la lune, ou sur un amas de quartz.\" \/>\n<meta property=\"og:url\" content=\"https:\/\/june-paris.com\/en\/product\/opale-rose-roulee\/\" \/>\n<meta property=\"og:site_name\" content=\"June Paris\" \/>\n<meta property=\"article:modified_time\" content=\"2025-01-24T19:12:04+00:00\" \/>\n<meta property=\"og:image\" content=\"https:\/\/june-paris.com\/wp-content\/uploads\/2021\/11\/opalerose_-11-scaled.jpg\" \/>\n\t<meta property=\"og:image:width\" content=\"1707\" \/>\n\t<meta property=\"og:image:height\" content=\"2560\" \/>\n\t<meta property=\"og:image:type\" content=\"image\/jpeg\" \/>\n<meta name=\"twitter:card\" content=\"summary_large_image\" \/>\n<meta name=\"twitter:label1\" content=\"Est. reading time\" \/>\n\t<meta name=\"twitter:data1\" content=\"1 minute\" \/>\n<script type=\"application\/ld+json\" class=\"yoast-schema-graph\">{\"@context\":\"https:\/\/schema.org\",\"@graph\":[{\"@type\":\"WebPage\",\"@id\":\"https:\/\/june-paris.com\/en\/product\/opale-rose-roulee\/\",\"url\":\"https:\/\/june-paris.com\/en\/product\/opale-rose-roulee\/\",\"name\":\"Opale rose roul\u00e9e : Pierre d'Apaisement \u00c9motionnel et Cr\u00e9ativit\u00e9 - June Paris\",\"isPartOf\":{\"@id\":\"https:\/\/june-paris.com\/#website\"},\"primaryImageOfPage\":{\"@id\":\"https:\/\/june-paris.com\/en\/product\/opale-rose-roulee\/#primaryimage\"},\"image\":{\"@id\":\"https:\/\/june-paris.com\/en\/product\/opale-rose-roulee\/#primaryimage\"},\"thumbnailUrl\":\"https:\/\/june-paris.com\/wp-content\/uploads\/2021\/11\/opalerose_-11-scaled.jpg\",\"datePublished\":\"2021-11-30T10:55:59+00:00\",\"dateModified\":\"2025-01-24T19:12:04+00:00\",\"breadcrumb\":{\"@id\":\"https:\/\/june-paris.com\/en\/product\/opale-rose-roulee\/#breadcrumb\"},\"inLanguage\":\"en-US\",\"potentialAction\":[{\"@type\":\"ReadAction\",\"target\":[\"https:\/\/june-paris.com\/en\/product\/opale-rose-roulee\/\"]}]},{\"@type\":\"ImageObject\",\"inLanguage\":\"en-US\",\"@id\":\"https:\/\/june-paris.com\/en\/product\/opale-rose-roulee\/#primaryimage\",\"url\":\"https:\/\/june-paris.com\/wp-content\/uploads\/2021\/11\/opalerose_-11-scaled.jpg\",\"contentUrl\":\"https:\/\/june-paris.com\/wp-content\/uploads\/2021\/11\/opalerose_-11-scaled.jpg\",\"width\":1707,\"height\":2560},{\"@type\":\"BreadcrumbList\",\"@id\":\"https:\/\/june-paris.com\/en\/product\/opale-rose-roulee\/#breadcrumb\",\"itemListElement\":[{\"@type\":\"ListItem\",\"position\":1,\"name\":\"Accueil\",\"item\":\"https:\/\/june-paris.com\/\"},{\"@type\":\"ListItem\",\"position\":2,\"name\":\"Shop\",\"item\":\"https:\/\/june-paris.com\/shop\/\"},{\"@type\":\"ListItem\",\"position\":3,\"name\":\"Opale rose roul\u00e9e : Pierre d&rsquo;Apaisement \u00c9motionnel et Cr\u00e9ativit\u00e9\"}]},{\"@type\":\"WebSite\",\"@id\":\"https:\/\/june-paris.com\/#website\",\"url\":\"https:\/\/june-paris.com\/\",\"name\":\"June Paris\",\"description\":\"\",\"publisher\":{\"@id\":\"https:\/\/june-paris.com\/#organization\"},\"potentialAction\":[{\"@type\":\"SearchAction\",\"target\":{\"@type\":\"EntryPoint\",\"urlTemplate\":\"https:\/\/june-paris.com\/?s={search_term_string}\"},\"query-input\":{\"@type\":\"PropertyValueSpecification\",\"valueRequired\":true,\"valueName\":\"search_term_string\"}}],\"inLanguage\":\"en-US\"},{\"@type\":\"Organization\",\"@id\":\"https:\/\/june-paris.com\/#organization\",\"name\":\"Laugh of the moon\",\"url\":\"https:\/\/june-paris.com\/\",\"logo\":{\"@type\":\"ImageObject\",\"inLanguage\":\"en-US\",\"@id\":\"https:\/\/june-paris.com\/#\/schema\/logo\/image\/\",\"url\":\"https:\/\/june-paris.com\/wp-content\/uploads\/2021\/03\/logofini.png\",\"contentUrl\":\"https:\/\/june-paris.com\/wp-content\/uploads\/2021\/03\/logofini.png\",\"width\":250,\"height\":48,\"caption\":\"Laugh of the moon\"},\"image\":{\"@id\":\"https:\/\/june-paris.com\/#\/schema\/logo\/image\/\"}}]}<\/script>\n<!-- \/ Yoast SEO plugin. -->","yoast_head_json":{"title":"Opale rose roul\u00e9e : Pierre d'Apaisement \u00c9motionnel et Cr\u00e9ativit\u00e9 - June Paris","robots":{"index":"index","follow":"follow","max-snippet":"max-snippet:-1","max-image-preview":"max-image-preview:large","max-video-preview":"max-video-preview:-1"},"canonical":"https:\/\/june-paris.com\/en\/product\/opale-rose-roulee\/","og_locale":"en_US","og_type":"article","og_title":"Opale rose roul\u00e9e : Pierre d'Apaisement \u00c9motionnel et Cr\u00e9ativit\u00e9 - June Paris","og_description":"L'Opale Rose est une pierre douce et apaisante, id\u00e9ale pour harmoniser le chakra du c\u0153ur et gu\u00e9rir les blessures \u00e9motionnelles. Elle aide \u00e0 se lib\u00e9rer des traumatismes pass\u00e9s, \u00e0 soulager le chagrin et apporte un sentiment d'amour, de paix et de tranquillit\u00e9. Stimule la cr\u00e9ativit\u00e9, l'inspiration et ouvre l'esprit aux nouvelles id\u00e9es et exp\u00e9riences. Cette pierre est aussi un excellent alli\u00e9 pour lutter contre le stress, l'anxi\u00e9t\u00e9 et la d\u00e9pression.  Entretien :   Purification : Immersion dans de l'eau claire pendant quelques heures.  Rechargement : Exposition indirecte \u00e0 la lumi\u00e8re du soleil ou de la lune, ou sur un amas de quartz.","og_url":"https:\/\/june-paris.com\/en\/product\/opale-rose-roulee\/","og_site_name":"June Paris","article_modified_time":"2025-01-24T19:12:04+00:00","og_image":[{"width":1707,"height":2560,"url":"https:\/\/june-paris.com\/wp-content\/uploads\/2021\/11\/opalerose_-11-scaled.jpg","type":"image\/jpeg"}],"twitter_card":"summary_large_image","twitter_misc":{"Est. reading time":"1 minute"},"schema":{"@context":"https:\/\/schema.org","@graph":[{"@type":"WebPage","@id":"https:\/\/june-paris.com\/en\/product\/opale-rose-roulee\/","url":"https:\/\/june-paris.com\/en\/product\/opale-rose-roulee\/","name":"Opale rose roul\u00e9e : Pierre d'Apaisement \u00c9motionnel et Cr\u00e9ativit\u00e9 - June Paris","isPartOf":{"@id":"https:\/\/june-paris.com\/#website"},"primaryImageOfPage":{"@id":"https:\/\/june-paris.com\/en\/product\/opale-rose-roulee\/#primaryimage"},"image":{"@id":"https:\/\/june-paris.com\/en\/product\/opale-rose-roulee\/#primaryimage"},"thumbnailUrl":"https:\/\/june-paris.com\/wp-content\/uploads\/2021\/11\/opalerose_-11-scaled.jpg","datePublished":"2021-11-30T10:55:59+00:00","dateModified":"2025-01-24T19:12:04+00:00","breadcrumb":{"@id":"https:\/\/june-paris.com\/en\/product\/opale-rose-roulee\/#breadcrumb"},"inLanguage":"en-US","potentialAction":[{"@type":"ReadAction","target":["https:\/\/june-paris.com\/en\/product\/opale-rose-roulee\/"]}]},{"@type":"ImageObject","inLanguage":"en-US","@id":"https:\/\/june-paris.com\/en\/product\/opale-rose-roulee\/#primaryimage","url":"https:\/\/june-paris.com\/wp-content\/uploads\/2021\/11\/opalerose_-11-scaled.jpg","contentUrl":"https:\/\/june-paris.com\/wp-content\/uploads\/2021\/11\/opalerose_-11-scaled.jpg","width":1707,"height":2560},{"@type":"BreadcrumbList","@id":"https:\/\/june-paris.com\/en\/product\/opale-rose-roulee\/#breadcrumb","itemListElement":[{"@type":"ListItem","position":1,"name":"Accueil","item":"https:\/\/june-paris.com\/"},{"@type":"ListItem","position":2,"name":"Shop","item":"https:\/\/june-paris.com\/shop\/"},{"@type":"ListItem","position":3,"name":"Opale rose roul\u00e9e : Pierre d&rsquo;Apaisement \u00c9motionnel et Cr\u00e9ativit\u00e9"}]},{"@type":"WebSite","@id":"https:\/\/june-paris.com\/#website","url":"https:\/\/june-paris.com\/","name":"June Paris","description":"","publisher":{"@id":"https:\/\/june-paris.com\/#organization"},"potentialAction":[{"@type":"SearchAction","target":{"@type":"EntryPoint","urlTemplate":"https:\/\/june-paris.com\/?s={search_term_string}"},"query-input":{"@type":"PropertyValueSpecification","valueRequired":true,"valueName":"search_term_string"}}],"inLanguage":"en-US"},{"@type":"Organization","@id":"https:\/\/june-paris.com\/#organization","name":"Laugh of the moon","url":"https:\/\/june-paris.com\/","logo":{"@type":"ImageObject","inLanguage":"en-US","@id":"https:\/\/june-paris.com\/#\/schema\/logo\/image\/","url":"https:\/\/june-paris.com\/wp-content\/uploads\/2021\/03\/logofini.png","contentUrl":"https:\/\/june-paris.com\/wp-content\/uploads\/2021\/03\/logofini.png","width":250,"height":48,"caption":"Laugh of the moon"},"image":{"@id":"https:\/\/june-paris.com\/#\/schema\/logo\/image\/"}}]}},"_links":{"self":[{"href":"https:\/\/june-paris.com\/en\/wp-json\/wp\/v2\/product\/1429","targetHints":{"allow":["GET"]}}],"collection":[{"href":"https:\/\/june-paris.com\/en\/wp-json\/wp\/v2\/product"}],"about":[{"href":"https:\/\/june-paris.com\/en\/wp-json\/wp\/v2\/types\/product"}],"replies":[{"embeddable":true,"href":"https:\/\/june-paris.com\/en\/wp-json\/wp\/v2\/comments?post=1429"}],"wp:featuredmedia":[{"embeddable":true,"href":"https:\/\/june-paris.com\/en\/wp-json\/wp\/v2\/media\/1430"}],"wp:attachment":[{"href":"https:\/\/june-paris.com\/en\/wp-json\/wp\/v2\/media?parent=1429"}],"wp:term":[{"taxonomy":"product_brand","embeddable":true,"href":"https:\/\/june-paris.com\/en\/wp-json\/wp\/v2\/product_brand?post=1429"},{"taxonomy":"product_cat","embeddable":true,"href":"https:\/\/june-paris.com\/en\/wp-json\/wp\/v2\/product_cat?post=1429"},{"taxonomy":"product_tag","embeddable":true,"href":"https:\/\/june-paris.com\/en\/wp-json\/wp\/v2\/product_tag?post=1429"}],"curies":[{"name":"wp","href":"https:\/\/api.w.org\/{rel}","templated":true}]}}