{"id":1339,"date":"2021-10-27T10:05:07","date_gmt":"2021-10-27T10:05:07","guid":{"rendered":"https:\/\/june-paris.com\/?post_type=product&#038;p=1339"},"modified":"2025-01-24T19:16:54","modified_gmt":"2025-01-24T19:16:54","slug":"geode-cristal-de-roche","status":"publish","type":"product","link":"https:\/\/june-paris.com\/en\/product\/geode-cristal-de-roche\/","title":{"rendered":"G\u00e9ode cristal de roche : Pierre d&rsquo;Amplification \u00c9nerg\u00e9tique et D\u00e9veloppement Spirituel"},"content":{"rendered":"<p>&nbsp;<\/p>\n<table style=\"border-collapse: collapse; width: 100%; height: 67px;\">\n<tbody>\n<tr style=\"height: 24px;\">\n<td style=\"width: 50%; height: 24px;\">MATERIAL<\/td>\n<td style=\"width: 50%; height: 24px;\">G\u00e9ode cristal de roche<\/td>\n<\/tr>\n<tr style=\"height: 24px;\">\n<td style=\"width: 50%; height: 19px;\">SIZE<\/td>\n<td style=\"width: 50%; height: 19px;\">Taille M environ 6 cm | Taille XL environ 10 cm<\/td>\n<\/tr>\n<tr style=\"height: 24px;\">\n<td style=\"width: 50%; height: 24px;\">ORIGIN<\/td>\n<td style=\"width: 50%; height: 24px;\">Maroc<\/td>\n<\/tr>\n<\/tbody>\n<\/table>\n<table style=\"border-collapse: collapse; width: 100%; height: 24px;\">\n<tbody>\n<tr style=\"height: 24px;\">\n<td style=\"width: 100%; height: 24px;\">GARANTIE D\u2019ORIGINE &#8211; \u00c9CO RESPONSABLE<\/td>\n<\/tr>\n<\/tbody>\n<\/table>","protected":false},"excerpt":{"rendered":"<p>La <strong>g\u00e9ode cristal de roche<\/strong> est un puissant outil \u00e9nerg\u00e9tique, r\u00e9put\u00e9 pour sa capacit\u00e9 \u00e0 <strong>purifier<\/strong> et <strong>dynamiser l\u2019atmosph\u00e8re<\/strong> de votre espace. Ce cristal est un <strong>amplificateur d\u2019\u00e9nergie<\/strong> qui favorise le d\u00e9veloppement de l&rsquo;intuition, de la <strong>clairvoyance<\/strong>, et de la <strong>m\u00e9diumnit\u00e9<\/strong>, id\u00e9al pour vos pratiques de voyance ou divination.<\/p>\n<p>Le <strong>cristal de roche<\/strong> \u00e0 l&rsquo;int\u00e9rieur de la g\u00e9ode capte la lumi\u00e8re et recharge vos pierres, tout en vous aidant \u00e0 r\u00e9duire le stress et l&rsquo;anxi\u00e9t\u00e9. Ce min\u00e9ral lumineux est essentiel pour harmoniser l&rsquo;\u00e9nergie de votre maison.<\/p>\n<p><strong>Entretien :<\/strong><\/p>\n<ul>\n<li><strong>Purification<\/strong> : Fumigation avec sauge ou palo santo.<\/li>\n<li><strong>Rechargement<\/strong> : Exposer la g\u00e9ode au <strong>soleil<\/strong> ou \u00e0 la <strong>lumi\u00e8re lunaire<\/strong>.<\/li>\n<\/ul>\n<p>Cette g\u00e9ode vous apporte sagesse, s\u00e9r\u00e9nit\u00e9 et un <strong>nettoyage \u00e9nerg\u00e9tique<\/strong> en profondeur. Un indispensable pour toute pratique spirituelle ou de bien-\u00eatre !<\/p>","protected":false},"featured_media":1308,"comment_status":"open","ping_status":"closed","template":"","meta":[],"product_brand":[],"product_cat":[42,33],"product_tag":[],"class_list":{"0":"post-1339","1":"product","2":"type-product","3":"status-publish","4":"has-post-thumbnail","6":"product_cat-druses-geodes","7":"product_cat-mineraux","9":"first","10":"instock","11":"taxable","12":"shipping-taxable","13":"purchasable","14":"product-type-variable"},"yoast_head":"<!-- This site is optimized with the Yoast SEO plugin v25.6 - https:\/\/yoast.com\/wordpress\/plugins\/seo\/ -->\n<title>G\u00e9ode cristal de roche : Pierre d&#039;Amplification \u00c9nerg\u00e9tique et D\u00e9veloppement Spirituel - June Paris<\/title>\n<meta name=\"robots\" content=\"index, follow, max-snippet:-1, max-image-preview:large, max-video-preview:-1\" \/>\n<link rel=\"canonical\" href=\"https:\/\/june-paris.com\/en\/product\/geode-cristal-de-roche\/\" \/>\n<meta property=\"og:locale\" content=\"en_US\" \/>\n<meta property=\"og:type\" content=\"article\" \/>\n<meta property=\"og:title\" content=\"G\u00e9ode cristal de roche : Pierre d&#039;Amplification \u00c9nerg\u00e9tique et D\u00e9veloppement Spirituel - June Paris\" \/>\n<meta property=\"og:description\" content=\"La g\u00e9ode cristal de roche est un puissant outil \u00e9nerg\u00e9tique, r\u00e9put\u00e9 pour sa capacit\u00e9 \u00e0 purifier et dynamiser l\u2019atmosph\u00e8re de votre espace. Ce cristal est un amplificateur d\u2019\u00e9nergie qui favorise le d\u00e9veloppement de l&#039;intuition, de la clairvoyance, et de la m\u00e9diumnit\u00e9, id\u00e9al pour vos pratiques de voyance ou divination.  Le cristal de roche \u00e0 l&#039;int\u00e9rieur de la g\u00e9ode capte la lumi\u00e8re et recharge vos pierres, tout en vous aidant \u00e0 r\u00e9duire le stress et l&#039;anxi\u00e9t\u00e9. Ce min\u00e9ral lumineux est essentiel pour harmoniser l&#039;\u00e9nergie de votre maison.  Entretien :   Purification : Fumigation avec sauge ou palo santo.  Rechargement : Exposer la g\u00e9ode au soleil ou \u00e0 la lumi\u00e8re lunaire.  Cette g\u00e9ode vous apporte sagesse, s\u00e9r\u00e9nit\u00e9 et un nettoyage \u00e9nerg\u00e9tique en profondeur. Un indispensable pour toute pratique spirituelle ou de bien-\u00eatre !\" \/>\n<meta property=\"og:url\" content=\"https:\/\/june-paris.com\/en\/product\/geode-cristal-de-roche\/\" \/>\n<meta property=\"og:site_name\" content=\"June Paris\" \/>\n<meta property=\"article:modified_time\" content=\"2025-01-24T19:16:54+00:00\" \/>\n<meta property=\"og:image\" content=\"https:\/\/june-paris.com\/wp-content\/uploads\/2021\/10\/Pierres-5-scaled.jpg\" \/>\n\t<meta property=\"og:image:width\" content=\"1707\" \/>\n\t<meta property=\"og:image:height\" content=\"2560\" \/>\n\t<meta property=\"og:image:type\" content=\"image\/jpeg\" \/>\n<meta name=\"twitter:card\" content=\"summary_large_image\" \/>\n<meta name=\"twitter:label1\" content=\"Est. reading time\" \/>\n\t<meta name=\"twitter:data1\" content=\"1 minute\" \/>\n<script type=\"application\/ld+json\" class=\"yoast-schema-graph\">{\"@context\":\"https:\/\/schema.org\",\"@graph\":[{\"@type\":\"WebPage\",\"@id\":\"https:\/\/june-paris.com\/en\/product\/geode-cristal-de-roche\/\",\"url\":\"https:\/\/june-paris.com\/en\/product\/geode-cristal-de-roche\/\",\"name\":\"G\u00e9ode cristal de roche : Pierre d'Amplification \u00c9nerg\u00e9tique et D\u00e9veloppement Spirituel - June Paris\",\"isPartOf\":{\"@id\":\"https:\/\/june-paris.com\/#website\"},\"primaryImageOfPage\":{\"@id\":\"https:\/\/june-paris.com\/en\/product\/geode-cristal-de-roche\/#primaryimage\"},\"image\":{\"@id\":\"https:\/\/june-paris.com\/en\/product\/geode-cristal-de-roche\/#primaryimage\"},\"thumbnailUrl\":\"https:\/\/june-paris.com\/wp-content\/uploads\/2021\/10\/Pierres-5-scaled.jpg\",\"datePublished\":\"2021-10-27T10:05:07+00:00\",\"dateModified\":\"2025-01-24T19:16:54+00:00\",\"breadcrumb\":{\"@id\":\"https:\/\/june-paris.com\/en\/product\/geode-cristal-de-roche\/#breadcrumb\"},\"inLanguage\":\"en-US\",\"potentialAction\":[{\"@type\":\"ReadAction\",\"target\":[\"https:\/\/june-paris.com\/en\/product\/geode-cristal-de-roche\/\"]}]},{\"@type\":\"ImageObject\",\"inLanguage\":\"en-US\",\"@id\":\"https:\/\/june-paris.com\/en\/product\/geode-cristal-de-roche\/#primaryimage\",\"url\":\"https:\/\/june-paris.com\/wp-content\/uploads\/2021\/10\/Pierres-5-scaled.jpg\",\"contentUrl\":\"https:\/\/june-paris.com\/wp-content\/uploads\/2021\/10\/Pierres-5-scaled.jpg\",\"width\":1707,\"height\":2560},{\"@type\":\"BreadcrumbList\",\"@id\":\"https:\/\/june-paris.com\/en\/product\/geode-cristal-de-roche\/#breadcrumb\",\"itemListElement\":[{\"@type\":\"ListItem\",\"position\":1,\"name\":\"Accueil\",\"item\":\"https:\/\/june-paris.com\/\"},{\"@type\":\"ListItem\",\"position\":2,\"name\":\"Shop\",\"item\":\"https:\/\/june-paris.com\/shop\/\"},{\"@type\":\"ListItem\",\"position\":3,\"name\":\"G\u00e9ode cristal de roche : Pierre d&rsquo;Amplification \u00c9nerg\u00e9tique et D\u00e9veloppement Spirituel\"}]},{\"@type\":\"WebSite\",\"@id\":\"https:\/\/june-paris.com\/#website\",\"url\":\"https:\/\/june-paris.com\/\",\"name\":\"June Paris\",\"description\":\"\",\"publisher\":{\"@id\":\"https:\/\/june-paris.com\/#organization\"},\"potentialAction\":[{\"@type\":\"SearchAction\",\"target\":{\"@type\":\"EntryPoint\",\"urlTemplate\":\"https:\/\/june-paris.com\/?s={search_term_string}\"},\"query-input\":{\"@type\":\"PropertyValueSpecification\",\"valueRequired\":true,\"valueName\":\"search_term_string\"}}],\"inLanguage\":\"en-US\"},{\"@type\":\"Organization\",\"@id\":\"https:\/\/june-paris.com\/#organization\",\"name\":\"Laugh of the moon\",\"url\":\"https:\/\/june-paris.com\/\",\"logo\":{\"@type\":\"ImageObject\",\"inLanguage\":\"en-US\",\"@id\":\"https:\/\/june-paris.com\/#\/schema\/logo\/image\/\",\"url\":\"https:\/\/june-paris.com\/wp-content\/uploads\/2021\/03\/logofini.png\",\"contentUrl\":\"https:\/\/june-paris.com\/wp-content\/uploads\/2021\/03\/logofini.png\",\"width\":250,\"height\":48,\"caption\":\"Laugh of the moon\"},\"image\":{\"@id\":\"https:\/\/june-paris.com\/#\/schema\/logo\/image\/\"}}]}<\/script>\n<!-- \/ Yoast SEO plugin. -->","yoast_head_json":{"title":"G\u00e9ode cristal de roche : Pierre d'Amplification \u00c9nerg\u00e9tique et D\u00e9veloppement Spirituel - June Paris","robots":{"index":"index","follow":"follow","max-snippet":"max-snippet:-1","max-image-preview":"max-image-preview:large","max-video-preview":"max-video-preview:-1"},"canonical":"https:\/\/june-paris.com\/en\/product\/geode-cristal-de-roche\/","og_locale":"en_US","og_type":"article","og_title":"G\u00e9ode cristal de roche : Pierre d'Amplification \u00c9nerg\u00e9tique et D\u00e9veloppement Spirituel - June Paris","og_description":"La g\u00e9ode cristal de roche est un puissant outil \u00e9nerg\u00e9tique, r\u00e9put\u00e9 pour sa capacit\u00e9 \u00e0 purifier et dynamiser l\u2019atmosph\u00e8re de votre espace. Ce cristal est un amplificateur d\u2019\u00e9nergie qui favorise le d\u00e9veloppement de l'intuition, de la clairvoyance, et de la m\u00e9diumnit\u00e9, id\u00e9al pour vos pratiques de voyance ou divination.  Le cristal de roche \u00e0 l'int\u00e9rieur de la g\u00e9ode capte la lumi\u00e8re et recharge vos pierres, tout en vous aidant \u00e0 r\u00e9duire le stress et l'anxi\u00e9t\u00e9. Ce min\u00e9ral lumineux est essentiel pour harmoniser l'\u00e9nergie de votre maison.  Entretien :   Purification : Fumigation avec sauge ou palo santo.  Rechargement : Exposer la g\u00e9ode au soleil ou \u00e0 la lumi\u00e8re lunaire.  Cette g\u00e9ode vous apporte sagesse, s\u00e9r\u00e9nit\u00e9 et un nettoyage \u00e9nerg\u00e9tique en profondeur. Un indispensable pour toute pratique spirituelle ou de bien-\u00eatre !","og_url":"https:\/\/june-paris.com\/en\/product\/geode-cristal-de-roche\/","og_site_name":"June Paris","article_modified_time":"2025-01-24T19:16:54+00:00","og_image":[{"width":1707,"height":2560,"url":"https:\/\/june-paris.com\/wp-content\/uploads\/2021\/10\/Pierres-5-scaled.jpg","type":"image\/jpeg"}],"twitter_card":"summary_large_image","twitter_misc":{"Est. reading time":"1 minute"},"schema":{"@context":"https:\/\/schema.org","@graph":[{"@type":"WebPage","@id":"https:\/\/june-paris.com\/en\/product\/geode-cristal-de-roche\/","url":"https:\/\/june-paris.com\/en\/product\/geode-cristal-de-roche\/","name":"G\u00e9ode cristal de roche : Pierre d'Amplification \u00c9nerg\u00e9tique et D\u00e9veloppement Spirituel - June Paris","isPartOf":{"@id":"https:\/\/june-paris.com\/#website"},"primaryImageOfPage":{"@id":"https:\/\/june-paris.com\/en\/product\/geode-cristal-de-roche\/#primaryimage"},"image":{"@id":"https:\/\/june-paris.com\/en\/product\/geode-cristal-de-roche\/#primaryimage"},"thumbnailUrl":"https:\/\/june-paris.com\/wp-content\/uploads\/2021\/10\/Pierres-5-scaled.jpg","datePublished":"2021-10-27T10:05:07+00:00","dateModified":"2025-01-24T19:16:54+00:00","breadcrumb":{"@id":"https:\/\/june-paris.com\/en\/product\/geode-cristal-de-roche\/#breadcrumb"},"inLanguage":"en-US","potentialAction":[{"@type":"ReadAction","target":["https:\/\/june-paris.com\/en\/product\/geode-cristal-de-roche\/"]}]},{"@type":"ImageObject","inLanguage":"en-US","@id":"https:\/\/june-paris.com\/en\/product\/geode-cristal-de-roche\/#primaryimage","url":"https:\/\/june-paris.com\/wp-content\/uploads\/2021\/10\/Pierres-5-scaled.jpg","contentUrl":"https:\/\/june-paris.com\/wp-content\/uploads\/2021\/10\/Pierres-5-scaled.jpg","width":1707,"height":2560},{"@type":"BreadcrumbList","@id":"https:\/\/june-paris.com\/en\/product\/geode-cristal-de-roche\/#breadcrumb","itemListElement":[{"@type":"ListItem","position":1,"name":"Accueil","item":"https:\/\/june-paris.com\/"},{"@type":"ListItem","position":2,"name":"Shop","item":"https:\/\/june-paris.com\/shop\/"},{"@type":"ListItem","position":3,"name":"G\u00e9ode cristal de roche : Pierre d&rsquo;Amplification \u00c9nerg\u00e9tique et D\u00e9veloppement Spirituel"}]},{"@type":"WebSite","@id":"https:\/\/june-paris.com\/#website","url":"https:\/\/june-paris.com\/","name":"June Paris","description":"","publisher":{"@id":"https:\/\/june-paris.com\/#organization"},"potentialAction":[{"@type":"SearchAction","target":{"@type":"EntryPoint","urlTemplate":"https:\/\/june-paris.com\/?s={search_term_string}"},"query-input":{"@type":"PropertyValueSpecification","valueRequired":true,"valueName":"search_term_string"}}],"inLanguage":"en-US"},{"@type":"Organization","@id":"https:\/\/june-paris.com\/#organization","name":"Laugh of the moon","url":"https:\/\/june-paris.com\/","logo":{"@type":"ImageObject","inLanguage":"en-US","@id":"https:\/\/june-paris.com\/#\/schema\/logo\/image\/","url":"https:\/\/june-paris.com\/wp-content\/uploads\/2021\/03\/logofini.png","contentUrl":"https:\/\/june-paris.com\/wp-content\/uploads\/2021\/03\/logofini.png","width":250,"height":48,"caption":"Laugh of the moon"},"image":{"@id":"https:\/\/june-paris.com\/#\/schema\/logo\/image\/"}}]}},"_links":{"self":[{"href":"https:\/\/june-paris.com\/en\/wp-json\/wp\/v2\/product\/1339","targetHints":{"allow":["GET"]}}],"collection":[{"href":"https:\/\/june-paris.com\/en\/wp-json\/wp\/v2\/product"}],"about":[{"href":"https:\/\/june-paris.com\/en\/wp-json\/wp\/v2\/types\/product"}],"replies":[{"embeddable":true,"href":"https:\/\/june-paris.com\/en\/wp-json\/wp\/v2\/comments?post=1339"}],"wp:featuredmedia":[{"embeddable":true,"href":"https:\/\/june-paris.com\/en\/wp-json\/wp\/v2\/media\/1308"}],"wp:attachment":[{"href":"https:\/\/june-paris.com\/en\/wp-json\/wp\/v2\/media?parent=1339"}],"wp:term":[{"taxonomy":"product_brand","embeddable":true,"href":"https:\/\/june-paris.com\/en\/wp-json\/wp\/v2\/product_brand?post=1339"},{"taxonomy":"product_cat","embeddable":true,"href":"https:\/\/june-paris.com\/en\/wp-json\/wp\/v2\/product_cat?post=1339"},{"taxonomy":"product_tag","embeddable":true,"href":"https:\/\/june-paris.com\/en\/wp-json\/wp\/v2\/product_tag?post=1339"}],"curies":[{"name":"wp","href":"https:\/\/api.w.org\/{rel}","templated":true}]}}