{"id":1303,"date":"2021-10-27T12:03:08","date_gmt":"2021-10-27T12:03:08","guid":{"rendered":"https:\/\/june-paris.com\/?post_type=product&#038;p=1303"},"modified":"2025-01-24T19:14:41","modified_gmt":"2025-01-24T19:14:41","slug":"pointe-de-quartz-fume","status":"publish","type":"product","link":"https:\/\/june-paris.com\/en\/product\/pointe-de-quartz-fume\/","title":{"rendered":"Pointe de quartz fum\u00e9 &#8211; Pierre d&rsquo;Amplification et \u00c9quilibrage \u00c9nerg\u00e9tique"},"content":{"rendered":"<p>&nbsp;<\/p>\n<table style=\"border-collapse: collapse; width: 100%; height: 67px;\">\n<tbody>\n<tr style=\"height: 24px;\">\n<td style=\"width: 50%; height: 24px;\">MATERIAL<\/td>\n<td style=\"width: 50%; height: 24px;\">Pointe de Quartz<\/td>\n<\/tr>\n<tr style=\"height: 24px;\">\n<td style=\"width: 50%; height: 19px;\">SIZE<\/td>\n<td style=\"width: 50%; height: 19px;\">Approximativement 5cm<\/td>\n<\/tr>\n<tr style=\"height: 24px;\">\n<td style=\"width: 50%; height: 24px;\">ORIGIN<\/td>\n<td style=\"width: 50%; height: 24px;\">Br\u00e9sil<\/td>\n<\/tr>\n<\/tbody>\n<\/table>\n<table style=\"border-collapse: collapse; width: 100%;\">\n<tbody>\n<tr>\n<td style=\"width: 100%;\">GARANTIE D\u2019ORIGINE &#8211; \u00c9CO RESPONSABLE<\/td>\n<\/tr>\n<\/tbody>\n<\/table>","protected":false},"excerpt":{"rendered":"<p>La <strong>pointe de quartz fum\u00e9<\/strong> est un cristal brut, conservant toute l&rsquo;\u00e9nergie pure de la Terre. Id\u00e9ale pour la <strong>m\u00e9ditation<\/strong> et le travail en <strong>lithoth\u00e9rapie<\/strong>, elle canalise et organise les \u00e9nergies tout en amplifiant le pouvoir des autres pierres. Le quartz fum\u00e9 favorise l\u2019intuition, la concentration, et l\u2019\u00e9veil de la conscience. Il active les <strong>chakras<\/strong> et fluidifie la circulation des \u00e9nergies, tout en apportant protection et clart\u00e9.<\/p>\n<p><strong>Entretien :<\/strong><\/p>\n<ul>\n<li><strong>Purification<\/strong> : Laisser dans l&rsquo;eau pendant une demi-journ\u00e9e.<\/li>\n<li><strong>Rechargement<\/strong> : Exposer \u00e0 la lumi\u00e8re <strong>solaire<\/strong> ou <strong>lunaire<\/strong>.<\/li>\n<\/ul>","protected":false},"featured_media":2610,"comment_status":"open","ping_status":"closed","template":"","meta":[],"product_brand":[],"product_cat":[33,43],"product_tag":[],"class_list":{"0":"post-1303","1":"product","2":"type-product","3":"status-publish","4":"has-post-thumbnail","6":"product_cat-mineraux","7":"product_cat-pierres-brutes","8":"product_shipping_class-lettre-suivi","10":"first","11":"instock","12":"taxable","13":"shipping-taxable","14":"purchasable","15":"product-type-simple"},"yoast_head":"<!-- This site is optimized with the Yoast SEO plugin v25.6 - https:\/\/yoast.com\/wordpress\/plugins\/seo\/ -->\n<title>Pointe de quartz fum\u00e9 - Pierre d&#039;Amplification et \u00c9quilibrage \u00c9nerg\u00e9tique - June Paris<\/title>\n<meta name=\"robots\" content=\"index, follow, max-snippet:-1, max-image-preview:large, max-video-preview:-1\" \/>\n<link rel=\"canonical\" href=\"https:\/\/june-paris.com\/en\/product\/pointe-de-quartz-fume\/\" \/>\n<meta property=\"og:locale\" content=\"en_US\" \/>\n<meta property=\"og:type\" content=\"article\" \/>\n<meta property=\"og:title\" content=\"Pointe de quartz fum\u00e9 - Pierre d&#039;Amplification et \u00c9quilibrage \u00c9nerg\u00e9tique - June Paris\" \/>\n<meta property=\"og:description\" content=\"La pointe de quartz fum\u00e9 est un cristal brut, conservant toute l&#039;\u00e9nergie pure de la Terre. Id\u00e9ale pour la m\u00e9ditation et le travail en lithoth\u00e9rapie, elle canalise et organise les \u00e9nergies tout en amplifiant le pouvoir des autres pierres. Le quartz fum\u00e9 favorise l\u2019intuition, la concentration, et l\u2019\u00e9veil de la conscience. Il active les chakras et fluidifie la circulation des \u00e9nergies, tout en apportant protection et clart\u00e9.  Entretien :   Purification : Laisser dans l&#039;eau pendant une demi-journ\u00e9e.  Rechargement : Exposer \u00e0 la lumi\u00e8re solaire ou lunaire.\" \/>\n<meta property=\"og:url\" content=\"https:\/\/june-paris.com\/en\/product\/pointe-de-quartz-fume\/\" \/>\n<meta property=\"og:site_name\" content=\"June Paris\" \/>\n<meta property=\"article:modified_time\" content=\"2025-01-24T19:14:41+00:00\" \/>\n<meta property=\"og:image\" content=\"https:\/\/june-paris.com\/wp-content\/uploads\/2021\/10\/7bis-9-scaled.jpg\" \/>\n\t<meta property=\"og:image:width\" content=\"1926\" \/>\n\t<meta property=\"og:image:height\" content=\"2560\" \/>\n\t<meta property=\"og:image:type\" content=\"image\/jpeg\" \/>\n<meta name=\"twitter:card\" content=\"summary_large_image\" \/>\n<meta name=\"twitter:label1\" content=\"Est. reading time\" \/>\n\t<meta name=\"twitter:data1\" content=\"1 minute\" \/>\n<script type=\"application\/ld+json\" class=\"yoast-schema-graph\">{\"@context\":\"https:\/\/schema.org\",\"@graph\":[{\"@type\":\"WebPage\",\"@id\":\"https:\/\/june-paris.com\/en\/product\/pointe-de-quartz-fume\/\",\"url\":\"https:\/\/june-paris.com\/en\/product\/pointe-de-quartz-fume\/\",\"name\":\"Pointe de quartz fum\u00e9 - Pierre d'Amplification et \u00c9quilibrage \u00c9nerg\u00e9tique - June Paris\",\"isPartOf\":{\"@id\":\"https:\/\/june-paris.com\/#website\"},\"primaryImageOfPage\":{\"@id\":\"https:\/\/june-paris.com\/en\/product\/pointe-de-quartz-fume\/#primaryimage\"},\"image\":{\"@id\":\"https:\/\/june-paris.com\/en\/product\/pointe-de-quartz-fume\/#primaryimage\"},\"thumbnailUrl\":\"https:\/\/june-paris.com\/wp-content\/uploads\/2021\/10\/7bis-9-scaled.jpg\",\"datePublished\":\"2021-10-27T12:03:08+00:00\",\"dateModified\":\"2025-01-24T19:14:41+00:00\",\"breadcrumb\":{\"@id\":\"https:\/\/june-paris.com\/en\/product\/pointe-de-quartz-fume\/#breadcrumb\"},\"inLanguage\":\"en-US\",\"potentialAction\":[{\"@type\":\"ReadAction\",\"target\":[\"https:\/\/june-paris.com\/en\/product\/pointe-de-quartz-fume\/\"]}]},{\"@type\":\"ImageObject\",\"inLanguage\":\"en-US\",\"@id\":\"https:\/\/june-paris.com\/en\/product\/pointe-de-quartz-fume\/#primaryimage\",\"url\":\"https:\/\/june-paris.com\/wp-content\/uploads\/2021\/10\/7bis-9-scaled.jpg\",\"contentUrl\":\"https:\/\/june-paris.com\/wp-content\/uploads\/2021\/10\/7bis-9-scaled.jpg\",\"width\":1926,\"height\":2560},{\"@type\":\"BreadcrumbList\",\"@id\":\"https:\/\/june-paris.com\/en\/product\/pointe-de-quartz-fume\/#breadcrumb\",\"itemListElement\":[{\"@type\":\"ListItem\",\"position\":1,\"name\":\"Accueil\",\"item\":\"https:\/\/june-paris.com\/\"},{\"@type\":\"ListItem\",\"position\":2,\"name\":\"Shop\",\"item\":\"https:\/\/june-paris.com\/shop\/\"},{\"@type\":\"ListItem\",\"position\":3,\"name\":\"Pointe de quartz fum\u00e9 &#8211; Pierre d&rsquo;Amplification et \u00c9quilibrage \u00c9nerg\u00e9tique\"}]},{\"@type\":\"WebSite\",\"@id\":\"https:\/\/june-paris.com\/#website\",\"url\":\"https:\/\/june-paris.com\/\",\"name\":\"June Paris\",\"description\":\"\",\"publisher\":{\"@id\":\"https:\/\/june-paris.com\/#organization\"},\"potentialAction\":[{\"@type\":\"SearchAction\",\"target\":{\"@type\":\"EntryPoint\",\"urlTemplate\":\"https:\/\/june-paris.com\/?s={search_term_string}\"},\"query-input\":{\"@type\":\"PropertyValueSpecification\",\"valueRequired\":true,\"valueName\":\"search_term_string\"}}],\"inLanguage\":\"en-US\"},{\"@type\":\"Organization\",\"@id\":\"https:\/\/june-paris.com\/#organization\",\"name\":\"Laugh of the moon\",\"url\":\"https:\/\/june-paris.com\/\",\"logo\":{\"@type\":\"ImageObject\",\"inLanguage\":\"en-US\",\"@id\":\"https:\/\/june-paris.com\/#\/schema\/logo\/image\/\",\"url\":\"https:\/\/june-paris.com\/wp-content\/uploads\/2021\/03\/logofini.png\",\"contentUrl\":\"https:\/\/june-paris.com\/wp-content\/uploads\/2021\/03\/logofini.png\",\"width\":250,\"height\":48,\"caption\":\"Laugh of the moon\"},\"image\":{\"@id\":\"https:\/\/june-paris.com\/#\/schema\/logo\/image\/\"}}]}<\/script>\n<!-- \/ Yoast SEO plugin. -->","yoast_head_json":{"title":"Pointe de quartz fum\u00e9 - Pierre d'Amplification et \u00c9quilibrage \u00c9nerg\u00e9tique - June Paris","robots":{"index":"index","follow":"follow","max-snippet":"max-snippet:-1","max-image-preview":"max-image-preview:large","max-video-preview":"max-video-preview:-1"},"canonical":"https:\/\/june-paris.com\/en\/product\/pointe-de-quartz-fume\/","og_locale":"en_US","og_type":"article","og_title":"Pointe de quartz fum\u00e9 - Pierre d'Amplification et \u00c9quilibrage \u00c9nerg\u00e9tique - June Paris","og_description":"La pointe de quartz fum\u00e9 est un cristal brut, conservant toute l'\u00e9nergie pure de la Terre. Id\u00e9ale pour la m\u00e9ditation et le travail en lithoth\u00e9rapie, elle canalise et organise les \u00e9nergies tout en amplifiant le pouvoir des autres pierres. Le quartz fum\u00e9 favorise l\u2019intuition, la concentration, et l\u2019\u00e9veil de la conscience. Il active les chakras et fluidifie la circulation des \u00e9nergies, tout en apportant protection et clart\u00e9.  Entretien :   Purification : Laisser dans l'eau pendant une demi-journ\u00e9e.  Rechargement : Exposer \u00e0 la lumi\u00e8re solaire ou lunaire.","og_url":"https:\/\/june-paris.com\/en\/product\/pointe-de-quartz-fume\/","og_site_name":"June Paris","article_modified_time":"2025-01-24T19:14:41+00:00","og_image":[{"width":1926,"height":2560,"url":"https:\/\/june-paris.com\/wp-content\/uploads\/2021\/10\/7bis-9-scaled.jpg","type":"image\/jpeg"}],"twitter_card":"summary_large_image","twitter_misc":{"Est. reading time":"1 minute"},"schema":{"@context":"https:\/\/schema.org","@graph":[{"@type":"WebPage","@id":"https:\/\/june-paris.com\/en\/product\/pointe-de-quartz-fume\/","url":"https:\/\/june-paris.com\/en\/product\/pointe-de-quartz-fume\/","name":"Pointe de quartz fum\u00e9 - Pierre d'Amplification et \u00c9quilibrage \u00c9nerg\u00e9tique - June Paris","isPartOf":{"@id":"https:\/\/june-paris.com\/#website"},"primaryImageOfPage":{"@id":"https:\/\/june-paris.com\/en\/product\/pointe-de-quartz-fume\/#primaryimage"},"image":{"@id":"https:\/\/june-paris.com\/en\/product\/pointe-de-quartz-fume\/#primaryimage"},"thumbnailUrl":"https:\/\/june-paris.com\/wp-content\/uploads\/2021\/10\/7bis-9-scaled.jpg","datePublished":"2021-10-27T12:03:08+00:00","dateModified":"2025-01-24T19:14:41+00:00","breadcrumb":{"@id":"https:\/\/june-paris.com\/en\/product\/pointe-de-quartz-fume\/#breadcrumb"},"inLanguage":"en-US","potentialAction":[{"@type":"ReadAction","target":["https:\/\/june-paris.com\/en\/product\/pointe-de-quartz-fume\/"]}]},{"@type":"ImageObject","inLanguage":"en-US","@id":"https:\/\/june-paris.com\/en\/product\/pointe-de-quartz-fume\/#primaryimage","url":"https:\/\/june-paris.com\/wp-content\/uploads\/2021\/10\/7bis-9-scaled.jpg","contentUrl":"https:\/\/june-paris.com\/wp-content\/uploads\/2021\/10\/7bis-9-scaled.jpg","width":1926,"height":2560},{"@type":"BreadcrumbList","@id":"https:\/\/june-paris.com\/en\/product\/pointe-de-quartz-fume\/#breadcrumb","itemListElement":[{"@type":"ListItem","position":1,"name":"Accueil","item":"https:\/\/june-paris.com\/"},{"@type":"ListItem","position":2,"name":"Shop","item":"https:\/\/june-paris.com\/shop\/"},{"@type":"ListItem","position":3,"name":"Pointe de quartz fum\u00e9 &#8211; Pierre d&rsquo;Amplification et \u00c9quilibrage \u00c9nerg\u00e9tique"}]},{"@type":"WebSite","@id":"https:\/\/june-paris.com\/#website","url":"https:\/\/june-paris.com\/","name":"June Paris","description":"","publisher":{"@id":"https:\/\/june-paris.com\/#organization"},"potentialAction":[{"@type":"SearchAction","target":{"@type":"EntryPoint","urlTemplate":"https:\/\/june-paris.com\/?s={search_term_string}"},"query-input":{"@type":"PropertyValueSpecification","valueRequired":true,"valueName":"search_term_string"}}],"inLanguage":"en-US"},{"@type":"Organization","@id":"https:\/\/june-paris.com\/#organization","name":"Laugh of the moon","url":"https:\/\/june-paris.com\/","logo":{"@type":"ImageObject","inLanguage":"en-US","@id":"https:\/\/june-paris.com\/#\/schema\/logo\/image\/","url":"https:\/\/june-paris.com\/wp-content\/uploads\/2021\/03\/logofini.png","contentUrl":"https:\/\/june-paris.com\/wp-content\/uploads\/2021\/03\/logofini.png","width":250,"height":48,"caption":"Laugh of the moon"},"image":{"@id":"https:\/\/june-paris.com\/#\/schema\/logo\/image\/"}}]}},"_links":{"self":[{"href":"https:\/\/june-paris.com\/en\/wp-json\/wp\/v2\/product\/1303","targetHints":{"allow":["GET"]}}],"collection":[{"href":"https:\/\/june-paris.com\/en\/wp-json\/wp\/v2\/product"}],"about":[{"href":"https:\/\/june-paris.com\/en\/wp-json\/wp\/v2\/types\/product"}],"replies":[{"embeddable":true,"href":"https:\/\/june-paris.com\/en\/wp-json\/wp\/v2\/comments?post=1303"}],"wp:featuredmedia":[{"embeddable":true,"href":"https:\/\/june-paris.com\/en\/wp-json\/wp\/v2\/media\/2610"}],"wp:attachment":[{"href":"https:\/\/june-paris.com\/en\/wp-json\/wp\/v2\/media?parent=1303"}],"wp:term":[{"taxonomy":"product_brand","embeddable":true,"href":"https:\/\/june-paris.com\/en\/wp-json\/wp\/v2\/product_brand?post=1303"},{"taxonomy":"product_cat","embeddable":true,"href":"https:\/\/june-paris.com\/en\/wp-json\/wp\/v2\/product_cat?post=1303"},{"taxonomy":"product_tag","embeddable":true,"href":"https:\/\/june-paris.com\/en\/wp-json\/wp\/v2\/product_tag?post=1303"}],"curies":[{"name":"wp","href":"https:\/\/api.w.org\/{rel}","templated":true}]}}