{"id":1294,"date":"2021-12-01T17:04:08","date_gmt":"2021-12-01T17:04:08","guid":{"rendered":"https:\/\/june-paris.com\/?post_type=product&#038;p=1294"},"modified":"2024-03-03T14:07:14","modified_gmt":"2024-03-03T14:07:14","slug":"sacrees","status":"publish","type":"product","link":"https:\/\/june-paris.com\/en\/product\/sacrees\/","title":{"rendered":"Sacr\u00e9es !"},"content":{"rendered":"","protected":false},"excerpt":{"rendered":"<p>Une retraite \u00ab Tente Rouge \u00bb en for\u00eat avec un groupe de 13 femmes qui symbolisent les 13 chemins de vie existants selon l&rsquo;enseignement de Jamie Sams. 13 m\u00e8res de clan, chacune associ\u00e9e \u00e0 un cycle lunaire. 13 femmes s&rsquo;interrogent et \u00e9changent. Lors de ce cercle, elles pratiquent des rituels, mantras et chants, autour de leur qu\u00eate de reconnaissance, de leur mission de vie, de reconnexion \u00e0 leur espace sacr\u00e9 de femme. Elles d\u00e9butent ce cercle de femmes, f\u00e9briles et fragiles, pour le terminer, 13 jours plus tard, \u00e9clair\u00e9es, fortes, ancr\u00e9es, libres, rayonnantes et ensemble, fortifi\u00e9es par cette sororit\u00e9 puissance et bienveillante. Cet album est con\u00e7u comme un guide initiatique, un recueil d&rsquo;exp\u00e9riences inspir\u00e9es de la r\u00e9alit\u00e9.<\/p>","protected":false},"featured_media":1491,"comment_status":"open","ping_status":"closed","template":"","meta":[],"product_brand":[],"product_cat":[20],"product_tag":[27,38],"class_list":{"0":"post-1294","1":"product","2":"type-product","3":"status-publish","4":"has-post-thumbnail","6":"product_cat-librairie-spirituelle","7":"product_tag-livre","8":"product_tag-rituels","10":"first","11":"outofstock","12":"taxable","13":"shipping-taxable","14":"purchasable","15":"product-type-simple"},"yoast_head":"<!-- This site is optimized with the Yoast SEO plugin v25.6 - https:\/\/yoast.com\/wordpress\/plugins\/seo\/ -->\n<title>Sacr\u00e9es ! - June Paris<\/title>\n<meta name=\"robots\" content=\"index, follow, max-snippet:-1, max-image-preview:large, max-video-preview:-1\" \/>\n<link rel=\"canonical\" href=\"https:\/\/june-paris.com\/en\/product\/sacrees\/\" \/>\n<meta property=\"og:locale\" content=\"en_US\" \/>\n<meta property=\"og:type\" content=\"article\" \/>\n<meta property=\"og:title\" content=\"Sacr\u00e9es ! - June Paris\" \/>\n<meta property=\"og:description\" content=\"Une retraite \u00ab Tente Rouge \u00bb en for\u00eat avec un groupe de 13 femmes qui symbolisent les 13 chemins de vie existants selon l&#039;enseignement de Jamie Sams. 13 m\u00e8res de clan, chacune associ\u00e9e \u00e0 un cycle lunaire. 13 femmes s&#039;interrogent et \u00e9changent. Lors de ce cercle, elles pratiquent des rituels, mantras et chants, autour de leur qu\u00eate de reconnaissance, de leur mission de vie, de reconnexion \u00e0 leur espace sacr\u00e9 de femme. Elles d\u00e9butent ce cercle de femmes, f\u00e9briles et fragiles, pour le terminer, 13 jours plus tard, \u00e9clair\u00e9es, fortes, ancr\u00e9es, libres, rayonnantes et ensemble, fortifi\u00e9es par cette sororit\u00e9 puissance et bienveillante. Cet album est con\u00e7u comme un guide initiatique, un recueil d&#039;exp\u00e9riences inspir\u00e9es de la r\u00e9alit\u00e9.\" \/>\n<meta property=\"og:url\" content=\"https:\/\/june-paris.com\/en\/product\/sacrees\/\" \/>\n<meta property=\"og:site_name\" content=\"June Paris\" \/>\n<meta property=\"article:modified_time\" content=\"2024-03-03T14:07:14+00:00\" \/>\n<meta property=\"og:image\" content=\"https:\/\/june-paris.com\/wp-content\/uploads\/2021\/10\/livre-sacrees-scaled.jpg\" \/>\n\t<meta property=\"og:image:width\" content=\"1707\" \/>\n\t<meta property=\"og:image:height\" content=\"2560\" \/>\n\t<meta property=\"og:image:type\" content=\"image\/jpeg\" \/>\n<meta name=\"twitter:card\" content=\"summary_large_image\" \/>\n<script type=\"application\/ld+json\" class=\"yoast-schema-graph\">{\"@context\":\"https:\/\/schema.org\",\"@graph\":[{\"@type\":\"WebPage\",\"@id\":\"https:\/\/june-paris.com\/produit\/sacrees\/\",\"url\":\"https:\/\/june-paris.com\/produit\/sacrees\/\",\"name\":\"Sacr\u00e9es ! - June Paris\",\"isPartOf\":{\"@id\":\"https:\/\/june-paris.com\/#website\"},\"primaryImageOfPage\":{\"@id\":\"https:\/\/june-paris.com\/produit\/sacrees\/#primaryimage\"},\"image\":{\"@id\":\"https:\/\/june-paris.com\/produit\/sacrees\/#primaryimage\"},\"thumbnailUrl\":\"https:\/\/june-paris.com\/wp-content\/uploads\/2021\/10\/livre-sacrees-scaled.jpg\",\"datePublished\":\"2021-12-01T17:04:08+00:00\",\"dateModified\":\"2024-03-03T14:07:14+00:00\",\"breadcrumb\":{\"@id\":\"https:\/\/june-paris.com\/produit\/sacrees\/#breadcrumb\"},\"inLanguage\":\"en-US\",\"potentialAction\":[{\"@type\":\"ReadAction\",\"target\":[\"https:\/\/june-paris.com\/produit\/sacrees\/\"]}]},{\"@type\":\"ImageObject\",\"inLanguage\":\"en-US\",\"@id\":\"https:\/\/june-paris.com\/produit\/sacrees\/#primaryimage\",\"url\":\"https:\/\/june-paris.com\/wp-content\/uploads\/2021\/10\/livre-sacrees-scaled.jpg\",\"contentUrl\":\"https:\/\/june-paris.com\/wp-content\/uploads\/2021\/10\/livre-sacrees-scaled.jpg\",\"width\":1707,\"height\":2560},{\"@type\":\"BreadcrumbList\",\"@id\":\"https:\/\/june-paris.com\/produit\/sacrees\/#breadcrumb\",\"itemListElement\":[{\"@type\":\"ListItem\",\"position\":1,\"name\":\"Accueil\",\"item\":\"https:\/\/june-paris.com\/\"},{\"@type\":\"ListItem\",\"position\":2,\"name\":\"Shop\",\"item\":\"https:\/\/june-paris.com\/shop\/\"},{\"@type\":\"ListItem\",\"position\":3,\"name\":\"Sacr\u00e9es !\"}]},{\"@type\":\"WebSite\",\"@id\":\"https:\/\/june-paris.com\/#website\",\"url\":\"https:\/\/june-paris.com\/\",\"name\":\"June Paris\",\"description\":\"\",\"publisher\":{\"@id\":\"https:\/\/june-paris.com\/#organization\"},\"potentialAction\":[{\"@type\":\"SearchAction\",\"target\":{\"@type\":\"EntryPoint\",\"urlTemplate\":\"https:\/\/june-paris.com\/?s={search_term_string}\"},\"query-input\":{\"@type\":\"PropertyValueSpecification\",\"valueRequired\":true,\"valueName\":\"search_term_string\"}}],\"inLanguage\":\"en-US\"},{\"@type\":\"Organization\",\"@id\":\"https:\/\/june-paris.com\/#organization\",\"name\":\"Laugh of the moon\",\"url\":\"https:\/\/june-paris.com\/\",\"logo\":{\"@type\":\"ImageObject\",\"inLanguage\":\"en-US\",\"@id\":\"https:\/\/june-paris.com\/#\/schema\/logo\/image\/\",\"url\":\"https:\/\/june-paris.com\/wp-content\/uploads\/2021\/03\/logofini.png\",\"contentUrl\":\"https:\/\/june-paris.com\/wp-content\/uploads\/2021\/03\/logofini.png\",\"width\":250,\"height\":48,\"caption\":\"Laugh of the moon\"},\"image\":{\"@id\":\"https:\/\/june-paris.com\/#\/schema\/logo\/image\/\"}}]}<\/script>\n<!-- \/ Yoast SEO plugin. -->","yoast_head_json":{"title":"Sacr\u00e9es ! - June Paris","robots":{"index":"index","follow":"follow","max-snippet":"max-snippet:-1","max-image-preview":"max-image-preview:large","max-video-preview":"max-video-preview:-1"},"canonical":"https:\/\/june-paris.com\/en\/product\/sacrees\/","og_locale":"en_US","og_type":"article","og_title":"Sacr\u00e9es ! - June Paris","og_description":"Une retraite \u00ab Tente Rouge \u00bb en for\u00eat avec un groupe de 13 femmes qui symbolisent les 13 chemins de vie existants selon l'enseignement de Jamie Sams. 13 m\u00e8res de clan, chacune associ\u00e9e \u00e0 un cycle lunaire. 13 femmes s'interrogent et \u00e9changent. Lors de ce cercle, elles pratiquent des rituels, mantras et chants, autour de leur qu\u00eate de reconnaissance, de leur mission de vie, de reconnexion \u00e0 leur espace sacr\u00e9 de femme. Elles d\u00e9butent ce cercle de femmes, f\u00e9briles et fragiles, pour le terminer, 13 jours plus tard, \u00e9clair\u00e9es, fortes, ancr\u00e9es, libres, rayonnantes et ensemble, fortifi\u00e9es par cette sororit\u00e9 puissance et bienveillante. Cet album est con\u00e7u comme un guide initiatique, un recueil d'exp\u00e9riences inspir\u00e9es de la r\u00e9alit\u00e9.","og_url":"https:\/\/june-paris.com\/en\/product\/sacrees\/","og_site_name":"June Paris","article_modified_time":"2024-03-03T14:07:14+00:00","og_image":[{"width":1707,"height":2560,"url":"https:\/\/june-paris.com\/wp-content\/uploads\/2021\/10\/livre-sacrees-scaled.jpg","type":"image\/jpeg"}],"twitter_card":"summary_large_image","schema":{"@context":"https:\/\/schema.org","@graph":[{"@type":"WebPage","@id":"https:\/\/june-paris.com\/produit\/sacrees\/","url":"https:\/\/june-paris.com\/produit\/sacrees\/","name":"Sacr\u00e9es ! - June Paris","isPartOf":{"@id":"https:\/\/june-paris.com\/#website"},"primaryImageOfPage":{"@id":"https:\/\/june-paris.com\/produit\/sacrees\/#primaryimage"},"image":{"@id":"https:\/\/june-paris.com\/produit\/sacrees\/#primaryimage"},"thumbnailUrl":"https:\/\/june-paris.com\/wp-content\/uploads\/2021\/10\/livre-sacrees-scaled.jpg","datePublished":"2021-12-01T17:04:08+00:00","dateModified":"2024-03-03T14:07:14+00:00","breadcrumb":{"@id":"https:\/\/june-paris.com\/produit\/sacrees\/#breadcrumb"},"inLanguage":"en-US","potentialAction":[{"@type":"ReadAction","target":["https:\/\/june-paris.com\/produit\/sacrees\/"]}]},{"@type":"ImageObject","inLanguage":"en-US","@id":"https:\/\/june-paris.com\/produit\/sacrees\/#primaryimage","url":"https:\/\/june-paris.com\/wp-content\/uploads\/2021\/10\/livre-sacrees-scaled.jpg","contentUrl":"https:\/\/june-paris.com\/wp-content\/uploads\/2021\/10\/livre-sacrees-scaled.jpg","width":1707,"height":2560},{"@type":"BreadcrumbList","@id":"https:\/\/june-paris.com\/produit\/sacrees\/#breadcrumb","itemListElement":[{"@type":"ListItem","position":1,"name":"Accueil","item":"https:\/\/june-paris.com\/"},{"@type":"ListItem","position":2,"name":"Shop","item":"https:\/\/june-paris.com\/shop\/"},{"@type":"ListItem","position":3,"name":"Sacr\u00e9es !"}]},{"@type":"WebSite","@id":"https:\/\/june-paris.com\/#website","url":"https:\/\/june-paris.com\/","name":"June Paris","description":"","publisher":{"@id":"https:\/\/june-paris.com\/#organization"},"potentialAction":[{"@type":"SearchAction","target":{"@type":"EntryPoint","urlTemplate":"https:\/\/june-paris.com\/?s={search_term_string}"},"query-input":{"@type":"PropertyValueSpecification","valueRequired":true,"valueName":"search_term_string"}}],"inLanguage":"en-US"},{"@type":"Organization","@id":"https:\/\/june-paris.com\/#organization","name":"Laugh of the moon","url":"https:\/\/june-paris.com\/","logo":{"@type":"ImageObject","inLanguage":"en-US","@id":"https:\/\/june-paris.com\/#\/schema\/logo\/image\/","url":"https:\/\/june-paris.com\/wp-content\/uploads\/2021\/03\/logofini.png","contentUrl":"https:\/\/june-paris.com\/wp-content\/uploads\/2021\/03\/logofini.png","width":250,"height":48,"caption":"Laugh of the moon"},"image":{"@id":"https:\/\/june-paris.com\/#\/schema\/logo\/image\/"}}]}},"_links":{"self":[{"href":"https:\/\/june-paris.com\/en\/wp-json\/wp\/v2\/product\/1294","targetHints":{"allow":["GET"]}}],"collection":[{"href":"https:\/\/june-paris.com\/en\/wp-json\/wp\/v2\/product"}],"about":[{"href":"https:\/\/june-paris.com\/en\/wp-json\/wp\/v2\/types\/product"}],"replies":[{"embeddable":true,"href":"https:\/\/june-paris.com\/en\/wp-json\/wp\/v2\/comments?post=1294"}],"wp:featuredmedia":[{"embeddable":true,"href":"https:\/\/june-paris.com\/en\/wp-json\/wp\/v2\/media\/1491"}],"wp:attachment":[{"href":"https:\/\/june-paris.com\/en\/wp-json\/wp\/v2\/media?parent=1294"}],"wp:term":[{"taxonomy":"product_brand","embeddable":true,"href":"https:\/\/june-paris.com\/en\/wp-json\/wp\/v2\/product_brand?post=1294"},{"taxonomy":"product_cat","embeddable":true,"href":"https:\/\/june-paris.com\/en\/wp-json\/wp\/v2\/product_cat?post=1294"},{"taxonomy":"product_tag","embeddable":true,"href":"https:\/\/june-paris.com\/en\/wp-json\/wp\/v2\/product_tag?post=1294"}],"curies":[{"name":"wp","href":"https:\/\/api.w.org\/{rel}","templated":true}]}}