{"id":1291,"date":"2021-11-02T15:39:59","date_gmt":"2021-11-02T15:39:59","guid":{"rendered":"https:\/\/june-paris.com\/?post_type=product&#038;p=1291"},"modified":"2024-02-29T05:11:42","modified_gmt":"2024-02-29T05:11:42","slug":"cosmic-power","status":"publish","type":"product","link":"https:\/\/june-paris.com\/en\/product\/cosmic-power\/","title":{"rendered":"Cosmic Power"},"content":{"rendered":"","protected":false},"excerpt":{"rendered":"<p>Trouvez votre chemin personnel et profitez enfin de votre pouvoir cosmique !<\/p>\n<p>Cosmic Power est un guide de r\u00e9f\u00e9rence simple et pratique qui porte un regard neuf sur les 12 signes astrologiques classiques. Destin\u00e9 aux mystiques modernes, Cosmic Power offre des outils pour vous encourager \u00e0 rayonner. Cet ouvrage propose \u00e9galement des techniques pour augmenter votre pouvoir cosmique.<\/p>\n<p>L&rsquo;astrologue Vanessa Montgomery vous r\u00e9v\u00e8le ici la signification de votre signe solaire tout en \u00e9clairant votre chemin pour que vous retrouviez votre superpouvoir.<\/p>","protected":false},"featured_media":1355,"comment_status":"open","ping_status":"closed","template":"","meta":[],"product_brand":[],"product_cat":[20],"product_tag":[36,27],"class_list":{"0":"post-1291","1":"product","2":"type-product","3":"status-publish","4":"has-post-thumbnail","6":"product_cat-librairie-spirituelle","7":"product_tag-astrologie","8":"product_tag-livre","10":"first","11":"outofstock","12":"taxable","13":"shipping-taxable","14":"purchasable","15":"product-type-simple"},"yoast_head":"<!-- This site is optimized with the Yoast SEO plugin v25.6 - https:\/\/yoast.com\/wordpress\/plugins\/seo\/ -->\n<title>Cosmic Power - June Paris<\/title>\n<meta name=\"robots\" content=\"index, follow, max-snippet:-1, max-image-preview:large, max-video-preview:-1\" \/>\n<link rel=\"canonical\" href=\"https:\/\/june-paris.com\/en\/product\/cosmic-power\/\" \/>\n<meta property=\"og:locale\" content=\"en_US\" \/>\n<meta property=\"og:type\" content=\"article\" \/>\n<meta property=\"og:title\" content=\"Cosmic Power - June Paris\" \/>\n<meta property=\"og:description\" content=\"Trouvez votre chemin personnel et profitez enfin de votre pouvoir cosmique !  Cosmic Power est un guide de r\u00e9f\u00e9rence simple et pratique qui porte un regard neuf sur les 12 signes astrologiques classiques. Destin\u00e9 aux mystiques modernes, Cosmic Power offre des outils pour vous encourager \u00e0 rayonner. Cet ouvrage propose \u00e9galement des techniques pour augmenter votre pouvoir cosmique.  L&#039;astrologue Vanessa Montgomery vous r\u00e9v\u00e8le ici la signification de votre signe solaire tout en \u00e9clairant votre chemin pour que vous retrouviez votre superpouvoir.\" \/>\n<meta property=\"og:url\" content=\"https:\/\/june-paris.com\/en\/product\/cosmic-power\/\" \/>\n<meta property=\"og:site_name\" content=\"June Paris\" \/>\n<meta property=\"article:modified_time\" content=\"2024-02-29T05:11:42+00:00\" \/>\n<meta property=\"og:image\" content=\"https:\/\/june-paris.com\/wp-content\/uploads\/2021\/10\/Livres-scaled.jpg\" \/>\n\t<meta property=\"og:image:width\" content=\"1707\" \/>\n\t<meta property=\"og:image:height\" content=\"2560\" \/>\n\t<meta property=\"og:image:type\" content=\"image\/jpeg\" \/>\n<meta name=\"twitter:card\" content=\"summary_large_image\" \/>\n<script type=\"application\/ld+json\" class=\"yoast-schema-graph\">{\"@context\":\"https:\/\/schema.org\",\"@graph\":[{\"@type\":\"WebPage\",\"@id\":\"https:\/\/june-paris.com\/produit\/cosmic-power\/\",\"url\":\"https:\/\/june-paris.com\/produit\/cosmic-power\/\",\"name\":\"Cosmic Power - June Paris\",\"isPartOf\":{\"@id\":\"https:\/\/june-paris.com\/#website\"},\"primaryImageOfPage\":{\"@id\":\"https:\/\/june-paris.com\/produit\/cosmic-power\/#primaryimage\"},\"image\":{\"@id\":\"https:\/\/june-paris.com\/produit\/cosmic-power\/#primaryimage\"},\"thumbnailUrl\":\"https:\/\/june-paris.com\/wp-content\/uploads\/2021\/10\/Livres-scaled.jpg\",\"datePublished\":\"2021-11-02T15:39:59+00:00\",\"dateModified\":\"2024-02-29T05:11:42+00:00\",\"breadcrumb\":{\"@id\":\"https:\/\/june-paris.com\/produit\/cosmic-power\/#breadcrumb\"},\"inLanguage\":\"en-US\",\"potentialAction\":[{\"@type\":\"ReadAction\",\"target\":[\"https:\/\/june-paris.com\/produit\/cosmic-power\/\"]}]},{\"@type\":\"ImageObject\",\"inLanguage\":\"en-US\",\"@id\":\"https:\/\/june-paris.com\/produit\/cosmic-power\/#primaryimage\",\"url\":\"https:\/\/june-paris.com\/wp-content\/uploads\/2021\/10\/Livres-scaled.jpg\",\"contentUrl\":\"https:\/\/june-paris.com\/wp-content\/uploads\/2021\/10\/Livres-scaled.jpg\",\"width\":1707,\"height\":2560},{\"@type\":\"BreadcrumbList\",\"@id\":\"https:\/\/june-paris.com\/produit\/cosmic-power\/#breadcrumb\",\"itemListElement\":[{\"@type\":\"ListItem\",\"position\":1,\"name\":\"Accueil\",\"item\":\"https:\/\/june-paris.com\/\"},{\"@type\":\"ListItem\",\"position\":2,\"name\":\"Shop\",\"item\":\"https:\/\/june-paris.com\/shop\/\"},{\"@type\":\"ListItem\",\"position\":3,\"name\":\"Cosmic Power\"}]},{\"@type\":\"WebSite\",\"@id\":\"https:\/\/june-paris.com\/#website\",\"url\":\"https:\/\/june-paris.com\/\",\"name\":\"June Paris\",\"description\":\"\",\"publisher\":{\"@id\":\"https:\/\/june-paris.com\/#organization\"},\"potentialAction\":[{\"@type\":\"SearchAction\",\"target\":{\"@type\":\"EntryPoint\",\"urlTemplate\":\"https:\/\/june-paris.com\/?s={search_term_string}\"},\"query-input\":{\"@type\":\"PropertyValueSpecification\",\"valueRequired\":true,\"valueName\":\"search_term_string\"}}],\"inLanguage\":\"en-US\"},{\"@type\":\"Organization\",\"@id\":\"https:\/\/june-paris.com\/#organization\",\"name\":\"Laugh of the moon\",\"url\":\"https:\/\/june-paris.com\/\",\"logo\":{\"@type\":\"ImageObject\",\"inLanguage\":\"en-US\",\"@id\":\"https:\/\/june-paris.com\/#\/schema\/logo\/image\/\",\"url\":\"https:\/\/june-paris.com\/wp-content\/uploads\/2021\/03\/logofini.png\",\"contentUrl\":\"https:\/\/june-paris.com\/wp-content\/uploads\/2021\/03\/logofini.png\",\"width\":250,\"height\":48,\"caption\":\"Laugh of the moon\"},\"image\":{\"@id\":\"https:\/\/june-paris.com\/#\/schema\/logo\/image\/\"}}]}<\/script>\n<!-- \/ Yoast SEO plugin. -->","yoast_head_json":{"title":"Cosmic Power - June Paris","robots":{"index":"index","follow":"follow","max-snippet":"max-snippet:-1","max-image-preview":"max-image-preview:large","max-video-preview":"max-video-preview:-1"},"canonical":"https:\/\/june-paris.com\/en\/product\/cosmic-power\/","og_locale":"en_US","og_type":"article","og_title":"Cosmic Power - June Paris","og_description":"Trouvez votre chemin personnel et profitez enfin de votre pouvoir cosmique !  Cosmic Power est un guide de r\u00e9f\u00e9rence simple et pratique qui porte un regard neuf sur les 12 signes astrologiques classiques. Destin\u00e9 aux mystiques modernes, Cosmic Power offre des outils pour vous encourager \u00e0 rayonner. Cet ouvrage propose \u00e9galement des techniques pour augmenter votre pouvoir cosmique.  L'astrologue Vanessa Montgomery vous r\u00e9v\u00e8le ici la signification de votre signe solaire tout en \u00e9clairant votre chemin pour que vous retrouviez votre superpouvoir.","og_url":"https:\/\/june-paris.com\/en\/product\/cosmic-power\/","og_site_name":"June Paris","article_modified_time":"2024-02-29T05:11:42+00:00","og_image":[{"width":1707,"height":2560,"url":"https:\/\/june-paris.com\/wp-content\/uploads\/2021\/10\/Livres-scaled.jpg","type":"image\/jpeg"}],"twitter_card":"summary_large_image","schema":{"@context":"https:\/\/schema.org","@graph":[{"@type":"WebPage","@id":"https:\/\/june-paris.com\/produit\/cosmic-power\/","url":"https:\/\/june-paris.com\/produit\/cosmic-power\/","name":"Cosmic Power - June Paris","isPartOf":{"@id":"https:\/\/june-paris.com\/#website"},"primaryImageOfPage":{"@id":"https:\/\/june-paris.com\/produit\/cosmic-power\/#primaryimage"},"image":{"@id":"https:\/\/june-paris.com\/produit\/cosmic-power\/#primaryimage"},"thumbnailUrl":"https:\/\/june-paris.com\/wp-content\/uploads\/2021\/10\/Livres-scaled.jpg","datePublished":"2021-11-02T15:39:59+00:00","dateModified":"2024-02-29T05:11:42+00:00","breadcrumb":{"@id":"https:\/\/june-paris.com\/produit\/cosmic-power\/#breadcrumb"},"inLanguage":"en-US","potentialAction":[{"@type":"ReadAction","target":["https:\/\/june-paris.com\/produit\/cosmic-power\/"]}]},{"@type":"ImageObject","inLanguage":"en-US","@id":"https:\/\/june-paris.com\/produit\/cosmic-power\/#primaryimage","url":"https:\/\/june-paris.com\/wp-content\/uploads\/2021\/10\/Livres-scaled.jpg","contentUrl":"https:\/\/june-paris.com\/wp-content\/uploads\/2021\/10\/Livres-scaled.jpg","width":1707,"height":2560},{"@type":"BreadcrumbList","@id":"https:\/\/june-paris.com\/produit\/cosmic-power\/#breadcrumb","itemListElement":[{"@type":"ListItem","position":1,"name":"Accueil","item":"https:\/\/june-paris.com\/"},{"@type":"ListItem","position":2,"name":"Shop","item":"https:\/\/june-paris.com\/shop\/"},{"@type":"ListItem","position":3,"name":"Cosmic Power"}]},{"@type":"WebSite","@id":"https:\/\/june-paris.com\/#website","url":"https:\/\/june-paris.com\/","name":"June Paris","description":"","publisher":{"@id":"https:\/\/june-paris.com\/#organization"},"potentialAction":[{"@type":"SearchAction","target":{"@type":"EntryPoint","urlTemplate":"https:\/\/june-paris.com\/?s={search_term_string}"},"query-input":{"@type":"PropertyValueSpecification","valueRequired":true,"valueName":"search_term_string"}}],"inLanguage":"en-US"},{"@type":"Organization","@id":"https:\/\/june-paris.com\/#organization","name":"Laugh of the moon","url":"https:\/\/june-paris.com\/","logo":{"@type":"ImageObject","inLanguage":"en-US","@id":"https:\/\/june-paris.com\/#\/schema\/logo\/image\/","url":"https:\/\/june-paris.com\/wp-content\/uploads\/2021\/03\/logofini.png","contentUrl":"https:\/\/june-paris.com\/wp-content\/uploads\/2021\/03\/logofini.png","width":250,"height":48,"caption":"Laugh of the moon"},"image":{"@id":"https:\/\/june-paris.com\/#\/schema\/logo\/image\/"}}]}},"_links":{"self":[{"href":"https:\/\/june-paris.com\/en\/wp-json\/wp\/v2\/product\/1291","targetHints":{"allow":["GET"]}}],"collection":[{"href":"https:\/\/june-paris.com\/en\/wp-json\/wp\/v2\/product"}],"about":[{"href":"https:\/\/june-paris.com\/en\/wp-json\/wp\/v2\/types\/product"}],"replies":[{"embeddable":true,"href":"https:\/\/june-paris.com\/en\/wp-json\/wp\/v2\/comments?post=1291"}],"wp:featuredmedia":[{"embeddable":true,"href":"https:\/\/june-paris.com\/en\/wp-json\/wp\/v2\/media\/1355"}],"wp:attachment":[{"href":"https:\/\/june-paris.com\/en\/wp-json\/wp\/v2\/media?parent=1291"}],"wp:term":[{"taxonomy":"product_brand","embeddable":true,"href":"https:\/\/june-paris.com\/en\/wp-json\/wp\/v2\/product_brand?post=1291"},{"taxonomy":"product_cat","embeddable":true,"href":"https:\/\/june-paris.com\/en\/wp-json\/wp\/v2\/product_cat?post=1291"},{"taxonomy":"product_tag","embeddable":true,"href":"https:\/\/june-paris.com\/en\/wp-json\/wp\/v2\/product_tag?post=1291"}],"curies":[{"name":"wp","href":"https:\/\/api.w.org\/{rel}","templated":true}]}}