{"id":1285,"date":"2021-10-19T12:39:06","date_gmt":"2021-10-19T12:39:06","guid":{"rendered":"https:\/\/june-paris.com\/?post_type=product&#038;p=1285"},"modified":"2024-03-01T08:09:34","modified_gmt":"2024-03-01T08:09:34","slug":"loracle-des-flammes-jumelles-et-autres-relations-karmiques","status":"publish","type":"product","link":"https:\/\/june-paris.com\/en\/product\/loracle-des-flammes-jumelles-et-autres-relations-karmiques\/","title":{"rendered":"L&rsquo;Oracle des Flammes Jumelles et autres Relations Karmiques"},"content":{"rendered":"","protected":false},"excerpt":{"rendered":"<p>42 cartes magnifiquement illustr\u00e9es par l&rsquo;artiste Natacha Birds, pour partir \u00e0 la d\u00e9couverte des relations karmiques que nous entretenons avec d&rsquo;autres \u00e2mes depuis plusieurs vies, afin de mieux les appr\u00e9hender en se connectant \u00e0 l&rsquo;\u00e9nergie d&rsquo;amour.<\/p>\n<p>Une relation karmique se d\u00e9finit par les retrouvailles de deux \u00e2mes qui se connaissent.<br \/>\nNotre \u00e2me s&rsquo;incarne de vies en vies, de corps en corps et elle exp\u00e9rimente. Lors de ces diff\u00e9rentes incarnations, nous rencontrons d&rsquo;autres \u00e2mes et nous cr\u00e9ons des relations qui peuvent \u00eatre puissantes, perturbantes, passionnantes. Comme on se r\u00e9incarne par amour, on retrouve les \u00e2mes avec qui on a un lien d&rsquo;amour dans nos diff\u00e9rentes vies. Les liens changent, les r\u00f4les changent, les corps changent et le but des exp\u00e9riences change.<\/p>\n<p>Gr\u00e2ce \u00e0 cet oracle illustr\u00e9 par la talentueuse Natacha Birds, vous comprendrez les liens karmiques que vous exp\u00e9rimentez dans cette vie, mais \u00e9galement comment vous connecter \u00e0 l&rsquo;amour de vous-m\u00eame et \u00e0 la beaut\u00e9 de votre \u00e9nergie. Il vous apportera \u00e9galement des pistes de r\u00e9flexion pour mieux comprendre les relations que vous entretenez avec vos \u00e2mes s\u0153urs, \u00e2mes doubles, \u00e2mes jumelles, et qui sait peut-\u00eatre m\u00eame, avec votre flamme jumelle.<\/p>","protected":false},"featured_media":1327,"comment_status":"open","ping_status":"closed","template":"","meta":[],"product_brand":[],"product_cat":[19],"product_tag":[34,26],"class_list":{"0":"post-1285","1":"product","2":"type-product","3":"status-publish","4":"has-post-thumbnail","6":"product_cat-oracles-jeux-divinatoires","7":"product_tag-oracle","8":"product_tag-tarot","10":"first","11":"outofstock","12":"taxable","13":"shipping-taxable","14":"purchasable","15":"product-type-simple"},"yoast_head":"<!-- This site is optimized with the Yoast SEO plugin v25.6 - https:\/\/yoast.com\/wordpress\/plugins\/seo\/ -->\n<title>L&#039;Oracle des Flammes Jumelles et autres Relations Karmiques - June Paris<\/title>\n<meta name=\"robots\" content=\"index, follow, max-snippet:-1, max-image-preview:large, max-video-preview:-1\" \/>\n<link rel=\"canonical\" href=\"https:\/\/june-paris.com\/en\/product\/loracle-des-flammes-jumelles-et-autres-relations-karmiques\/\" \/>\n<meta property=\"og:locale\" content=\"en_US\" \/>\n<meta property=\"og:type\" content=\"article\" \/>\n<meta property=\"og:title\" content=\"L&#039;Oracle des Flammes Jumelles et autres Relations Karmiques - June Paris\" \/>\n<meta property=\"og:description\" content=\"42 cartes magnifiquement illustr\u00e9es par l&#039;artiste Natacha Birds, pour partir \u00e0 la d\u00e9couverte des relations karmiques que nous entretenons avec d&#039;autres \u00e2mes depuis plusieurs vies, afin de mieux les appr\u00e9hender en se connectant \u00e0 l&#039;\u00e9nergie d&#039;amour.  Une relation karmique se d\u00e9finit par les retrouvailles de deux \u00e2mes qui se connaissent. Notre \u00e2me s&#039;incarne de vies en vies, de corps en corps et elle exp\u00e9rimente. Lors de ces diff\u00e9rentes incarnations, nous rencontrons d&#039;autres \u00e2mes et nous cr\u00e9ons des relations qui peuvent \u00eatre puissantes, perturbantes, passionnantes. Comme on se r\u00e9incarne par amour, on retrouve les \u00e2mes avec qui on a un lien d&#039;amour dans nos diff\u00e9rentes vies. Les liens changent, les r\u00f4les changent, les corps changent et le but des exp\u00e9riences change.  Gr\u00e2ce \u00e0 cet oracle illustr\u00e9 par la talentueuse Natacha Birds, vous comprendrez les liens karmiques que vous exp\u00e9rimentez dans cette vie, mais \u00e9galement comment vous connecter \u00e0 l&#039;amour de vous-m\u00eame et \u00e0 la beaut\u00e9 de votre \u00e9nergie. Il vous apportera \u00e9galement des pistes de r\u00e9flexion pour mieux comprendre les relations que vous entretenez avec vos \u00e2mes s\u0153urs, \u00e2mes doubles, \u00e2mes jumelles, et qui sait peut-\u00eatre m\u00eame, avec votre flamme jumelle.\" \/>\n<meta property=\"og:url\" content=\"https:\/\/june-paris.com\/en\/product\/loracle-des-flammes-jumelles-et-autres-relations-karmiques\/\" \/>\n<meta property=\"og:site_name\" content=\"June Paris\" \/>\n<meta property=\"article:modified_time\" content=\"2024-03-01T08:09:34+00:00\" \/>\n<meta property=\"og:image\" content=\"https:\/\/june-paris.com\/wp-content\/uploads\/2021\/10\/Pierres-13-scaled.jpg\" \/>\n\t<meta property=\"og:image:width\" content=\"1707\" \/>\n\t<meta property=\"og:image:height\" content=\"2560\" \/>\n\t<meta property=\"og:image:type\" content=\"image\/jpeg\" \/>\n<meta name=\"twitter:card\" content=\"summary_large_image\" \/>\n<script type=\"application\/ld+json\" class=\"yoast-schema-graph\">{\"@context\":\"https:\/\/schema.org\",\"@graph\":[{\"@type\":\"WebPage\",\"@id\":\"https:\/\/june-paris.com\/produit\/loracle-des-flammes-jumelles-et-autres-relations-karmiques\/\",\"url\":\"https:\/\/june-paris.com\/produit\/loracle-des-flammes-jumelles-et-autres-relations-karmiques\/\",\"name\":\"L'Oracle des Flammes Jumelles et autres Relations Karmiques - June Paris\",\"isPartOf\":{\"@id\":\"https:\/\/june-paris.com\/#website\"},\"primaryImageOfPage\":{\"@id\":\"https:\/\/june-paris.com\/produit\/loracle-des-flammes-jumelles-et-autres-relations-karmiques\/#primaryimage\"},\"image\":{\"@id\":\"https:\/\/june-paris.com\/produit\/loracle-des-flammes-jumelles-et-autres-relations-karmiques\/#primaryimage\"},\"thumbnailUrl\":\"https:\/\/june-paris.com\/wp-content\/uploads\/2021\/10\/Pierres-13-scaled.jpg\",\"datePublished\":\"2021-10-19T12:39:06+00:00\",\"dateModified\":\"2024-03-01T08:09:34+00:00\",\"breadcrumb\":{\"@id\":\"https:\/\/june-paris.com\/produit\/loracle-des-flammes-jumelles-et-autres-relations-karmiques\/#breadcrumb\"},\"inLanguage\":\"en-US\",\"potentialAction\":[{\"@type\":\"ReadAction\",\"target\":[\"https:\/\/june-paris.com\/produit\/loracle-des-flammes-jumelles-et-autres-relations-karmiques\/\"]}]},{\"@type\":\"ImageObject\",\"inLanguage\":\"en-US\",\"@id\":\"https:\/\/june-paris.com\/produit\/loracle-des-flammes-jumelles-et-autres-relations-karmiques\/#primaryimage\",\"url\":\"https:\/\/june-paris.com\/wp-content\/uploads\/2021\/10\/Pierres-13-scaled.jpg\",\"contentUrl\":\"https:\/\/june-paris.com\/wp-content\/uploads\/2021\/10\/Pierres-13-scaled.jpg\",\"width\":1707,\"height\":2560},{\"@type\":\"BreadcrumbList\",\"@id\":\"https:\/\/june-paris.com\/produit\/loracle-des-flammes-jumelles-et-autres-relations-karmiques\/#breadcrumb\",\"itemListElement\":[{\"@type\":\"ListItem\",\"position\":1,\"name\":\"Accueil\",\"item\":\"https:\/\/june-paris.com\/\"},{\"@type\":\"ListItem\",\"position\":2,\"name\":\"Shop\",\"item\":\"https:\/\/june-paris.com\/shop\/\"},{\"@type\":\"ListItem\",\"position\":3,\"name\":\"L&rsquo;Oracle des Flammes Jumelles et autres Relations Karmiques\"}]},{\"@type\":\"WebSite\",\"@id\":\"https:\/\/june-paris.com\/#website\",\"url\":\"https:\/\/june-paris.com\/\",\"name\":\"June Paris\",\"description\":\"\",\"publisher\":{\"@id\":\"https:\/\/june-paris.com\/#organization\"},\"potentialAction\":[{\"@type\":\"SearchAction\",\"target\":{\"@type\":\"EntryPoint\",\"urlTemplate\":\"https:\/\/june-paris.com\/?s={search_term_string}\"},\"query-input\":{\"@type\":\"PropertyValueSpecification\",\"valueRequired\":true,\"valueName\":\"search_term_string\"}}],\"inLanguage\":\"en-US\"},{\"@type\":\"Organization\",\"@id\":\"https:\/\/june-paris.com\/#organization\",\"name\":\"Laugh of the moon\",\"url\":\"https:\/\/june-paris.com\/\",\"logo\":{\"@type\":\"ImageObject\",\"inLanguage\":\"en-US\",\"@id\":\"https:\/\/june-paris.com\/#\/schema\/logo\/image\/\",\"url\":\"https:\/\/june-paris.com\/wp-content\/uploads\/2021\/03\/logofini.png\",\"contentUrl\":\"https:\/\/june-paris.com\/wp-content\/uploads\/2021\/03\/logofini.png\",\"width\":250,\"height\":48,\"caption\":\"Laugh of the moon\"},\"image\":{\"@id\":\"https:\/\/june-paris.com\/#\/schema\/logo\/image\/\"}}]}<\/script>\n<!-- \/ Yoast SEO plugin. -->","yoast_head_json":{"title":"L'Oracle des Flammes Jumelles et autres Relations Karmiques - June Paris","robots":{"index":"index","follow":"follow","max-snippet":"max-snippet:-1","max-image-preview":"max-image-preview:large","max-video-preview":"max-video-preview:-1"},"canonical":"https:\/\/june-paris.com\/en\/product\/loracle-des-flammes-jumelles-et-autres-relations-karmiques\/","og_locale":"en_US","og_type":"article","og_title":"L'Oracle des Flammes Jumelles et autres Relations Karmiques - June Paris","og_description":"42 cartes magnifiquement illustr\u00e9es par l'artiste Natacha Birds, pour partir \u00e0 la d\u00e9couverte des relations karmiques que nous entretenons avec d'autres \u00e2mes depuis plusieurs vies, afin de mieux les appr\u00e9hender en se connectant \u00e0 l'\u00e9nergie d'amour.  Une relation karmique se d\u00e9finit par les retrouvailles de deux \u00e2mes qui se connaissent. Notre \u00e2me s'incarne de vies en vies, de corps en corps et elle exp\u00e9rimente. Lors de ces diff\u00e9rentes incarnations, nous rencontrons d'autres \u00e2mes et nous cr\u00e9ons des relations qui peuvent \u00eatre puissantes, perturbantes, passionnantes. Comme on se r\u00e9incarne par amour, on retrouve les \u00e2mes avec qui on a un lien d'amour dans nos diff\u00e9rentes vies. Les liens changent, les r\u00f4les changent, les corps changent et le but des exp\u00e9riences change.  Gr\u00e2ce \u00e0 cet oracle illustr\u00e9 par la talentueuse Natacha Birds, vous comprendrez les liens karmiques que vous exp\u00e9rimentez dans cette vie, mais \u00e9galement comment vous connecter \u00e0 l'amour de vous-m\u00eame et \u00e0 la beaut\u00e9 de votre \u00e9nergie. Il vous apportera \u00e9galement des pistes de r\u00e9flexion pour mieux comprendre les relations que vous entretenez avec vos \u00e2mes s\u0153urs, \u00e2mes doubles, \u00e2mes jumelles, et qui sait peut-\u00eatre m\u00eame, avec votre flamme jumelle.","og_url":"https:\/\/june-paris.com\/en\/product\/loracle-des-flammes-jumelles-et-autres-relations-karmiques\/","og_site_name":"June Paris","article_modified_time":"2024-03-01T08:09:34+00:00","og_image":[{"width":1707,"height":2560,"url":"https:\/\/june-paris.com\/wp-content\/uploads\/2021\/10\/Pierres-13-scaled.jpg","type":"image\/jpeg"}],"twitter_card":"summary_large_image","schema":{"@context":"https:\/\/schema.org","@graph":[{"@type":"WebPage","@id":"https:\/\/june-paris.com\/produit\/loracle-des-flammes-jumelles-et-autres-relations-karmiques\/","url":"https:\/\/june-paris.com\/produit\/loracle-des-flammes-jumelles-et-autres-relations-karmiques\/","name":"L'Oracle des Flammes Jumelles et autres Relations Karmiques - June Paris","isPartOf":{"@id":"https:\/\/june-paris.com\/#website"},"primaryImageOfPage":{"@id":"https:\/\/june-paris.com\/produit\/loracle-des-flammes-jumelles-et-autres-relations-karmiques\/#primaryimage"},"image":{"@id":"https:\/\/june-paris.com\/produit\/loracle-des-flammes-jumelles-et-autres-relations-karmiques\/#primaryimage"},"thumbnailUrl":"https:\/\/june-paris.com\/wp-content\/uploads\/2021\/10\/Pierres-13-scaled.jpg","datePublished":"2021-10-19T12:39:06+00:00","dateModified":"2024-03-01T08:09:34+00:00","breadcrumb":{"@id":"https:\/\/june-paris.com\/produit\/loracle-des-flammes-jumelles-et-autres-relations-karmiques\/#breadcrumb"},"inLanguage":"en-US","potentialAction":[{"@type":"ReadAction","target":["https:\/\/june-paris.com\/produit\/loracle-des-flammes-jumelles-et-autres-relations-karmiques\/"]}]},{"@type":"ImageObject","inLanguage":"en-US","@id":"https:\/\/june-paris.com\/produit\/loracle-des-flammes-jumelles-et-autres-relations-karmiques\/#primaryimage","url":"https:\/\/june-paris.com\/wp-content\/uploads\/2021\/10\/Pierres-13-scaled.jpg","contentUrl":"https:\/\/june-paris.com\/wp-content\/uploads\/2021\/10\/Pierres-13-scaled.jpg","width":1707,"height":2560},{"@type":"BreadcrumbList","@id":"https:\/\/june-paris.com\/produit\/loracle-des-flammes-jumelles-et-autres-relations-karmiques\/#breadcrumb","itemListElement":[{"@type":"ListItem","position":1,"name":"Accueil","item":"https:\/\/june-paris.com\/"},{"@type":"ListItem","position":2,"name":"Shop","item":"https:\/\/june-paris.com\/shop\/"},{"@type":"ListItem","position":3,"name":"L&rsquo;Oracle des Flammes Jumelles et autres Relations Karmiques"}]},{"@type":"WebSite","@id":"https:\/\/june-paris.com\/#website","url":"https:\/\/june-paris.com\/","name":"June Paris","description":"","publisher":{"@id":"https:\/\/june-paris.com\/#organization"},"potentialAction":[{"@type":"SearchAction","target":{"@type":"EntryPoint","urlTemplate":"https:\/\/june-paris.com\/?s={search_term_string}"},"query-input":{"@type":"PropertyValueSpecification","valueRequired":true,"valueName":"search_term_string"}}],"inLanguage":"en-US"},{"@type":"Organization","@id":"https:\/\/june-paris.com\/#organization","name":"Laugh of the moon","url":"https:\/\/june-paris.com\/","logo":{"@type":"ImageObject","inLanguage":"en-US","@id":"https:\/\/june-paris.com\/#\/schema\/logo\/image\/","url":"https:\/\/june-paris.com\/wp-content\/uploads\/2021\/03\/logofini.png","contentUrl":"https:\/\/june-paris.com\/wp-content\/uploads\/2021\/03\/logofini.png","width":250,"height":48,"caption":"Laugh of the moon"},"image":{"@id":"https:\/\/june-paris.com\/#\/schema\/logo\/image\/"}}]}},"_links":{"self":[{"href":"https:\/\/june-paris.com\/en\/wp-json\/wp\/v2\/product\/1285","targetHints":{"allow":["GET"]}}],"collection":[{"href":"https:\/\/june-paris.com\/en\/wp-json\/wp\/v2\/product"}],"about":[{"href":"https:\/\/june-paris.com\/en\/wp-json\/wp\/v2\/types\/product"}],"replies":[{"embeddable":true,"href":"https:\/\/june-paris.com\/en\/wp-json\/wp\/v2\/comments?post=1285"}],"wp:featuredmedia":[{"embeddable":true,"href":"https:\/\/june-paris.com\/en\/wp-json\/wp\/v2\/media\/1327"}],"wp:attachment":[{"href":"https:\/\/june-paris.com\/en\/wp-json\/wp\/v2\/media?parent=1285"}],"wp:term":[{"taxonomy":"product_brand","embeddable":true,"href":"https:\/\/june-paris.com\/en\/wp-json\/wp\/v2\/product_brand?post=1285"},{"taxonomy":"product_cat","embeddable":true,"href":"https:\/\/june-paris.com\/en\/wp-json\/wp\/v2\/product_cat?post=1285"},{"taxonomy":"product_tag","embeddable":true,"href":"https:\/\/june-paris.com\/en\/wp-json\/wp\/v2\/product_tag?post=1285"}],"curies":[{"name":"wp","href":"https:\/\/api.w.org\/{rel}","templated":true}]}}