{"id":1282,"date":"2021-10-26T22:14:57","date_gmt":"2021-10-26T22:14:57","guid":{"rendered":"https:\/\/june-paris.com\/?post_type=product&#038;p=1282"},"modified":"2026-02-02T22:13:25","modified_gmt":"2026-02-02T22:13:25","slug":"the-venice-witch-oracle","status":"publish","type":"product","link":"https:\/\/june-paris.com\/en\/product\/the-venice-witch-oracle\/","title":{"rendered":"The Venice Witch Oracle"},"content":{"rendered":"","protected":false},"excerpt":{"rendered":"<p>Le premier oracle de This is Venice ! Un coffret mystique, magique et moderne.<\/p>\n<p>Lili Nguyen, alias This is Venice, a cr\u00e9\u00e9 cet oracle inspir\u00e9, s&rsquo;adressant \u00e0 toute une nouvelle g\u00e9n\u00e9ration en qu\u00eate de spiritualit\u00e9.<\/p>\n<p>Intimement li\u00e9es \u00e0 son univers, les 33 cartes aux superbes illustrations hautes en couleur de Lucie Corbasson regorgent de magie, de mysticisme et de sens pour une approche ultra-moderne de l&rsquo;\u00e9sot\u00e9risme.<\/p>\n<p>Le livre vous apportera la signification de chaque carte de fa\u00e7on claire et bienveillante, afin de mieux comprendre certaines situations, de distinguer les impasses dans lesquelles vous pouvez vous trouver, mais aussi pour mieux accueillir les instants de bonheur quotidiens qui pars\u00e8ment bien votre chemin mais que vous ne distinguez pas toujours.<\/p>\n<p>Ce magnifique coffret d\u00e9poussi\u00e8re ainsi les codes pour vous offrir un voyage transcendant aux notes californiennes, afin de mieux percevoir et comprendre les messages de l&rsquo;Univers \u00e0 votre attention.<\/p>\n<p>Dimensions : 13 x 4.2 x 17.6 cm<\/p>","protected":false},"featured_media":1316,"comment_status":"open","ping_status":"closed","template":"","meta":[],"product_brand":[],"product_cat":[19],"product_tag":[],"class_list":{"0":"post-1282","1":"product","2":"type-product","3":"status-publish","4":"has-post-thumbnail","6":"product_cat-oracles-jeux-divinatoires","8":"first","9":"outofstock","10":"taxable","11":"shipping-taxable","12":"purchasable","13":"product-type-simple"},"yoast_head":"<!-- This site is optimized with the Yoast SEO plugin v25.6 - https:\/\/yoast.com\/wordpress\/plugins\/seo\/ -->\n<title>The Venice Witch Oracle - June Paris<\/title>\n<meta name=\"robots\" content=\"index, follow, max-snippet:-1, max-image-preview:large, max-video-preview:-1\" \/>\n<link rel=\"canonical\" href=\"https:\/\/june-paris.com\/en\/product\/the-venice-witch-oracle\/\" \/>\n<meta property=\"og:locale\" content=\"en_US\" \/>\n<meta property=\"og:type\" content=\"article\" \/>\n<meta property=\"og:title\" content=\"The Venice Witch Oracle - June Paris\" \/>\n<meta property=\"og:description\" content=\"Le premier oracle de This is Venice ! Un coffret mystique, magique et moderne.  Lili Nguyen, alias This is Venice, a cr\u00e9\u00e9 cet oracle inspir\u00e9, s&#039;adressant \u00e0 toute une nouvelle g\u00e9n\u00e9ration en qu\u00eate de spiritualit\u00e9.  Intimement li\u00e9es \u00e0 son univers, les 33 cartes aux superbes illustrations hautes en couleur de Lucie Corbasson regorgent de magie, de mysticisme et de sens pour une approche ultra-moderne de l&#039;\u00e9sot\u00e9risme.  Le livre vous apportera la signification de chaque carte de fa\u00e7on claire et bienveillante, afin de mieux comprendre certaines situations, de distinguer les impasses dans lesquelles vous pouvez vous trouver, mais aussi pour mieux accueillir les instants de bonheur quotidiens qui pars\u00e8ment bien votre chemin mais que vous ne distinguez pas toujours.  Ce magnifique coffret d\u00e9poussi\u00e8re ainsi les codes pour vous offrir un voyage transcendant aux notes californiennes, afin de mieux percevoir et comprendre les messages de l&#039;Univers \u00e0 votre attention.  Dimensions : 13 x 4.2 x 17.6 cm\" \/>\n<meta property=\"og:url\" content=\"https:\/\/june-paris.com\/en\/product\/the-venice-witch-oracle\/\" \/>\n<meta property=\"og:site_name\" content=\"June Paris\" \/>\n<meta property=\"article:modified_time\" content=\"2026-02-02T22:13:25+00:00\" \/>\n<meta property=\"og:image\" content=\"https:\/\/june-paris.com\/wp-content\/uploads\/2021\/10\/Pierres-2-1-scaled.jpg\" \/>\n\t<meta property=\"og:image:width\" content=\"1707\" \/>\n\t<meta property=\"og:image:height\" content=\"2560\" \/>\n\t<meta property=\"og:image:type\" content=\"image\/jpeg\" \/>\n<meta name=\"twitter:card\" content=\"summary_large_image\" \/>\n<script type=\"application\/ld+json\" class=\"yoast-schema-graph\">{\"@context\":\"https:\/\/schema.org\",\"@graph\":[{\"@type\":\"WebPage\",\"@id\":\"https:\/\/june-paris.com\/en\/product\/the-venice-witch-oracle\/\",\"url\":\"https:\/\/june-paris.com\/en\/product\/the-venice-witch-oracle\/\",\"name\":\"The Venice Witch Oracle - June Paris\",\"isPartOf\":{\"@id\":\"https:\/\/june-paris.com\/#website\"},\"primaryImageOfPage\":{\"@id\":\"https:\/\/june-paris.com\/en\/product\/the-venice-witch-oracle\/#primaryimage\"},\"image\":{\"@id\":\"https:\/\/june-paris.com\/en\/product\/the-venice-witch-oracle\/#primaryimage\"},\"thumbnailUrl\":\"https:\/\/june-paris.com\/wp-content\/uploads\/2021\/10\/Pierres-2-1-scaled.jpg\",\"datePublished\":\"2021-10-26T22:14:57+00:00\",\"dateModified\":\"2026-02-02T22:13:25+00:00\",\"breadcrumb\":{\"@id\":\"https:\/\/june-paris.com\/en\/product\/the-venice-witch-oracle\/#breadcrumb\"},\"inLanguage\":\"en-US\",\"potentialAction\":[{\"@type\":\"ReadAction\",\"target\":[\"https:\/\/june-paris.com\/en\/product\/the-venice-witch-oracle\/\"]}]},{\"@type\":\"ImageObject\",\"inLanguage\":\"en-US\",\"@id\":\"https:\/\/june-paris.com\/en\/product\/the-venice-witch-oracle\/#primaryimage\",\"url\":\"https:\/\/june-paris.com\/wp-content\/uploads\/2021\/10\/Pierres-2-1-scaled.jpg\",\"contentUrl\":\"https:\/\/june-paris.com\/wp-content\/uploads\/2021\/10\/Pierres-2-1-scaled.jpg\",\"width\":1707,\"height\":2560},{\"@type\":\"BreadcrumbList\",\"@id\":\"https:\/\/june-paris.com\/en\/product\/the-venice-witch-oracle\/#breadcrumb\",\"itemListElement\":[{\"@type\":\"ListItem\",\"position\":1,\"name\":\"Accueil\",\"item\":\"https:\/\/june-paris.com\/\"},{\"@type\":\"ListItem\",\"position\":2,\"name\":\"Shop\",\"item\":\"https:\/\/june-paris.com\/shop\/\"},{\"@type\":\"ListItem\",\"position\":3,\"name\":\"The Venice Witch Oracle\"}]},{\"@type\":\"WebSite\",\"@id\":\"https:\/\/june-paris.com\/#website\",\"url\":\"https:\/\/june-paris.com\/\",\"name\":\"June Paris\",\"description\":\"\",\"publisher\":{\"@id\":\"https:\/\/june-paris.com\/#organization\"},\"potentialAction\":[{\"@type\":\"SearchAction\",\"target\":{\"@type\":\"EntryPoint\",\"urlTemplate\":\"https:\/\/june-paris.com\/?s={search_term_string}\"},\"query-input\":{\"@type\":\"PropertyValueSpecification\",\"valueRequired\":true,\"valueName\":\"search_term_string\"}}],\"inLanguage\":\"en-US\"},{\"@type\":\"Organization\",\"@id\":\"https:\/\/june-paris.com\/#organization\",\"name\":\"Laugh of the moon\",\"url\":\"https:\/\/june-paris.com\/\",\"logo\":{\"@type\":\"ImageObject\",\"inLanguage\":\"en-US\",\"@id\":\"https:\/\/june-paris.com\/#\/schema\/logo\/image\/\",\"url\":\"https:\/\/june-paris.com\/wp-content\/uploads\/2021\/03\/logofini.png\",\"contentUrl\":\"https:\/\/june-paris.com\/wp-content\/uploads\/2021\/03\/logofini.png\",\"width\":250,\"height\":48,\"caption\":\"Laugh of the moon\"},\"image\":{\"@id\":\"https:\/\/june-paris.com\/#\/schema\/logo\/image\/\"}}]}<\/script>\n<!-- \/ Yoast SEO plugin. -->","yoast_head_json":{"title":"The Venice Witch Oracle - June Paris","robots":{"index":"index","follow":"follow","max-snippet":"max-snippet:-1","max-image-preview":"max-image-preview:large","max-video-preview":"max-video-preview:-1"},"canonical":"https:\/\/june-paris.com\/en\/product\/the-venice-witch-oracle\/","og_locale":"en_US","og_type":"article","og_title":"The Venice Witch Oracle - June Paris","og_description":"Le premier oracle de This is Venice ! Un coffret mystique, magique et moderne.  Lili Nguyen, alias This is Venice, a cr\u00e9\u00e9 cet oracle inspir\u00e9, s'adressant \u00e0 toute une nouvelle g\u00e9n\u00e9ration en qu\u00eate de spiritualit\u00e9.  Intimement li\u00e9es \u00e0 son univers, les 33 cartes aux superbes illustrations hautes en couleur de Lucie Corbasson regorgent de magie, de mysticisme et de sens pour une approche ultra-moderne de l'\u00e9sot\u00e9risme.  Le livre vous apportera la signification de chaque carte de fa\u00e7on claire et bienveillante, afin de mieux comprendre certaines situations, de distinguer les impasses dans lesquelles vous pouvez vous trouver, mais aussi pour mieux accueillir les instants de bonheur quotidiens qui pars\u00e8ment bien votre chemin mais que vous ne distinguez pas toujours.  Ce magnifique coffret d\u00e9poussi\u00e8re ainsi les codes pour vous offrir un voyage transcendant aux notes californiennes, afin de mieux percevoir et comprendre les messages de l'Univers \u00e0 votre attention.  Dimensions : 13 x 4.2 x 17.6 cm","og_url":"https:\/\/june-paris.com\/en\/product\/the-venice-witch-oracle\/","og_site_name":"June Paris","article_modified_time":"2026-02-02T22:13:25+00:00","og_image":[{"width":1707,"height":2560,"url":"https:\/\/june-paris.com\/wp-content\/uploads\/2021\/10\/Pierres-2-1-scaled.jpg","type":"image\/jpeg"}],"twitter_card":"summary_large_image","schema":{"@context":"https:\/\/schema.org","@graph":[{"@type":"WebPage","@id":"https:\/\/june-paris.com\/en\/product\/the-venice-witch-oracle\/","url":"https:\/\/june-paris.com\/en\/product\/the-venice-witch-oracle\/","name":"The Venice Witch Oracle - June Paris","isPartOf":{"@id":"https:\/\/june-paris.com\/#website"},"primaryImageOfPage":{"@id":"https:\/\/june-paris.com\/en\/product\/the-venice-witch-oracle\/#primaryimage"},"image":{"@id":"https:\/\/june-paris.com\/en\/product\/the-venice-witch-oracle\/#primaryimage"},"thumbnailUrl":"https:\/\/june-paris.com\/wp-content\/uploads\/2021\/10\/Pierres-2-1-scaled.jpg","datePublished":"2021-10-26T22:14:57+00:00","dateModified":"2026-02-02T22:13:25+00:00","breadcrumb":{"@id":"https:\/\/june-paris.com\/en\/product\/the-venice-witch-oracle\/#breadcrumb"},"inLanguage":"en-US","potentialAction":[{"@type":"ReadAction","target":["https:\/\/june-paris.com\/en\/product\/the-venice-witch-oracle\/"]}]},{"@type":"ImageObject","inLanguage":"en-US","@id":"https:\/\/june-paris.com\/en\/product\/the-venice-witch-oracle\/#primaryimage","url":"https:\/\/june-paris.com\/wp-content\/uploads\/2021\/10\/Pierres-2-1-scaled.jpg","contentUrl":"https:\/\/june-paris.com\/wp-content\/uploads\/2021\/10\/Pierres-2-1-scaled.jpg","width":1707,"height":2560},{"@type":"BreadcrumbList","@id":"https:\/\/june-paris.com\/en\/product\/the-venice-witch-oracle\/#breadcrumb","itemListElement":[{"@type":"ListItem","position":1,"name":"Accueil","item":"https:\/\/june-paris.com\/"},{"@type":"ListItem","position":2,"name":"Shop","item":"https:\/\/june-paris.com\/shop\/"},{"@type":"ListItem","position":3,"name":"The Venice Witch Oracle"}]},{"@type":"WebSite","@id":"https:\/\/june-paris.com\/#website","url":"https:\/\/june-paris.com\/","name":"June Paris","description":"","publisher":{"@id":"https:\/\/june-paris.com\/#organization"},"potentialAction":[{"@type":"SearchAction","target":{"@type":"EntryPoint","urlTemplate":"https:\/\/june-paris.com\/?s={search_term_string}"},"query-input":{"@type":"PropertyValueSpecification","valueRequired":true,"valueName":"search_term_string"}}],"inLanguage":"en-US"},{"@type":"Organization","@id":"https:\/\/june-paris.com\/#organization","name":"Laugh of the moon","url":"https:\/\/june-paris.com\/","logo":{"@type":"ImageObject","inLanguage":"en-US","@id":"https:\/\/june-paris.com\/#\/schema\/logo\/image\/","url":"https:\/\/june-paris.com\/wp-content\/uploads\/2021\/03\/logofini.png","contentUrl":"https:\/\/june-paris.com\/wp-content\/uploads\/2021\/03\/logofini.png","width":250,"height":48,"caption":"Laugh of the moon"},"image":{"@id":"https:\/\/june-paris.com\/#\/schema\/logo\/image\/"}}]}},"_links":{"self":[{"href":"https:\/\/june-paris.com\/en\/wp-json\/wp\/v2\/product\/1282","targetHints":{"allow":["GET"]}}],"collection":[{"href":"https:\/\/june-paris.com\/en\/wp-json\/wp\/v2\/product"}],"about":[{"href":"https:\/\/june-paris.com\/en\/wp-json\/wp\/v2\/types\/product"}],"replies":[{"embeddable":true,"href":"https:\/\/june-paris.com\/en\/wp-json\/wp\/v2\/comments?post=1282"}],"wp:featuredmedia":[{"embeddable":true,"href":"https:\/\/june-paris.com\/en\/wp-json\/wp\/v2\/media\/1316"}],"wp:attachment":[{"href":"https:\/\/june-paris.com\/en\/wp-json\/wp\/v2\/media?parent=1282"}],"wp:term":[{"taxonomy":"product_brand","embeddable":true,"href":"https:\/\/june-paris.com\/en\/wp-json\/wp\/v2\/product_brand?post=1282"},{"taxonomy":"product_cat","embeddable":true,"href":"https:\/\/june-paris.com\/en\/wp-json\/wp\/v2\/product_cat?post=1282"},{"taxonomy":"product_tag","embeddable":true,"href":"https:\/\/june-paris.com\/en\/wp-json\/wp\/v2\/product_tag?post=1282"}],"curies":[{"name":"wp","href":"https:\/\/api.w.org\/{rel}","templated":true}]}}